{"id":1270,"date":"2022-05-23T11:17:12","date_gmt":"2022-05-23T08:17:12","guid":{"rendered":"https:\/\/www.adventtikalenteri.fi\/myyjille\/?page_id=1270"},"modified":"2024-06-26T08:45:49","modified_gmt":"2024-06-26T05:45:49","slug":"nain-tilaat-lisaa-kalentereita-lippukunnalle","status":"publish","type":"page","link":"https:\/\/www.adventtikalenteri.fi\/myyjille\/kampanjan-hallinta\/kampanjan-aikana\/nain-tilaat-lisaa-kalentereita-lippukunnalle\/","title":{"rendered":"N\u00e4in tilaat lis\u00e4\u00e4 kalentereita lippukunnalle"},"content":{"rendered":"\n<h1 class=\"wp-block-heading\">Adventtikalenterien lis\u00e4tilausten ohjeet lippukunnille<\/h1>\n\n\n\n<p class=\"is-style-lead\">Jos myynti k\u00e4y kuumana, saat lis\u00e4\u00e4 kalentereita omalta piiritoimistoltasi! Seuraa tilannetta my\u00f6s eri ryhmien v\u00e4lill\u00e4 \u2013 on t\u00e4rke\u00e4\u00e4, etteiv\u00e4t kalenterit loju jonkun kotona, samalla kun ne ovat joltain toiselta p\u00e4\u00e4sseet loppumaan.<\/p>\n\n\n\n<ul class=\"wp-block-list\">\n<li>Adventtikalenterikampanjaa hallinnoidaan Kuksan kautta, katso tarkemmat\u00a0<a href=\"https:\/\/www.adventtikalenteri.fi\/myyjille\/kampanjan-hallinta\/kampanjan-kaynnistaminen\/tilausjarjestelman-kayttoohjeet\/\">Kuksaohjeet t\u00e4\u00e4lt\u00e4<\/a>.<\/li>\n\n\n\n<li>Riippuen piirist\u00e4si ja lippukuntasi et\u00e4isyydest\u00e4 piiritoimistolle lis\u00e4tilaukset joko noudetaan toimistolta tai muusta piirin ilmoittamasta paikasta tai postitetaan omalle paikkakunnallesi.<\/li>\n\n\n\n<li>Ota tarvittaessa<a href=\"https:\/\/www.adventtikalenteri.fi\/myyjille\/kampanjan-hallinta\/tuki-kampanjapaallikolle\/kampanjan-yhteyshenkilot\/\"> yhteys piirisi kampanjaa hoitavaan ty\u00f6ntekij\u00e4\u00e4n.<\/a><\/li>\n<\/ul>\n\n\n\n<p><strong>Etsitk\u00f6 ohjeita ennen kampanjan alkua teht\u00e4v\u00e4\u00e4 kalenterilausta varten?&nbsp;<\/strong><\/p>\n\n\n\n<ul class=\"wp-block-list\">\n<li><a href=\"https:\/\/www.adventtikalenteri.fi\/myyjille\/kampanjan-hallinta\/kampanjan-kaynnistaminen\/kuksa-tilausjarjestelman-kayttoohjeet\/kalenterien-tilaaminen\/\">Ohjeet kalentereiden tilaamiseen lippukunnan myyt\u00e4v\u00e4ksi l\u00f6yd\u00e4t t\u00e4\u00e4lt\u00e4<\/a>.<\/li>\n<\/ul>\n","protected":false},"excerpt":{"rendered":"<p>Adventtikalenterien lis\u00e4tilausten ohjeet lippukunnille Jos myynti k\u00e4y kuumana, saat lis\u00e4\u00e4<\/p>\n","protected":false},"author":10,"featured_media":0,"parent":238,"menu_order":3,"comment_status":"closed","ping_status":"closed","template":"","meta":{"_acf_changed":false,"_relevanssi_hide_post":"","_relevanssi_hide_content":"","_relevanssi_pin_for_all":"","_relevanssi_pin_keywords":"","_relevanssi_unpin_keywords":"","_relevanssi_related_keywords":"","_relevanssi_related_include_ids":"","_relevanssi_related_exclude_ids":"","_relevanssi_related_no_append":"","_relevanssi_related_not_related":"","_relevanssi_related_posts":"1159,870,417,1366,550,1230","_relevanssi_noindex_reason":"","footnotes":""},"class_list":["post-1270","page","type-page","status-publish","hentry"],"acf":[],"yoast_head":"<!-- This site is optimized with the Yoast SEO plugin v27.1.1 - https:\/\/yoast.com\/product\/yoast-seo-wordpress\/ -->\n<title>N\u00e4in tilaat lis\u00e4\u00e4 kalentereita lippukunnalle - Ohjesivusto adventtikalenterin myyjille<\/title>\n<meta name=\"robots\" content=\"index, follow, max-snippet:-1, max-image-preview:large, max-video-preview:-1\" \/>\n<link rel=\"canonical\" href=\"https:\/\/www.adventtikalenteri.fi\/myyjille\/kampanjan-hallinta\/kampanjan-aikana\/nain-tilaat-lisaa-kalentereita-lippukunnalle\/\" \/>\n<meta property=\"og:locale\" content=\"fi_FI\" \/>\n<meta property=\"og:type\" content=\"article\" \/>\n<meta property=\"og:title\" content=\"N\u00e4in tilaat lis\u00e4\u00e4 kalentereita lippukunnalle - Ohjesivusto adventtikalenterin myyjille\" \/>\n<meta property=\"og:description\" content=\"Adventtikalenterien lis\u00e4tilausten ohjeet lippukunnille Jos myynti k\u00e4y kuumana, saat lis\u00e4\u00e4\" \/>\n<meta property=\"og:url\" content=\"https:\/\/www.adventtikalenteri.fi\/myyjille\/kampanjan-hallinta\/kampanjan-aikana\/nain-tilaat-lisaa-kalentereita-lippukunnalle\/\" \/>\n<meta property=\"og:site_name\" content=\"Ohjesivusto adventtikalenterin myyjille\" \/>\n<meta property=\"article:modified_time\" content=\"2024-06-26T05:45:49+00:00\" \/>\n<meta property=\"og:image\" content=\"https:\/\/www.adventtikalenteri.fi\/myyjille\/wp-content\/uploads\/sites\/2\/2025\/08\/Adventtikalenteri25_NettaHautamaki_35.jpg\" \/>\n\t<meta property=\"og:image:width\" content=\"1500\" \/>\n\t<meta property=\"og:image:height\" content=\"1000\" \/>\n\t<meta property=\"og:image:type\" content=\"image\/jpeg\" \/>\n<meta name=\"twitter:card\" content=\"summary_large_image\" \/>\n<meta name=\"twitter:label1\" content=\"Arvioitu lukuaika\" \/>\n\t<meta name=\"twitter:data1\" content=\"1 minuutti\" \/>\n<script type=\"application\/ld+json\" class=\"yoast-schema-graph\">{\"@context\":\"https:\/\/schema.org\",\"@graph\":[{\"@type\":\"WebPage\",\"@id\":\"https:\/\/www.adventtikalenteri.fi\/myyjille\/kampanjan-hallinta\/kampanjan-aikana\/nain-tilaat-lisaa-kalentereita-lippukunnalle\/\",\"url\":\"https:\/\/www.adventtikalenteri.fi\/myyjille\/kampanjan-hallinta\/kampanjan-aikana\/nain-tilaat-lisaa-kalentereita-lippukunnalle\/\",\"name\":\"N\u00e4in tilaat lis\u00e4\u00e4 kalentereita lippukunnalle - Ohjesivusto adventtikalenterin myyjille\",\"isPartOf\":{\"@id\":\"https:\/\/www.adventtikalenteri.fi\/myyjille\/#website\"},\"datePublished\":\"2022-05-23T08:17:12+00:00\",\"dateModified\":\"2024-06-26T05:45:49+00:00\",\"breadcrumb\":{\"@id\":\"https:\/\/www.adventtikalenteri.fi\/myyjille\/kampanjan-hallinta\/kampanjan-aikana\/nain-tilaat-lisaa-kalentereita-lippukunnalle\/#breadcrumb\"},\"inLanguage\":\"fi\",\"potentialAction\":[{\"@type\":\"ReadAction\",\"target\":[\"https:\/\/www.adventtikalenteri.fi\/myyjille\/kampanjan-hallinta\/kampanjan-aikana\/nain-tilaat-lisaa-kalentereita-lippukunnalle\/\"]}]},{\"@type\":\"BreadcrumbList\",\"@id\":\"https:\/\/www.adventtikalenteri.fi\/myyjille\/kampanjan-hallinta\/kampanjan-aikana\/nain-tilaat-lisaa-kalentereita-lippukunnalle\/#breadcrumb\",\"itemListElement\":[{\"@type\":\"ListItem\",\"position\":1,\"name\":\"Etusivu\",\"item\":\"https:\/\/www.adventtikalenteri.fi\/myyjille\/\"},{\"@type\":\"ListItem\",\"position\":2,\"name\":\"Kampanjan hallinta\",\"item\":\"https:\/\/www.adventtikalenteri.fi\/myyjille\/kampanjan-hallinta\/\"},{\"@type\":\"ListItem\",\"position\":3,\"name\":\"Kampanjan aikana\",\"item\":\"https:\/\/www.adventtikalenteri.fi\/myyjille\/kampanjan-hallinta\/kampanjan-aikana\/\"},{\"@type\":\"ListItem\",\"position\":4,\"name\":\"N\u00e4in tilaat lis\u00e4\u00e4 kalentereita lippukunnalle\"}]},{\"@type\":\"WebSite\",\"@id\":\"https:\/\/www.adventtikalenteri.fi\/myyjille\/#website\",\"url\":\"https:\/\/www.adventtikalenteri.fi\/myyjille\/\",\"name\":\"Ohjesivusto adventtikalenterin myyjille\",\"description\":\"\",\"potentialAction\":[{\"@type\":\"SearchAction\",\"target\":{\"@type\":\"EntryPoint\",\"urlTemplate\":\"https:\/\/www.adventtikalenteri.fi\/myyjille\/?s={search_term_string}\"},\"query-input\":{\"@type\":\"PropertyValueSpecification\",\"valueRequired\":true,\"valueName\":\"search_term_string\"}}],\"inLanguage\":\"fi\"}]}<\/script>\n<!-- \/ Yoast SEO plugin. -->","yoast_head_json":{"title":"N\u00e4in tilaat lis\u00e4\u00e4 kalentereita lippukunnalle - Ohjesivusto adventtikalenterin myyjille","robots":{"index":"index","follow":"follow","max-snippet":"max-snippet:-1","max-image-preview":"max-image-preview:large","max-video-preview":"max-video-preview:-1"},"canonical":"https:\/\/www.adventtikalenteri.fi\/myyjille\/kampanjan-hallinta\/kampanjan-aikana\/nain-tilaat-lisaa-kalentereita-lippukunnalle\/","og_locale":"fi_FI","og_type":"article","og_title":"N\u00e4in tilaat lis\u00e4\u00e4 kalentereita lippukunnalle - Ohjesivusto adventtikalenterin myyjille","og_description":"Adventtikalenterien lis\u00e4tilausten ohjeet lippukunnille Jos myynti k\u00e4y kuumana, saat lis\u00e4\u00e4","og_url":"https:\/\/www.adventtikalenteri.fi\/myyjille\/kampanjan-hallinta\/kampanjan-aikana\/nain-tilaat-lisaa-kalentereita-lippukunnalle\/","og_site_name":"Ohjesivusto adventtikalenterin myyjille","article_modified_time":"2024-06-26T05:45:49+00:00","og_image":[{"width":1500,"height":1000,"url":"https:\/\/www.adventtikalenteri.fi\/myyjille\/wp-content\/uploads\/sites\/2\/2025\/08\/Adventtikalenteri25_NettaHautamaki_35.jpg","type":"image\/jpeg"}],"twitter_card":"summary_large_image","twitter_misc":{"Arvioitu lukuaika":"1 minuutti"},"schema":{"@context":"https:\/\/schema.org","@graph":[{"@type":"WebPage","@id":"https:\/\/www.adventtikalenteri.fi\/myyjille\/kampanjan-hallinta\/kampanjan-aikana\/nain-tilaat-lisaa-kalentereita-lippukunnalle\/","url":"https:\/\/www.adventtikalenteri.fi\/myyjille\/kampanjan-hallinta\/kampanjan-aikana\/nain-tilaat-lisaa-kalentereita-lippukunnalle\/","name":"N\u00e4in tilaat lis\u00e4\u00e4 kalentereita lippukunnalle - Ohjesivusto adventtikalenterin myyjille","isPartOf":{"@id":"https:\/\/www.adventtikalenteri.fi\/myyjille\/#website"},"datePublished":"2022-05-23T08:17:12+00:00","dateModified":"2024-06-26T05:45:49+00:00","breadcrumb":{"@id":"https:\/\/www.adventtikalenteri.fi\/myyjille\/kampanjan-hallinta\/kampanjan-aikana\/nain-tilaat-lisaa-kalentereita-lippukunnalle\/#breadcrumb"},"inLanguage":"fi","potentialAction":[{"@type":"ReadAction","target":["https:\/\/www.adventtikalenteri.fi\/myyjille\/kampanjan-hallinta\/kampanjan-aikana\/nain-tilaat-lisaa-kalentereita-lippukunnalle\/"]}]},{"@type":"BreadcrumbList","@id":"https:\/\/www.adventtikalenteri.fi\/myyjille\/kampanjan-hallinta\/kampanjan-aikana\/nain-tilaat-lisaa-kalentereita-lippukunnalle\/#breadcrumb","itemListElement":[{"@type":"ListItem","position":1,"name":"Etusivu","item":"https:\/\/www.adventtikalenteri.fi\/myyjille\/"},{"@type":"ListItem","position":2,"name":"Kampanjan hallinta","item":"https:\/\/www.adventtikalenteri.fi\/myyjille\/kampanjan-hallinta\/"},{"@type":"ListItem","position":3,"name":"Kampanjan aikana","item":"https:\/\/www.adventtikalenteri.fi\/myyjille\/kampanjan-hallinta\/kampanjan-aikana\/"},{"@type":"ListItem","position":4,"name":"N\u00e4in tilaat lis\u00e4\u00e4 kalentereita lippukunnalle"}]},{"@type":"WebSite","@id":"https:\/\/www.adventtikalenteri.fi\/myyjille\/#website","url":"https:\/\/www.adventtikalenteri.fi\/myyjille\/","name":"Ohjesivusto adventtikalenterin myyjille","description":"","potentialAction":[{"@type":"SearchAction","target":{"@type":"EntryPoint","urlTemplate":"https:\/\/www.adventtikalenteri.fi\/myyjille\/?s={search_term_string}"},"query-input":{"@type":"PropertyValueSpecification","valueRequired":true,"valueName":"search_term_string"}}],"inLanguage":"fi"}]}},"_links":{"self":[{"href":"https:\/\/www.adventtikalenteri.fi\/myyjille\/wp-json\/wp\/v2\/pages\/1270","targetHints":{"allow":["GET"]}}],"collection":[{"href":"https:\/\/www.adventtikalenteri.fi\/myyjille\/wp-json\/wp\/v2\/pages"}],"about":[{"href":"https:\/\/www.adventtikalenteri.fi\/myyjille\/wp-json\/wp\/v2\/types\/page"}],"author":[{"embeddable":true,"href":"https:\/\/www.adventtikalenteri.fi\/myyjille\/wp-json\/wp\/v2\/users\/10"}],"replies":[{"embeddable":true,"href":"https:\/\/www.adventtikalenteri.fi\/myyjille\/wp-json\/wp\/v2\/comments?post=1270"}],"version-history":[{"count":7,"href":"https:\/\/www.adventtikalenteri.fi\/myyjille\/wp-json\/wp\/v2\/pages\/1270\/revisions"}],"predecessor-version":[{"id":2959,"href":"https:\/\/www.adventtikalenteri.fi\/myyjille\/wp-json\/wp\/v2\/pages\/1270\/revisions\/2959"}],"up":[{"embeddable":true,"href":"https:\/\/www.adventtikalenteri.fi\/myyjille\/wp-json\/wp\/v2\/pages\/238"}],"wp:attachment":[{"href":"https:\/\/www.adventtikalenteri.fi\/myyjille\/wp-json\/wp\/v2\/media?parent=1270"}],"curies":[{"name":"wp","href":"https:\/\/api.w.org\/{rel}","templated":true}]}}