{"id":1278,"date":"2022-05-23T11:33:04","date_gmt":"2022-05-23T08:33:04","guid":{"rendered":"https:\/\/www.adventtikalenteri.fi\/myyjille\/?page_id=1278"},"modified":"2025-08-28T09:42:22","modified_gmt":"2025-08-28T06:42:22","slug":"nain-seuraat-myynnin-sujumista","status":"publish","type":"page","link":"https:\/\/www.adventtikalenteri.fi\/myyjille\/kampanjan-hallinta\/kampanjan-aikana\/nain-seuraat-myynnin-sujumista\/","title":{"rendered":"N\u00e4in seuraat myynnin sujumista"},"content":{"rendered":"\n<h1 class=\"wp-block-heading\">N\u00e4in seuraat lippukunnan adventtikalenterimyynnin sujumista<\/h1>\n\n\n\n<p class=\"is-style-lead\">Lippukunnan adventtikalenterimyynti\u00e4 kannattaa seurata kampanjan aikana.<\/p>\n\n\n\n<ul class=\"wp-block-list\">\n<li>Kysele ryhmien kuulumisia ja muistuta pit\u00e4m\u00e4\u00e4n myynti\u00e4 esill\u00e4 ryhmien kokouksissa.<\/li>\n\n\n\n<li>Myyntim\u00e4\u00e4ri\u00e4 kannattaa p\u00e4ivitt\u00e4\u00e4 ryhm\u00e4njohtajien kanssa Kuksaan jo kampanjan aikana. Oleellista on kirjata yl\u00f6s, miss\u00e4 myynnist\u00e4 saadut rahat ovat varsinkin, jos teill\u00e4 on useampia maksutapoja k\u00e4yt\u00f6ss\u00e4. <\/li>\n\n\n\n<li>Jos kaipaat apuv\u00e4linett\u00e4 Kuksan rinnalle ryhm\u00e4johtajat voivat hy\u00f6dynt\u00e4\u00e4 <a href=\"https:\/\/partio.contenthub.fi\/ui\/shares\/f27238\/7TpXDBGnP7\/fi\/\">materiaalipankista l\u00f6ytyvi\u00e4 lomakkeita<\/a>. Lomakkeilta tiedot voi lis\u00e4t\u00e4 Kuksaan.<\/li>\n<\/ul>\n\n\n\n<ul class=\"wp-block-list\">\n<li>Koontilomake ryhm\u00e4n myyntien seurantaan<\/li>\n\n\n\n<li>Myyj\u00e4n lomake yksitt\u00e4isen myyj\u00e4n myyntien seurantaan (annetaan myyt\u00e4vien kalenterien mukaan myyj\u00e4n t\u00e4ytett\u00e4v\u00e4ksi)<\/li>\n<\/ul>\n\n\n\n<p>Mik\u00e4li kalenterit uhkaavat loppua, kannataa tehd\u00e4 lis\u00e4tilaus mahdollisimman pian. <a href=\"https:\/\/www.adventtikalenteri.fi\/myyjille\/kampanjan-hallinta\/kampanjan-aikana\/nain-tilaat-lisaa-kalentereita-lippukunnalle\/\">Katso ohjeet lis\u00e4tilauksen tekemiseen lippukunnalle.<\/a><\/p>\n\n\n\n<p>Mik\u00e4li saat ryhm\u00e4njohtajilta runsaasti k\u00e4teisen rahan tilityksi\u00e4, voi niiden talletus pankkiin useammassa er\u00e4ss\u00e4 kampanjan aikana olla j\u00e4rkev\u00e4\u00e4. Myyj\u00e4t ja huoltajat voi my\u00f6s ohjeistaa lis\u00e4\u00e4m\u00e4\u00e4n rahat itse tilisiirtona suoraan lippukunnan tilille.<\/p>\n\n\n\n<p>Voit l\u00e4hett\u00e4\u00e4 lippukuntalaisten huoltajille s\u00e4hk\u00f6postia, jossa kannustetaan, kehutaan ja kiitet\u00e4\u00e4n aktiivisia myyji\u00e4 sek\u00e4 annetaan v\u00e4liaikatietoja my\u00f6s lippukunnan myyntitavoitteesta.<\/p>\n\n\n\n<figure class=\"wp-block-embed is-type-video is-provider-youtube wp-block-embed-youtube wp-embed-aspect-16-9 wp-has-aspect-ratio\"><div class=\"wp-block-embed__wrapper\">\n<div class=\"oembed oembed-youtube\"><iframe loading=\"lazy\" title=\"Kuksakoulutus: Myyjien myyntimerkint\u00f6jen tekeminen\" width=\"750\" height=\"422\" src=\"https:\/\/www.youtube.com\/embed\/JpBBUa_V7sk?feature=oembed\" frameborder=\"0\" allow=\"accelerometer; autoplay; clipboard-write; encrypted-media; gyroscope; picture-in-picture; web-share\" referrerpolicy=\"strict-origin-when-cross-origin\" allowfullscreen><\/iframe><\/div>\n<\/div><figcaption class=\"wp-element-caption\">Katso ohjevideo myyjien myyntimerkint\u00f6jen tekemiseen. <a href=\"https:\/\/www.adventtikalenteri.fi\/myyjille\/kampanjan-hallinta\/kampanjan-kaynnistaminen\/kuksa-tilausjarjestelman-kayttoohjeet\/\">Katso kaikki Kuksa-ohjeet<\/a><\/figcaption><\/figure>\n","protected":false},"excerpt":{"rendered":"<p>N\u00e4in seuraat lippukunnan adventtikalenterimyynnin sujumista Lippukunnan adventtikalenterimyynti\u00e4 kannattaa seurata kampanjan<\/p>\n","protected":false},"author":10,"featured_media":3641,"parent":238,"menu_order":2,"comment_status":"closed","ping_status":"closed","template":"","meta":{"_acf_changed":false,"_relevanssi_hide_post":"","_relevanssi_hide_content":"","_relevanssi_pin_for_all":"","_relevanssi_pin_keywords":"","_relevanssi_unpin_keywords":"","_relevanssi_related_keywords":"","_relevanssi_related_include_ids":"","_relevanssi_related_exclude_ids":"","_relevanssi_related_no_append":"","_relevanssi_related_not_related":"","_relevanssi_related_posts":"870,1159,1366,1486,550,1230","_relevanssi_noindex_reason":"","footnotes":""},"class_list":["post-1278","page","type-page","status-publish","has-post-thumbnail","hentry"],"acf":[],"yoast_head":"<!-- This site is optimized with the Yoast SEO plugin v27.3 - https:\/\/yoast.com\/product\/yoast-seo-wordpress\/ -->\n<title>N\u00e4in seuraat myynnin sujumista - Ohjesivusto adventtikalenterin myyjille<\/title>\n<meta name=\"robots\" content=\"index, follow, max-snippet:-1, max-image-preview:large, max-video-preview:-1\" \/>\n<link rel=\"canonical\" href=\"https:\/\/www.adventtikalenteri.fi\/myyjille\/kampanjan-hallinta\/kampanjan-aikana\/nain-seuraat-myynnin-sujumista\/\" \/>\n<meta property=\"og:locale\" content=\"fi_FI\" \/>\n<meta property=\"og:type\" content=\"article\" \/>\n<meta property=\"og:title\" content=\"N\u00e4in seuraat myynnin sujumista - Ohjesivusto adventtikalenterin myyjille\" \/>\n<meta property=\"og:description\" content=\"N\u00e4in seuraat lippukunnan adventtikalenterimyynnin sujumista Lippukunnan adventtikalenterimyynti\u00e4 kannattaa seurata kampanjan\" \/>\n<meta property=\"og:url\" content=\"https:\/\/www.adventtikalenteri.fi\/myyjille\/kampanjan-hallinta\/kampanjan-aikana\/nain-seuraat-myynnin-sujumista\/\" \/>\n<meta property=\"og:site_name\" content=\"Ohjesivusto adventtikalenterin myyjille\" \/>\n<meta property=\"article:modified_time\" content=\"2025-08-28T06:42:22+00:00\" \/>\n<meta property=\"og:image\" content=\"https:\/\/www.adventtikalenteri.fi\/myyjille\/wp-content\/uploads\/sites\/2\/2025\/08\/Adventtikalenteri25_NettaHautamaki_35.jpg\" \/>\n\t<meta property=\"og:image:width\" content=\"1500\" \/>\n\t<meta property=\"og:image:height\" content=\"1000\" \/>\n\t<meta property=\"og:image:type\" content=\"image\/jpeg\" \/>\n<meta name=\"twitter:card\" content=\"summary_large_image\" \/>\n<meta name=\"twitter:label1\" content=\"Arvioitu lukuaika\" \/>\n\t<meta name=\"twitter:data1\" content=\"1 minuutti\" \/>\n<script type=\"application\/ld+json\" class=\"yoast-schema-graph\">{\"@context\":\"https:\\\/\\\/schema.org\",\"@graph\":[{\"@type\":\"WebPage\",\"@id\":\"https:\\\/\\\/www.adventtikalenteri.fi\\\/myyjille\\\/kampanjan-hallinta\\\/kampanjan-aikana\\\/nain-seuraat-myynnin-sujumista\\\/\",\"url\":\"https:\\\/\\\/www.adventtikalenteri.fi\\\/myyjille\\\/kampanjan-hallinta\\\/kampanjan-aikana\\\/nain-seuraat-myynnin-sujumista\\\/\",\"name\":\"N\u00e4in seuraat myynnin sujumista - Ohjesivusto adventtikalenterin myyjille\",\"isPartOf\":{\"@id\":\"https:\\\/\\\/www.adventtikalenteri.fi\\\/myyjille\\\/#website\"},\"primaryImageOfPage\":{\"@id\":\"https:\\\/\\\/www.adventtikalenteri.fi\\\/myyjille\\\/kampanjan-hallinta\\\/kampanjan-aikana\\\/nain-seuraat-myynnin-sujumista\\\/#primaryimage\"},\"image\":{\"@id\":\"https:\\\/\\\/www.adventtikalenteri.fi\\\/myyjille\\\/kampanjan-hallinta\\\/kampanjan-aikana\\\/nain-seuraat-myynnin-sujumista\\\/#primaryimage\"},\"thumbnailUrl\":\"https:\\\/\\\/www.adventtikalenteri.fi\\\/myyjille\\\/wp-content\\\/uploads\\\/sites\\\/2\\\/2025\\\/08\\\/Adventtikalenteri25_NettaHautamaki_35.jpg\",\"datePublished\":\"2022-05-23T08:33:04+00:00\",\"dateModified\":\"2025-08-28T06:42:22+00:00\",\"breadcrumb\":{\"@id\":\"https:\\\/\\\/www.adventtikalenteri.fi\\\/myyjille\\\/kampanjan-hallinta\\\/kampanjan-aikana\\\/nain-seuraat-myynnin-sujumista\\\/#breadcrumb\"},\"inLanguage\":\"fi\",\"potentialAction\":[{\"@type\":\"ReadAction\",\"target\":[\"https:\\\/\\\/www.adventtikalenteri.fi\\\/myyjille\\\/kampanjan-hallinta\\\/kampanjan-aikana\\\/nain-seuraat-myynnin-sujumista\\\/\"]}]},{\"@type\":\"ImageObject\",\"inLanguage\":\"fi\",\"@id\":\"https:\\\/\\\/www.adventtikalenteri.fi\\\/myyjille\\\/kampanjan-hallinta\\\/kampanjan-aikana\\\/nain-seuraat-myynnin-sujumista\\\/#primaryimage\",\"url\":\"https:\\\/\\\/www.adventtikalenteri.fi\\\/myyjille\\\/wp-content\\\/uploads\\\/sites\\\/2\\\/2025\\\/08\\\/Adventtikalenteri25_NettaHautamaki_35.jpg\",\"contentUrl\":\"https:\\\/\\\/www.adventtikalenteri.fi\\\/myyjille\\\/wp-content\\\/uploads\\\/sites\\\/2\\\/2025\\\/08\\\/Adventtikalenteri25_NettaHautamaki_35.jpg\",\"width\":1500,\"height\":1000},{\"@type\":\"BreadcrumbList\",\"@id\":\"https:\\\/\\\/www.adventtikalenteri.fi\\\/myyjille\\\/kampanjan-hallinta\\\/kampanjan-aikana\\\/nain-seuraat-myynnin-sujumista\\\/#breadcrumb\",\"itemListElement\":[{\"@type\":\"ListItem\",\"position\":1,\"name\":\"Etusivu\",\"item\":\"https:\\\/\\\/www.adventtikalenteri.fi\\\/myyjille\\\/\"},{\"@type\":\"ListItem\",\"position\":2,\"name\":\"Kampanjan hallinta\",\"item\":\"https:\\\/\\\/www.adventtikalenteri.fi\\\/myyjille\\\/kampanjan-hallinta\\\/\"},{\"@type\":\"ListItem\",\"position\":3,\"name\":\"Kampanjan aikana\",\"item\":\"https:\\\/\\\/www.adventtikalenteri.fi\\\/myyjille\\\/kampanjan-hallinta\\\/kampanjan-aikana\\\/\"},{\"@type\":\"ListItem\",\"position\":4,\"name\":\"N\u00e4in seuraat myynnin sujumista\"}]},{\"@type\":\"WebSite\",\"@id\":\"https:\\\/\\\/www.adventtikalenteri.fi\\\/myyjille\\\/#website\",\"url\":\"https:\\\/\\\/www.adventtikalenteri.fi\\\/myyjille\\\/\",\"name\":\"Ohjesivusto adventtikalenterin myyjille\",\"description\":\"\",\"potentialAction\":[{\"@type\":\"SearchAction\",\"target\":{\"@type\":\"EntryPoint\",\"urlTemplate\":\"https:\\\/\\\/www.adventtikalenteri.fi\\\/myyjille\\\/?s={search_term_string}\"},\"query-input\":{\"@type\":\"PropertyValueSpecification\",\"valueRequired\":true,\"valueName\":\"search_term_string\"}}],\"inLanguage\":\"fi\"}]}<\/script>\n<!-- \/ Yoast SEO plugin. -->","yoast_head_json":{"title":"N\u00e4in seuraat myynnin sujumista - Ohjesivusto adventtikalenterin myyjille","robots":{"index":"index","follow":"follow","max-snippet":"max-snippet:-1","max-image-preview":"max-image-preview:large","max-video-preview":"max-video-preview:-1"},"canonical":"https:\/\/www.adventtikalenteri.fi\/myyjille\/kampanjan-hallinta\/kampanjan-aikana\/nain-seuraat-myynnin-sujumista\/","og_locale":"fi_FI","og_type":"article","og_title":"N\u00e4in seuraat myynnin sujumista - Ohjesivusto adventtikalenterin myyjille","og_description":"N\u00e4in seuraat lippukunnan adventtikalenterimyynnin sujumista Lippukunnan adventtikalenterimyynti\u00e4 kannattaa seurata kampanjan","og_url":"https:\/\/www.adventtikalenteri.fi\/myyjille\/kampanjan-hallinta\/kampanjan-aikana\/nain-seuraat-myynnin-sujumista\/","og_site_name":"Ohjesivusto adventtikalenterin myyjille","article_modified_time":"2025-08-28T06:42:22+00:00","og_image":[{"width":1500,"height":1000,"url":"https:\/\/www.adventtikalenteri.fi\/myyjille\/wp-content\/uploads\/sites\/2\/2025\/08\/Adventtikalenteri25_NettaHautamaki_35.jpg","type":"image\/jpeg"}],"twitter_card":"summary_large_image","twitter_misc":{"Arvioitu lukuaika":"1 minuutti"},"schema":{"@context":"https:\/\/schema.org","@graph":[{"@type":"WebPage","@id":"https:\/\/www.adventtikalenteri.fi\/myyjille\/kampanjan-hallinta\/kampanjan-aikana\/nain-seuraat-myynnin-sujumista\/","url":"https:\/\/www.adventtikalenteri.fi\/myyjille\/kampanjan-hallinta\/kampanjan-aikana\/nain-seuraat-myynnin-sujumista\/","name":"N\u00e4in seuraat myynnin sujumista - Ohjesivusto adventtikalenterin myyjille","isPartOf":{"@id":"https:\/\/www.adventtikalenteri.fi\/myyjille\/#website"},"primaryImageOfPage":{"@id":"https:\/\/www.adventtikalenteri.fi\/myyjille\/kampanjan-hallinta\/kampanjan-aikana\/nain-seuraat-myynnin-sujumista\/#primaryimage"},"image":{"@id":"https:\/\/www.adventtikalenteri.fi\/myyjille\/kampanjan-hallinta\/kampanjan-aikana\/nain-seuraat-myynnin-sujumista\/#primaryimage"},"thumbnailUrl":"https:\/\/www.adventtikalenteri.fi\/myyjille\/wp-content\/uploads\/sites\/2\/2025\/08\/Adventtikalenteri25_NettaHautamaki_35.jpg","datePublished":"2022-05-23T08:33:04+00:00","dateModified":"2025-08-28T06:42:22+00:00","breadcrumb":{"@id":"https:\/\/www.adventtikalenteri.fi\/myyjille\/kampanjan-hallinta\/kampanjan-aikana\/nain-seuraat-myynnin-sujumista\/#breadcrumb"},"inLanguage":"fi","potentialAction":[{"@type":"ReadAction","target":["https:\/\/www.adventtikalenteri.fi\/myyjille\/kampanjan-hallinta\/kampanjan-aikana\/nain-seuraat-myynnin-sujumista\/"]}]},{"@type":"ImageObject","inLanguage":"fi","@id":"https:\/\/www.adventtikalenteri.fi\/myyjille\/kampanjan-hallinta\/kampanjan-aikana\/nain-seuraat-myynnin-sujumista\/#primaryimage","url":"https:\/\/www.adventtikalenteri.fi\/myyjille\/wp-content\/uploads\/sites\/2\/2025\/08\/Adventtikalenteri25_NettaHautamaki_35.jpg","contentUrl":"https:\/\/www.adventtikalenteri.fi\/myyjille\/wp-content\/uploads\/sites\/2\/2025\/08\/Adventtikalenteri25_NettaHautamaki_35.jpg","width":1500,"height":1000},{"@type":"BreadcrumbList","@id":"https:\/\/www.adventtikalenteri.fi\/myyjille\/kampanjan-hallinta\/kampanjan-aikana\/nain-seuraat-myynnin-sujumista\/#breadcrumb","itemListElement":[{"@type":"ListItem","position":1,"name":"Etusivu","item":"https:\/\/www.adventtikalenteri.fi\/myyjille\/"},{"@type":"ListItem","position":2,"name":"Kampanjan hallinta","item":"https:\/\/www.adventtikalenteri.fi\/myyjille\/kampanjan-hallinta\/"},{"@type":"ListItem","position":3,"name":"Kampanjan aikana","item":"https:\/\/www.adventtikalenteri.fi\/myyjille\/kampanjan-hallinta\/kampanjan-aikana\/"},{"@type":"ListItem","position":4,"name":"N\u00e4in seuraat myynnin sujumista"}]},{"@type":"WebSite","@id":"https:\/\/www.adventtikalenteri.fi\/myyjille\/#website","url":"https:\/\/www.adventtikalenteri.fi\/myyjille\/","name":"Ohjesivusto adventtikalenterin myyjille","description":"","potentialAction":[{"@type":"SearchAction","target":{"@type":"EntryPoint","urlTemplate":"https:\/\/www.adventtikalenteri.fi\/myyjille\/?s={search_term_string}"},"query-input":{"@type":"PropertyValueSpecification","valueRequired":true,"valueName":"search_term_string"}}],"inLanguage":"fi"}]}},"_links":{"self":[{"href":"https:\/\/www.adventtikalenteri.fi\/myyjille\/wp-json\/wp\/v2\/pages\/1278","targetHints":{"allow":["GET"]}}],"collection":[{"href":"https:\/\/www.adventtikalenteri.fi\/myyjille\/wp-json\/wp\/v2\/pages"}],"about":[{"href":"https:\/\/www.adventtikalenteri.fi\/myyjille\/wp-json\/wp\/v2\/types\/page"}],"author":[{"embeddable":true,"href":"https:\/\/www.adventtikalenteri.fi\/myyjille\/wp-json\/wp\/v2\/users\/10"}],"replies":[{"embeddable":true,"href":"https:\/\/www.adventtikalenteri.fi\/myyjille\/wp-json\/wp\/v2\/comments?post=1278"}],"version-history":[{"count":10,"href":"https:\/\/www.adventtikalenteri.fi\/myyjille\/wp-json\/wp\/v2\/pages\/1278\/revisions"}],"predecessor-version":[{"id":3649,"href":"https:\/\/www.adventtikalenteri.fi\/myyjille\/wp-json\/wp\/v2\/pages\/1278\/revisions\/3649"}],"up":[{"embeddable":true,"href":"https:\/\/www.adventtikalenteri.fi\/myyjille\/wp-json\/wp\/v2\/pages\/238"}],"wp:featuredmedia":[{"embeddable":true,"href":"https:\/\/www.adventtikalenteri.fi\/myyjille\/wp-json\/wp\/v2\/media\/3641"}],"wp:attachment":[{"href":"https:\/\/www.adventtikalenteri.fi\/myyjille\/wp-json\/wp\/v2\/media?parent=1278"}],"curies":[{"name":"wp","href":"https:\/\/api.w.org\/{rel}","templated":true}]}}