{"id":1337,"date":"2022-06-06T11:24:04","date_gmt":"2022-06-06T08:24:04","guid":{"rendered":"https:\/\/www.adventtikalenteri.fi\/myyjille\/?page_id=1337"},"modified":"2025-09-03T16:50:10","modified_gmt":"2025-09-03T13:50:10","slug":"aktiviteetit-ryhmien-kokouksiin","status":"publish","type":"page","link":"https:\/\/www.adventtikalenteri.fi\/myyjille\/myynti\/aktiviteetit-ryhmien-kokouksiin\/","title":{"rendered":"Aktiviteetit ryhmien kokouksiin"},"content":{"rendered":"\n<p class=\"is-style-lead\">Aktiviteettivinkit tuovat adventtikalenterimyynnin osaksi partiokokousten arkea.<\/p>\n\n\n\n<p><a href=\"https:\/\/partio-ohjelma.fi\/toiminta\/adventtikalenteriaktiviteetit\">Katso kaikki aktiviteettivinkit!<\/a><\/p>\n\n\n\n<p>Adventtikalenterikampanjaan osallistuvat lapset ja nuoret saavat partiossa kuulua ryhm\u00e4\u00e4n, kokea onnistumisia ja tuntea itsens\u00e4 merkitykselliseksi.<\/p>\n","protected":false},"excerpt":{"rendered":"<p>Aktiviteettivinkit tuovat adventtikalenterimyynnin osaksi partiokokousten arkea. Katso kaikki aktiviteettivinkit! Adventtikalenterikampanjaan<\/p>\n","protected":false},"author":10,"featured_media":0,"parent":226,"menu_order":6,"comment_status":"closed","ping_status":"closed","template":"","meta":{"_acf_changed":false,"_relevanssi_hide_post":"","_relevanssi_hide_content":"","_relevanssi_pin_for_all":"","_relevanssi_pin_keywords":"","_relevanssi_unpin_keywords":"","_relevanssi_related_keywords":"","_relevanssi_related_include_ids":"","_relevanssi_related_exclude_ids":"","_relevanssi_related_no_append":"","_relevanssi_related_not_related":"","_relevanssi_related_posts":"1946,417,2015,1687,1159,550","_relevanssi_noindex_reason":"","footnotes":""},"class_list":["post-1337","page","type-page","status-publish","hentry"],"acf":[],"yoast_head":"<!-- This site is optimized with the Yoast SEO plugin v27.3 - https:\/\/yoast.com\/product\/yoast-seo-wordpress\/ -->\n<title>Aktiviteetit ryhmien kokouksiin - Ohjesivusto adventtikalenterin myyjille<\/title>\n<meta name=\"description\" content=\"Adventtikalenteriin liittyv\u00e4t partio-ohjelman aktiviteetit eri ik\u00e4luokille osoitteessa\u00a0partio-ohjelma.fi\/ajankohtaista\/adventtikalenteriaktiviteetit.\" \/>\n<meta name=\"robots\" content=\"index, follow, max-snippet:-1, max-image-preview:large, max-video-preview:-1\" \/>\n<link rel=\"canonical\" href=\"https:\/\/www.adventtikalenteri.fi\/myyjille\/myynti\/aktiviteetit-ryhmien-kokouksiin\/\" \/>\n<meta property=\"og:locale\" content=\"fi_FI\" \/>\n<meta property=\"og:type\" content=\"article\" \/>\n<meta property=\"og:title\" content=\"Aktiviteetit ryhmien kokouksiin - Ohjesivusto adventtikalenterin myyjille\" \/>\n<meta property=\"og:description\" content=\"Adventtikalenteriin liittyv\u00e4t partio-ohjelman aktiviteetit eri ik\u00e4luokille osoitteessa\u00a0partio-ohjelma.fi\/ajankohtaista\/adventtikalenteriaktiviteetit.\" \/>\n<meta property=\"og:url\" content=\"https:\/\/www.adventtikalenteri.fi\/myyjille\/myynti\/aktiviteetit-ryhmien-kokouksiin\/\" \/>\n<meta property=\"og:site_name\" content=\"Ohjesivusto adventtikalenterin myyjille\" \/>\n<meta property=\"article:modified_time\" content=\"2025-09-03T13:50:10+00:00\" \/>\n<meta property=\"og:image\" content=\"https:\/\/www.adventtikalenteri.fi\/myyjille\/wp-content\/uploads\/sites\/2\/2024\/10\/Advis2024_NettaHautamaki_DSC_8551.jpg\" \/>\n\t<meta property=\"og:image:width\" content=\"2048\" \/>\n\t<meta property=\"og:image:height\" content=\"1365\" \/>\n\t<meta property=\"og:image:type\" content=\"image\/jpeg\" \/>\n<meta name=\"twitter:card\" content=\"summary_large_image\" \/>\n<meta name=\"twitter:label1\" content=\"Arvioitu lukuaika\" \/>\n\t<meta name=\"twitter:data1\" content=\"3 minuuttia\" \/>\n<script type=\"application\/ld+json\" class=\"yoast-schema-graph\">{\"@context\":\"https:\\\/\\\/schema.org\",\"@graph\":[{\"@type\":\"WebPage\",\"@id\":\"https:\\\/\\\/www.adventtikalenteri.fi\\\/myyjille\\\/myynti\\\/aktiviteetit-ryhmien-kokouksiin\\\/\",\"url\":\"https:\\\/\\\/www.adventtikalenteri.fi\\\/myyjille\\\/myynti\\\/aktiviteetit-ryhmien-kokouksiin\\\/\",\"name\":\"Aktiviteetit ryhmien kokouksiin - Ohjesivusto adventtikalenterin myyjille\",\"isPartOf\":{\"@id\":\"https:\\\/\\\/www.adventtikalenteri.fi\\\/myyjille\\\/#website\"},\"datePublished\":\"2022-06-06T08:24:04+00:00\",\"dateModified\":\"2025-09-03T13:50:10+00:00\",\"description\":\"Adventtikalenteriin liittyv\u00e4t partio-ohjelman aktiviteetit eri ik\u00e4luokille osoitteessa\u00a0partio-ohjelma.fi\\\/ajankohtaista\\\/adventtikalenteriaktiviteetit.\",\"breadcrumb\":{\"@id\":\"https:\\\/\\\/www.adventtikalenteri.fi\\\/myyjille\\\/myynti\\\/aktiviteetit-ryhmien-kokouksiin\\\/#breadcrumb\"},\"inLanguage\":\"fi\",\"potentialAction\":[{\"@type\":\"ReadAction\",\"target\":[\"https:\\\/\\\/www.adventtikalenteri.fi\\\/myyjille\\\/myynti\\\/aktiviteetit-ryhmien-kokouksiin\\\/\"]}]},{\"@type\":\"BreadcrumbList\",\"@id\":\"https:\\\/\\\/www.adventtikalenteri.fi\\\/myyjille\\\/myynti\\\/aktiviteetit-ryhmien-kokouksiin\\\/#breadcrumb\",\"itemListElement\":[{\"@type\":\"ListItem\",\"position\":1,\"name\":\"Etusivu\",\"item\":\"https:\\\/\\\/www.adventtikalenteri.fi\\\/myyjille\\\/\"},{\"@type\":\"ListItem\",\"position\":2,\"name\":\"Myynti\",\"item\":\"https:\\\/\\\/www.adventtikalenteri.fi\\\/myyjille\\\/myynti\\\/\"},{\"@type\":\"ListItem\",\"position\":3,\"name\":\"Aktiviteetit ryhmien kokouksiin\"}]},{\"@type\":\"WebSite\",\"@id\":\"https:\\\/\\\/www.adventtikalenteri.fi\\\/myyjille\\\/#website\",\"url\":\"https:\\\/\\\/www.adventtikalenteri.fi\\\/myyjille\\\/\",\"name\":\"Ohjesivusto adventtikalenterin myyjille\",\"description\":\"\",\"potentialAction\":[{\"@type\":\"SearchAction\",\"target\":{\"@type\":\"EntryPoint\",\"urlTemplate\":\"https:\\\/\\\/www.adventtikalenteri.fi\\\/myyjille\\\/?s={search_term_string}\"},\"query-input\":{\"@type\":\"PropertyValueSpecification\",\"valueRequired\":true,\"valueName\":\"search_term_string\"}}],\"inLanguage\":\"fi\"}]}<\/script>\n<!-- \/ Yoast SEO plugin. -->","yoast_head_json":{"title":"Aktiviteetit ryhmien kokouksiin - Ohjesivusto adventtikalenterin myyjille","description":"Adventtikalenteriin liittyv\u00e4t partio-ohjelman aktiviteetit eri ik\u00e4luokille osoitteessa\u00a0partio-ohjelma.fi\/ajankohtaista\/adventtikalenteriaktiviteetit.","robots":{"index":"index","follow":"follow","max-snippet":"max-snippet:-1","max-image-preview":"max-image-preview:large","max-video-preview":"max-video-preview:-1"},"canonical":"https:\/\/www.adventtikalenteri.fi\/myyjille\/myynti\/aktiviteetit-ryhmien-kokouksiin\/","og_locale":"fi_FI","og_type":"article","og_title":"Aktiviteetit ryhmien kokouksiin - Ohjesivusto adventtikalenterin myyjille","og_description":"Adventtikalenteriin liittyv\u00e4t partio-ohjelman aktiviteetit eri ik\u00e4luokille osoitteessa\u00a0partio-ohjelma.fi\/ajankohtaista\/adventtikalenteriaktiviteetit.","og_url":"https:\/\/www.adventtikalenteri.fi\/myyjille\/myynti\/aktiviteetit-ryhmien-kokouksiin\/","og_site_name":"Ohjesivusto adventtikalenterin myyjille","article_modified_time":"2025-09-03T13:50:10+00:00","og_image":[{"width":2048,"height":1365,"url":"https:\/\/www.adventtikalenteri.fi\/myyjille\/wp-content\/uploads\/sites\/2\/2024\/10\/Advis2024_NettaHautamaki_DSC_8551.jpg","type":"image\/jpeg"}],"twitter_card":"summary_large_image","twitter_misc":{"Arvioitu lukuaika":"3 minuuttia"},"schema":{"@context":"https:\/\/schema.org","@graph":[{"@type":"WebPage","@id":"https:\/\/www.adventtikalenteri.fi\/myyjille\/myynti\/aktiviteetit-ryhmien-kokouksiin\/","url":"https:\/\/www.adventtikalenteri.fi\/myyjille\/myynti\/aktiviteetit-ryhmien-kokouksiin\/","name":"Aktiviteetit ryhmien kokouksiin - Ohjesivusto adventtikalenterin myyjille","isPartOf":{"@id":"https:\/\/www.adventtikalenteri.fi\/myyjille\/#website"},"datePublished":"2022-06-06T08:24:04+00:00","dateModified":"2025-09-03T13:50:10+00:00","description":"Adventtikalenteriin liittyv\u00e4t partio-ohjelman aktiviteetit eri ik\u00e4luokille osoitteessa\u00a0partio-ohjelma.fi\/ajankohtaista\/adventtikalenteriaktiviteetit.","breadcrumb":{"@id":"https:\/\/www.adventtikalenteri.fi\/myyjille\/myynti\/aktiviteetit-ryhmien-kokouksiin\/#breadcrumb"},"inLanguage":"fi","potentialAction":[{"@type":"ReadAction","target":["https:\/\/www.adventtikalenteri.fi\/myyjille\/myynti\/aktiviteetit-ryhmien-kokouksiin\/"]}]},{"@type":"BreadcrumbList","@id":"https:\/\/www.adventtikalenteri.fi\/myyjille\/myynti\/aktiviteetit-ryhmien-kokouksiin\/#breadcrumb","itemListElement":[{"@type":"ListItem","position":1,"name":"Etusivu","item":"https:\/\/www.adventtikalenteri.fi\/myyjille\/"},{"@type":"ListItem","position":2,"name":"Myynti","item":"https:\/\/www.adventtikalenteri.fi\/myyjille\/myynti\/"},{"@type":"ListItem","position":3,"name":"Aktiviteetit ryhmien kokouksiin"}]},{"@type":"WebSite","@id":"https:\/\/www.adventtikalenteri.fi\/myyjille\/#website","url":"https:\/\/www.adventtikalenteri.fi\/myyjille\/","name":"Ohjesivusto adventtikalenterin myyjille","description":"","potentialAction":[{"@type":"SearchAction","target":{"@type":"EntryPoint","urlTemplate":"https:\/\/www.adventtikalenteri.fi\/myyjille\/?s={search_term_string}"},"query-input":{"@type":"PropertyValueSpecification","valueRequired":true,"valueName":"search_term_string"}}],"inLanguage":"fi"}]}},"_links":{"self":[{"href":"https:\/\/www.adventtikalenteri.fi\/myyjille\/wp-json\/wp\/v2\/pages\/1337","targetHints":{"allow":["GET"]}}],"collection":[{"href":"https:\/\/www.adventtikalenteri.fi\/myyjille\/wp-json\/wp\/v2\/pages"}],"about":[{"href":"https:\/\/www.adventtikalenteri.fi\/myyjille\/wp-json\/wp\/v2\/types\/page"}],"author":[{"embeddable":true,"href":"https:\/\/www.adventtikalenteri.fi\/myyjille\/wp-json\/wp\/v2\/users\/10"}],"replies":[{"embeddable":true,"href":"https:\/\/www.adventtikalenteri.fi\/myyjille\/wp-json\/wp\/v2\/comments?post=1337"}],"version-history":[{"count":14,"href":"https:\/\/www.adventtikalenteri.fi\/myyjille\/wp-json\/wp\/v2\/pages\/1337\/revisions"}],"predecessor-version":[{"id":3749,"href":"https:\/\/www.adventtikalenteri.fi\/myyjille\/wp-json\/wp\/v2\/pages\/1337\/revisions\/3749"}],"up":[{"embeddable":true,"href":"https:\/\/www.adventtikalenteri.fi\/myyjille\/wp-json\/wp\/v2\/pages\/226"}],"wp:attachment":[{"href":"https:\/\/www.adventtikalenteri.fi\/myyjille\/wp-json\/wp\/v2\/media?parent=1337"}],"curies":[{"name":"wp","href":"https:\/\/api.w.org\/{rel}","templated":true}]}}