{"id":1404,"date":"2022-06-28T13:03:18","date_gmt":"2022-06-28T10:03:18","guid":{"rendered":"https:\/\/www.adventtikalenteri.fi\/myyjille\/?page_id=1404"},"modified":"2025-09-16T10:11:29","modified_gmt":"2025-09-16T07:11:29","slug":"hyvantekevaisyysmyynti","status":"publish","type":"page","link":"https:\/\/www.adventtikalenteri.fi\/myyjille\/myynti\/hyvantekevaisyysmyynti\/","title":{"rendered":"Hyv\u00e4ntekev\u00e4isyysmyynti ja kalenteien lahjoittaminen"},"content":{"rendered":"\n<h1 class=\"wp-block-heading\"> Hyv\u00e4ntekev\u00e4isyysmyynti ja kalenterien lahjoittaminen<\/h1>\n\n\n\n<p class=\"is-style-lead\">Kalenterien lahjoittamiseen on eri tapoja. Haluatteko lis\u00e4t\u00e4 omaa kalenterimyynti\u00e4nne ja samalla tuoda muillekin iloa? Osana adventtikalenterikampanjaa voitte tarjota ostajille mahdollisuuden ostaa kalenteri my\u00f6s lahjoitettavaksi hyv\u00e4ntekev\u00e4isyyteen.<\/p>\n","protected":false},"excerpt":{"rendered":"<p>Hyv\u00e4ntekev\u00e4isyysmyynti ja kalenterien lahjoittaminen Kalenterien lahjoittamiseen on eri tapoja. Haluatteko<\/p>\n","protected":false},"author":16,"featured_media":0,"parent":226,"menu_order":110,"comment_status":"closed","ping_status":"closed","template":"","meta":{"_acf_changed":false,"_relevanssi_hide_post":"","_relevanssi_hide_content":"","_relevanssi_pin_for_all":"","_relevanssi_pin_keywords":"","_relevanssi_unpin_keywords":"","_relevanssi_related_keywords":"","_relevanssi_related_include_ids":"","_relevanssi_related_exclude_ids":"","_relevanssi_related_no_append":"","_relevanssi_related_not_related":"","_relevanssi_related_posts":"1366,417,1159,1230,870,550","_relevanssi_noindex_reason":"","footnotes":""},"class_list":["post-1404","page","type-page","status-publish","hentry"],"acf":[],"yoast_head":"<!-- This site is optimized with the Yoast SEO plugin v27.3 - https:\/\/yoast.com\/product\/yoast-seo-wordpress\/ -->\n<title>Hyv\u00e4ntekev\u00e4isyysmyynti ja lahjoitukset - Adventtikalenterin myynti<\/title>\n<meta name=\"description\" content=\"Osana adventtikalenterikampanjaa lippukuntanne voi tarjota ostajille mahdollisuuden ostaa kalenteri lahjoitettavaksi hyv\u00e4ntekev\u00e4isyyteen.\" \/>\n<meta name=\"robots\" content=\"index, follow, max-snippet:-1, max-image-preview:large, max-video-preview:-1\" \/>\n<link rel=\"canonical\" href=\"https:\/\/www.adventtikalenteri.fi\/myyjille\/myynti\/hyvantekevaisyysmyynti\/\" \/>\n<meta property=\"og:locale\" content=\"fi_FI\" \/>\n<meta property=\"og:type\" content=\"article\" \/>\n<meta property=\"og:title\" content=\"Hyv\u00e4ntekev\u00e4isyysmyynti ja lahjoitukset - Adventtikalenterin myynti\" \/>\n<meta property=\"og:description\" content=\"Osana adventtikalenterikampanjaa lippukuntanne voi tarjota ostajille mahdollisuuden ostaa kalenteri lahjoitettavaksi hyv\u00e4ntekev\u00e4isyyteen.\" \/>\n<meta property=\"og:url\" content=\"https:\/\/www.adventtikalenteri.fi\/myyjille\/myynti\/hyvantekevaisyysmyynti\/\" \/>\n<meta property=\"og:site_name\" content=\"Ohjesivusto adventtikalenterin myyjille\" \/>\n<meta property=\"article:modified_time\" content=\"2025-09-16T07:11:29+00:00\" \/>\n<meta property=\"og:image\" content=\"https:\/\/www.adventtikalenteri.fi\/myyjille\/wp-content\/uploads\/sites\/2\/2025\/08\/Adventtikalenteri25_NettaHautamaki_35.jpg\" \/>\n\t<meta property=\"og:image:width\" content=\"1500\" \/>\n\t<meta property=\"og:image:height\" content=\"1000\" \/>\n\t<meta property=\"og:image:type\" content=\"image\/jpeg\" \/>\n<meta name=\"twitter:card\" content=\"summary_large_image\" \/>\n<meta name=\"twitter:label1\" content=\"Arvioitu lukuaika\" \/>\n\t<meta name=\"twitter:data1\" content=\"3 minuuttia\" \/>\n<script type=\"application\/ld+json\" class=\"yoast-schema-graph\">{\"@context\":\"https:\\\/\\\/schema.org\",\"@graph\":[{\"@type\":\"WebPage\",\"@id\":\"https:\\\/\\\/www.adventtikalenteri.fi\\\/myyjille\\\/myynti\\\/hyvantekevaisyysmyynti\\\/\",\"url\":\"https:\\\/\\\/www.adventtikalenteri.fi\\\/myyjille\\\/myynti\\\/hyvantekevaisyysmyynti\\\/\",\"name\":\"Hyv\u00e4ntekev\u00e4isyysmyynti ja lahjoitukset - Adventtikalenterin myynti\",\"isPartOf\":{\"@id\":\"https:\\\/\\\/www.adventtikalenteri.fi\\\/myyjille\\\/#website\"},\"datePublished\":\"2022-06-28T10:03:18+00:00\",\"dateModified\":\"2025-09-16T07:11:29+00:00\",\"description\":\"Osana adventtikalenterikampanjaa lippukuntanne voi tarjota ostajille mahdollisuuden ostaa kalenteri lahjoitettavaksi hyv\u00e4ntekev\u00e4isyyteen.\",\"breadcrumb\":{\"@id\":\"https:\\\/\\\/www.adventtikalenteri.fi\\\/myyjille\\\/myynti\\\/hyvantekevaisyysmyynti\\\/#breadcrumb\"},\"inLanguage\":\"fi\",\"potentialAction\":[{\"@type\":\"ReadAction\",\"target\":[\"https:\\\/\\\/www.adventtikalenteri.fi\\\/myyjille\\\/myynti\\\/hyvantekevaisyysmyynti\\\/\"]}]},{\"@type\":\"BreadcrumbList\",\"@id\":\"https:\\\/\\\/www.adventtikalenteri.fi\\\/myyjille\\\/myynti\\\/hyvantekevaisyysmyynti\\\/#breadcrumb\",\"itemListElement\":[{\"@type\":\"ListItem\",\"position\":1,\"name\":\"Etusivu\",\"item\":\"https:\\\/\\\/www.adventtikalenteri.fi\\\/myyjille\\\/\"},{\"@type\":\"ListItem\",\"position\":2,\"name\":\"Myynti\",\"item\":\"https:\\\/\\\/www.adventtikalenteri.fi\\\/myyjille\\\/myynti\\\/\"},{\"@type\":\"ListItem\",\"position\":3,\"name\":\"Hyv\u00e4ntekev\u00e4isyysmyynti ja kalenteien lahjoittaminen\"}]},{\"@type\":\"WebSite\",\"@id\":\"https:\\\/\\\/www.adventtikalenteri.fi\\\/myyjille\\\/#website\",\"url\":\"https:\\\/\\\/www.adventtikalenteri.fi\\\/myyjille\\\/\",\"name\":\"Ohjesivusto adventtikalenterin myyjille\",\"description\":\"\",\"potentialAction\":[{\"@type\":\"SearchAction\",\"target\":{\"@type\":\"EntryPoint\",\"urlTemplate\":\"https:\\\/\\\/www.adventtikalenteri.fi\\\/myyjille\\\/?s={search_term_string}\"},\"query-input\":{\"@type\":\"PropertyValueSpecification\",\"valueRequired\":true,\"valueName\":\"search_term_string\"}}],\"inLanguage\":\"fi\"}]}<\/script>\n<!-- \/ Yoast SEO plugin. -->","yoast_head_json":{"title":"Hyv\u00e4ntekev\u00e4isyysmyynti ja lahjoitukset - Adventtikalenterin myynti","description":"Osana adventtikalenterikampanjaa lippukuntanne voi tarjota ostajille mahdollisuuden ostaa kalenteri lahjoitettavaksi hyv\u00e4ntekev\u00e4isyyteen.","robots":{"index":"index","follow":"follow","max-snippet":"max-snippet:-1","max-image-preview":"max-image-preview:large","max-video-preview":"max-video-preview:-1"},"canonical":"https:\/\/www.adventtikalenteri.fi\/myyjille\/myynti\/hyvantekevaisyysmyynti\/","og_locale":"fi_FI","og_type":"article","og_title":"Hyv\u00e4ntekev\u00e4isyysmyynti ja lahjoitukset - Adventtikalenterin myynti","og_description":"Osana adventtikalenterikampanjaa lippukuntanne voi tarjota ostajille mahdollisuuden ostaa kalenteri lahjoitettavaksi hyv\u00e4ntekev\u00e4isyyteen.","og_url":"https:\/\/www.adventtikalenteri.fi\/myyjille\/myynti\/hyvantekevaisyysmyynti\/","og_site_name":"Ohjesivusto adventtikalenterin myyjille","article_modified_time":"2025-09-16T07:11:29+00:00","og_image":[{"width":1500,"height":1000,"url":"https:\/\/www.adventtikalenteri.fi\/myyjille\/wp-content\/uploads\/sites\/2\/2025\/08\/Adventtikalenteri25_NettaHautamaki_35.jpg","type":"image\/jpeg"}],"twitter_card":"summary_large_image","twitter_misc":{"Arvioitu lukuaika":"3 minuuttia"},"schema":{"@context":"https:\/\/schema.org","@graph":[{"@type":"WebPage","@id":"https:\/\/www.adventtikalenteri.fi\/myyjille\/myynti\/hyvantekevaisyysmyynti\/","url":"https:\/\/www.adventtikalenteri.fi\/myyjille\/myynti\/hyvantekevaisyysmyynti\/","name":"Hyv\u00e4ntekev\u00e4isyysmyynti ja lahjoitukset - Adventtikalenterin myynti","isPartOf":{"@id":"https:\/\/www.adventtikalenteri.fi\/myyjille\/#website"},"datePublished":"2022-06-28T10:03:18+00:00","dateModified":"2025-09-16T07:11:29+00:00","description":"Osana adventtikalenterikampanjaa lippukuntanne voi tarjota ostajille mahdollisuuden ostaa kalenteri lahjoitettavaksi hyv\u00e4ntekev\u00e4isyyteen.","breadcrumb":{"@id":"https:\/\/www.adventtikalenteri.fi\/myyjille\/myynti\/hyvantekevaisyysmyynti\/#breadcrumb"},"inLanguage":"fi","potentialAction":[{"@type":"ReadAction","target":["https:\/\/www.adventtikalenteri.fi\/myyjille\/myynti\/hyvantekevaisyysmyynti\/"]}]},{"@type":"BreadcrumbList","@id":"https:\/\/www.adventtikalenteri.fi\/myyjille\/myynti\/hyvantekevaisyysmyynti\/#breadcrumb","itemListElement":[{"@type":"ListItem","position":1,"name":"Etusivu","item":"https:\/\/www.adventtikalenteri.fi\/myyjille\/"},{"@type":"ListItem","position":2,"name":"Myynti","item":"https:\/\/www.adventtikalenteri.fi\/myyjille\/myynti\/"},{"@type":"ListItem","position":3,"name":"Hyv\u00e4ntekev\u00e4isyysmyynti ja kalenteien lahjoittaminen"}]},{"@type":"WebSite","@id":"https:\/\/www.adventtikalenteri.fi\/myyjille\/#website","url":"https:\/\/www.adventtikalenteri.fi\/myyjille\/","name":"Ohjesivusto adventtikalenterin myyjille","description":"","potentialAction":[{"@type":"SearchAction","target":{"@type":"EntryPoint","urlTemplate":"https:\/\/www.adventtikalenteri.fi\/myyjille\/?s={search_term_string}"},"query-input":{"@type":"PropertyValueSpecification","valueRequired":true,"valueName":"search_term_string"}}],"inLanguage":"fi"}]}},"_links":{"self":[{"href":"https:\/\/www.adventtikalenteri.fi\/myyjille\/wp-json\/wp\/v2\/pages\/1404","targetHints":{"allow":["GET"]}}],"collection":[{"href":"https:\/\/www.adventtikalenteri.fi\/myyjille\/wp-json\/wp\/v2\/pages"}],"about":[{"href":"https:\/\/www.adventtikalenteri.fi\/myyjille\/wp-json\/wp\/v2\/types\/page"}],"author":[{"embeddable":true,"href":"https:\/\/www.adventtikalenteri.fi\/myyjille\/wp-json\/wp\/v2\/users\/16"}],"replies":[{"embeddable":true,"href":"https:\/\/www.adventtikalenteri.fi\/myyjille\/wp-json\/wp\/v2\/comments?post=1404"}],"version-history":[{"count":15,"href":"https:\/\/www.adventtikalenteri.fi\/myyjille\/wp-json\/wp\/v2\/pages\/1404\/revisions"}],"predecessor-version":[{"id":3855,"href":"https:\/\/www.adventtikalenteri.fi\/myyjille\/wp-json\/wp\/v2\/pages\/1404\/revisions\/3855"}],"up":[{"embeddable":true,"href":"https:\/\/www.adventtikalenteri.fi\/myyjille\/wp-json\/wp\/v2\/pages\/226"}],"wp:attachment":[{"href":"https:\/\/www.adventtikalenteri.fi\/myyjille\/wp-json\/wp\/v2\/media?parent=1404"}],"curies":[{"name":"wp","href":"https:\/\/api.w.org\/{rel}","templated":true}]}}