{"id":1570,"date":"2022-09-02T14:27:16","date_gmt":"2022-09-02T11:27:16","guid":{"rendered":"https:\/\/www.adventtikalenteri.fi\/myyjille\/?page_id=1570"},"modified":"2024-08-22T17:43:14","modified_gmt":"2024-08-22T14:43:14","slug":"tuki-kampanjapaallikolle","status":"publish","type":"page","link":"https:\/\/www.adventtikalenteri.fi\/myyjille\/kampanjan-hallinta\/tuki-kampanjapaallikolle\/","title":{"rendered":"Tuki kampanjap\u00e4\u00e4llik\u00f6lle"},"content":{"rendered":"\n<p class=\"is-style-lead\">Joulukampanjan j\u00e4rjest\u00e4miseen on tarjolla henkil\u00f6kohtaista tukea ja pestin mukaista koulutusta. <\/p>\n\n\n\n<p><\/p>\n\n\n\n<ul class=\"wp-block-list\">\n<li>Tutustu kampanjap\u00e4\u00e4llik\u00f6ille tarjolla olevan<a href=\"https:\/\/www.adventtikalenteri.fi\/myyjille\/kampanjan-hallinta\/tuki-kampanjapaallikolle\/koulutukset\/\"> koulutuksiin<\/a><\/li>\n\n\n\n<li>Liity <a href=\"https:\/\/www.facebook.com\/groups\/adventtikalenterimyyjat\">adventtikalenterimyyjien ryhm\u00e4\u00e4n Facebookissa<\/a>: Tarjolla ajankohtaista tietoa ja tukea<\/li>\n\n\n\n<li>Ole yhteydess\u00e4 omaan piiriin, kun mielt\u00e4si askarruttaa kysymys, johon ei l\u00f6ydy vastausta. Tarkista oman piirisi <a href=\"https:\/\/www.adventtikalenteri.fi\/myyjille\/kampanjan-hallinta\/tuki-kampanjapaallikolle\/kampanjan-yhteyshenkilot\/\">joulukampanjaty\u00f6ntekij\u00e4n yhteystiedot<\/a><\/li>\n<\/ul>\n","protected":false},"excerpt":{"rendered":"<p>Joulukampanjan j\u00e4rjest\u00e4miseen on tarjolla henkil\u00f6kohtaista tukea ja pestin mukaista koulutusta.<\/p>\n","protected":false},"author":16,"featured_media":0,"parent":224,"menu_order":50,"comment_status":"closed","ping_status":"closed","template":"","meta":{"_acf_changed":false,"_relevanssi_hide_post":"","_relevanssi_hide_content":"","_relevanssi_pin_for_all":"","_relevanssi_pin_keywords":"","_relevanssi_unpin_keywords":"","_relevanssi_related_keywords":"","_relevanssi_related_include_ids":"","_relevanssi_related_exclude_ids":"","_relevanssi_related_no_append":"","_relevanssi_related_not_related":"","_relevanssi_related_posts":"417,1486,1230,550,870,1159","_relevanssi_noindex_reason":"","footnotes":""},"class_list":["post-1570","page","type-page","status-publish","hentry"],"acf":[],"yoast_head":"<!-- This site is optimized with the Yoast SEO plugin v27.3 - https:\/\/yoast.com\/product\/yoast-seo-wordpress\/ -->\n<title>Tuki kampanjap\u00e4\u00e4llik\u00f6lle - Ohjesivusto adventtikalenterin myyjille<\/title>\n<meta name=\"description\" content=\"Adventtikalenterikampanjan kampanjap\u00e4\u00e4llik\u00f6n avuksi on tarjolla koulutuksia, henkil\u00f6kohtaista tukea ja mahdollisuus kysy\u00e4 apua muilta.\" \/>\n<meta name=\"robots\" content=\"index, follow, max-snippet:-1, max-image-preview:large, max-video-preview:-1\" \/>\n<link rel=\"canonical\" href=\"https:\/\/www.adventtikalenteri.fi\/myyjille\/kampanjan-hallinta\/tuki-kampanjapaallikolle\/\" \/>\n<meta property=\"og:locale\" content=\"fi_FI\" \/>\n<meta property=\"og:type\" content=\"article\" \/>\n<meta property=\"og:title\" content=\"Tuki kampanjap\u00e4\u00e4llik\u00f6lle - Ohjesivusto adventtikalenterin myyjille\" \/>\n<meta property=\"og:description\" content=\"Adventtikalenterikampanjan kampanjap\u00e4\u00e4llik\u00f6n avuksi on tarjolla koulutuksia, henkil\u00f6kohtaista tukea ja mahdollisuus kysy\u00e4 apua muilta.\" \/>\n<meta property=\"og:url\" content=\"https:\/\/www.adventtikalenteri.fi\/myyjille\/kampanjan-hallinta\/tuki-kampanjapaallikolle\/\" \/>\n<meta property=\"og:site_name\" content=\"Ohjesivusto adventtikalenterin myyjille\" \/>\n<meta property=\"article:modified_time\" content=\"2024-08-22T14:43:14+00:00\" \/>\n<meta property=\"og:image\" content=\"https:\/\/www.adventtikalenteri.fi\/myyjille\/wp-content\/uploads\/sites\/2\/2025\/08\/Adventtikalenteri25_NettaHautamaki_35.jpg\" \/>\n\t<meta property=\"og:image:width\" content=\"1500\" \/>\n\t<meta property=\"og:image:height\" content=\"1000\" \/>\n\t<meta property=\"og:image:type\" content=\"image\/jpeg\" \/>\n<meta name=\"twitter:card\" content=\"summary_large_image\" \/>\n<meta name=\"twitter:label1\" content=\"Arvioitu lukuaika\" \/>\n\t<meta name=\"twitter:data1\" content=\"1 minuutti\" \/>\n<script type=\"application\/ld+json\" class=\"yoast-schema-graph\">{\"@context\":\"https:\\\/\\\/schema.org\",\"@graph\":[{\"@type\":\"WebPage\",\"@id\":\"https:\\\/\\\/www.adventtikalenteri.fi\\\/myyjille\\\/kampanjan-hallinta\\\/tuki-kampanjapaallikolle\\\/\",\"url\":\"https:\\\/\\\/www.adventtikalenteri.fi\\\/myyjille\\\/kampanjan-hallinta\\\/tuki-kampanjapaallikolle\\\/\",\"name\":\"Tuki kampanjap\u00e4\u00e4llik\u00f6lle - Ohjesivusto adventtikalenterin myyjille\",\"isPartOf\":{\"@id\":\"https:\\\/\\\/www.adventtikalenteri.fi\\\/myyjille\\\/#website\"},\"datePublished\":\"2022-09-02T11:27:16+00:00\",\"dateModified\":\"2024-08-22T14:43:14+00:00\",\"description\":\"Adventtikalenterikampanjan kampanjap\u00e4\u00e4llik\u00f6n avuksi on tarjolla koulutuksia, henkil\u00f6kohtaista tukea ja mahdollisuus kysy\u00e4 apua muilta.\",\"breadcrumb\":{\"@id\":\"https:\\\/\\\/www.adventtikalenteri.fi\\\/myyjille\\\/kampanjan-hallinta\\\/tuki-kampanjapaallikolle\\\/#breadcrumb\"},\"inLanguage\":\"fi\",\"potentialAction\":[{\"@type\":\"ReadAction\",\"target\":[\"https:\\\/\\\/www.adventtikalenteri.fi\\\/myyjille\\\/kampanjan-hallinta\\\/tuki-kampanjapaallikolle\\\/\"]}]},{\"@type\":\"BreadcrumbList\",\"@id\":\"https:\\\/\\\/www.adventtikalenteri.fi\\\/myyjille\\\/kampanjan-hallinta\\\/tuki-kampanjapaallikolle\\\/#breadcrumb\",\"itemListElement\":[{\"@type\":\"ListItem\",\"position\":1,\"name\":\"Etusivu\",\"item\":\"https:\\\/\\\/www.adventtikalenteri.fi\\\/myyjille\\\/\"},{\"@type\":\"ListItem\",\"position\":2,\"name\":\"Kampanjan hallinta\",\"item\":\"https:\\\/\\\/www.adventtikalenteri.fi\\\/myyjille\\\/kampanjan-hallinta\\\/\"},{\"@type\":\"ListItem\",\"position\":3,\"name\":\"Tuki kampanjap\u00e4\u00e4llik\u00f6lle\"}]},{\"@type\":\"WebSite\",\"@id\":\"https:\\\/\\\/www.adventtikalenteri.fi\\\/myyjille\\\/#website\",\"url\":\"https:\\\/\\\/www.adventtikalenteri.fi\\\/myyjille\\\/\",\"name\":\"Ohjesivusto adventtikalenterin myyjille\",\"description\":\"\",\"potentialAction\":[{\"@type\":\"SearchAction\",\"target\":{\"@type\":\"EntryPoint\",\"urlTemplate\":\"https:\\\/\\\/www.adventtikalenteri.fi\\\/myyjille\\\/?s={search_term_string}\"},\"query-input\":{\"@type\":\"PropertyValueSpecification\",\"valueRequired\":true,\"valueName\":\"search_term_string\"}}],\"inLanguage\":\"fi\"}]}<\/script>\n<!-- \/ Yoast SEO plugin. -->","yoast_head_json":{"title":"Tuki kampanjap\u00e4\u00e4llik\u00f6lle - Ohjesivusto adventtikalenterin myyjille","description":"Adventtikalenterikampanjan kampanjap\u00e4\u00e4llik\u00f6n avuksi on tarjolla koulutuksia, henkil\u00f6kohtaista tukea ja mahdollisuus kysy\u00e4 apua muilta.","robots":{"index":"index","follow":"follow","max-snippet":"max-snippet:-1","max-image-preview":"max-image-preview:large","max-video-preview":"max-video-preview:-1"},"canonical":"https:\/\/www.adventtikalenteri.fi\/myyjille\/kampanjan-hallinta\/tuki-kampanjapaallikolle\/","og_locale":"fi_FI","og_type":"article","og_title":"Tuki kampanjap\u00e4\u00e4llik\u00f6lle - Ohjesivusto adventtikalenterin myyjille","og_description":"Adventtikalenterikampanjan kampanjap\u00e4\u00e4llik\u00f6n avuksi on tarjolla koulutuksia, henkil\u00f6kohtaista tukea ja mahdollisuus kysy\u00e4 apua muilta.","og_url":"https:\/\/www.adventtikalenteri.fi\/myyjille\/kampanjan-hallinta\/tuki-kampanjapaallikolle\/","og_site_name":"Ohjesivusto adventtikalenterin myyjille","article_modified_time":"2024-08-22T14:43:14+00:00","og_image":[{"width":1500,"height":1000,"url":"https:\/\/www.adventtikalenteri.fi\/myyjille\/wp-content\/uploads\/sites\/2\/2025\/08\/Adventtikalenteri25_NettaHautamaki_35.jpg","type":"image\/jpeg"}],"twitter_card":"summary_large_image","twitter_misc":{"Arvioitu lukuaika":"1 minuutti"},"schema":{"@context":"https:\/\/schema.org","@graph":[{"@type":"WebPage","@id":"https:\/\/www.adventtikalenteri.fi\/myyjille\/kampanjan-hallinta\/tuki-kampanjapaallikolle\/","url":"https:\/\/www.adventtikalenteri.fi\/myyjille\/kampanjan-hallinta\/tuki-kampanjapaallikolle\/","name":"Tuki kampanjap\u00e4\u00e4llik\u00f6lle - Ohjesivusto adventtikalenterin myyjille","isPartOf":{"@id":"https:\/\/www.adventtikalenteri.fi\/myyjille\/#website"},"datePublished":"2022-09-02T11:27:16+00:00","dateModified":"2024-08-22T14:43:14+00:00","description":"Adventtikalenterikampanjan kampanjap\u00e4\u00e4llik\u00f6n avuksi on tarjolla koulutuksia, henkil\u00f6kohtaista tukea ja mahdollisuus kysy\u00e4 apua muilta.","breadcrumb":{"@id":"https:\/\/www.adventtikalenteri.fi\/myyjille\/kampanjan-hallinta\/tuki-kampanjapaallikolle\/#breadcrumb"},"inLanguage":"fi","potentialAction":[{"@type":"ReadAction","target":["https:\/\/www.adventtikalenteri.fi\/myyjille\/kampanjan-hallinta\/tuki-kampanjapaallikolle\/"]}]},{"@type":"BreadcrumbList","@id":"https:\/\/www.adventtikalenteri.fi\/myyjille\/kampanjan-hallinta\/tuki-kampanjapaallikolle\/#breadcrumb","itemListElement":[{"@type":"ListItem","position":1,"name":"Etusivu","item":"https:\/\/www.adventtikalenteri.fi\/myyjille\/"},{"@type":"ListItem","position":2,"name":"Kampanjan hallinta","item":"https:\/\/www.adventtikalenteri.fi\/myyjille\/kampanjan-hallinta\/"},{"@type":"ListItem","position":3,"name":"Tuki kampanjap\u00e4\u00e4llik\u00f6lle"}]},{"@type":"WebSite","@id":"https:\/\/www.adventtikalenteri.fi\/myyjille\/#website","url":"https:\/\/www.adventtikalenteri.fi\/myyjille\/","name":"Ohjesivusto adventtikalenterin myyjille","description":"","potentialAction":[{"@type":"SearchAction","target":{"@type":"EntryPoint","urlTemplate":"https:\/\/www.adventtikalenteri.fi\/myyjille\/?s={search_term_string}"},"query-input":{"@type":"PropertyValueSpecification","valueRequired":true,"valueName":"search_term_string"}}],"inLanguage":"fi"}]}},"_links":{"self":[{"href":"https:\/\/www.adventtikalenteri.fi\/myyjille\/wp-json\/wp\/v2\/pages\/1570","targetHints":{"allow":["GET"]}}],"collection":[{"href":"https:\/\/www.adventtikalenteri.fi\/myyjille\/wp-json\/wp\/v2\/pages"}],"about":[{"href":"https:\/\/www.adventtikalenteri.fi\/myyjille\/wp-json\/wp\/v2\/types\/page"}],"author":[{"embeddable":true,"href":"https:\/\/www.adventtikalenteri.fi\/myyjille\/wp-json\/wp\/v2\/users\/16"}],"replies":[{"embeddable":true,"href":"https:\/\/www.adventtikalenteri.fi\/myyjille\/wp-json\/wp\/v2\/comments?post=1570"}],"version-history":[{"count":12,"href":"https:\/\/www.adventtikalenteri.fi\/myyjille\/wp-json\/wp\/v2\/pages\/1570\/revisions"}],"predecessor-version":[{"id":3167,"href":"https:\/\/www.adventtikalenteri.fi\/myyjille\/wp-json\/wp\/v2\/pages\/1570\/revisions\/3167"}],"up":[{"embeddable":true,"href":"https:\/\/www.adventtikalenteri.fi\/myyjille\/wp-json\/wp\/v2\/pages\/224"}],"wp:attachment":[{"href":"https:\/\/www.adventtikalenteri.fi\/myyjille\/wp-json\/wp\/v2\/media?parent=1570"}],"curies":[{"name":"wp","href":"https:\/\/api.w.org\/{rel}","templated":true}]}}