{"id":1577,"date":"2022-09-02T15:03:42","date_gmt":"2022-09-02T12:03:42","guid":{"rendered":"https:\/\/www.adventtikalenteri.fi\/myyjille\/?page_id=1577"},"modified":"2025-09-16T10:21:41","modified_gmt":"2025-09-16T07:21:41","slug":"koulutukset","status":"publish","type":"page","link":"https:\/\/www.adventtikalenteri.fi\/myyjille\/kampanjan-hallinta\/tuki-kampanjapaallikolle\/koulutukset\/","title":{"rendered":"Koulutukset"},"content":{"rendered":"\n<h1 class=\"wp-block-heading\">Koulutukset kampanjap\u00e4\u00e4llik\u00f6lle<\/h1>\n\n\n\n<p class=\"is-style-lead\">Adventtikalenterikampanjan tekemiseen ja kampanjap\u00e4\u00e4llik\u00f6n pestin tueksi on tarjolla koulutusta ja tukea.<\/p>\n\n\n\n<h2 class=\"wp-block-heading\">Kampanjap\u00e4\u00e4llik\u00f6n verkkokoulutus<\/h2>\n\n\n\n<p><strong>Kampanjap\u00e4\u00e4llik\u00f6n koulutus partion verkko-oppimisymp\u00e4rist\u00f6 Moodlessa<\/strong> tarjoaa videoiden ja linkkilistojen muodossa olennaiset tiedot kampanjasta. Koulutus johdattaa my\u00f6s projektisuunnitelman tekemiseen oman lippukunnan joulukampanjalle.<\/p>\n\n\n\n<p><a href=\"https:\/\/kuksa.partio.fi\/Kotisivut\/login.aspx?Id=85792\">Ilmoittaudu koulutukseen t\u00e4\u00e4ll\u00e4!<\/a> Ilmoittautuessasi partio-ID:ll\u00e4 saat s\u00e4hk\u00f6postissa vahvistusviestin, jossa on linkki koulutusalueelle. Koulutuksen voi tehd\u00e4 oman aikataulun mukaan. Koulutusmateriaalit ovat k\u00e4yt\u00f6ss\u00e4 koko kampanjan ajan.<\/p>\n\n\n\n<p><a href=\"https:\/\/youtu.be\/W-9Dz6jG8Lw?feature=shared\">Tutustu videoon kampanjan ajankohtaisista asioista.<\/a><\/p>\n\n\n\n<h2 class=\"wp-block-heading\">Kuksa-koulutus<\/h2>\n\n\n\n<p>Tutustu Kuksan k\u00e4ytt\u00f6\u00f6n lyhyiden koulutusvideoiden avulla. <a href=\"https:\/\/www.adventtikalenteri.fi\/myyjille\/kampanjan-hallinta\/kampanjan-kaynnistaminen\/kuksa-tilausjarjestelman-kayttoohjeet\/\">Katso videot.<\/a><\/p>\n\n\n\n<p>Jos videoista ei ole apua, ole yhteydess\u00e4 omaan piirity\u00f6ntekij\u00e4\u00e4si. <a href=\"https:\/\/www.adventtikalenteri.fi\/myyjille\/kampanjan-hallinta\/tuki-kampanjapaallikolle\/kampanjan-yhteyshenkilot\/\">Katso yhteystiedot<\/a>.<\/p>\n\n\n\n<h2 class=\"wp-block-heading\">Kampanjap\u00e4\u00e4llikk\u00f6tapaamiset<\/h2>\n\n\n\n<p>Kampanjap\u00e4\u00e4llikk\u00f6tapaamiset antavat tukea pestiss\u00e4 toimimiseen, ja niiss\u00e4 voit kysy\u00e4 sinua mietitytt\u00e4v\u00e4t kysymykset. T\u00e4n\u00e4 vuonna j\u00e4rjestet\u00e4\u00e4n kaksi tapaamista et\u00e4n\u00e4 ja lis\u00e4ksi piirien alueilla on tarjolla eri paikkakunnilla tapaamisia.<\/p>\n\n\n\n<h3 class=\"wp-block-heading\">Kaikille yhteiset et\u00e4tapaamiset teamsissa<\/h3>\n\n\n\n<ul class=\"wp-block-list\">\n<li><a href=\"https:\/\/www.partio.fi\/event\/joulukampanjapaallikoiden-tapaaminen-teams-29-9\/\">29.9. klo 18-19.30<\/a><\/li>\n\n\n\n<li><a href=\"https:\/\/www.partio.fi\/event\/joulukampanjapaallikoiden-tapaaminen-teams-8-10\/\">8.10. klo 18-19.30<\/a><\/li>\n<\/ul>\n\n\n\n<h3 class=\"wp-block-heading\">Piirien tapaamiset<\/h3>\n\n\n\n<ul class=\"wp-block-list\">\n<li><a href=\"https:\/\/etelakarjala.partio.fi\/tapahtumakalenteri\/?search=joulukampanjap%C3%A4%C3%A4llikk%C3%B6&amp;s_organizer%5B%5D=etela-karjalan-partiolaiset-ry&amp;s_start=9.9.2022\">Etel\u00e4-Karjalan Partiolaiset<\/a><\/li>\n\n\n\n<li><a href=\"https:\/\/hp.partio.fi\/tapahtumakalenteri\/?search=joulukampanjap%C3%A4%C3%A4llikk%C3%B6&amp;s_start=9.9.2022\">H\u00e4meen Partiopiiri<\/a><\/li>\n\n\n\n<li><a href=\"https:\/\/jarvisuomi.partio.fi\/tapahtumakalenteri\/?search=joulukampanjap%C3%A4%C3%A4llikk%C3%B6&amp;s_start=9.9.2022\">J\u00e4rvi-Suomen Partiolaiset<\/a><\/li>\n\n\n\n<li><a href=\"https:\/\/kymenlaakso.partio.fi\/tapahtumakalenteri\/?search=joulukampanjap%C3%A4%C3%A4llikk%C3%B6&amp;s_organizer%5B%5D=kymenlaakson-partiopiiri-ry&amp;s_start=1.8.2023\">Kymenlaakson Partiopiiri<\/a><\/li>\n\n\n\n<li><a href=\"https:\/\/lappi.partio.fi\/tapahtumakalenteri\/?search=kampanjap%C3%A4%C3%A4llikk%C3%B6&amp;s_organizer%5B%5D=lapin-partiolaiset-ry&amp;s_start=5.9.2023\">Lapin Partiolaiset<\/a><\/li>\n\n\n\n<li><a href=\"https:\/\/lounaissuomi.partio.fi\/tapahtumakalenteri\/?search=kalenterikettukoulutus&amp;s_organizer%5B%5D=lounais-suomen-partiopiiri-ry&amp;s_organizer%5B%5D=turun-partiolaiset-scouterna-i-abo-ry&amp;s_start=9.9.2022\">Lounais-Suomen Partiopiiri<\/a><\/li>\n\n\n\n<li><a href=\"https:\/\/pohjanmaa.partio.fi\/tapahtumakalenteri\/?search=joulukampanjap%C3%A4%C3%A4llik%C3%B6iden&amp;s_organizer%5B%5D=pohjanmaan-partiolaiset-ry&amp;s_start=9.9.2022\">Pohjanmaan Partiolaiset<\/a><\/li>\n\n\n\n<li><a href=\"https:\/\/papa.partio.fi\/tapahtumakalenteri\/?search=joulukampanjap%C3%A4%C3%A4llikk%C3%B6&amp;s_organizer%5B%5D=espoon-partiotuki-ry&amp;s_organizer%5B%5D=partiokannus-ry&amp;s_organizer%5B%5D=paakaupunkiseudun-partiolaiset-ry&amp;s_start=3.9.2025\">P\u00e4\u00e4kaupunkiseudun Partiolaiset <\/a><\/li>\n\n\n\n<li><a href=\"https:\/\/uusimaa.partio.fi\/tapahtumakalenteri\/?search=joulukampanja&amp;s_organizer%5B%5D=uudenmaan-partiopiiri-ry&amp;s_start=8.10.2024\">Uudenmaan Partiopiiri<\/a><\/li>\n<\/ul>\n\n\n\n<figure class=\"wp-block-image aligncenter size-full\"><img loading=\"lazy\" decoding=\"async\" width=\"681\" height=\"616\" src=\"https:\/\/www.adventtikalenteri.fi\/myyjille\/wp-content\/uploads\/sites\/2\/2025\/08\/advis_hiiret.png\" alt=\"\" class=\"wp-image-3682\" srcset=\"https:\/\/www.adventtikalenteri.fi\/myyjille\/wp-content\/uploads\/sites\/2\/2025\/08\/advis_hiiret.png 681w, https:\/\/www.adventtikalenteri.fi\/myyjille\/wp-content\/uploads\/sites\/2\/2025\/08\/advis_hiiret-164x148.png 164w\" sizes=\"auto, (max-width: 681px) 85vw, 681px\" \/><\/figure>\n\n\n\n<p><\/p>\n\n\n\n<p><\/p>\n","protected":false},"excerpt":{"rendered":"<p>Koulutukset kampanjap\u00e4\u00e4llik\u00f6lle Adventtikalenterikampanjan tekemiseen ja kampanjap\u00e4\u00e4llik\u00f6n pestin tueksi on tarjolla<\/p>\n","protected":false},"author":16,"featured_media":2553,"parent":1570,"menu_order":2,"comment_status":"closed","ping_status":"closed","template":"","meta":{"_acf_changed":false,"_relevanssi_hide_post":"","_relevanssi_hide_content":"","_relevanssi_pin_for_all":"","_relevanssi_pin_keywords":"","_relevanssi_unpin_keywords":"","_relevanssi_related_keywords":"","_relevanssi_related_include_ids":"","_relevanssi_related_exclude_ids":"","_relevanssi_related_no_append":"","_relevanssi_related_not_related":"","_relevanssi_related_posts":"1230,1072,417,1486,550,870","_relevanssi_noindex_reason":"","footnotes":""},"class_list":["post-1577","page","type-page","status-publish","has-post-thumbnail","hentry"],"acf":[],"yoast_head":"<!-- This site is optimized with the Yoast SEO plugin v27.3 - https:\/\/yoast.com\/product\/yoast-seo-wordpress\/ -->\n<title>Koulutukset - Ohjesivusto adventtikalenterin myyjille<\/title>\n<meta name=\"description\" content=\"Lippukunnan adventtikalenterikampanjan tekemiseen ja kampanjap\u00e4\u00e4llik\u00f6n pestin tueksi on tarjolla koulutusta ja tukea.\" \/>\n<meta name=\"robots\" content=\"index, follow, max-snippet:-1, max-image-preview:large, max-video-preview:-1\" \/>\n<link rel=\"canonical\" href=\"https:\/\/www.adventtikalenteri.fi\/myyjille\/kampanjan-hallinta\/tuki-kampanjapaallikolle\/koulutukset\/\" \/>\n<meta property=\"og:locale\" content=\"fi_FI\" \/>\n<meta property=\"og:type\" content=\"article\" \/>\n<meta property=\"og:title\" content=\"Koulutukset - Ohjesivusto adventtikalenterin myyjille\" \/>\n<meta property=\"og:description\" content=\"Lippukunnan adventtikalenterikampanjan tekemiseen ja kampanjap\u00e4\u00e4llik\u00f6n pestin tueksi on tarjolla koulutusta ja tukea.\" \/>\n<meta property=\"og:url\" content=\"https:\/\/www.adventtikalenteri.fi\/myyjille\/kampanjan-hallinta\/tuki-kampanjapaallikolle\/koulutukset\/\" \/>\n<meta property=\"og:site_name\" content=\"Ohjesivusto adventtikalenterin myyjille\" \/>\n<meta property=\"article:modified_time\" content=\"2025-09-16T07:21:41+00:00\" \/>\n<meta property=\"og:image\" content=\"https:\/\/www.adventtikalenteri.fi\/myyjille\/wp-content\/uploads\/sites\/2\/2023\/09\/Advis2023_NettaHautamaki_100-scaled.jpg\" \/>\n\t<meta property=\"og:image:width\" content=\"2560\" \/>\n\t<meta property=\"og:image:height\" content=\"1707\" \/>\n\t<meta property=\"og:image:type\" content=\"image\/jpeg\" \/>\n<meta name=\"twitter:card\" content=\"summary_large_image\" \/>\n<meta name=\"twitter:label1\" content=\"Arvioitu lukuaika\" \/>\n\t<meta name=\"twitter:data1\" content=\"2 minuuttia\" \/>\n<script type=\"application\/ld+json\" class=\"yoast-schema-graph\">{\"@context\":\"https:\\\/\\\/schema.org\",\"@graph\":[{\"@type\":\"WebPage\",\"@id\":\"https:\\\/\\\/www.adventtikalenteri.fi\\\/myyjille\\\/kampanjan-hallinta\\\/tuki-kampanjapaallikolle\\\/koulutukset\\\/\",\"url\":\"https:\\\/\\\/www.adventtikalenteri.fi\\\/myyjille\\\/kampanjan-hallinta\\\/tuki-kampanjapaallikolle\\\/koulutukset\\\/\",\"name\":\"Koulutukset - Ohjesivusto adventtikalenterin myyjille\",\"isPartOf\":{\"@id\":\"https:\\\/\\\/www.adventtikalenteri.fi\\\/myyjille\\\/#website\"},\"primaryImageOfPage\":{\"@id\":\"https:\\\/\\\/www.adventtikalenteri.fi\\\/myyjille\\\/kampanjan-hallinta\\\/tuki-kampanjapaallikolle\\\/koulutukset\\\/#primaryimage\"},\"image\":{\"@id\":\"https:\\\/\\\/www.adventtikalenteri.fi\\\/myyjille\\\/kampanjan-hallinta\\\/tuki-kampanjapaallikolle\\\/koulutukset\\\/#primaryimage\"},\"thumbnailUrl\":\"https:\\\/\\\/www.adventtikalenteri.fi\\\/myyjille\\\/wp-content\\\/uploads\\\/sites\\\/2\\\/2023\\\/09\\\/Advis2023_NettaHautamaki_100-scaled.jpg\",\"datePublished\":\"2022-09-02T12:03:42+00:00\",\"dateModified\":\"2025-09-16T07:21:41+00:00\",\"description\":\"Lippukunnan adventtikalenterikampanjan tekemiseen ja kampanjap\u00e4\u00e4llik\u00f6n pestin tueksi on tarjolla koulutusta ja tukea.\",\"breadcrumb\":{\"@id\":\"https:\\\/\\\/www.adventtikalenteri.fi\\\/myyjille\\\/kampanjan-hallinta\\\/tuki-kampanjapaallikolle\\\/koulutukset\\\/#breadcrumb\"},\"inLanguage\":\"fi\",\"potentialAction\":[{\"@type\":\"ReadAction\",\"target\":[\"https:\\\/\\\/www.adventtikalenteri.fi\\\/myyjille\\\/kampanjan-hallinta\\\/tuki-kampanjapaallikolle\\\/koulutukset\\\/\"]}]},{\"@type\":\"ImageObject\",\"inLanguage\":\"fi\",\"@id\":\"https:\\\/\\\/www.adventtikalenteri.fi\\\/myyjille\\\/kampanjan-hallinta\\\/tuki-kampanjapaallikolle\\\/koulutukset\\\/#primaryimage\",\"url\":\"https:\\\/\\\/www.adventtikalenteri.fi\\\/myyjille\\\/wp-content\\\/uploads\\\/sites\\\/2\\\/2023\\\/09\\\/Advis2023_NettaHautamaki_100-scaled.jpg\",\"contentUrl\":\"https:\\\/\\\/www.adventtikalenteri.fi\\\/myyjille\\\/wp-content\\\/uploads\\\/sites\\\/2\\\/2023\\\/09\\\/Advis2023_NettaHautamaki_100-scaled.jpg\",\"width\":2560,\"height\":1707},{\"@type\":\"BreadcrumbList\",\"@id\":\"https:\\\/\\\/www.adventtikalenteri.fi\\\/myyjille\\\/kampanjan-hallinta\\\/tuki-kampanjapaallikolle\\\/koulutukset\\\/#breadcrumb\",\"itemListElement\":[{\"@type\":\"ListItem\",\"position\":1,\"name\":\"Etusivu\",\"item\":\"https:\\\/\\\/www.adventtikalenteri.fi\\\/myyjille\\\/\"},{\"@type\":\"ListItem\",\"position\":2,\"name\":\"Kampanjan hallinta\",\"item\":\"https:\\\/\\\/www.adventtikalenteri.fi\\\/myyjille\\\/kampanjan-hallinta\\\/\"},{\"@type\":\"ListItem\",\"position\":3,\"name\":\"Tuki kampanjap\u00e4\u00e4llik\u00f6lle\",\"item\":\"https:\\\/\\\/www.adventtikalenteri.fi\\\/myyjille\\\/kampanjan-hallinta\\\/tuki-kampanjapaallikolle\\\/\"},{\"@type\":\"ListItem\",\"position\":4,\"name\":\"Koulutukset\"}]},{\"@type\":\"WebSite\",\"@id\":\"https:\\\/\\\/www.adventtikalenteri.fi\\\/myyjille\\\/#website\",\"url\":\"https:\\\/\\\/www.adventtikalenteri.fi\\\/myyjille\\\/\",\"name\":\"Ohjesivusto adventtikalenterin myyjille\",\"description\":\"\",\"potentialAction\":[{\"@type\":\"SearchAction\",\"target\":{\"@type\":\"EntryPoint\",\"urlTemplate\":\"https:\\\/\\\/www.adventtikalenteri.fi\\\/myyjille\\\/?s={search_term_string}\"},\"query-input\":{\"@type\":\"PropertyValueSpecification\",\"valueRequired\":true,\"valueName\":\"search_term_string\"}}],\"inLanguage\":\"fi\"}]}<\/script>\n<!-- \/ Yoast SEO plugin. -->","yoast_head_json":{"title":"Koulutukset - Ohjesivusto adventtikalenterin myyjille","description":"Lippukunnan adventtikalenterikampanjan tekemiseen ja kampanjap\u00e4\u00e4llik\u00f6n pestin tueksi on tarjolla koulutusta ja tukea.","robots":{"index":"index","follow":"follow","max-snippet":"max-snippet:-1","max-image-preview":"max-image-preview:large","max-video-preview":"max-video-preview:-1"},"canonical":"https:\/\/www.adventtikalenteri.fi\/myyjille\/kampanjan-hallinta\/tuki-kampanjapaallikolle\/koulutukset\/","og_locale":"fi_FI","og_type":"article","og_title":"Koulutukset - Ohjesivusto adventtikalenterin myyjille","og_description":"Lippukunnan adventtikalenterikampanjan tekemiseen ja kampanjap\u00e4\u00e4llik\u00f6n pestin tueksi on tarjolla koulutusta ja tukea.","og_url":"https:\/\/www.adventtikalenteri.fi\/myyjille\/kampanjan-hallinta\/tuki-kampanjapaallikolle\/koulutukset\/","og_site_name":"Ohjesivusto adventtikalenterin myyjille","article_modified_time":"2025-09-16T07:21:41+00:00","og_image":[{"width":2560,"height":1707,"url":"https:\/\/www.adventtikalenteri.fi\/myyjille\/wp-content\/uploads\/sites\/2\/2023\/09\/Advis2023_NettaHautamaki_100-scaled.jpg","type":"image\/jpeg"}],"twitter_card":"summary_large_image","twitter_misc":{"Arvioitu lukuaika":"2 minuuttia"},"schema":{"@context":"https:\/\/schema.org","@graph":[{"@type":"WebPage","@id":"https:\/\/www.adventtikalenteri.fi\/myyjille\/kampanjan-hallinta\/tuki-kampanjapaallikolle\/koulutukset\/","url":"https:\/\/www.adventtikalenteri.fi\/myyjille\/kampanjan-hallinta\/tuki-kampanjapaallikolle\/koulutukset\/","name":"Koulutukset - Ohjesivusto adventtikalenterin myyjille","isPartOf":{"@id":"https:\/\/www.adventtikalenteri.fi\/myyjille\/#website"},"primaryImageOfPage":{"@id":"https:\/\/www.adventtikalenteri.fi\/myyjille\/kampanjan-hallinta\/tuki-kampanjapaallikolle\/koulutukset\/#primaryimage"},"image":{"@id":"https:\/\/www.adventtikalenteri.fi\/myyjille\/kampanjan-hallinta\/tuki-kampanjapaallikolle\/koulutukset\/#primaryimage"},"thumbnailUrl":"https:\/\/www.adventtikalenteri.fi\/myyjille\/wp-content\/uploads\/sites\/2\/2023\/09\/Advis2023_NettaHautamaki_100-scaled.jpg","datePublished":"2022-09-02T12:03:42+00:00","dateModified":"2025-09-16T07:21:41+00:00","description":"Lippukunnan adventtikalenterikampanjan tekemiseen ja kampanjap\u00e4\u00e4llik\u00f6n pestin tueksi on tarjolla koulutusta ja tukea.","breadcrumb":{"@id":"https:\/\/www.adventtikalenteri.fi\/myyjille\/kampanjan-hallinta\/tuki-kampanjapaallikolle\/koulutukset\/#breadcrumb"},"inLanguage":"fi","potentialAction":[{"@type":"ReadAction","target":["https:\/\/www.adventtikalenteri.fi\/myyjille\/kampanjan-hallinta\/tuki-kampanjapaallikolle\/koulutukset\/"]}]},{"@type":"ImageObject","inLanguage":"fi","@id":"https:\/\/www.adventtikalenteri.fi\/myyjille\/kampanjan-hallinta\/tuki-kampanjapaallikolle\/koulutukset\/#primaryimage","url":"https:\/\/www.adventtikalenteri.fi\/myyjille\/wp-content\/uploads\/sites\/2\/2023\/09\/Advis2023_NettaHautamaki_100-scaled.jpg","contentUrl":"https:\/\/www.adventtikalenteri.fi\/myyjille\/wp-content\/uploads\/sites\/2\/2023\/09\/Advis2023_NettaHautamaki_100-scaled.jpg","width":2560,"height":1707},{"@type":"BreadcrumbList","@id":"https:\/\/www.adventtikalenteri.fi\/myyjille\/kampanjan-hallinta\/tuki-kampanjapaallikolle\/koulutukset\/#breadcrumb","itemListElement":[{"@type":"ListItem","position":1,"name":"Etusivu","item":"https:\/\/www.adventtikalenteri.fi\/myyjille\/"},{"@type":"ListItem","position":2,"name":"Kampanjan hallinta","item":"https:\/\/www.adventtikalenteri.fi\/myyjille\/kampanjan-hallinta\/"},{"@type":"ListItem","position":3,"name":"Tuki kampanjap\u00e4\u00e4llik\u00f6lle","item":"https:\/\/www.adventtikalenteri.fi\/myyjille\/kampanjan-hallinta\/tuki-kampanjapaallikolle\/"},{"@type":"ListItem","position":4,"name":"Koulutukset"}]},{"@type":"WebSite","@id":"https:\/\/www.adventtikalenteri.fi\/myyjille\/#website","url":"https:\/\/www.adventtikalenteri.fi\/myyjille\/","name":"Ohjesivusto adventtikalenterin myyjille","description":"","potentialAction":[{"@type":"SearchAction","target":{"@type":"EntryPoint","urlTemplate":"https:\/\/www.adventtikalenteri.fi\/myyjille\/?s={search_term_string}"},"query-input":{"@type":"PropertyValueSpecification","valueRequired":true,"valueName":"search_term_string"}}],"inLanguage":"fi"}]}},"_links":{"self":[{"href":"https:\/\/www.adventtikalenteri.fi\/myyjille\/wp-json\/wp\/v2\/pages\/1577","targetHints":{"allow":["GET"]}}],"collection":[{"href":"https:\/\/www.adventtikalenteri.fi\/myyjille\/wp-json\/wp\/v2\/pages"}],"about":[{"href":"https:\/\/www.adventtikalenteri.fi\/myyjille\/wp-json\/wp\/v2\/types\/page"}],"author":[{"embeddable":true,"href":"https:\/\/www.adventtikalenteri.fi\/myyjille\/wp-json\/wp\/v2\/users\/16"}],"replies":[{"embeddable":true,"href":"https:\/\/www.adventtikalenteri.fi\/myyjille\/wp-json\/wp\/v2\/comments?post=1577"}],"version-history":[{"count":15,"href":"https:\/\/www.adventtikalenteri.fi\/myyjille\/wp-json\/wp\/v2\/pages\/1577\/revisions"}],"predecessor-version":[{"id":3863,"href":"https:\/\/www.adventtikalenteri.fi\/myyjille\/wp-json\/wp\/v2\/pages\/1577\/revisions\/3863"}],"up":[{"embeddable":true,"href":"https:\/\/www.adventtikalenteri.fi\/myyjille\/wp-json\/wp\/v2\/pages\/1570"}],"wp:featuredmedia":[{"embeddable":true,"href":"https:\/\/www.adventtikalenteri.fi\/myyjille\/wp-json\/wp\/v2\/media\/2553"}],"wp:attachment":[{"href":"https:\/\/www.adventtikalenteri.fi\/myyjille\/wp-json\/wp\/v2\/media?parent=1577"}],"curies":[{"name":"wp","href":"https:\/\/api.w.org\/{rel}","templated":true}]}}