{"id":228,"date":"2021-08-17T16:34:29","date_gmt":"2021-08-17T13:34:29","guid":{"rendered":"https:\/\/www.adventtikalenteri.fi\/myyjille\/?page_id=228"},"modified":"2025-09-02T14:33:02","modified_gmt":"2025-09-02T11:33:02","slug":"markkinointi-ja-viestinta","status":"publish","type":"page","link":"https:\/\/www.adventtikalenteri.fi\/myyjille\/markkinointi-ja-viestinta\/","title":{"rendered":"Markkinointi ja viestint\u00e4"},"content":{"rendered":"\n<p class=\"is-style-lead\">Partiolaisten adventtikalenteri on monille jo ennest\u00e4\u00e4n tuttu tuote ja partiolla on Suomessa eritt\u00e4in positiivinen maine. Alueellanne asuu varmasti useita ihmisi\u00e4, jotka odottavat myyji\u00e4 kotiovelle tai etsiv\u00e4t myyntipaikkoja. Jotta tavoitat adventtikalenterin ostajat, muista markkinoida lippukuntasi myyntipaikkoja ja myyntitempauksia. T\u00e4lt\u00e4 sivulta saat vinkkej\u00e4 siihen, kuinka ostajat l\u00f6yt\u00e4v\u00e4t teid\u00e4t.<\/p>\n\n\n\n<figure class=\"wp-block-embed is-type-video is-provider-youtube wp-block-embed-youtube wp-embed-aspect-16-9 wp-has-aspect-ratio\"><div class=\"wp-block-embed__wrapper\">\n<div class=\"oembed oembed-youtube\"><iframe loading=\"lazy\" title=\"Viestint\u00e4 ja markkinointi\" width=\"750\" height=\"422\" src=\"https:\/\/www.youtube.com\/embed\/g5K3zW37nCo?feature=oembed\" frameborder=\"0\" allow=\"accelerometer; autoplay; clipboard-write; encrypted-media; gyroscope; picture-in-picture; web-share\" referrerpolicy=\"strict-origin-when-cross-origin\" allowfullscreen><\/iframe><\/div>\n<\/div><figcaption class=\"wp-element-caption\">Viestint\u00e4 ja markkinointi. <a href=\"https:\/\/youtu.be\/g5K3zW37nCo\">Katso Youtubessa<\/a><\/figcaption><\/figure>\n\n\n\n<h2 class=\"wp-block-heading\">Kerro, ett\u00e4 lippukuntanne myy adventtikalentereita<\/h2>\n\n\n\n<ul class=\"wp-block-list\">\n<li>Ilmoita lippukuntanne myyntitapahtumat ja -paikat<a href=\"https:\/\/www.adventtikalenteri.fi\/myyntipaikat\/\"> adventtikalenteri.fi -sivun myyntipaikkalistaan<\/a> (<a href=\"https:\/\/www.adventtikalenteri.fi\/myyjille\/kampanjan-hallinta\/kampanjan-kaynnistaminen\/myyntipaikan-ilmoittaminen\/\">katso ohjeet<\/a>)<\/li>\n\n\n\n<li>Lis\u00e4\u00e4 tieto adventtikalenterimyynnist\u00e4 lippukuntanne omille verkkosivuille. Muista mainita myyntipaikkojen osoitteet, p\u00e4iv\u00e4m\u00e4\u00e4r\u00e4t ja kellonajat.<\/li>\n\n\n\n<li>Lis\u00e4\u00e4 mainos lippukuntanne j\u00e4senlehteen, uutiskirjeisiin tai huoltajaviesteihin.<\/li>\n\n\n\n<li>Kerro miss\u00e4 myytte ja milloin. T\u00e4h\u00e4n voit k\u00e4ytt\u00e4\u00e4 n\u00e4it\u00e4 <a href=\"https:\/\/partio.contenthub.fi\/ui\/shares\/f27238\/7TpXDBGnP7\/fi\/\">valmiita somekuvia<\/a> (partion materiaalipankissa)<\/li>\n\n\n\n<li>K\u00e4yt\u00e4 kampanjap\u00e4\u00e4llik\u00f6lle l\u00e4hetettyj\u00e4 julisteita ja flyereit\u00e4. Voit my\u00f6s printata materiaaleja itse lis\u00e4\u00e4, jos tarvitsette niit\u00e4 enemm\u00e4n. <a href=\"https:\/\/www.adventtikalenteri.fi\/myyjille\/markkinointi-ja-viestinta\/valmiit-markkinointimateriaalit\/\">Lue lis\u00e4\u00e4 valmiista markkinointimateriaalesta.<\/a><\/li>\n<\/ul>\n\n\n\n<h2 class=\"wp-block-heading\">Markkinoi tulevia adventtikalenterin myyntitapahtumia<\/h2>\n\n\n\n<ul class=\"wp-block-list\">\n<li>Kerro sosiaalisessa mediassa etuk\u00e4teen, miss\u00e4 ja milloin olette myym\u00e4ss\u00e4 kalentereita. My\u00f6s paikkakuntien omia some-ryhmi\u00e4 ja &#8221;puskaradioita&#8221; kannattaa hy\u00f6dynt\u00e4\u00e4! <a href=\"https:\/\/www.adventtikalenteri.fi\/myyjille\/adventtikalenterin-markkinointi\/sosiaalinen-media\/\">Lue vinkit sosiaaliseen mediaan.<\/a><\/li>\n\n\n\n<li>Kannusta lippukuntanne j\u00e4seni\u00e4 jakamaan tietoa myyntitilaisuuksista omille kontakteilleen esim. WhatsAppilla tai somessa.<\/li>\n\n\n\n<li>Kerro myyntitilaisuuksista kouluissa, ty\u00f6paikoilla ja muissa harrastuksissa.<\/li>\n\n\n\n<li>Hae piiritoimistolta tai tulosta partion materiaalipankista julisteita ja muita materiaaleja. Jaa flyereita l\u00e4hialueen ilmoitustauluille ja kysy esimerkiksi kaupoista ja kirjastoista, saisitteko kiinnitt\u00e4\u00e4 julisteita. Tulosta materiaalit partion materiaalipankista: <a href=\"https:\/\/partio.contenthub.fi\/ui\/shares\/f27238\/7TpXDBGnP7\/fi\/\">partio.fi\/kalenterimateriaali<\/a>t.<\/li>\n\n\n\n<li>Paikallislehtien tapahtumakalenterit ovat hyv\u00e4 paikka ilmoittaa myyntitempauksistanne. Usein lehden nettisivuilla on lomake, jonka kautta saatte lis\u00e4tty\u00e4 tempaukset ja myyntipaikat tapahtumakalenteriin.<\/li>\n\n\n\n<li>Monissa paikallislehdiss\u00e4 on k\u00e4yt\u00f6ss\u00e4 ilmaiset pikkuilmoitukset ajankohtaisia asioita varten.<\/li>\n<\/ul>\n\n\n\n<p><\/p>\n","protected":false},"excerpt":{"rendered":"<p>Partiolaisten adventtikalenteri on monille jo ennest\u00e4\u00e4n tuttu tuote ja partiolla<\/p>\n","protected":false},"author":10,"featured_media":3145,"parent":0,"menu_order":3,"comment_status":"closed","ping_status":"closed","template":"","meta":{"_acf_changed":false,"_relevanssi_hide_post":"","_relevanssi_hide_content":"","_relevanssi_pin_for_all":"","_relevanssi_pin_keywords":"","_relevanssi_unpin_keywords":"","_relevanssi_related_keywords":"","_relevanssi_related_include_ids":"","_relevanssi_related_exclude_ids":"","_relevanssi_related_no_append":"","_relevanssi_related_not_related":"","_relevanssi_related_posts":"870,1486,1159,1072,1230,417","_relevanssi_noindex_reason":"","footnotes":""},"class_list":["post-228","page","type-page","status-publish","has-post-thumbnail","hentry"],"acf":[],"yoast_head":"<!-- This site is optimized with the Yoast SEO plugin v27.3 - https:\/\/yoast.com\/product\/yoast-seo-wordpress\/ -->\n<title>Markkinointi ja viestint\u00e4 - Ohjesivusto adventtikalenterin myyjille<\/title>\n<meta name=\"description\" content=\"Jotta tavoitat adventtikalenterin ostajat, muista markkinoida lippukuntasi myyntipaikkoja ja myyntitempauksia. P\u00e4ivitt\u00e4 ajantasaiset tiedot lippukunnan nettisivuille ja someen.\" \/>\n<meta name=\"robots\" content=\"index, follow, max-snippet:-1, max-image-preview:large, max-video-preview:-1\" \/>\n<link rel=\"canonical\" href=\"https:\/\/www.adventtikalenteri.fi\/myyjille\/markkinointi-ja-viestinta\/\" \/>\n<meta property=\"og:locale\" content=\"fi_FI\" \/>\n<meta property=\"og:type\" content=\"article\" \/>\n<meta property=\"og:title\" content=\"Markkinointi ja viestint\u00e4 - Ohjesivusto adventtikalenterin myyjille\" \/>\n<meta property=\"og:description\" content=\"Jotta tavoitat adventtikalenterin ostajat, muista markkinoida lippukuntasi myyntipaikkoja ja myyntitempauksia. P\u00e4ivitt\u00e4 ajantasaiset tiedot lippukunnan nettisivuille ja someen.\" \/>\n<meta property=\"og:url\" content=\"https:\/\/www.adventtikalenteri.fi\/myyjille\/markkinointi-ja-viestinta\/\" \/>\n<meta property=\"og:site_name\" content=\"Ohjesivusto adventtikalenterin myyjille\" \/>\n<meta property=\"article:modified_time\" content=\"2025-09-02T11:33:02+00:00\" \/>\n<meta property=\"og:image\" content=\"https:\/\/www.adventtikalenteri.fi\/myyjille\/wp-content\/uploads\/sites\/2\/2024\/08\/Advis2024_NettaHautamaki_DSC_9842_2000px.jpg\" \/>\n\t<meta property=\"og:image:width\" content=\"2000\" \/>\n\t<meta property=\"og:image:height\" content=\"1125\" \/>\n\t<meta property=\"og:image:type\" content=\"image\/jpeg\" \/>\n<meta name=\"twitter:card\" content=\"summary_large_image\" \/>\n<meta name=\"twitter:label1\" content=\"Arvioitu lukuaika\" \/>\n\t<meta name=\"twitter:data1\" content=\"3 minuuttia\" \/>\n<script type=\"application\/ld+json\" class=\"yoast-schema-graph\">{\"@context\":\"https:\\\/\\\/schema.org\",\"@graph\":[{\"@type\":\"WebPage\",\"@id\":\"https:\\\/\\\/www.adventtikalenteri.fi\\\/myyjille\\\/markkinointi-ja-viestinta\\\/\",\"url\":\"https:\\\/\\\/www.adventtikalenteri.fi\\\/myyjille\\\/markkinointi-ja-viestinta\\\/\",\"name\":\"Markkinointi ja viestint\u00e4 - Ohjesivusto adventtikalenterin myyjille\",\"isPartOf\":{\"@id\":\"https:\\\/\\\/www.adventtikalenteri.fi\\\/myyjille\\\/#website\"},\"primaryImageOfPage\":{\"@id\":\"https:\\\/\\\/www.adventtikalenteri.fi\\\/myyjille\\\/markkinointi-ja-viestinta\\\/#primaryimage\"},\"image\":{\"@id\":\"https:\\\/\\\/www.adventtikalenteri.fi\\\/myyjille\\\/markkinointi-ja-viestinta\\\/#primaryimage\"},\"thumbnailUrl\":\"https:\\\/\\\/www.adventtikalenteri.fi\\\/myyjille\\\/wp-content\\\/uploads\\\/sites\\\/2\\\/2024\\\/08\\\/Advis2024_NettaHautamaki_DSC_9842_2000px.jpg\",\"datePublished\":\"2021-08-17T13:34:29+00:00\",\"dateModified\":\"2025-09-02T11:33:02+00:00\",\"description\":\"Jotta tavoitat adventtikalenterin ostajat, muista markkinoida lippukuntasi myyntipaikkoja ja myyntitempauksia. P\u00e4ivitt\u00e4 ajantasaiset tiedot lippukunnan nettisivuille ja someen.\",\"breadcrumb\":{\"@id\":\"https:\\\/\\\/www.adventtikalenteri.fi\\\/myyjille\\\/markkinointi-ja-viestinta\\\/#breadcrumb\"},\"inLanguage\":\"fi\",\"potentialAction\":[{\"@type\":\"ReadAction\",\"target\":[\"https:\\\/\\\/www.adventtikalenteri.fi\\\/myyjille\\\/markkinointi-ja-viestinta\\\/\"]}]},{\"@type\":\"ImageObject\",\"inLanguage\":\"fi\",\"@id\":\"https:\\\/\\\/www.adventtikalenteri.fi\\\/myyjille\\\/markkinointi-ja-viestinta\\\/#primaryimage\",\"url\":\"https:\\\/\\\/www.adventtikalenteri.fi\\\/myyjille\\\/wp-content\\\/uploads\\\/sites\\\/2\\\/2024\\\/08\\\/Advis2024_NettaHautamaki_DSC_9842_2000px.jpg\",\"contentUrl\":\"https:\\\/\\\/www.adventtikalenteri.fi\\\/myyjille\\\/wp-content\\\/uploads\\\/sites\\\/2\\\/2024\\\/08\\\/Advis2024_NettaHautamaki_DSC_9842_2000px.jpg\",\"width\":2000,\"height\":1125},{\"@type\":\"BreadcrumbList\",\"@id\":\"https:\\\/\\\/www.adventtikalenteri.fi\\\/myyjille\\\/markkinointi-ja-viestinta\\\/#breadcrumb\",\"itemListElement\":[{\"@type\":\"ListItem\",\"position\":1,\"name\":\"Etusivu\",\"item\":\"https:\\\/\\\/www.adventtikalenteri.fi\\\/myyjille\\\/\"},{\"@type\":\"ListItem\",\"position\":2,\"name\":\"Markkinointi ja viestint\u00e4\"}]},{\"@type\":\"WebSite\",\"@id\":\"https:\\\/\\\/www.adventtikalenteri.fi\\\/myyjille\\\/#website\",\"url\":\"https:\\\/\\\/www.adventtikalenteri.fi\\\/myyjille\\\/\",\"name\":\"Ohjesivusto adventtikalenterin myyjille\",\"description\":\"\",\"potentialAction\":[{\"@type\":\"SearchAction\",\"target\":{\"@type\":\"EntryPoint\",\"urlTemplate\":\"https:\\\/\\\/www.adventtikalenteri.fi\\\/myyjille\\\/?s={search_term_string}\"},\"query-input\":{\"@type\":\"PropertyValueSpecification\",\"valueRequired\":true,\"valueName\":\"search_term_string\"}}],\"inLanguage\":\"fi\"}]}<\/script>\n<!-- \/ Yoast SEO plugin. -->","yoast_head_json":{"title":"Markkinointi ja viestint\u00e4 - Ohjesivusto adventtikalenterin myyjille","description":"Jotta tavoitat adventtikalenterin ostajat, muista markkinoida lippukuntasi myyntipaikkoja ja myyntitempauksia. P\u00e4ivitt\u00e4 ajantasaiset tiedot lippukunnan nettisivuille ja someen.","robots":{"index":"index","follow":"follow","max-snippet":"max-snippet:-1","max-image-preview":"max-image-preview:large","max-video-preview":"max-video-preview:-1"},"canonical":"https:\/\/www.adventtikalenteri.fi\/myyjille\/markkinointi-ja-viestinta\/","og_locale":"fi_FI","og_type":"article","og_title":"Markkinointi ja viestint\u00e4 - Ohjesivusto adventtikalenterin myyjille","og_description":"Jotta tavoitat adventtikalenterin ostajat, muista markkinoida lippukuntasi myyntipaikkoja ja myyntitempauksia. P\u00e4ivitt\u00e4 ajantasaiset tiedot lippukunnan nettisivuille ja someen.","og_url":"https:\/\/www.adventtikalenteri.fi\/myyjille\/markkinointi-ja-viestinta\/","og_site_name":"Ohjesivusto adventtikalenterin myyjille","article_modified_time":"2025-09-02T11:33:02+00:00","og_image":[{"width":2000,"height":1125,"url":"https:\/\/www.adventtikalenteri.fi\/myyjille\/wp-content\/uploads\/sites\/2\/2024\/08\/Advis2024_NettaHautamaki_DSC_9842_2000px.jpg","type":"image\/jpeg"}],"twitter_card":"summary_large_image","twitter_misc":{"Arvioitu lukuaika":"3 minuuttia"},"schema":{"@context":"https:\/\/schema.org","@graph":[{"@type":"WebPage","@id":"https:\/\/www.adventtikalenteri.fi\/myyjille\/markkinointi-ja-viestinta\/","url":"https:\/\/www.adventtikalenteri.fi\/myyjille\/markkinointi-ja-viestinta\/","name":"Markkinointi ja viestint\u00e4 - Ohjesivusto adventtikalenterin myyjille","isPartOf":{"@id":"https:\/\/www.adventtikalenteri.fi\/myyjille\/#website"},"primaryImageOfPage":{"@id":"https:\/\/www.adventtikalenteri.fi\/myyjille\/markkinointi-ja-viestinta\/#primaryimage"},"image":{"@id":"https:\/\/www.adventtikalenteri.fi\/myyjille\/markkinointi-ja-viestinta\/#primaryimage"},"thumbnailUrl":"https:\/\/www.adventtikalenteri.fi\/myyjille\/wp-content\/uploads\/sites\/2\/2024\/08\/Advis2024_NettaHautamaki_DSC_9842_2000px.jpg","datePublished":"2021-08-17T13:34:29+00:00","dateModified":"2025-09-02T11:33:02+00:00","description":"Jotta tavoitat adventtikalenterin ostajat, muista markkinoida lippukuntasi myyntipaikkoja ja myyntitempauksia. P\u00e4ivitt\u00e4 ajantasaiset tiedot lippukunnan nettisivuille ja someen.","breadcrumb":{"@id":"https:\/\/www.adventtikalenteri.fi\/myyjille\/markkinointi-ja-viestinta\/#breadcrumb"},"inLanguage":"fi","potentialAction":[{"@type":"ReadAction","target":["https:\/\/www.adventtikalenteri.fi\/myyjille\/markkinointi-ja-viestinta\/"]}]},{"@type":"ImageObject","inLanguage":"fi","@id":"https:\/\/www.adventtikalenteri.fi\/myyjille\/markkinointi-ja-viestinta\/#primaryimage","url":"https:\/\/www.adventtikalenteri.fi\/myyjille\/wp-content\/uploads\/sites\/2\/2024\/08\/Advis2024_NettaHautamaki_DSC_9842_2000px.jpg","contentUrl":"https:\/\/www.adventtikalenteri.fi\/myyjille\/wp-content\/uploads\/sites\/2\/2024\/08\/Advis2024_NettaHautamaki_DSC_9842_2000px.jpg","width":2000,"height":1125},{"@type":"BreadcrumbList","@id":"https:\/\/www.adventtikalenteri.fi\/myyjille\/markkinointi-ja-viestinta\/#breadcrumb","itemListElement":[{"@type":"ListItem","position":1,"name":"Etusivu","item":"https:\/\/www.adventtikalenteri.fi\/myyjille\/"},{"@type":"ListItem","position":2,"name":"Markkinointi ja viestint\u00e4"}]},{"@type":"WebSite","@id":"https:\/\/www.adventtikalenteri.fi\/myyjille\/#website","url":"https:\/\/www.adventtikalenteri.fi\/myyjille\/","name":"Ohjesivusto adventtikalenterin myyjille","description":"","potentialAction":[{"@type":"SearchAction","target":{"@type":"EntryPoint","urlTemplate":"https:\/\/www.adventtikalenteri.fi\/myyjille\/?s={search_term_string}"},"query-input":{"@type":"PropertyValueSpecification","valueRequired":true,"valueName":"search_term_string"}}],"inLanguage":"fi"}]}},"_links":{"self":[{"href":"https:\/\/www.adventtikalenteri.fi\/myyjille\/wp-json\/wp\/v2\/pages\/228","targetHints":{"allow":["GET"]}}],"collection":[{"href":"https:\/\/www.adventtikalenteri.fi\/myyjille\/wp-json\/wp\/v2\/pages"}],"about":[{"href":"https:\/\/www.adventtikalenteri.fi\/myyjille\/wp-json\/wp\/v2\/types\/page"}],"author":[{"embeddable":true,"href":"https:\/\/www.adventtikalenteri.fi\/myyjille\/wp-json\/wp\/v2\/users\/10"}],"replies":[{"embeddable":true,"href":"https:\/\/www.adventtikalenteri.fi\/myyjille\/wp-json\/wp\/v2\/comments?post=228"}],"version-history":[{"count":15,"href":"https:\/\/www.adventtikalenteri.fi\/myyjille\/wp-json\/wp\/v2\/pages\/228\/revisions"}],"predecessor-version":[{"id":3742,"href":"https:\/\/www.adventtikalenteri.fi\/myyjille\/wp-json\/wp\/v2\/pages\/228\/revisions\/3742"}],"wp:featuredmedia":[{"embeddable":true,"href":"https:\/\/www.adventtikalenteri.fi\/myyjille\/wp-json\/wp\/v2\/media\/3145"}],"wp:attachment":[{"href":"https:\/\/www.adventtikalenteri.fi\/myyjille\/wp-json\/wp\/v2\/media?parent=228"}],"curies":[{"name":"wp","href":"https:\/\/api.w.org\/{rel}","templated":true}]}}