{"id":251,"date":"2021-08-24T13:03:44","date_gmt":"2021-08-24T10:03:44","guid":{"rendered":"https:\/\/www.adventtikalenteri.fi\/myyjille\/?page_id=251"},"modified":"2025-09-16T10:38:38","modified_gmt":"2025-09-16T07:38:38","slug":"maksutavat","status":"publish","type":"page","link":"https:\/\/www.adventtikalenteri.fi\/myyjille\/myynti\/maksutavat\/","title":{"rendered":"Maksutavat ja rahank\u00e4sittely"},"content":{"rendered":"\n<h1 class=\"wp-block-heading\">Erilaiset maksutavat ja rahank\u00e4sittely<\/h1>\n\n\n\n<p class=\"lead\">Erilaisten maksutapojen tarjoaminen tekee kalenterin ostamisen helpoksi ja k\u00e4teisrahan k\u00e4sittelyn tarve v\u00e4henee. Kampanjap\u00e4\u00e4llikk\u00f6kyselyn mukaan useampia maksutapoja tarjoavat lippukunnat my\u00f6s myyv\u00e4t kalentereita 14 prosenttia muita enemm\u00e4n.<\/p>\n\n\n\n<figure class=\"wp-block-embed is-type-video is-provider-youtube wp-block-embed-youtube wp-embed-aspect-16-9 wp-has-aspect-ratio\"><div class=\"wp-block-embed__wrapper\">\n<div class=\"oembed oembed-youtube\"><iframe loading=\"lazy\" title=\"Maksutavat\" width=\"750\" height=\"422\" src=\"https:\/\/www.youtube.com\/embed\/uYbY9HK7VpE?feature=oembed\" frameborder=\"0\" allow=\"accelerometer; autoplay; clipboard-write; encrypted-media; gyroscope; picture-in-picture; web-share\" referrerpolicy=\"strict-origin-when-cross-origin\" allowfullscreen><\/iframe><\/div>\n<\/div><figcaption class=\"wp-element-caption\">Katso videolta vinkit, miksi kannattaa k\u00e4ytt\u00e4\u00e4 erilaisia maksuvaihtoehtoja, miten hoitaa korttimaksut, ottaa k\u00e4ytt\u00f6\u00f6n mobilepay ja miten k\u00e4sitell\u00e4 k\u00e4teist\u00e4.<\/figcaption><\/figure>\n\n\n\n<h2 class=\"wp-block-heading\">Maksaminen puhelimella<\/h2>\n\n\n\n<p>Mobiilimaksaminen on yleisnimitys maksutavalle, jossa hy\u00f6dynnet\u00e4\u00e4n matkapuhelinta. Yleisin mobiilimaksusovellus on MobilePay..<\/p>\n\n\n\n<p><a href=\"https:\/\/www.adventtikalenteri.fi\/myyjille\/myynti\/maksutavat\/mobilepay-myshop\/\">Lue lis\u00e4\u00e4 mobiilimaksamisesta<\/a><\/p>\n\n\n\n<h2 class=\"wp-block-heading\">Maksaminen kortilla<\/h2>\n\n\n\n<p>Korttimaksumahdollisuuden tarjoaminen asiakkaille on helppo ja t\u00e4rke\u00e4 tapa helpottaa kalenterin ostamista. <strong>Nyt voi k\u00e4ytt\u00e4\u00e4 my\u00f6s \u00e4lypuhelinta korttimaksujen vastaanottamisessa!<\/strong><\/p>\n\n\n\n<p><a href=\"https:\/\/www.adventtikalenteri.fi\/myyjille\/myynti\/maksutavat\/korttimaksut-sumup\/\">Lue lis\u00e4\u00e4 korttimaksujen tarjoamisesta kalenterimyynniss\u00e4!<\/a><\/p>\n\n\n\n<h2 class=\"wp-block-heading\">Maksaminen laskulla<\/h2>\n\n\n\n<p>Jos myytte kalentereita esimerkiksi yritykselle, saattaa <strong>maksun hoitaminen laskulla<\/strong> olla luonteva tapa. N\u00e4in yritys saa kulun suoraan kirjanpitoonsa.<\/p>\n\n\n\n<p>Partion adventtikalenterimyynti on yleishy\u00f6dyllisen yhdistyksen <strong>verovapaata varainhankintaa, eik\u00e4 kalenterin hinta sis\u00e4ll\u00e4 arvonlis\u00e4veroa<\/strong>. Verosta voi kertoa esimerkiksi seuraavanlaisella tekstill\u00e4:<\/p>\n\n\n\n<p><em>Yhdistys ei ole arvonlis\u00e4verovelvollinen (AVL 4\u00a7). Kalenterin hinta ei sis\u00e4ll\u00e4 v\u00e4hennett\u00e4v\u00e4\u00e4 arvonlis\u00e4veroa.<\/em><\/p>\n\n\n\n<p>Varmistattehan, ett\u00e4 lasku on maksettuna ennen kalenterien luovutusta &#8211; etenkin jos ostaja ei ole teille ennest\u00e4\u00e4n tuttu.<\/p>\n","protected":false},"excerpt":{"rendered":"<p>Erilaiset maksutavat ja rahank\u00e4sittely Erilaisten maksutapojen tarjoaminen tekee kalenterin ostamisen<\/p>\n","protected":false},"author":10,"featured_media":0,"parent":226,"menu_order":0,"comment_status":"closed","ping_status":"closed","template":"","meta":{"_acf_changed":false,"_relevanssi_hide_post":"","_relevanssi_hide_content":"","_relevanssi_pin_for_all":"","_relevanssi_pin_keywords":"","_relevanssi_unpin_keywords":"","_relevanssi_related_keywords":"","_relevanssi_related_include_ids":"","_relevanssi_related_exclude_ids":"","_relevanssi_related_no_append":"","_relevanssi_related_not_related":"","_relevanssi_related_posts":"870,1486,1366,1230,417,1072","_relevanssi_noindex_reason":"","footnotes":""},"class_list":["post-251","page","type-page","status-publish","hentry"],"acf":[],"yoast_head":"<!-- This site is optimized with the Yoast SEO plugin v27.3 - https:\/\/yoast.com\/product\/yoast-seo-wordpress\/ -->\n<title>Maksutavat ja rahank\u00e4sittely - Ohjesivusto adventtikalenterin myyjille<\/title>\n<meta name=\"description\" content=\"Erilaiset maksutavat adventtikalenterin myynniss\u00e4.\" \/>\n<meta name=\"robots\" content=\"index, follow, max-snippet:-1, max-image-preview:large, max-video-preview:-1\" \/>\n<link rel=\"canonical\" href=\"https:\/\/www.adventtikalenteri.fi\/myyjille\/myynti\/maksutavat\/\" \/>\n<meta property=\"og:locale\" content=\"fi_FI\" \/>\n<meta property=\"og:type\" content=\"article\" \/>\n<meta property=\"og:title\" content=\"Maksutavat ja rahank\u00e4sittely - Ohjesivusto adventtikalenterin myyjille\" \/>\n<meta property=\"og:description\" content=\"Erilaiset maksutavat adventtikalenterin myynniss\u00e4.\" \/>\n<meta property=\"og:url\" content=\"https:\/\/www.adventtikalenteri.fi\/myyjille\/myynti\/maksutavat\/\" \/>\n<meta property=\"og:site_name\" content=\"Ohjesivusto adventtikalenterin myyjille\" \/>\n<meta property=\"article:modified_time\" content=\"2025-09-16T07:38:38+00:00\" \/>\n<meta property=\"og:image\" content=\"https:\/\/www.adventtikalenteri.fi\/myyjille\/wp-content\/uploads\/sites\/2\/2025\/08\/Adventtikalenteri25_NettaHautamaki_35.jpg\" \/>\n\t<meta property=\"og:image:width\" content=\"1500\" \/>\n\t<meta property=\"og:image:height\" content=\"1000\" \/>\n\t<meta property=\"og:image:type\" content=\"image\/jpeg\" \/>\n<meta name=\"twitter:card\" content=\"summary_large_image\" \/>\n<meta name=\"twitter:label1\" content=\"Arvioitu lukuaika\" \/>\n\t<meta name=\"twitter:data1\" content=\"3 minuuttia\" \/>\n<script type=\"application\/ld+json\" class=\"yoast-schema-graph\">{\"@context\":\"https:\\\/\\\/schema.org\",\"@graph\":[{\"@type\":\"WebPage\",\"@id\":\"https:\\\/\\\/www.adventtikalenteri.fi\\\/myyjille\\\/myynti\\\/maksutavat\\\/\",\"url\":\"https:\\\/\\\/www.adventtikalenteri.fi\\\/myyjille\\\/myynti\\\/maksutavat\\\/\",\"name\":\"Maksutavat ja rahank\u00e4sittely - Ohjesivusto adventtikalenterin myyjille\",\"isPartOf\":{\"@id\":\"https:\\\/\\\/www.adventtikalenteri.fi\\\/myyjille\\\/#website\"},\"datePublished\":\"2021-08-24T10:03:44+00:00\",\"dateModified\":\"2025-09-16T07:38:38+00:00\",\"description\":\"Erilaiset maksutavat adventtikalenterin myynniss\u00e4.\",\"breadcrumb\":{\"@id\":\"https:\\\/\\\/www.adventtikalenteri.fi\\\/myyjille\\\/myynti\\\/maksutavat\\\/#breadcrumb\"},\"inLanguage\":\"fi\",\"potentialAction\":[{\"@type\":\"ReadAction\",\"target\":[\"https:\\\/\\\/www.adventtikalenteri.fi\\\/myyjille\\\/myynti\\\/maksutavat\\\/\"]}]},{\"@type\":\"BreadcrumbList\",\"@id\":\"https:\\\/\\\/www.adventtikalenteri.fi\\\/myyjille\\\/myynti\\\/maksutavat\\\/#breadcrumb\",\"itemListElement\":[{\"@type\":\"ListItem\",\"position\":1,\"name\":\"Etusivu\",\"item\":\"https:\\\/\\\/www.adventtikalenteri.fi\\\/myyjille\\\/\"},{\"@type\":\"ListItem\",\"position\":2,\"name\":\"Myynti\",\"item\":\"https:\\\/\\\/www.adventtikalenteri.fi\\\/myyjille\\\/myynti\\\/\"},{\"@type\":\"ListItem\",\"position\":3,\"name\":\"Maksutavat ja rahank\u00e4sittely\"}]},{\"@type\":\"WebSite\",\"@id\":\"https:\\\/\\\/www.adventtikalenteri.fi\\\/myyjille\\\/#website\",\"url\":\"https:\\\/\\\/www.adventtikalenteri.fi\\\/myyjille\\\/\",\"name\":\"Ohjesivusto adventtikalenterin myyjille\",\"description\":\"\",\"potentialAction\":[{\"@type\":\"SearchAction\",\"target\":{\"@type\":\"EntryPoint\",\"urlTemplate\":\"https:\\\/\\\/www.adventtikalenteri.fi\\\/myyjille\\\/?s={search_term_string}\"},\"query-input\":{\"@type\":\"PropertyValueSpecification\",\"valueRequired\":true,\"valueName\":\"search_term_string\"}}],\"inLanguage\":\"fi\"}]}<\/script>\n<!-- \/ Yoast SEO plugin. -->","yoast_head_json":{"title":"Maksutavat ja rahank\u00e4sittely - Ohjesivusto adventtikalenterin myyjille","description":"Erilaiset maksutavat adventtikalenterin myynniss\u00e4.","robots":{"index":"index","follow":"follow","max-snippet":"max-snippet:-1","max-image-preview":"max-image-preview:large","max-video-preview":"max-video-preview:-1"},"canonical":"https:\/\/www.adventtikalenteri.fi\/myyjille\/myynti\/maksutavat\/","og_locale":"fi_FI","og_type":"article","og_title":"Maksutavat ja rahank\u00e4sittely - Ohjesivusto adventtikalenterin myyjille","og_description":"Erilaiset maksutavat adventtikalenterin myynniss\u00e4.","og_url":"https:\/\/www.adventtikalenteri.fi\/myyjille\/myynti\/maksutavat\/","og_site_name":"Ohjesivusto adventtikalenterin myyjille","article_modified_time":"2025-09-16T07:38:38+00:00","og_image":[{"width":1500,"height":1000,"url":"https:\/\/www.adventtikalenteri.fi\/myyjille\/wp-content\/uploads\/sites\/2\/2025\/08\/Adventtikalenteri25_NettaHautamaki_35.jpg","type":"image\/jpeg"}],"twitter_card":"summary_large_image","twitter_misc":{"Arvioitu lukuaika":"3 minuuttia"},"schema":{"@context":"https:\/\/schema.org","@graph":[{"@type":"WebPage","@id":"https:\/\/www.adventtikalenteri.fi\/myyjille\/myynti\/maksutavat\/","url":"https:\/\/www.adventtikalenteri.fi\/myyjille\/myynti\/maksutavat\/","name":"Maksutavat ja rahank\u00e4sittely - Ohjesivusto adventtikalenterin myyjille","isPartOf":{"@id":"https:\/\/www.adventtikalenteri.fi\/myyjille\/#website"},"datePublished":"2021-08-24T10:03:44+00:00","dateModified":"2025-09-16T07:38:38+00:00","description":"Erilaiset maksutavat adventtikalenterin myynniss\u00e4.","breadcrumb":{"@id":"https:\/\/www.adventtikalenteri.fi\/myyjille\/myynti\/maksutavat\/#breadcrumb"},"inLanguage":"fi","potentialAction":[{"@type":"ReadAction","target":["https:\/\/www.adventtikalenteri.fi\/myyjille\/myynti\/maksutavat\/"]}]},{"@type":"BreadcrumbList","@id":"https:\/\/www.adventtikalenteri.fi\/myyjille\/myynti\/maksutavat\/#breadcrumb","itemListElement":[{"@type":"ListItem","position":1,"name":"Etusivu","item":"https:\/\/www.adventtikalenteri.fi\/myyjille\/"},{"@type":"ListItem","position":2,"name":"Myynti","item":"https:\/\/www.adventtikalenteri.fi\/myyjille\/myynti\/"},{"@type":"ListItem","position":3,"name":"Maksutavat ja rahank\u00e4sittely"}]},{"@type":"WebSite","@id":"https:\/\/www.adventtikalenteri.fi\/myyjille\/#website","url":"https:\/\/www.adventtikalenteri.fi\/myyjille\/","name":"Ohjesivusto adventtikalenterin myyjille","description":"","potentialAction":[{"@type":"SearchAction","target":{"@type":"EntryPoint","urlTemplate":"https:\/\/www.adventtikalenteri.fi\/myyjille\/?s={search_term_string}"},"query-input":{"@type":"PropertyValueSpecification","valueRequired":true,"valueName":"search_term_string"}}],"inLanguage":"fi"}]}},"_links":{"self":[{"href":"https:\/\/www.adventtikalenteri.fi\/myyjille\/wp-json\/wp\/v2\/pages\/251","targetHints":{"allow":["GET"]}}],"collection":[{"href":"https:\/\/www.adventtikalenteri.fi\/myyjille\/wp-json\/wp\/v2\/pages"}],"about":[{"href":"https:\/\/www.adventtikalenteri.fi\/myyjille\/wp-json\/wp\/v2\/types\/page"}],"author":[{"embeddable":true,"href":"https:\/\/www.adventtikalenteri.fi\/myyjille\/wp-json\/wp\/v2\/users\/10"}],"replies":[{"embeddable":true,"href":"https:\/\/www.adventtikalenteri.fi\/myyjille\/wp-json\/wp\/v2\/comments?post=251"}],"version-history":[{"count":15,"href":"https:\/\/www.adventtikalenteri.fi\/myyjille\/wp-json\/wp\/v2\/pages\/251\/revisions"}],"predecessor-version":[{"id":3871,"href":"https:\/\/www.adventtikalenteri.fi\/myyjille\/wp-json\/wp\/v2\/pages\/251\/revisions\/3871"}],"up":[{"embeddable":true,"href":"https:\/\/www.adventtikalenteri.fi\/myyjille\/wp-json\/wp\/v2\/pages\/226"}],"wp:attachment":[{"href":"https:\/\/www.adventtikalenteri.fi\/myyjille\/wp-json\/wp\/v2\/media?parent=251"}],"curies":[{"name":"wp","href":"https:\/\/api.w.org\/{rel}","templated":true}]}}