{"id":253,"date":"2024-04-29T12:00:00","date_gmt":"2024-04-29T09:00:00","guid":{"rendered":"https:\/\/www.adventtikalenteri.fi\/myyjille\/?page_id=253"},"modified":"2025-10-30T18:25:22","modified_gmt":"2025-10-30T16:25:22","slug":"myyntitempaukset","status":"publish","type":"page","link":"https:\/\/www.adventtikalenteri.fi\/myyjille\/myynti\/myyntitempaukset\/","title":{"rendered":"Myyntitempaukset"},"content":{"rendered":"\n<h1 class=\"wp-block-heading\">Myyntitempaus tuo kalenterit ostajien luo!<\/h1>\n\n\n\n<p class=\"is-style-lead\">Yleisimpi\u00e4 paikkoja myymiseen ovat kaupat ja kauppakeskukset, erilaiset tapahtumat kuten vaikkapa joulumyyj\u00e4iset, yritykset, koulut ja perinteinen ovelta ovelle -myynti. Ota luovuus k\u00e4ytt\u00f6\u00f6n myyntipaikkojen keksimiseen! T\u00e4lt\u00e4 sivulta l\u00f6yd\u00e4t vinkit yleisimpiin myyntipaikkoihin.<\/p>\n\n\n\n<p><span class=\"TextRun SCXW58497264 BCX0\" lang=\"FI-FI\" xml:lang=\"FI-FI\" data-contrast=\"none\"><span class=\"NormalTextRun SCXW58497264 BCX0\" data-ccp-charstyle=\"normaltextrun\" data-ccp-charstyle-defn=\"{&quot;ObjectId&quot;:&quot;2cabcdc6-38d6-4281-b1d8-92c9f714021a|6&quot;,&quot;ClassId&quot;:1073872969,&quot;Properties&quot;:[469775450,&quot;normaltextrun&quot;,201340122,&quot;1&quot;,134233614,&quot;true&quot;,469778129,&quot;normaltextrun&quot;,335572020,&quot;1&quot;,469778324,&quot;Default Paragraph Font&quot;]}\">Paikallisessa kalenterimyynniss\u00e4 kannattaa panostaa erityisesti j\u00e4rjest\u00e4m\u00e4\u00e4n myyntitapahtumia <strong>myyntitempausviikolla\u202f<span class=\"EOP SCXW58497264 BCX0\" data-ccp-props=\"{&quot;134233117&quot;:false,&quot;134233118&quot;:false,&quot;201341983&quot;:0,&quot;335559738&quot;:0,&quot;335559739&quot;:0,&quot;335559740&quot;:240}\">\u00a0<\/span>10.-16.11.<\/strong>!<\/span><\/span> Silloin kalenterimyyjien eri puolilla Suomea kannattaa n\u00e4ky\u00e4 katukuvassa, sill\u00e4 Suomen Partiolaiset kannustavat asiakkaita ostoksille ohjaamalla verkkomainonnasta <a href=\"https:\/\/www.adventtikalenteri.fi\/myyntipaikat\/\">valtakunnalliselle myyntipaikkalistaus-sivulle<\/a>. Saadaksenne t\u00e4yden hy\u00f6dyn irti maksetusta mainonnasta, kannattaa siis ehdottomasti ilmoittaa lippukuntanne myyntipaikat Kuksassa!<\/p>\n\n\n\n<h2 class=\"wp-block-heading\">Muista myyntiluvat<\/h2>\n\n\n\n<p>Kun olette keksineet hyvi\u00e4 myyntipaikkoja, muistakaa <strong>pyyt\u00e4\u00e4 myyntiluvat etuk\u00e4teen<\/strong>. T\u00e4h\u00e4n on valmis kirjepohja <a href=\"https:\/\/partio.contenthub.fi\/ui\/shares\/f27238\/7TpXDBGnP7\/fi\/\">materiaalipankissa<\/a>. Muistathan lupaa kysyess\u00e4si sopia my\u00f6s myyntiajat ja -paikat.<\/p>\n\n\n\n<p>Psst. Suomessa on miljoona entist\u00e4 ja nykyist\u00e4 partiolaista. On siis hyvin todenn\u00e4k\u00f6ist\u00e4, ett\u00e4 henkil\u00f6, jolta pyyd\u00e4t myyntilupaa, on joko entinen partiolainen tai tuntee sellaisia. T\u00e4m\u00e4 kannattaa muistaa, jos yhteydenotto eri tahoihin hermostuttaa. Vastaanotto on mit\u00e4 luultavimmin hyvin positiivinen!<\/p>\n\n\n\n<h2 class=\"wp-block-heading\">Ilmoita myyntipaikat<\/h2>\n\n\n\n<ul class=\"wp-block-list\">\n<li>Muistakaa <strong>ilmoittaa myyntipaikat<\/strong> adventtikalenterin nettisivujen myyntipaikkalistaukseen Kuksassa! Katso ohjeet <a href=\"https:\/\/www.adventtikalenteri.fi\/myyjille\/kampanjan-hallinta\/kampanjan-kaynnistaminen\/myyntipaikan-ilmoittaminen\/\">myyntipaikan lis\u00e4\u00e4miseen<\/a>.<\/li>\n\n\n\n<li>Panosta myyntitempausten markkinointiin. <a href=\"https:\/\/www.adventtikalenteri.fi\/myyjille\/markkinointi-ja-viestinta\/\">Kurkkaa parhaat markkinointivinkit!<\/a><\/li>\n<\/ul>\n\n\n\n<h2 class=\"wp-block-heading\">Erilaiset paikat adventtikalenterin myymiseen<\/h2>\n\n\n\n<h3 class=\"wp-block-heading\">Kauppojen aulat ja edustat<\/h3>\n\n\n\n<p>Ruokakauppojen edustat ja aulatilat ovat hyvi\u00e4 paikkoja kalenterin myyntiin! Kaupoilla tavoitatte runsaasti ihmisi\u00e4 luontevassa tilanteessa.<\/p>\n\n\n\n<p>Kun menette myym\u00e4\u00e4n kalenteria kauppoihin tai kauppakeskuksiin, on t\u00e4rke\u00e4\u00e4 pyyt\u00e4\u00e4 lupa etuk\u00e4teen ja sopia k\u00e4yt\u00e4nn\u00f6n asioista kauppiaan tai myym\u00e4l\u00e4vastaavan kanssa. Suomen Partiolaiset on sopinut yleiset toimintas\u00e4\u00e4nn\u00f6t eri kauppaketjujen kanssa. <a href=\"https:\/\/www.adventtikalenteri.fi\/myyjille\/myynti-kauppojen-edustalla\/\">Lue lis\u00e4\u00e4 myynnist\u00e4 kauppojen edustoilla!<\/a><\/p>\n\n\n\n<h3 class=\"wp-block-heading\">Tapahtumat<\/h3>\n\n\n\n<p>Joulumielell\u00e4 olevia ihmisi\u00e4 on paljon liikkeell\u00e4 erilaisissa joulutapahtumissa, kuten joulukadun avajaisissa, markkinoilla ja myyj\u00e4isiss\u00e4. Ne soveltuvat hyvin my\u00f6s adventtikalenterin myyntipaikoiksi.<\/p>\n\n\n\n<p><strong>Jos myyntipaikka tapahtumassa on maksullinen<\/strong>, kannattaa aina ottaa j\u00e4rjest\u00e4v\u00e4\u00e4n tahoon yhteytt\u00e4 ja kysy\u00e4, tahtoisivatko he tukea partiotoimintaa esimerkiksi antamalla myyntipaikasta alennusta tai tarjoamalla sellaisen k\u00e4ytt\u00f6\u00f6nne ilmaiseksi.<\/p>\n\n\n\n<p>Mik\u00e4li alueellanne on useampia lippukuntia, voitte mietti\u00e4 my\u00f6s <strong>myyntipaikan vuokraamista yhdess\u00e4<\/strong>, jolloin kulut pienentyv\u00e4t. J\u00e4rjest\u00e4jiin kannattaa olla yhteydess\u00e4 hyviss\u00e4 ajoin ennen myyj\u00e4isi\u00e4, joten kartoittakaa mahdollisimman aikaisin mink\u00e4laisia joulutapahtumia alueellanne on ja mitk\u00e4 olisivat teid\u00e4n kannaltanne parhaita kalentereiden myymiseen. Mallikirjeen myyntipaikan kysymiseen l\u00f6yd\u00e4t <a href=\"https:\/\/partio.contenthub.fi\/ui\/shares\/f27238\/7TpXDBGnP7\/fi\/\" target=\"_blank\" rel=\"noreferrer noopener\">materiaalipankista<\/a>.<\/p>\n\n\n\n<h3 class=\"wp-block-heading\">Yritykset<\/h3>\n\n\n\n<p>Mik\u00e4li menette myym\u00e4\u00e4n kalenteria jonkin yrityksen henkil\u00f6kunnalle, on t\u00e4rke\u00e4\u00e4 <strong>sopia myynnist\u00e4 aina etuk\u00e4teen<\/strong> joko yrityksen johdon tai kiinteist\u00f6n haltijan kanssa. P\u00e4\u00e4sisik\u00f6 esimerkiksi vanhempiesi tai omalle ty\u00f6paikalle jonain p\u00e4iv\u00e4n\u00e4 myym\u00e4\u00e4n kalentereita? Hyv\u00e4 myyntipaikka voi olla esimerkiksi <strong>ty\u00f6paikan lounasruokalan l\u00e4helle asetettu p\u00f6yt\u00e4<\/strong>.<\/p>\n\n\n\n<p>Monilla paikkakunnilla on rakennuksia, joissa sijaitsee useamman yrityksen toimitiloja. Mik\u00e4li teid\u00e4n on mahdollista olla paikalla virka-aikaan, kannattaa olla yhteyksiss\u00e4 n\u00e4it\u00e4 toimitilarakennuksia omistaviin kiinteist\u00f6yhti\u00f6ihin. P\u00e4iv\u00e4n aikana t\u00e4llaisen rakennuksen aulan l\u00e4pi kulkee merkitt\u00e4v\u00e4 m\u00e4\u00e4r\u00e4 ihmisi\u00e4. Kurkkaa my\u00f6s<a href=\"https:\/\/www.adventtikalenteri.fi\/myyjille\/myynti\/yritysmyynti\/\"> tarkemmat ohjeet yritysmyyntiin<\/a> ja hy\u00f6dynn\u00e4 valmiit materiaalit.<\/p>\n\n\n\n<h3 class=\"wp-block-heading\">Koulut<\/h3>\n\n\n\n<p>Tarjotkaa <strong>lippukunnan j\u00e4senten koulujen henkil\u00f6kunnille<\/strong> mahdollisuutta ostaa adventtikalenteri. Voitte esimerkiksi kysy\u00e4, saisitteko laittaa tilauslistan kiert\u00e4m\u00e4\u00e4n opettajanhuoneeseen ja toimittaa kalenterit koululle sovittuna ajankohtana. My\u00f6s t\u00e4m\u00e4n kanssa kannattaa olla yhteydess\u00e4 opettajiin jo aikaisessa vaiheessa, viimeist\u00e4\u00e4n marraskuun alussa.<\/p>\n\n\n\n<h3 class=\"wp-block-heading\">Ovelta ovelle<\/h3>\n\n\n\n<p>Ovelta ovelle -myynti saattaa olla hyvinkin tuloksellista. Jokaiselle myyntiryhm\u00e4lle kannattaa suunnitella myyntireitti etuk\u00e4teen. Alusta l\u00e4htien on my\u00f6s hyv\u00e4 huomioida <strong>muut alueella toimivat lippukunnat ja jakaa myyntialue heid\u00e4nkin kanssaan<\/strong>.<\/p>\n\n\n\n<p>Myyntialueita suunnitellessa kannattaa huomioida, ett\u00e4 kerrostaloihin voi lukittujen alaovien takia olla haastavaa p\u00e4\u00e4st\u00e4 sis\u00e4\u00e4n. Myynti toimiikin erityisen hyvin alueella, jolla on paljon omakoti- ja rivitaloja.<\/p>\n\n\n\n<p>Muista markkinoida my\u00f6s ovelta ovelle -myynti\u00e4! Jos esimerkiksi hy\u00f6dynn\u00e4tte viikkokokousta myyntiaikana, voit my\u00f6s laittaa etuk\u00e4teen paikkakuntien ja asuinalueiden fb-ryhmiin tiedon, ett\u00e4 olette tiettyin\u00e4 p\u00e4iv\u00e4n\u00e4 kiert\u00e4m\u00e4ss\u00e4 alueella myym\u00e4ss\u00e4 ovelta ovelle.<\/p>\n\n\n\n<p>Ovelta ovelle -myynniss\u00e4 tulee ennen kaikkea muistaa <strong>turvallisuus<\/strong>. <a href=\"https:\/\/www.adventtikalenteri.fi\/myyjille\/myynti\/turvallinen-myynti\/\">Lue ohjeet turvalliseen myyntiin.<\/a><\/p>\n","protected":false},"excerpt":{"rendered":"<p>Myyntitempaus tuo kalenterit ostajien luo! Yleisimpi\u00e4 paikkoja myymiseen ovat kaupat<\/p>\n","protected":false},"author":10,"featured_media":3849,"parent":226,"menu_order":0,"comment_status":"closed","ping_status":"closed","template":"","meta":{"_acf_changed":false,"_relevanssi_hide_post":"","_relevanssi_hide_content":"","_relevanssi_pin_for_all":"","_relevanssi_pin_keywords":"","_relevanssi_unpin_keywords":"","_relevanssi_related_keywords":"","_relevanssi_related_include_ids":"","_relevanssi_related_exclude_ids":"","_relevanssi_related_no_append":"","_relevanssi_related_not_related":"","_relevanssi_related_posts":"1072,1946,1999,417,870,1979","_relevanssi_noindex_reason":"","footnotes":""},"class_list":["post-253","page","type-page","status-publish","has-post-thumbnail","hentry"],"acf":[],"yoast_head":"<!-- This site is optimized with the Yoast SEO plugin v27.3 - https:\/\/yoast.com\/product\/yoast-seo-wordpress\/ -->\n<title>Myyntitempaukset - Ohjesivusto adventtikalenterin myyjille<\/title>\n<meta name=\"description\" content=\"Ohjeita partiolaisten adventtikalenterin myyntitempauksen j\u00e4rjest\u00e4miseen lippukunnille l\u00f6yd\u00e4t t\u00e4\u00e4lt\u00e4. Muista my\u00f6s myyntipaikkahaun k\u00e4ytt\u00f6.\" \/>\n<meta name=\"robots\" content=\"index, follow, max-snippet:-1, max-image-preview:large, max-video-preview:-1\" \/>\n<link rel=\"canonical\" href=\"https:\/\/www.adventtikalenteri.fi\/myyjille\/myynti\/myyntitempaukset\/\" \/>\n<meta property=\"og:locale\" content=\"fi_FI\" \/>\n<meta property=\"og:type\" content=\"article\" \/>\n<meta property=\"og:title\" content=\"Myyntitempaukset - Ohjesivusto adventtikalenterin myyjille\" \/>\n<meta property=\"og:description\" content=\"Ohjeita partiolaisten adventtikalenterin myyntitempauksen j\u00e4rjest\u00e4miseen lippukunnille l\u00f6yd\u00e4t t\u00e4\u00e4lt\u00e4. Muista my\u00f6s myyntipaikkahaun k\u00e4ytt\u00f6.\" \/>\n<meta property=\"og:url\" content=\"https:\/\/www.adventtikalenteri.fi\/myyjille\/myynti\/myyntitempaukset\/\" \/>\n<meta property=\"og:site_name\" content=\"Ohjesivusto adventtikalenterin myyjille\" \/>\n<meta property=\"article:modified_time\" content=\"2025-10-30T16:25:22+00:00\" \/>\n<meta property=\"og:image\" content=\"https:\/\/www.adventtikalenteri.fi\/myyjille\/wp-content\/uploads\/sites\/2\/2025\/09\/Adventtikalenteri25_NettaHautamaki_55-scaled.jpg\" \/>\n\t<meta property=\"og:image:width\" content=\"2560\" \/>\n\t<meta property=\"og:image:height\" content=\"1707\" \/>\n\t<meta property=\"og:image:type\" content=\"image\/jpeg\" \/>\n<meta name=\"twitter:card\" content=\"summary_large_image\" \/>\n<meta name=\"twitter:label1\" content=\"Arvioitu lukuaika\" \/>\n\t<meta name=\"twitter:data1\" content=\"5 minuuttia\" \/>\n<script type=\"application\/ld+json\" class=\"yoast-schema-graph\">{\"@context\":\"https:\\\/\\\/schema.org\",\"@graph\":[{\"@type\":\"WebPage\",\"@id\":\"https:\\\/\\\/www.adventtikalenteri.fi\\\/myyjille\\\/myynti\\\/myyntitempaukset\\\/\",\"url\":\"https:\\\/\\\/www.adventtikalenteri.fi\\\/myyjille\\\/myynti\\\/myyntitempaukset\\\/\",\"name\":\"Myyntitempaukset - Ohjesivusto adventtikalenterin myyjille\",\"isPartOf\":{\"@id\":\"https:\\\/\\\/www.adventtikalenteri.fi\\\/myyjille\\\/#website\"},\"primaryImageOfPage\":{\"@id\":\"https:\\\/\\\/www.adventtikalenteri.fi\\\/myyjille\\\/myynti\\\/myyntitempaukset\\\/#primaryimage\"},\"image\":{\"@id\":\"https:\\\/\\\/www.adventtikalenteri.fi\\\/myyjille\\\/myynti\\\/myyntitempaukset\\\/#primaryimage\"},\"thumbnailUrl\":\"https:\\\/\\\/www.adventtikalenteri.fi\\\/myyjille\\\/wp-content\\\/uploads\\\/sites\\\/2\\\/2025\\\/09\\\/Adventtikalenteri25_NettaHautamaki_55-scaled.jpg\",\"datePublished\":\"2024-04-29T09:00:00+00:00\",\"dateModified\":\"2025-10-30T16:25:22+00:00\",\"description\":\"Ohjeita partiolaisten adventtikalenterin myyntitempauksen j\u00e4rjest\u00e4miseen lippukunnille l\u00f6yd\u00e4t t\u00e4\u00e4lt\u00e4. Muista my\u00f6s myyntipaikkahaun k\u00e4ytt\u00f6.\",\"breadcrumb\":{\"@id\":\"https:\\\/\\\/www.adventtikalenteri.fi\\\/myyjille\\\/myynti\\\/myyntitempaukset\\\/#breadcrumb\"},\"inLanguage\":\"fi\",\"potentialAction\":[{\"@type\":\"ReadAction\",\"target\":[\"https:\\\/\\\/www.adventtikalenteri.fi\\\/myyjille\\\/myynti\\\/myyntitempaukset\\\/\"]}]},{\"@type\":\"ImageObject\",\"inLanguage\":\"fi\",\"@id\":\"https:\\\/\\\/www.adventtikalenteri.fi\\\/myyjille\\\/myynti\\\/myyntitempaukset\\\/#primaryimage\",\"url\":\"https:\\\/\\\/www.adventtikalenteri.fi\\\/myyjille\\\/wp-content\\\/uploads\\\/sites\\\/2\\\/2025\\\/09\\\/Adventtikalenteri25_NettaHautamaki_55-scaled.jpg\",\"contentUrl\":\"https:\\\/\\\/www.adventtikalenteri.fi\\\/myyjille\\\/wp-content\\\/uploads\\\/sites\\\/2\\\/2025\\\/09\\\/Adventtikalenteri25_NettaHautamaki_55-scaled.jpg\",\"width\":2560,\"height\":1707},{\"@type\":\"BreadcrumbList\",\"@id\":\"https:\\\/\\\/www.adventtikalenteri.fi\\\/myyjille\\\/myynti\\\/myyntitempaukset\\\/#breadcrumb\",\"itemListElement\":[{\"@type\":\"ListItem\",\"position\":1,\"name\":\"Etusivu\",\"item\":\"https:\\\/\\\/www.adventtikalenteri.fi\\\/myyjille\\\/\"},{\"@type\":\"ListItem\",\"position\":2,\"name\":\"Myynti\",\"item\":\"https:\\\/\\\/www.adventtikalenteri.fi\\\/myyjille\\\/myynti\\\/\"},{\"@type\":\"ListItem\",\"position\":3,\"name\":\"Myyntitempaukset\"}]},{\"@type\":\"WebSite\",\"@id\":\"https:\\\/\\\/www.adventtikalenteri.fi\\\/myyjille\\\/#website\",\"url\":\"https:\\\/\\\/www.adventtikalenteri.fi\\\/myyjille\\\/\",\"name\":\"Ohjesivusto adventtikalenterin myyjille\",\"description\":\"\",\"potentialAction\":[{\"@type\":\"SearchAction\",\"target\":{\"@type\":\"EntryPoint\",\"urlTemplate\":\"https:\\\/\\\/www.adventtikalenteri.fi\\\/myyjille\\\/?s={search_term_string}\"},\"query-input\":{\"@type\":\"PropertyValueSpecification\",\"valueRequired\":true,\"valueName\":\"search_term_string\"}}],\"inLanguage\":\"fi\"}]}<\/script>\n<!-- \/ Yoast SEO plugin. -->","yoast_head_json":{"title":"Myyntitempaukset - Ohjesivusto adventtikalenterin myyjille","description":"Ohjeita partiolaisten adventtikalenterin myyntitempauksen j\u00e4rjest\u00e4miseen lippukunnille l\u00f6yd\u00e4t t\u00e4\u00e4lt\u00e4. Muista my\u00f6s myyntipaikkahaun k\u00e4ytt\u00f6.","robots":{"index":"index","follow":"follow","max-snippet":"max-snippet:-1","max-image-preview":"max-image-preview:large","max-video-preview":"max-video-preview:-1"},"canonical":"https:\/\/www.adventtikalenteri.fi\/myyjille\/myynti\/myyntitempaukset\/","og_locale":"fi_FI","og_type":"article","og_title":"Myyntitempaukset - Ohjesivusto adventtikalenterin myyjille","og_description":"Ohjeita partiolaisten adventtikalenterin myyntitempauksen j\u00e4rjest\u00e4miseen lippukunnille l\u00f6yd\u00e4t t\u00e4\u00e4lt\u00e4. Muista my\u00f6s myyntipaikkahaun k\u00e4ytt\u00f6.","og_url":"https:\/\/www.adventtikalenteri.fi\/myyjille\/myynti\/myyntitempaukset\/","og_site_name":"Ohjesivusto adventtikalenterin myyjille","article_modified_time":"2025-10-30T16:25:22+00:00","og_image":[{"width":2560,"height":1707,"url":"https:\/\/www.adventtikalenteri.fi\/myyjille\/wp-content\/uploads\/sites\/2\/2025\/09\/Adventtikalenteri25_NettaHautamaki_55-scaled.jpg","type":"image\/jpeg"}],"twitter_card":"summary_large_image","twitter_misc":{"Arvioitu lukuaika":"5 minuuttia"},"schema":{"@context":"https:\/\/schema.org","@graph":[{"@type":"WebPage","@id":"https:\/\/www.adventtikalenteri.fi\/myyjille\/myynti\/myyntitempaukset\/","url":"https:\/\/www.adventtikalenteri.fi\/myyjille\/myynti\/myyntitempaukset\/","name":"Myyntitempaukset - Ohjesivusto adventtikalenterin myyjille","isPartOf":{"@id":"https:\/\/www.adventtikalenteri.fi\/myyjille\/#website"},"primaryImageOfPage":{"@id":"https:\/\/www.adventtikalenteri.fi\/myyjille\/myynti\/myyntitempaukset\/#primaryimage"},"image":{"@id":"https:\/\/www.adventtikalenteri.fi\/myyjille\/myynti\/myyntitempaukset\/#primaryimage"},"thumbnailUrl":"https:\/\/www.adventtikalenteri.fi\/myyjille\/wp-content\/uploads\/sites\/2\/2025\/09\/Adventtikalenteri25_NettaHautamaki_55-scaled.jpg","datePublished":"2024-04-29T09:00:00+00:00","dateModified":"2025-10-30T16:25:22+00:00","description":"Ohjeita partiolaisten adventtikalenterin myyntitempauksen j\u00e4rjest\u00e4miseen lippukunnille l\u00f6yd\u00e4t t\u00e4\u00e4lt\u00e4. Muista my\u00f6s myyntipaikkahaun k\u00e4ytt\u00f6.","breadcrumb":{"@id":"https:\/\/www.adventtikalenteri.fi\/myyjille\/myynti\/myyntitempaukset\/#breadcrumb"},"inLanguage":"fi","potentialAction":[{"@type":"ReadAction","target":["https:\/\/www.adventtikalenteri.fi\/myyjille\/myynti\/myyntitempaukset\/"]}]},{"@type":"ImageObject","inLanguage":"fi","@id":"https:\/\/www.adventtikalenteri.fi\/myyjille\/myynti\/myyntitempaukset\/#primaryimage","url":"https:\/\/www.adventtikalenteri.fi\/myyjille\/wp-content\/uploads\/sites\/2\/2025\/09\/Adventtikalenteri25_NettaHautamaki_55-scaled.jpg","contentUrl":"https:\/\/www.adventtikalenteri.fi\/myyjille\/wp-content\/uploads\/sites\/2\/2025\/09\/Adventtikalenteri25_NettaHautamaki_55-scaled.jpg","width":2560,"height":1707},{"@type":"BreadcrumbList","@id":"https:\/\/www.adventtikalenteri.fi\/myyjille\/myynti\/myyntitempaukset\/#breadcrumb","itemListElement":[{"@type":"ListItem","position":1,"name":"Etusivu","item":"https:\/\/www.adventtikalenteri.fi\/myyjille\/"},{"@type":"ListItem","position":2,"name":"Myynti","item":"https:\/\/www.adventtikalenteri.fi\/myyjille\/myynti\/"},{"@type":"ListItem","position":3,"name":"Myyntitempaukset"}]},{"@type":"WebSite","@id":"https:\/\/www.adventtikalenteri.fi\/myyjille\/#website","url":"https:\/\/www.adventtikalenteri.fi\/myyjille\/","name":"Ohjesivusto adventtikalenterin myyjille","description":"","potentialAction":[{"@type":"SearchAction","target":{"@type":"EntryPoint","urlTemplate":"https:\/\/www.adventtikalenteri.fi\/myyjille\/?s={search_term_string}"},"query-input":{"@type":"PropertyValueSpecification","valueRequired":true,"valueName":"search_term_string"}}],"inLanguage":"fi"}]}},"_links":{"self":[{"href":"https:\/\/www.adventtikalenteri.fi\/myyjille\/wp-json\/wp\/v2\/pages\/253","targetHints":{"allow":["GET"]}}],"collection":[{"href":"https:\/\/www.adventtikalenteri.fi\/myyjille\/wp-json\/wp\/v2\/pages"}],"about":[{"href":"https:\/\/www.adventtikalenteri.fi\/myyjille\/wp-json\/wp\/v2\/types\/page"}],"author":[{"embeddable":true,"href":"https:\/\/www.adventtikalenteri.fi\/myyjille\/wp-json\/wp\/v2\/users\/10"}],"replies":[{"embeddable":true,"href":"https:\/\/www.adventtikalenteri.fi\/myyjille\/wp-json\/wp\/v2\/comments?post=253"}],"version-history":[{"count":14,"href":"https:\/\/www.adventtikalenteri.fi\/myyjille\/wp-json\/wp\/v2\/pages\/253\/revisions"}],"predecessor-version":[{"id":3930,"href":"https:\/\/www.adventtikalenteri.fi\/myyjille\/wp-json\/wp\/v2\/pages\/253\/revisions\/3930"}],"up":[{"embeddable":true,"href":"https:\/\/www.adventtikalenteri.fi\/myyjille\/wp-json\/wp\/v2\/pages\/226"}],"wp:featuredmedia":[{"embeddable":true,"href":"https:\/\/www.adventtikalenteri.fi\/myyjille\/wp-json\/wp\/v2\/media\/3849"}],"wp:attachment":[{"href":"https:\/\/www.adventtikalenteri.fi\/myyjille\/wp-json\/wp\/v2\/media?parent=253"}],"curies":[{"name":"wp","href":"https:\/\/api.w.org\/{rel}","templated":true}]}}