{"id":269,"date":"2021-08-24T13:33:28","date_gmt":"2021-08-24T10:33:28","guid":{"rendered":"https:\/\/www.adventtikalenteri.fi\/myyjille\/?page_id=269"},"modified":"2024-10-08T09:16:00","modified_gmt":"2024-10-08T06:16:00","slug":"myyntitempausta-ennen-ja-sen-aikana","status":"publish","type":"page","link":"https:\/\/www.adventtikalenteri.fi\/myyjille\/myynti\/myyntitempaukset\/myyntitempausta-ennen-ja-sen-aikana\/","title":{"rendered":"Myyntitempausta ennen ja sen aikana"},"content":{"rendered":"<h1>Mit\u00e4 tehd\u00e4 ennen myyntitempausta ja sen aikana?<\/h1>\n<p class=\"lead\">Menittep\u00e4 myym\u00e4\u00e4n kalentereita myyj\u00e4isiin, vanhempien ty\u00f6paikalle tai kauppakeskukseen, on hyv\u00e4 k\u00e4yd\u00e4 l\u00e4pi seuraavat k\u00e4yt\u00e4nn\u00f6n asiat hyviss\u00e4 ajoin ennen myynti\u00e4.<\/p>\n<h3>Ennen kuin menette myyntipaikalle<\/h3>\n<ul>\n<li><a href=\"https:\/\/www.adventtikalenteri.fi\/myyjille\/myynti\/myynnin-harjoittelu\/\">Harjoitelkaa myynti\u00e4<\/a> etuk\u00e4teen.<\/li>\n<li><a href=\"https:\/\/www.adventtikalenteri.fi\/myyjille\/kampanjan-hallinta\/kampanjan-kaynnistaminen\/myyntipaikan-ilmoittaminen\/\">Lis\u00e4tk\u00e4\u00e4 myyntipaikkanne<\/a> Kuksan kautta adventtikalenterin nettisivuille myyntipaikkahakuun.<\/li>\n<li><a href=\"https:\/\/www.adventtikalenteri.fi\/myyjille\/markkinointi-ja-viestinta\/\">Markkinoikaa<\/a> myyntitempaustanne.<\/li>\n<li>Varmistakaa, ett\u00e4 myyt\u00e4vi\u00e4 kalentereita on tarpeeksi. Tehk\u00e4\u00e4 tarvittaessa ajoissa <a href=\"https:\/\/www.adventtikalenteri.fi\/myyjille\/kampanjan-hallinta\/kampanjan-aikana\/nain-tilaat-lisaa-kalentereita-lippukunnalle\/\">lis\u00e4tilaus<\/a>.<\/li>\n<li>Miettik\u00e4\u00e4 k\u00e4yt\u00f6ss\u00e4 olevat <a href=\"https:\/\/www.adventtikalenteri.fi\/myyjille\/myynti\/maksutavat\/\">maksutavat<\/a>. Varatkaa mukaan korttimaksup\u00e4\u00e4te, aktivoikaa MobilePay-tili ja varatkaa vaihtorahaa.<\/li>\n<li>Pyyt\u00e4k\u00e4\u00e4 tarvittaessa lupa myyntiin. <a href=\"https:\/\/www.adventtikalenteri.fi\/myyjille\/myynti\/myyntitempaukset\/\">Katso lis\u00e4ohjeita erilaisiin myyntipaikkoihin!<\/a><\/li>\n<\/ul>\n<h3>K\u00e4yt\u00e4nn\u00f6n asiat myyntipaikalla<\/h3>\n<ul>\n<li>Varatkaa mukaan tarpeeksi kalentereita.<\/li>\n<li>Jos menette myym\u00e4\u00e4n useammaksi tunniksi kalentereita esimerkiksi myyj\u00e4isiin, kannattaa sopia myyntivuorot ja tauot etuk\u00e4teen.<\/li>\n<li>Jos myyntipaikkanne on ulkona, ohjeistakaa myyji\u00e4 pukeutumaan tarpeeksi l\u00e4mpim\u00e4sti.<\/li>\n<li>Partiohuivi mukaan! Myyj\u00e4n kaulassa oleva partiohuivi kertoo ostajalle heti, mink\u00e4 j\u00e4rjest\u00f6n asialla ollaan liikkeell\u00e4. Mik\u00e4li lippukunnallanne on omaleimaisia asusteita, my\u00f6s ne sopivat myyntitilanteeseen hyvin.<\/li>\n<li>Huolehtikaa huollosta. Sopikaa etuk\u00e4teen, kuka huolehtii ev\u00e4\u00e4t myyntipaikalle. Selvitt\u00e4k\u00e4\u00e4, miss\u00e4 voi k\u00e4yd\u00e4 vessassa. Kuinka saatte kalenterit ja muut tavarat myyntipaikalle ja sielt\u00e4 pois?<\/li>\n<li>HUOM! Huomioikaa <a href=\"https:\/\/www.adventtikalenteri.fi\/myyjille\/myynti\/turvallinen-myynti\/\">turvallisuus<\/a>. Nuoria partiolaisia ei saa koskaan j\u00e4tt\u00e4\u00e4 kesken\u00e4\u00e4n hoitamaan myynti\u00e4 turvallisuusriskin takia. Paikalla tulee aina olla joko johtaja tai partiolaisen vanhempi.<\/li>\n<\/ul>\n<h3>Myyntipaikan suunnittelu<\/h3>\n<ul>\n<li>Huolehtikaa, ett\u00e4 teill\u00e4 on myyntipaikalle <a href=\"https:\/\/www.adventtikalenteri.fi\/myyjille\/markkinointi-ja-viestinta\/valmiit-markkinointimateriaalit\/\">markkinointimateriaalia<\/a>. Julisteita ja muuta rekvisiittaa, kuten piirilt\u00e4 lainattavaa adventtikalenteribanderollia, kannattaa ilman muuta hy\u00f6dynt\u00e4\u00e4.<\/li>\n<li>Pyyt\u00e4k\u00e4\u00e4 piiritoimistosta rohkeasti lainaan my\u00f6s muuta kalenterikampanjan markkinointimateriaalia. N\u00e4in jokainen ohikulkija tunnistaa myyntipaikan jo ensimm\u00e4isell\u00e4 silm\u00e4yksell\u00e4.<\/li>\n<li>Jos mahdollista, miettik\u00e4\u00e4 myyntipaikalle jotain rekvisiittaa: p\u00f6yt\u00e4kuusi, havukransseja tai muuta jouluaiheista. Saisiko myyntipaikalle rakennettua pienen leirin?<\/li>\n<\/ul>\n<h3>Ennen kuin l\u00e4hdette kotiin<\/h3>\n<p>Muistakaa j\u00e4lkien siivous. J\u00e4tt\u00e4k\u00e4\u00e4 myyntipaikka siistiin kuntoon, niin p\u00e4\u00e4sette paikalle my\u00f6s ensi vuonna.<\/p>\n","protected":false},"excerpt":{"rendered":"<p>Mit\u00e4 tehd\u00e4 ennen myyntitempausta ja sen aikana? Menittep\u00e4 myym\u00e4\u00e4n kalentereita<\/p>\n","protected":false},"author":10,"featured_media":0,"parent":253,"menu_order":0,"comment_status":"closed","ping_status":"closed","template":"","meta":{"_acf_changed":false,"_relevanssi_hide_post":"","_relevanssi_hide_content":"","_relevanssi_pin_for_all":"","_relevanssi_pin_keywords":"","_relevanssi_unpin_keywords":"","_relevanssi_related_keywords":"","_relevanssi_related_include_ids":"","_relevanssi_related_exclude_ids":"","_relevanssi_related_no_append":"","_relevanssi_related_not_related":"","_relevanssi_related_posts":"1159,2656,1366,550,870,1884","_relevanssi_noindex_reason":"","footnotes":""},"class_list":["post-269","page","type-page","status-publish","hentry"],"acf":[],"yoast_head":"<!-- This site is optimized with the Yoast SEO plugin v27.3 - https:\/\/yoast.com\/product\/yoast-seo-wordpress\/ -->\n<title>Myyntitempausta ennen ja sen aikana - Ohjesivusto adventtikalenterin myyjille<\/title>\n<meta name=\"robots\" content=\"index, follow, max-snippet:-1, max-image-preview:large, max-video-preview:-1\" \/>\n<link rel=\"canonical\" href=\"https:\/\/www.adventtikalenteri.fi\/myyjille\/myynti\/myyntitempaukset\/myyntitempausta-ennen-ja-sen-aikana\/\" \/>\n<meta property=\"og:locale\" content=\"fi_FI\" \/>\n<meta property=\"og:type\" content=\"article\" \/>\n<meta property=\"og:title\" content=\"Myyntitempausta ennen ja sen aikana - Ohjesivusto adventtikalenterin myyjille\" \/>\n<meta property=\"og:description\" content=\"Mit\u00e4 tehd\u00e4 ennen myyntitempausta ja sen aikana? Menittep\u00e4 myym\u00e4\u00e4n kalentereita\" \/>\n<meta property=\"og:url\" content=\"https:\/\/www.adventtikalenteri.fi\/myyjille\/myynti\/myyntitempaukset\/myyntitempausta-ennen-ja-sen-aikana\/\" \/>\n<meta property=\"og:site_name\" content=\"Ohjesivusto adventtikalenterin myyjille\" \/>\n<meta property=\"article:modified_time\" content=\"2024-10-08T06:16:00+00:00\" \/>\n<meta property=\"og:image\" content=\"https:\/\/www.adventtikalenteri.fi\/myyjille\/wp-content\/uploads\/sites\/2\/2025\/08\/Adventtikalenteri25_NettaHautamaki_35.jpg\" \/>\n\t<meta property=\"og:image:width\" content=\"1500\" \/>\n\t<meta property=\"og:image:height\" content=\"1000\" \/>\n\t<meta property=\"og:image:type\" content=\"image\/jpeg\" \/>\n<meta name=\"twitter:card\" content=\"summary_large_image\" \/>\n<meta name=\"twitter:label1\" content=\"Arvioitu lukuaika\" \/>\n\t<meta name=\"twitter:data1\" content=\"2 minuuttia\" \/>\n<script type=\"application\/ld+json\" class=\"yoast-schema-graph\">{\"@context\":\"https:\\\/\\\/schema.org\",\"@graph\":[{\"@type\":\"WebPage\",\"@id\":\"https:\\\/\\\/www.adventtikalenteri.fi\\\/myyjille\\\/myynti\\\/myyntitempaukset\\\/myyntitempausta-ennen-ja-sen-aikana\\\/\",\"url\":\"https:\\\/\\\/www.adventtikalenteri.fi\\\/myyjille\\\/myynti\\\/myyntitempaukset\\\/myyntitempausta-ennen-ja-sen-aikana\\\/\",\"name\":\"Myyntitempausta ennen ja sen aikana - Ohjesivusto adventtikalenterin myyjille\",\"isPartOf\":{\"@id\":\"https:\\\/\\\/www.adventtikalenteri.fi\\\/myyjille\\\/#website\"},\"datePublished\":\"2021-08-24T10:33:28+00:00\",\"dateModified\":\"2024-10-08T06:16:00+00:00\",\"breadcrumb\":{\"@id\":\"https:\\\/\\\/www.adventtikalenteri.fi\\\/myyjille\\\/myynti\\\/myyntitempaukset\\\/myyntitempausta-ennen-ja-sen-aikana\\\/#breadcrumb\"},\"inLanguage\":\"fi\",\"potentialAction\":[{\"@type\":\"ReadAction\",\"target\":[\"https:\\\/\\\/www.adventtikalenteri.fi\\\/myyjille\\\/myynti\\\/myyntitempaukset\\\/myyntitempausta-ennen-ja-sen-aikana\\\/\"]}]},{\"@type\":\"BreadcrumbList\",\"@id\":\"https:\\\/\\\/www.adventtikalenteri.fi\\\/myyjille\\\/myynti\\\/myyntitempaukset\\\/myyntitempausta-ennen-ja-sen-aikana\\\/#breadcrumb\",\"itemListElement\":[{\"@type\":\"ListItem\",\"position\":1,\"name\":\"Etusivu\",\"item\":\"https:\\\/\\\/www.adventtikalenteri.fi\\\/myyjille\\\/\"},{\"@type\":\"ListItem\",\"position\":2,\"name\":\"Myynti\",\"item\":\"https:\\\/\\\/www.adventtikalenteri.fi\\\/myyjille\\\/myynti\\\/\"},{\"@type\":\"ListItem\",\"position\":3,\"name\":\"Myyntitempaukset\",\"item\":\"https:\\\/\\\/www.adventtikalenteri.fi\\\/myyjille\\\/myynti\\\/myyntitempaukset\\\/\"},{\"@type\":\"ListItem\",\"position\":4,\"name\":\"Myyntitempausta ennen ja sen aikana\"}]},{\"@type\":\"WebSite\",\"@id\":\"https:\\\/\\\/www.adventtikalenteri.fi\\\/myyjille\\\/#website\",\"url\":\"https:\\\/\\\/www.adventtikalenteri.fi\\\/myyjille\\\/\",\"name\":\"Ohjesivusto adventtikalenterin myyjille\",\"description\":\"\",\"potentialAction\":[{\"@type\":\"SearchAction\",\"target\":{\"@type\":\"EntryPoint\",\"urlTemplate\":\"https:\\\/\\\/www.adventtikalenteri.fi\\\/myyjille\\\/?s={search_term_string}\"},\"query-input\":{\"@type\":\"PropertyValueSpecification\",\"valueRequired\":true,\"valueName\":\"search_term_string\"}}],\"inLanguage\":\"fi\"}]}<\/script>\n<!-- \/ Yoast SEO plugin. -->","yoast_head_json":{"title":"Myyntitempausta ennen ja sen aikana - Ohjesivusto adventtikalenterin myyjille","robots":{"index":"index","follow":"follow","max-snippet":"max-snippet:-1","max-image-preview":"max-image-preview:large","max-video-preview":"max-video-preview:-1"},"canonical":"https:\/\/www.adventtikalenteri.fi\/myyjille\/myynti\/myyntitempaukset\/myyntitempausta-ennen-ja-sen-aikana\/","og_locale":"fi_FI","og_type":"article","og_title":"Myyntitempausta ennen ja sen aikana - Ohjesivusto adventtikalenterin myyjille","og_description":"Mit\u00e4 tehd\u00e4 ennen myyntitempausta ja sen aikana? Menittep\u00e4 myym\u00e4\u00e4n kalentereita","og_url":"https:\/\/www.adventtikalenteri.fi\/myyjille\/myynti\/myyntitempaukset\/myyntitempausta-ennen-ja-sen-aikana\/","og_site_name":"Ohjesivusto adventtikalenterin myyjille","article_modified_time":"2024-10-08T06:16:00+00:00","og_image":[{"width":1500,"height":1000,"url":"https:\/\/www.adventtikalenteri.fi\/myyjille\/wp-content\/uploads\/sites\/2\/2025\/08\/Adventtikalenteri25_NettaHautamaki_35.jpg","type":"image\/jpeg"}],"twitter_card":"summary_large_image","twitter_misc":{"Arvioitu lukuaika":"2 minuuttia"},"schema":{"@context":"https:\/\/schema.org","@graph":[{"@type":"WebPage","@id":"https:\/\/www.adventtikalenteri.fi\/myyjille\/myynti\/myyntitempaukset\/myyntitempausta-ennen-ja-sen-aikana\/","url":"https:\/\/www.adventtikalenteri.fi\/myyjille\/myynti\/myyntitempaukset\/myyntitempausta-ennen-ja-sen-aikana\/","name":"Myyntitempausta ennen ja sen aikana - Ohjesivusto adventtikalenterin myyjille","isPartOf":{"@id":"https:\/\/www.adventtikalenteri.fi\/myyjille\/#website"},"datePublished":"2021-08-24T10:33:28+00:00","dateModified":"2024-10-08T06:16:00+00:00","breadcrumb":{"@id":"https:\/\/www.adventtikalenteri.fi\/myyjille\/myynti\/myyntitempaukset\/myyntitempausta-ennen-ja-sen-aikana\/#breadcrumb"},"inLanguage":"fi","potentialAction":[{"@type":"ReadAction","target":["https:\/\/www.adventtikalenteri.fi\/myyjille\/myynti\/myyntitempaukset\/myyntitempausta-ennen-ja-sen-aikana\/"]}]},{"@type":"BreadcrumbList","@id":"https:\/\/www.adventtikalenteri.fi\/myyjille\/myynti\/myyntitempaukset\/myyntitempausta-ennen-ja-sen-aikana\/#breadcrumb","itemListElement":[{"@type":"ListItem","position":1,"name":"Etusivu","item":"https:\/\/www.adventtikalenteri.fi\/myyjille\/"},{"@type":"ListItem","position":2,"name":"Myynti","item":"https:\/\/www.adventtikalenteri.fi\/myyjille\/myynti\/"},{"@type":"ListItem","position":3,"name":"Myyntitempaukset","item":"https:\/\/www.adventtikalenteri.fi\/myyjille\/myynti\/myyntitempaukset\/"},{"@type":"ListItem","position":4,"name":"Myyntitempausta ennen ja sen aikana"}]},{"@type":"WebSite","@id":"https:\/\/www.adventtikalenteri.fi\/myyjille\/#website","url":"https:\/\/www.adventtikalenteri.fi\/myyjille\/","name":"Ohjesivusto adventtikalenterin myyjille","description":"","potentialAction":[{"@type":"SearchAction","target":{"@type":"EntryPoint","urlTemplate":"https:\/\/www.adventtikalenteri.fi\/myyjille\/?s={search_term_string}"},"query-input":{"@type":"PropertyValueSpecification","valueRequired":true,"valueName":"search_term_string"}}],"inLanguage":"fi"}]}},"_links":{"self":[{"href":"https:\/\/www.adventtikalenteri.fi\/myyjille\/wp-json\/wp\/v2\/pages\/269","targetHints":{"allow":["GET"]}}],"collection":[{"href":"https:\/\/www.adventtikalenteri.fi\/myyjille\/wp-json\/wp\/v2\/pages"}],"about":[{"href":"https:\/\/www.adventtikalenteri.fi\/myyjille\/wp-json\/wp\/v2\/types\/page"}],"author":[{"embeddable":true,"href":"https:\/\/www.adventtikalenteri.fi\/myyjille\/wp-json\/wp\/v2\/users\/10"}],"replies":[{"embeddable":true,"href":"https:\/\/www.adventtikalenteri.fi\/myyjille\/wp-json\/wp\/v2\/comments?post=269"}],"version-history":[{"count":5,"href":"https:\/\/www.adventtikalenteri.fi\/myyjille\/wp-json\/wp\/v2\/pages\/269\/revisions"}],"predecessor-version":[{"id":3434,"href":"https:\/\/www.adventtikalenteri.fi\/myyjille\/wp-json\/wp\/v2\/pages\/269\/revisions\/3434"}],"up":[{"embeddable":true,"href":"https:\/\/www.adventtikalenteri.fi\/myyjille\/wp-json\/wp\/v2\/pages\/253"}],"wp:attachment":[{"href":"https:\/\/www.adventtikalenteri.fi\/myyjille\/wp-json\/wp\/v2\/media?parent=269"}],"curies":[{"name":"wp","href":"https:\/\/api.w.org\/{rel}","templated":true}]}}