{"id":281,"date":"2021-08-25T10:29:18","date_gmt":"2021-08-25T07:29:18","guid":{"rendered":"https:\/\/www.adventtikalenteri.fi\/myyjille\/?page_id=281"},"modified":"2024-09-19T10:57:21","modified_gmt":"2024-09-19T07:57:21","slug":"tavoitteen-asettaminen","status":"publish","type":"page","link":"https:\/\/www.adventtikalenteri.fi\/myyjille\/kampanjan-hallinta\/kampanjan-kaynnistaminen\/tavoitteen-asettaminen\/","title":{"rendered":"Tavoitteen asettaminen"},"content":{"rendered":"\n<h1 class=\"wp-block-heading\">Selke\u00e4 tavoite helpottaa k\u00e4yt\u00e4nn\u00f6n myyntity\u00f6t\u00e4<\/h1>\n\n\n\n<p class=\"lead\">Lopputuloksen kannalta on olennaista, ett\u00e4 myynnille on asetettu tavoite ja ett\u00e4 sen t\u00e4yttymist\u00e4 seurataan. Onnistumiset motivoivat myyji\u00e4 ja tehty ty\u00f6 konkretisoituu selkeiksi eurom\u00e4\u00e4riksi.<\/p>\n\n\n\n<p>Miettik\u00e4\u00e4, mink\u00e4lainen tavoite olisi teid\u00e4n lippukuntanne tilanteelle sopivin, Parhaat lippukunnat myyv\u00e4t vuosittain yli 20 kalenteria j\u00e4sent\u00e4 kohti. Tavoite kannattaa kuitenkin pit\u00e4\u00e4 realistisena lippukuntanne aiempaan myyntiin n\u00e4hden.<\/p>\n\n\n\n<h2 class=\"wp-block-heading\">Myyntitavoite voi olla esimerkiksi<\/h2>\n\n\n\n<ul class=\"wp-block-list\">\n<li>eurom\u00e4\u00e4r\u00e4inen<\/li>\n\n\n\n<li>myydyiss\u00e4 kalentereissa laskettava<\/li>\n\n\n\n<li>konkreettinen, mit\u00e4 kalenterimyynnist\u00e4 saaduilla rahoilla hankitaan, esimerkiksi uusi puolijoukkueteltta<\/li>\n<\/ul>\n\n\n\n<h3 class=\"wp-block-heading\">Esimerkkej\u00e4, joihin lippukunnat ovat k\u00e4ytt\u00e4neet kalenterituottoja:<\/h3>\n\n\n\n<ul class=\"wp-block-list\">\n<li>Kalustohankinnat, kuten talviteltta<\/li>\n\n\n\n<li>Uusien vessojen hankinta k\u00e4mp\u00e4lle ja suurleirin maksut<\/li>\n\n\n\n<li>Leirimaksujen pit\u00e4minen kohtuullisina<\/li>\n\n\n\n<li>Sudenpentujen ja seikkailijoiden leirit<\/li>\n\n\n\n<li>Retket, viikkotoiminta sek\u00e4 kolon ja k\u00e4mp\u00e4n vuokrat<\/li>\n\n\n\n<li>Ryhmien toiminta<\/li>\n\n\n\n<li>Suurleirit ja retket<\/li>\n\n\n\n<li>Sisutoiminnan avustajien retkimaksut (Sisupartiolaisia ovat partiolaiset, jotka tarvitsevat erityist\u00e4 tukea partiossa vamman, pitk\u00e4aikaissairauden tai muun ominaisuuden takia)<\/li>\n\n\n\n<li>Vartioiden oma toiminta<\/li>\n<\/ul>\n\n\n\n<h2 class=\"wp-block-heading\">Yhdess\u00e4 asetettu tavoite saavutetaan varmimmin<\/h2>\n\n\n\n<p>Tavoitteen asettamiseen kannattaa ottaa mukaan koko johtajisto. Kun tavoite asetetaan yhdess\u00e4, kaikkien on helppoa sitoutua siihen.<\/p>\n\n\n\n<h3 class=\"wp-block-heading\">Pohtikaa johtajiston kesken seuraavia kysymyksi\u00e4:<\/h3>\n\n\n\n<ul class=\"wp-block-list\">\n<li>Olemmeko tehneet ostamisen mahdollisimman helpoksi? Onko lippukunnalla esimerkiksi <a href=\"https:\/\/www.adventtikalenteri.fi\/myyjille\/myynti\/maksutavat\/\">korttimaksup\u00e4\u00e4tteit\u00e4 tai tili mobiilimaksuja varten<\/a>?<\/li>\n\n\n\n<li>Montako kalenteria myimme viime vuonna? Olimmeko tyytyv\u00e4isi\u00e4 myyntitulokseen?<\/li>\n\n\n\n<li>Miten j\u00e4senm\u00e4\u00e4r\u00e4mme on muuttunut viime vuodesta?<\/li>\n\n\n\n<li>Pystymmek\u00f6 myym\u00e4\u00e4n enemm\u00e4n kalentereita j\u00e4sent\u00e4 kohti t\u00e4n\u00e4 vuonna? Mit\u00e4 se vaatisi?<\/li>\n\n\n\n<li>Miten voisimme motivoida nykyist\u00e4 useampia lippukunnan j\u00e4seni\u00e4 (ja j\u00e4senten vanhempia) osallistumaan kalenterimyyntiin?<\/li>\n\n\n\n<li>K\u00e4ytimmek\u00f6 viime vuonna kaikkia myyntikanavia? (myyj\u00e4iset, nettikaupan markkinointi, ovelta ovelle -myynti, koulut, yritysmyynti\u2026)<\/li>\n<\/ul>\n\n\n\n<figure class=\"wp-block-embed is-type-video is-provider-youtube wp-block-embed-youtube wp-embed-aspect-16-9 wp-has-aspect-ratio\"><div class=\"wp-block-embed__wrapper\">\n<div class=\"oembed oembed-youtube\"><iframe loading=\"lazy\" title=\"Tavoitteen asettaminen\" width=\"750\" height=\"422\" src=\"https:\/\/www.youtube.com\/embed\/y7PMfIQBJ0I?feature=oembed\" frameborder=\"0\" allow=\"accelerometer; autoplay; clipboard-write; encrypted-media; gyroscope; picture-in-picture; web-share\" referrerpolicy=\"strict-origin-when-cross-origin\" allowfullscreen><\/iframe><\/div>\n<\/div><\/figure>\n","protected":false},"excerpt":{"rendered":"<p>Selke\u00e4 tavoite helpottaa k\u00e4yt\u00e4nn\u00f6n myyntity\u00f6t\u00e4 Lopputuloksen kannalta on olennaista, ett\u00e4<\/p>\n","protected":false},"author":3,"featured_media":0,"parent":236,"menu_order":0,"comment_status":"closed","ping_status":"closed","template":"","meta":{"_acf_changed":false,"_relevanssi_hide_post":"","_relevanssi_hide_content":"","_relevanssi_pin_for_all":"","_relevanssi_pin_keywords":"","_relevanssi_unpin_keywords":"","_relevanssi_related_keywords":"","_relevanssi_related_include_ids":"","_relevanssi_related_exclude_ids":"","_relevanssi_related_no_append":"","_relevanssi_related_not_related":"","_relevanssi_related_posts":"1366,1884,1946,1979,870,550","_relevanssi_noindex_reason":"","footnotes":""},"class_list":["post-281","page","type-page","status-publish","hentry"],"acf":[],"yoast_head":"<!-- This site is optimized with the Yoast SEO plugin v27.3 - https:\/\/yoast.com\/product\/yoast-seo-wordpress\/ -->\n<title>Tavoitteen asettaminen - Ohjesivusto adventtikalenterin myyjille<\/title>\n<meta name=\"robots\" content=\"index, follow, max-snippet:-1, max-image-preview:large, max-video-preview:-1\" \/>\n<link rel=\"canonical\" href=\"https:\/\/www.adventtikalenteri.fi\/myyjille\/kampanjan-hallinta\/kampanjan-kaynnistaminen\/tavoitteen-asettaminen\/\" \/>\n<meta property=\"og:locale\" content=\"fi_FI\" \/>\n<meta property=\"og:type\" content=\"article\" \/>\n<meta property=\"og:title\" content=\"Tavoitteen asettaminen - Ohjesivusto adventtikalenterin myyjille\" \/>\n<meta property=\"og:description\" content=\"Selke\u00e4 tavoite helpottaa k\u00e4yt\u00e4nn\u00f6n myyntity\u00f6t\u00e4 Lopputuloksen kannalta on olennaista, ett\u00e4\" \/>\n<meta property=\"og:url\" content=\"https:\/\/www.adventtikalenteri.fi\/myyjille\/kampanjan-hallinta\/kampanjan-kaynnistaminen\/tavoitteen-asettaminen\/\" \/>\n<meta property=\"og:site_name\" content=\"Ohjesivusto adventtikalenterin myyjille\" \/>\n<meta property=\"article:modified_time\" content=\"2024-09-19T07:57:21+00:00\" \/>\n<meta property=\"og:image\" content=\"https:\/\/www.adventtikalenteri.fi\/myyjille\/wp-content\/uploads\/sites\/2\/2025\/08\/Adventtikalenteri25_NettaHautamaki_35.jpg\" \/>\n\t<meta property=\"og:image:width\" content=\"1500\" \/>\n\t<meta property=\"og:image:height\" content=\"1000\" \/>\n\t<meta property=\"og:image:type\" content=\"image\/jpeg\" \/>\n<meta name=\"twitter:card\" content=\"summary_large_image\" \/>\n<meta name=\"twitter:label1\" content=\"Arvioitu lukuaika\" \/>\n\t<meta name=\"twitter:data1\" content=\"4 minuuttia\" \/>\n<script type=\"application\/ld+json\" class=\"yoast-schema-graph\">{\"@context\":\"https:\\\/\\\/schema.org\",\"@graph\":[{\"@type\":\"WebPage\",\"@id\":\"https:\\\/\\\/www.adventtikalenteri.fi\\\/myyjille\\\/kampanjan-hallinta\\\/kampanjan-kaynnistaminen\\\/tavoitteen-asettaminen\\\/\",\"url\":\"https:\\\/\\\/www.adventtikalenteri.fi\\\/myyjille\\\/kampanjan-hallinta\\\/kampanjan-kaynnistaminen\\\/tavoitteen-asettaminen\\\/\",\"name\":\"Tavoitteen asettaminen - Ohjesivusto adventtikalenterin myyjille\",\"isPartOf\":{\"@id\":\"https:\\\/\\\/www.adventtikalenteri.fi\\\/myyjille\\\/#website\"},\"datePublished\":\"2021-08-25T07:29:18+00:00\",\"dateModified\":\"2024-09-19T07:57:21+00:00\",\"breadcrumb\":{\"@id\":\"https:\\\/\\\/www.adventtikalenteri.fi\\\/myyjille\\\/kampanjan-hallinta\\\/kampanjan-kaynnistaminen\\\/tavoitteen-asettaminen\\\/#breadcrumb\"},\"inLanguage\":\"fi\",\"potentialAction\":[{\"@type\":\"ReadAction\",\"target\":[\"https:\\\/\\\/www.adventtikalenteri.fi\\\/myyjille\\\/kampanjan-hallinta\\\/kampanjan-kaynnistaminen\\\/tavoitteen-asettaminen\\\/\"]}]},{\"@type\":\"BreadcrumbList\",\"@id\":\"https:\\\/\\\/www.adventtikalenteri.fi\\\/myyjille\\\/kampanjan-hallinta\\\/kampanjan-kaynnistaminen\\\/tavoitteen-asettaminen\\\/#breadcrumb\",\"itemListElement\":[{\"@type\":\"ListItem\",\"position\":1,\"name\":\"Etusivu\",\"item\":\"https:\\\/\\\/www.adventtikalenteri.fi\\\/myyjille\\\/\"},{\"@type\":\"ListItem\",\"position\":2,\"name\":\"Kampanjan hallinta\",\"item\":\"https:\\\/\\\/www.adventtikalenteri.fi\\\/myyjille\\\/kampanjan-hallinta\\\/\"},{\"@type\":\"ListItem\",\"position\":3,\"name\":\"Kampanja k\u00e4yntiin\",\"item\":\"https:\\\/\\\/www.adventtikalenteri.fi\\\/myyjille\\\/kampanjan-hallinta\\\/kampanjan-kaynnistaminen\\\/\"},{\"@type\":\"ListItem\",\"position\":4,\"name\":\"Tavoitteen asettaminen\"}]},{\"@type\":\"WebSite\",\"@id\":\"https:\\\/\\\/www.adventtikalenteri.fi\\\/myyjille\\\/#website\",\"url\":\"https:\\\/\\\/www.adventtikalenteri.fi\\\/myyjille\\\/\",\"name\":\"Ohjesivusto adventtikalenterin myyjille\",\"description\":\"\",\"potentialAction\":[{\"@type\":\"SearchAction\",\"target\":{\"@type\":\"EntryPoint\",\"urlTemplate\":\"https:\\\/\\\/www.adventtikalenteri.fi\\\/myyjille\\\/?s={search_term_string}\"},\"query-input\":{\"@type\":\"PropertyValueSpecification\",\"valueRequired\":true,\"valueName\":\"search_term_string\"}}],\"inLanguage\":\"fi\"}]}<\/script>\n<!-- \/ Yoast SEO plugin. -->","yoast_head_json":{"title":"Tavoitteen asettaminen - Ohjesivusto adventtikalenterin myyjille","robots":{"index":"index","follow":"follow","max-snippet":"max-snippet:-1","max-image-preview":"max-image-preview:large","max-video-preview":"max-video-preview:-1"},"canonical":"https:\/\/www.adventtikalenteri.fi\/myyjille\/kampanjan-hallinta\/kampanjan-kaynnistaminen\/tavoitteen-asettaminen\/","og_locale":"fi_FI","og_type":"article","og_title":"Tavoitteen asettaminen - Ohjesivusto adventtikalenterin myyjille","og_description":"Selke\u00e4 tavoite helpottaa k\u00e4yt\u00e4nn\u00f6n myyntity\u00f6t\u00e4 Lopputuloksen kannalta on olennaista, ett\u00e4","og_url":"https:\/\/www.adventtikalenteri.fi\/myyjille\/kampanjan-hallinta\/kampanjan-kaynnistaminen\/tavoitteen-asettaminen\/","og_site_name":"Ohjesivusto adventtikalenterin myyjille","article_modified_time":"2024-09-19T07:57:21+00:00","og_image":[{"width":1500,"height":1000,"url":"https:\/\/www.adventtikalenteri.fi\/myyjille\/wp-content\/uploads\/sites\/2\/2025\/08\/Adventtikalenteri25_NettaHautamaki_35.jpg","type":"image\/jpeg"}],"twitter_card":"summary_large_image","twitter_misc":{"Arvioitu lukuaika":"4 minuuttia"},"schema":{"@context":"https:\/\/schema.org","@graph":[{"@type":"WebPage","@id":"https:\/\/www.adventtikalenteri.fi\/myyjille\/kampanjan-hallinta\/kampanjan-kaynnistaminen\/tavoitteen-asettaminen\/","url":"https:\/\/www.adventtikalenteri.fi\/myyjille\/kampanjan-hallinta\/kampanjan-kaynnistaminen\/tavoitteen-asettaminen\/","name":"Tavoitteen asettaminen - Ohjesivusto adventtikalenterin myyjille","isPartOf":{"@id":"https:\/\/www.adventtikalenteri.fi\/myyjille\/#website"},"datePublished":"2021-08-25T07:29:18+00:00","dateModified":"2024-09-19T07:57:21+00:00","breadcrumb":{"@id":"https:\/\/www.adventtikalenteri.fi\/myyjille\/kampanjan-hallinta\/kampanjan-kaynnistaminen\/tavoitteen-asettaminen\/#breadcrumb"},"inLanguage":"fi","potentialAction":[{"@type":"ReadAction","target":["https:\/\/www.adventtikalenteri.fi\/myyjille\/kampanjan-hallinta\/kampanjan-kaynnistaminen\/tavoitteen-asettaminen\/"]}]},{"@type":"BreadcrumbList","@id":"https:\/\/www.adventtikalenteri.fi\/myyjille\/kampanjan-hallinta\/kampanjan-kaynnistaminen\/tavoitteen-asettaminen\/#breadcrumb","itemListElement":[{"@type":"ListItem","position":1,"name":"Etusivu","item":"https:\/\/www.adventtikalenteri.fi\/myyjille\/"},{"@type":"ListItem","position":2,"name":"Kampanjan hallinta","item":"https:\/\/www.adventtikalenteri.fi\/myyjille\/kampanjan-hallinta\/"},{"@type":"ListItem","position":3,"name":"Kampanja k\u00e4yntiin","item":"https:\/\/www.adventtikalenteri.fi\/myyjille\/kampanjan-hallinta\/kampanjan-kaynnistaminen\/"},{"@type":"ListItem","position":4,"name":"Tavoitteen asettaminen"}]},{"@type":"WebSite","@id":"https:\/\/www.adventtikalenteri.fi\/myyjille\/#website","url":"https:\/\/www.adventtikalenteri.fi\/myyjille\/","name":"Ohjesivusto adventtikalenterin myyjille","description":"","potentialAction":[{"@type":"SearchAction","target":{"@type":"EntryPoint","urlTemplate":"https:\/\/www.adventtikalenteri.fi\/myyjille\/?s={search_term_string}"},"query-input":{"@type":"PropertyValueSpecification","valueRequired":true,"valueName":"search_term_string"}}],"inLanguage":"fi"}]}},"_links":{"self":[{"href":"https:\/\/www.adventtikalenteri.fi\/myyjille\/wp-json\/wp\/v2\/pages\/281","targetHints":{"allow":["GET"]}}],"collection":[{"href":"https:\/\/www.adventtikalenteri.fi\/myyjille\/wp-json\/wp\/v2\/pages"}],"about":[{"href":"https:\/\/www.adventtikalenteri.fi\/myyjille\/wp-json\/wp\/v2\/types\/page"}],"author":[{"embeddable":true,"href":"https:\/\/www.adventtikalenteri.fi\/myyjille\/wp-json\/wp\/v2\/users\/3"}],"replies":[{"embeddable":true,"href":"https:\/\/www.adventtikalenteri.fi\/myyjille\/wp-json\/wp\/v2\/comments?post=281"}],"version-history":[{"count":14,"href":"https:\/\/www.adventtikalenteri.fi\/myyjille\/wp-json\/wp\/v2\/pages\/281\/revisions"}],"predecessor-version":[{"id":3384,"href":"https:\/\/www.adventtikalenteri.fi\/myyjille\/wp-json\/wp\/v2\/pages\/281\/revisions\/3384"}],"up":[{"embeddable":true,"href":"https:\/\/www.adventtikalenteri.fi\/myyjille\/wp-json\/wp\/v2\/pages\/236"}],"wp:attachment":[{"href":"https:\/\/www.adventtikalenteri.fi\/myyjille\/wp-json\/wp\/v2\/media?parent=281"}],"curies":[{"name":"wp","href":"https:\/\/api.w.org\/{rel}","templated":true}]}}