{"id":288,"date":"2021-08-25T10:35:47","date_gmt":"2021-08-25T07:35:47","guid":{"rendered":"https:\/\/www.adventtikalenteri.fi\/myyjille\/?page_id=288"},"modified":"2025-09-16T09:39:38","modified_gmt":"2025-09-16T06:39:38","slug":"kuksa-tilausjarjestelman-kayttoohjeet","status":"publish","type":"page","link":"https:\/\/www.adventtikalenteri.fi\/myyjille\/kampanjan-hallinta\/kampanjan-kaynnistaminen\/kuksa-tilausjarjestelman-kayttoohjeet\/","title":{"rendered":"Kuksa-tilausj\u00e4rjestelm\u00e4n k\u00e4ytt\u00f6ohjeet"},"content":{"rendered":"\n<h1 class=\"wp-block-heading\">Kuksa-tilausj\u00e4rjestelm\u00e4n k\u00e4ytt\u00f6ohjeet<\/h1>\n\n\n\n<p class=\"is-style-lead\">Adventtikalenterikampanjaa hallinnoidaan <a href=\"http:\/\/kuksa.partio.fi\" target=\"_blank\" rel=\"noopener\">Kuksan<\/a> kautta. Oheisten linkkien kautta l\u00f6yd\u00e4t tarkemmat ohjeet eri asioiden tekemiseen.<\/p>\n\n\n\n<p>Jotta eri vaiheet onnistuvat, lippukunnasta valitaan joulukampanjap\u00e4\u00e4llikk\u00f6 ja h\u00e4nelle merkit\u00e4\u00e4n joulukampanjap\u00e4\u00e4llik\u00f6n m\u00e4\u00e4r\u00e4aikainen pesti Kuksaan, esim. 1.8.2025 \u2013 28.2.2026 (= Joulukampanja 2025). Kun pesti on voimassa, h\u00e4nell\u00e4 on oikeudet hallinnoida lippukunnan kampanjaa Kuksassa.<\/p>\n\n\n\n<h2 class=\"wp-block-heading\">Kampanjap\u00e4\u00e4llik\u00f6lle<\/h2>\n\n\n\n<h3 class=\"wp-block-heading\">Ohjeet videona<\/h3>\n\n\n\n<p>Uutta! Nyt Kuksan k\u00e4ytt\u00f6\u00f6n on mandollista perehty\u00e4 lyhyiden koulutusvideoiden avulla.<\/p>\n\n\n\n<p>Valitse listalta haluamasi koulutusaihe tai <a href=\"https:\/\/www.youtube.com\/playlist?list=PLx3rWU_ykI6ucJdK8FyStWhuZVkFNI07k\">katso kaikki joulukampanjan kuksakoulutusvideot Youtubessa<\/a><\/p>\n\n\n\n<ul class=\"wp-block-list\">\n<li><a href=\"https:\/\/youtu.be\/fM7ovz0yl-M\">Ennen kampanjan aloittamista teht\u00e4v\u00e4t toimet<\/a> (lippukunnan j\u00e4senrekisterin hoitaja)<\/li>\n\n\n\n<li><a href=\"https:\/\/youtu.be\/rtwzpBiBLpM\">Adventtikalentereiden tilaaminen<\/a><\/li>\n\n\n\n<li><a href=\"https:\/\/youtu.be\/NPINwk-ZYXo\">Adventtikalenterien vastaanottaminen lippukunnassa<\/a><\/li>\n\n\n\n<li><a href=\"https:\/\/youtu.be\/-ODrZ4tiw7Y\">Lippukunnan ryhmien m\u00e4\u00e4rittely kampanjaan<\/a><\/li>\n\n\n\n<li><a href=\"https:\/\/youtu.be\/DTIQoriLRh4\">Myyjien lis\u00e4\u00e4minen kampanjaan<\/a><\/li>\n\n\n\n<li><a href=\"https:\/\/youtu.be\/JpBBUa_V7sk\">Myyjien myyntimerkint\u00f6jen tekeminen<\/a><\/li>\n\n\n\n<li><a href=\"https:\/\/youtu.be\/0C8u2SrxQ8g\">Lippukunnan myyntipaikkojen merkitseminen<\/a><\/li>\n\n\n\n<li><a href=\"https:\/\/youtu.be\/n2WXyk0zi30\">Myyntitietojen hyv\u00e4ksyminen<\/a><\/li>\n\n\n\n<li><a href=\"https:\/\/youtu.be\/kLpCRjGiZbc\">Palkintotilaus<\/a><\/li>\n\n\n\n<li><a href=\"https:\/\/youtu.be\/rrnNqZNeM5w\">Lippukunnan kampanjan lopetus ja sulkeminen<\/a><\/li>\n\n\n\n<li><a href=\"https:\/\/youtu.be\/wsfk59gg26E\">Kampanjan raportit<\/a><\/li>\n<\/ul>\n\n\n\n<h3 class=\"wp-block-heading\">Ohjeet tekstin\u00e4<\/h3>\n\n\n\n<ul class=\"wp-block-list\">\n<li><a href=\"https:\/\/www.adventtikalenteri.fi\/myyjille\/wp-content\/uploads\/sites\/2\/2021\/08\/Kuksaohje-Adventtikalenteri-Kampanjapaallikko2018.pdf\">Kampanjap\u00e4\u00e4llik\u00f6n Kuksa-ohje PDF<\/a><\/li>\n\n\n\n<li><a href=\"https:\/\/www.adventtikalenteri.fi\/myyjille\/kampanjan-hallinta\/kampanjan-kaynnistaminen\/kuksa-tilausjarjestelman-kayttoohjeet\/kalenterien-tilaaminen\/\">Kalenteritilauksen tekeminen<\/a><\/li>\n\n\n\n<li><a href=\"https:\/\/www.adventtikalenteri.fi\/myyjille\/kampanjan-hallinta\/kampanjan-kaynnistaminen\/myyntipaikan-ilmoittaminen\/\">Myyntipaikan lis\u00e4\u00e4minen verkkokauppaan<\/a><\/li>\n\n\n\n<li><a href=\"https:\/\/www.adventtikalenteri.fi\/myyjille\/kampanjan-hallinta\/kampanjan-kaynnistaminen\/lippukunnan-lisaaminen-verkkokauppaan\/\">Lippukunnan lis\u00e4\u00e4minen verkkokauppaan<\/a><\/li>\n\n\n\n<li><a href=\"https:\/\/www.adventtikalenteri.fi\/myyjille\/kampanjan-hallinta\/kampanjan-kaynnistaminen\/kuksa-tilausjarjestelman-kayttoohjeet\/sisaisen-ryhman-luominen\/\">Sis\u00e4isen ryhm\u00e4n luominen<\/a><\/li>\n<\/ul>\n\n\n\n<h2 class=\"wp-block-heading\">Ohjeet ryhmien johtajille<\/h2>\n\n\n\n<ul class=\"wp-block-list\">\n<li><a href=\"https:\/\/www.adventtikalenteri.fi\/myyjille\/wp-content\/uploads\/sites\/2\/2021\/09\/Kuksaohje-Adventtikalenteri-Ryhmanjohtaja2018.pdf\">Tilausj\u00e4rjestelm\u00e4n k\u00e4ytt\u00f6ohje ryhm\u00e4njohtajille<\/a><\/li>\n\n\n\n<li><a href=\"https:\/\/www.adventtikalenteri.fi\/myyjille\/kampanjan-hallinta\/kampanjan-kaynnistaminen\/kuksa-tilausjarjestelman-kayttoohjeet\/myyjan-lisaaminen-ryhmaan\/\">Myyj\u00e4n tietojen hallinta<\/a>\n<ul class=\"wp-block-list\">\n<li>Myyj\u00e4n lis\u00e4\u00e4minen ryhm\u00e4\u00e4n<\/li>\n\n\n\n<li>Myyj\u00e4n tietojen muokkaus<\/li>\n\n\n\n<li>Kalenterien luovutus myyj\u00e4lle<\/li>\n<\/ul>\n<\/li>\n<\/ul>\n","protected":false},"excerpt":{"rendered":"<p>Kuksa-tilausj\u00e4rjestelm\u00e4n k\u00e4ytt\u00f6ohjeet Adventtikalenterikampanjaa hallinnoidaan Kuksan kautta. Oheisten linkkien kautta l\u00f6yd\u00e4t<\/p>\n","protected":false},"author":3,"featured_media":0,"parent":236,"menu_order":10,"comment_status":"closed","ping_status":"closed","template":"","meta":{"_acf_changed":false,"_relevanssi_hide_post":"","_relevanssi_hide_content":"","_relevanssi_pin_for_all":"","_relevanssi_pin_keywords":"","_relevanssi_unpin_keywords":"","_relevanssi_related_keywords":"","_relevanssi_related_include_ids":"","_relevanssi_related_exclude_ids":"","_relevanssi_related_no_append":"","_relevanssi_related_not_related":"","_relevanssi_related_posts":"1366,1486,870,1159,550,1072","_relevanssi_noindex_reason":"","footnotes":""},"class_list":["post-288","page","type-page","status-publish","hentry"],"acf":[],"yoast_head":"<!-- This site is optimized with the Yoast SEO plugin v27.3 - https:\/\/yoast.com\/product\/yoast-seo-wordpress\/ -->\n<title>Kuksa-tilausj\u00e4rjestelm\u00e4n k\u00e4ytt\u00f6ohjeet - Ohjesivusto adventtikalenterin myyjille<\/title>\n<meta name=\"robots\" content=\"index, follow, max-snippet:-1, max-image-preview:large, max-video-preview:-1\" \/>\n<link rel=\"canonical\" href=\"https:\/\/www.adventtikalenteri.fi\/myyjille\/kampanjan-hallinta\/kampanjan-kaynnistaminen\/kuksa-tilausjarjestelman-kayttoohjeet\/\" \/>\n<meta property=\"og:locale\" content=\"fi_FI\" \/>\n<meta property=\"og:type\" content=\"article\" \/>\n<meta property=\"og:title\" content=\"Kuksa-tilausj\u00e4rjestelm\u00e4n k\u00e4ytt\u00f6ohjeet - Ohjesivusto adventtikalenterin myyjille\" \/>\n<meta property=\"og:description\" content=\"Kuksa-tilausj\u00e4rjestelm\u00e4n k\u00e4ytt\u00f6ohjeet Adventtikalenterikampanjaa hallinnoidaan Kuksan kautta. Oheisten linkkien kautta l\u00f6yd\u00e4t\" \/>\n<meta property=\"og:url\" content=\"https:\/\/www.adventtikalenteri.fi\/myyjille\/kampanjan-hallinta\/kampanjan-kaynnistaminen\/kuksa-tilausjarjestelman-kayttoohjeet\/\" \/>\n<meta property=\"og:site_name\" content=\"Ohjesivusto adventtikalenterin myyjille\" \/>\n<meta property=\"article:modified_time\" content=\"2025-09-16T06:39:38+00:00\" \/>\n<meta property=\"og:image\" content=\"https:\/\/www.adventtikalenteri.fi\/myyjille\/wp-content\/uploads\/sites\/2\/2025\/08\/Adventtikalenteri25_NettaHautamaki_35.jpg\" \/>\n\t<meta property=\"og:image:width\" content=\"1500\" \/>\n\t<meta property=\"og:image:height\" content=\"1000\" \/>\n\t<meta property=\"og:image:type\" content=\"image\/jpeg\" \/>\n<meta name=\"twitter:card\" content=\"summary_large_image\" \/>\n<meta name=\"twitter:label1\" content=\"Arvioitu lukuaika\" \/>\n\t<meta name=\"twitter:data1\" content=\"2 minuuttia\" \/>\n<script type=\"application\/ld+json\" class=\"yoast-schema-graph\">{\"@context\":\"https:\\\/\\\/schema.org\",\"@graph\":[{\"@type\":\"WebPage\",\"@id\":\"https:\\\/\\\/www.adventtikalenteri.fi\\\/myyjille\\\/kampanjan-hallinta\\\/kampanjan-kaynnistaminen\\\/kuksa-tilausjarjestelman-kayttoohjeet\\\/\",\"url\":\"https:\\\/\\\/www.adventtikalenteri.fi\\\/myyjille\\\/kampanjan-hallinta\\\/kampanjan-kaynnistaminen\\\/kuksa-tilausjarjestelman-kayttoohjeet\\\/\",\"name\":\"Kuksa-tilausj\u00e4rjestelm\u00e4n k\u00e4ytt\u00f6ohjeet - Ohjesivusto adventtikalenterin myyjille\",\"isPartOf\":{\"@id\":\"https:\\\/\\\/www.adventtikalenteri.fi\\\/myyjille\\\/#website\"},\"datePublished\":\"2021-08-25T07:35:47+00:00\",\"dateModified\":\"2025-09-16T06:39:38+00:00\",\"breadcrumb\":{\"@id\":\"https:\\\/\\\/www.adventtikalenteri.fi\\\/myyjille\\\/kampanjan-hallinta\\\/kampanjan-kaynnistaminen\\\/kuksa-tilausjarjestelman-kayttoohjeet\\\/#breadcrumb\"},\"inLanguage\":\"fi\",\"potentialAction\":[{\"@type\":\"ReadAction\",\"target\":[\"https:\\\/\\\/www.adventtikalenteri.fi\\\/myyjille\\\/kampanjan-hallinta\\\/kampanjan-kaynnistaminen\\\/kuksa-tilausjarjestelman-kayttoohjeet\\\/\"]}]},{\"@type\":\"BreadcrumbList\",\"@id\":\"https:\\\/\\\/www.adventtikalenteri.fi\\\/myyjille\\\/kampanjan-hallinta\\\/kampanjan-kaynnistaminen\\\/kuksa-tilausjarjestelman-kayttoohjeet\\\/#breadcrumb\",\"itemListElement\":[{\"@type\":\"ListItem\",\"position\":1,\"name\":\"Etusivu\",\"item\":\"https:\\\/\\\/www.adventtikalenteri.fi\\\/myyjille\\\/\"},{\"@type\":\"ListItem\",\"position\":2,\"name\":\"Kampanjan hallinta\",\"item\":\"https:\\\/\\\/www.adventtikalenteri.fi\\\/myyjille\\\/kampanjan-hallinta\\\/\"},{\"@type\":\"ListItem\",\"position\":3,\"name\":\"Kampanja k\u00e4yntiin\",\"item\":\"https:\\\/\\\/www.adventtikalenteri.fi\\\/myyjille\\\/kampanjan-hallinta\\\/kampanjan-kaynnistaminen\\\/\"},{\"@type\":\"ListItem\",\"position\":4,\"name\":\"Kuksa-tilausj\u00e4rjestelm\u00e4n k\u00e4ytt\u00f6ohjeet\"}]},{\"@type\":\"WebSite\",\"@id\":\"https:\\\/\\\/www.adventtikalenteri.fi\\\/myyjille\\\/#website\",\"url\":\"https:\\\/\\\/www.adventtikalenteri.fi\\\/myyjille\\\/\",\"name\":\"Ohjesivusto adventtikalenterin myyjille\",\"description\":\"\",\"potentialAction\":[{\"@type\":\"SearchAction\",\"target\":{\"@type\":\"EntryPoint\",\"urlTemplate\":\"https:\\\/\\\/www.adventtikalenteri.fi\\\/myyjille\\\/?s={search_term_string}\"},\"query-input\":{\"@type\":\"PropertyValueSpecification\",\"valueRequired\":true,\"valueName\":\"search_term_string\"}}],\"inLanguage\":\"fi\"}]}<\/script>\n<!-- \/ Yoast SEO plugin. -->","yoast_head_json":{"title":"Kuksa-tilausj\u00e4rjestelm\u00e4n k\u00e4ytt\u00f6ohjeet - Ohjesivusto adventtikalenterin myyjille","robots":{"index":"index","follow":"follow","max-snippet":"max-snippet:-1","max-image-preview":"max-image-preview:large","max-video-preview":"max-video-preview:-1"},"canonical":"https:\/\/www.adventtikalenteri.fi\/myyjille\/kampanjan-hallinta\/kampanjan-kaynnistaminen\/kuksa-tilausjarjestelman-kayttoohjeet\/","og_locale":"fi_FI","og_type":"article","og_title":"Kuksa-tilausj\u00e4rjestelm\u00e4n k\u00e4ytt\u00f6ohjeet - Ohjesivusto adventtikalenterin myyjille","og_description":"Kuksa-tilausj\u00e4rjestelm\u00e4n k\u00e4ytt\u00f6ohjeet Adventtikalenterikampanjaa hallinnoidaan Kuksan kautta. Oheisten linkkien kautta l\u00f6yd\u00e4t","og_url":"https:\/\/www.adventtikalenteri.fi\/myyjille\/kampanjan-hallinta\/kampanjan-kaynnistaminen\/kuksa-tilausjarjestelman-kayttoohjeet\/","og_site_name":"Ohjesivusto adventtikalenterin myyjille","article_modified_time":"2025-09-16T06:39:38+00:00","og_image":[{"width":1500,"height":1000,"url":"https:\/\/www.adventtikalenteri.fi\/myyjille\/wp-content\/uploads\/sites\/2\/2025\/08\/Adventtikalenteri25_NettaHautamaki_35.jpg","type":"image\/jpeg"}],"twitter_card":"summary_large_image","twitter_misc":{"Arvioitu lukuaika":"2 minuuttia"},"schema":{"@context":"https:\/\/schema.org","@graph":[{"@type":"WebPage","@id":"https:\/\/www.adventtikalenteri.fi\/myyjille\/kampanjan-hallinta\/kampanjan-kaynnistaminen\/kuksa-tilausjarjestelman-kayttoohjeet\/","url":"https:\/\/www.adventtikalenteri.fi\/myyjille\/kampanjan-hallinta\/kampanjan-kaynnistaminen\/kuksa-tilausjarjestelman-kayttoohjeet\/","name":"Kuksa-tilausj\u00e4rjestelm\u00e4n k\u00e4ytt\u00f6ohjeet - Ohjesivusto adventtikalenterin myyjille","isPartOf":{"@id":"https:\/\/www.adventtikalenteri.fi\/myyjille\/#website"},"datePublished":"2021-08-25T07:35:47+00:00","dateModified":"2025-09-16T06:39:38+00:00","breadcrumb":{"@id":"https:\/\/www.adventtikalenteri.fi\/myyjille\/kampanjan-hallinta\/kampanjan-kaynnistaminen\/kuksa-tilausjarjestelman-kayttoohjeet\/#breadcrumb"},"inLanguage":"fi","potentialAction":[{"@type":"ReadAction","target":["https:\/\/www.adventtikalenteri.fi\/myyjille\/kampanjan-hallinta\/kampanjan-kaynnistaminen\/kuksa-tilausjarjestelman-kayttoohjeet\/"]}]},{"@type":"BreadcrumbList","@id":"https:\/\/www.adventtikalenteri.fi\/myyjille\/kampanjan-hallinta\/kampanjan-kaynnistaminen\/kuksa-tilausjarjestelman-kayttoohjeet\/#breadcrumb","itemListElement":[{"@type":"ListItem","position":1,"name":"Etusivu","item":"https:\/\/www.adventtikalenteri.fi\/myyjille\/"},{"@type":"ListItem","position":2,"name":"Kampanjan hallinta","item":"https:\/\/www.adventtikalenteri.fi\/myyjille\/kampanjan-hallinta\/"},{"@type":"ListItem","position":3,"name":"Kampanja k\u00e4yntiin","item":"https:\/\/www.adventtikalenteri.fi\/myyjille\/kampanjan-hallinta\/kampanjan-kaynnistaminen\/"},{"@type":"ListItem","position":4,"name":"Kuksa-tilausj\u00e4rjestelm\u00e4n k\u00e4ytt\u00f6ohjeet"}]},{"@type":"WebSite","@id":"https:\/\/www.adventtikalenteri.fi\/myyjille\/#website","url":"https:\/\/www.adventtikalenteri.fi\/myyjille\/","name":"Ohjesivusto adventtikalenterin myyjille","description":"","potentialAction":[{"@type":"SearchAction","target":{"@type":"EntryPoint","urlTemplate":"https:\/\/www.adventtikalenteri.fi\/myyjille\/?s={search_term_string}"},"query-input":{"@type":"PropertyValueSpecification","valueRequired":true,"valueName":"search_term_string"}}],"inLanguage":"fi"}]}},"_links":{"self":[{"href":"https:\/\/www.adventtikalenteri.fi\/myyjille\/wp-json\/wp\/v2\/pages\/288","targetHints":{"allow":["GET"]}}],"collection":[{"href":"https:\/\/www.adventtikalenteri.fi\/myyjille\/wp-json\/wp\/v2\/pages"}],"about":[{"href":"https:\/\/www.adventtikalenteri.fi\/myyjille\/wp-json\/wp\/v2\/types\/page"}],"author":[{"embeddable":true,"href":"https:\/\/www.adventtikalenteri.fi\/myyjille\/wp-json\/wp\/v2\/users\/3"}],"replies":[{"embeddable":true,"href":"https:\/\/www.adventtikalenteri.fi\/myyjille\/wp-json\/wp\/v2\/comments?post=288"}],"version-history":[{"count":14,"href":"https:\/\/www.adventtikalenteri.fi\/myyjille\/wp-json\/wp\/v2\/pages\/288\/revisions"}],"predecessor-version":[{"id":3824,"href":"https:\/\/www.adventtikalenteri.fi\/myyjille\/wp-json\/wp\/v2\/pages\/288\/revisions\/3824"}],"up":[{"embeddable":true,"href":"https:\/\/www.adventtikalenteri.fi\/myyjille\/wp-json\/wp\/v2\/pages\/236"}],"wp:attachment":[{"href":"https:\/\/www.adventtikalenteri.fi\/myyjille\/wp-json\/wp\/v2\/media?parent=288"}],"curies":[{"name":"wp","href":"https:\/\/api.w.org\/{rel}","templated":true}]}}