{"id":298,"date":"2021-08-25T10:42:54","date_gmt":"2021-08-25T07:42:54","guid":{"rendered":"https:\/\/www.adventtikalenteri.fi\/myyjille\/?page_id=298"},"modified":"2025-08-28T12:37:28","modified_gmt":"2025-08-28T09:37:28","slug":"kalenterien-tilaaminen","status":"publish","type":"page","link":"https:\/\/www.adventtikalenteri.fi\/myyjille\/kampanjan-hallinta\/kampanjan-kaynnistaminen\/kuksa-tilausjarjestelman-kayttoohjeet\/kalenterien-tilaaminen\/","title":{"rendered":"Kalenterien tilaaminen"},"content":{"rendered":"\n<p class=\"is-style-lead\">Lippukunnan joulukampanjap\u00e4\u00e4llikk\u00f6 tilaa piireilt\u00e4 lippukunnan adventtikalenterit sek\u00e4 muut mahdolliset kampanjatuotteet.<\/p>\n\n\n\n<h2 class=\"wp-block-heading\">Tilauksen tekeminen<\/h2>\n\n\n\n<ul class=\"wp-block-list\">\n<li>Kirjaudu <a href=\"http:\/\/kuksa.partio.fi\">Kuksaan<\/a>.<\/li>\n\n\n\n<li>Etsi hakutoiminnolla oma lippukuntasi.<\/li>\n\n\n\n<li>Valitse aukeavasta n\u00e4kym\u00e4st\u00e4 <strong>Kampanjan tuotemyynti<\/strong> -v\u00e4lilehti.<\/li>\n\n\n\n<li>Valitse alasvetovalikosta tuote: <strong>Adventtikalenteri 2025<\/strong>.<\/li>\n\n\n\n<li>Valitse \u201dOmat tilaukseni\u201d -otsikon alta painike \u201d<strong>Lis\u00e4\u00e4 tilaus<\/strong>\u201d.<\/li>\n\n\n\n<li>T\u00e4yt\u00e4 tilauksen tiedot<\/li>\n\n\n\n<li>Tallenna<\/li>\n<\/ul>\n\n\n\n<figure class=\"wp-block-embed is-type-video is-provider-youtube wp-block-embed-youtube wp-embed-aspect-16-9 wp-has-aspect-ratio\"><div class=\"wp-block-embed__wrapper\">\n<div class=\"oembed oembed-youtube\"><iframe loading=\"lazy\" title=\"Kuksakoulutus:  Adventtikalenterien tilaaminen\" width=\"750\" height=\"422\" src=\"https:\/\/www.youtube.com\/embed\/rtwzpBiBLpM?feature=oembed\" frameborder=\"0\" allow=\"accelerometer; autoplay; clipboard-write; encrypted-media; gyroscope; picture-in-picture; web-share\" referrerpolicy=\"strict-origin-when-cross-origin\" allowfullscreen><\/iframe><\/div>\n<\/div><figcaption class=\"wp-element-caption\">Katso koulutusvideo tilauksen tekemisest\u00e4 Kuksassa. <a href=\"https:\/\/www.adventtikalenteri.fi\/myyjille\/kampanjan-hallinta\/kampanjan-kaynnistaminen\/kuksa-tilausjarjestelman-kayttoohjeet\/\">Katso kaikki Kuksa-ohjeet<\/a><\/figcaption><\/figure>\n\n\n\n<h2 class=\"wp-block-heading\">Tilauksen vastaanottaminen<\/h2>\n\n\n\n<p>Kun lippukunnan joulukampanjap\u00e4\u00e4llikk\u00f6 on tehnyt tilauksen Kuksassa, tilaus siirtyy piirille. Piiri toimittaa kalenterit sek\u00e4 mahdolliset muut kampanjatuotteet. <\/p>\n\n\n\n<p>Kun lippukunta on saanut tilaamansa tuotteet, tarkista toimitettu m\u00e4\u00e4r\u00e4 ja jos m\u00e4\u00e4r\u00e4 t\u00e4sm\u00e4\u00e4, paina \u201dVastaanotettu\u201d nappia. Jokaiselle tuotteelle l\u00f6ytyy omat vastaanottokuittausnapit.<\/p>\n\n\n\n<p>Katso piirikohtaiset ohjeet kalenterien toimituspaikkoihin alta.<\/p>\n\n\n\n<figure class=\"wp-block-embed is-type-video is-provider-youtube wp-block-embed-youtube wp-embed-aspect-16-9 wp-has-aspect-ratio\"><div class=\"wp-block-embed__wrapper\">\n<div class=\"oembed oembed-youtube\"><iframe loading=\"lazy\" title=\"Kuksakoulutus: Adventtikalenterien vastaanottaminen lippukunnassa\" width=\"750\" height=\"422\" src=\"https:\/\/www.youtube.com\/embed\/NPINwk-ZYXo?feature=oembed\" frameborder=\"0\" allow=\"accelerometer; autoplay; clipboard-write; encrypted-media; gyroscope; picture-in-picture; web-share\" referrerpolicy=\"strict-origin-when-cross-origin\" allowfullscreen><\/iframe><\/div>\n<\/div><figcaption class=\"wp-element-caption\">Katso koulutusvideo tilauksen vastaanottamisesta Kuksassa. <a href=\"https:\/\/www.adventtikalenteri.fi\/myyjille\/kampanjan-hallinta\/kampanjan-kaynnistaminen\/kuksa-tilausjarjestelman-kayttoohjeet\/\">Katso kaikki Kuksa-ohjeet<\/a><\/figcaption><\/figure>\n\n\n\n<h2 class=\"wp-block-heading\">Kalentereiden lis\u00e4tilaukset<\/h2>\n\n\n\n<p>Adventtikalentereita kannattaa ehdottomasti tilata kerralla mahdollisimman paljon, jotteiv\u00e4t ne p\u00e4\u00e4se loppumaan myyntitahdin kiristyess\u00e4. <strong>Muistathan, ett\u00e4 kalentereita voi tarvittaessa palauttaa 50 % tilatuista<\/strong>, joten ei kannata himmailla tilausm\u00e4\u00e4r\u00e4n kanssa.<\/p>\n\n\n\n<p>Kalentereita voi kuitenkin tilata lis\u00e4\u00e4 lippukunnalle, mutta kannattaa varautua siihen, ett\u00e4 lis\u00e4tilauksia saattaa joutua odottelemaan jonkin verran.<\/p>\n\n\n\n<p><a href=\"https:\/\/www.adventtikalenteri.fi\/myyjille\/kampanjan-hallinta\/kampanjan-aikana\/nain-tilaat-lisaa-kalentereita-lippukunnalle\/\">Katso ohjeet lis\u00e4tilauksen tekemiseen.<\/a><\/p>\n\n\n\n<h2 class=\"wp-block-heading\">Piirikohtaiset kalenterien noutopaikat<\/h2>\n\n\n\n<h3 class=\"wp-block-heading\">Etel\u00e4-Karjalan Partiolaiset<\/h3>\n\n\n\n<ul class=\"wp-block-list\">\n<li>7.10.2025 klo 17.30 &#8211; 19.30 Joulukampanjap\u00e4\u00e4llikk\u00f6tapaamisen yhteyteydess\u00e4, Joutseno-talo, Kesolantie 1, 54100 Joutseno<\/li>\n\n\n\n<li>Muista noudoista sovitaan erikseen Nallen kanssa.<\/li>\n<\/ul>\n\n\n\n<h3 class=\"wp-block-heading\">Finlands Svenska Scouter<\/h3>\n\n\n\n<ul class=\"wp-block-list\">\n<li>Scoutstationen, T\u00f6l\u00f6gatan 55: H\u00f6r dig f\u00f6r med Frida om du vill komma efter kalendrar fr\u00e5n Scoutstationen.<\/li>\n\n\n\n<li>Scoutkansliet i Jakobstad, J\u00e4rnv\u00e4gsgatan 24: H\u00f6r dig f\u00f6r med Emma Portman om du vill h\u00e4mta kalendrar i Jakobstad.<\/li>\n\n\n\n<li>Notera att vi inte alltid \u00e4r p\u00e5 plats utan \u00f6verenskommen tidpunkt kr\u00e4vs.<\/li>\n<\/ul>\n\n\n\n<h3 class=\"wp-block-heading\">H\u00e4meen Partiolaiset<\/h3>\n\n\n\n<ul class=\"wp-block-list\">\n<li>Yliopistonkatu 60 A, Tampere\n<ul class=\"wp-block-list\">\n<li>ma, ti, ke ja pe klo 10-16 ja to 10-17<\/li>\n<\/ul>\n<\/li>\n\n\n\n<li>Crazy Town, Raatihuoneenkatu 21\u201323, H\u00e4meenlinna,\n<ul class=\"wp-block-list\">\n<li>sopimuksen mukaan<\/li>\n<\/ul>\n<\/li>\n\n\n\n<li>Sopenkorven Varasto,\n<ul class=\"wp-block-list\">\n<li>Sopenkorvenkatu 15, Lahti, sopimuksen mukaan<\/li>\n<\/ul>\n<\/li>\n<\/ul>\n\n\n\n<h3 class=\"wp-block-heading\">J\u00e4rvi-Suomen Partiolaiset<\/h3>\n\n\n\n<ul class=\"wp-block-list\">\n<li>Joensuun partiotalolta ke 24.9. klo 14\u201316.30<\/li>\n\n\n\n<li>Jyv\u00e4skyl\u00e4n toimistolta kampanjap\u00e4\u00e4llikk\u00f6tapaamisessa 2.10. klo 18\u201319.30. Muutoin sopimuksen mukaan Niinalta puh. 050\u202f917 0799<\/li>\n\n\n\n<li>Kajaanissa vanhan vesilaitoksen p-paikka ke 1.10. klo 14\u201316<\/li>\n\n\n\n<li>Kuopion toimistolta Pialta pe 3.10. klo 13\u201316.30 ja ma 6.10. klo 13\u201320, puh. 050 363 6028<\/li>\n\n\n\n<li>Mikkeliss\u00e4 Nallelta sopimuksen mukaan 4.9. j\u00e4lkeen puh. 050 363 6043<\/li>\n\n\n\n<li>Adventtikalentereja on mahdollista saada my\u00f6s Parveiluissa. Muistattehan kuitenkin tilata ne lippukunnan Kuksasta (Kampanjan tuotemyynti) etuk\u00e4teen!<\/li>\n<\/ul>\n\n\n\n<h3 class=\"wp-block-heading\">Kymenlaakson partiopiiri ry&nbsp;&nbsp;&nbsp;<\/h3>\n\n\n\n<ul class=\"wp-block-list\">\n<li>Ensisijaiset noudot joulukampanjap\u00e4\u00e4llikk\u00f6tapaamisissa 29.9. Kouvola ja 2.10. Kotka<\/li>\n\n\n\n<li>Partiotoimisto (Varuskuntakatu 8, Kouvola) sopimuksen mukaan<\/li>\n<\/ul>\n\n\n\n<h3 class=\"wp-block-heading\">Lapin Partiolaiset&nbsp;&nbsp;&nbsp;&nbsp;&nbsp;&nbsp;&nbsp;&nbsp;&nbsp;&nbsp;&nbsp;&nbsp;&nbsp;&nbsp;&nbsp;&nbsp;&nbsp;&nbsp;&nbsp;&nbsp;&nbsp;&nbsp;&nbsp;<\/h3>\n\n\n\n<ul class=\"wp-block-list\">\n<li>Kalentereita voi noutaa piiritoimistolta tai pyyt\u00e4\u00e4 toimitusta piirin syyskauden tapahtumiin. Esimerkiksi aluetapaamiset, syyskisat ja syyskokous ovat erinomaisia paikkoja kalenteritoimituksille. Sovi toimituksesta tai noudosta etuk\u00e4teen j\u00e4rjest\u00f6koordinaattori Sarin kanssa<\/li>\n<\/ul>\n\n\n\n<h3 class=\"wp-block-heading\">Lounais-Suomen Partiopiiri&nbsp;&nbsp;&nbsp;&nbsp;<\/h3>\n\n\n\n<ul class=\"wp-block-list\">\n<li>Viikolla 41 kalentereita voi noutaa Turun partiotoimistolta ma-pe klo 12-18<\/li>\n\n\n\n<li>Viikolla 41 kalentereita voi noutaa Porin partiotoimistolta toimiston aukioloaikojen puitteissa (<a href=\"https:\/\/lounaissuomi.partio.fi\/piiri\/yhteystiedot\">https:\/\/lounaissuomi.partio.fi\/piiri\/yhteystiedot<\/a>\/) tai sovittaessa P\u00e4ivi Jousteen kanssa (044 704 4550, paivi.jouste@partio.fi) Viikon 41 j\u00e4lkeen kalentereita saa noutaa toimiston aukioloaikojen puitteissa<\/li>\n<\/ul>\n\n\n\n<h3 class=\"wp-block-heading\">Pohjanmaan Partiolaiset&nbsp;<\/h3>\n\n\n\n<ul class=\"wp-block-list\">\n<li>Oulu, piirin varasto, Ostomiehentie 17 tila 2, 90220 Oulu, to 25.9. klo 12-20<\/li>\n\n\n\n<li>Vaasa, piiritoimisto, Rauhankatu 8, 23.9. tai sen j\u00e4lkeen, sovi aika erikseen Nooran kanssa<\/li>\n\n\n\n<li>Sein\u00e4joki, piiritoimisto, Seuralantie 5 parkkipaikka, ti 24.9. klo 12-20<\/li>\n\n\n\n<li>Kokkola, joulukampanjap\u00e4\u00e4llik\u00f6iden tapaaminen, Kaarlelankatu 55, to 9.10. Klo 18-2<\/li>\n<\/ul>\n\n\n\n<h3 class=\"wp-block-heading\">P\u00e4\u00e4kaupunkiseudun Partiolaiset<\/h3>\n\n\n\n<p>1.10. Kalenterien nouto Partioaseman takapihalta kello 14.00\u201318.00 v\u00e4lisen\u00e4 aikana (T\u00f6\u00f6l\u00f6nkatu 55, 00250 Helsinki). 2.10. j\u00e4lkeen toimiston aukioloaikoina ti-to kello 9-16.<\/p>\n\n\n\n<h3 class=\"wp-block-heading\">Uudenmaan Partiopiiri&nbsp;&nbsp;&nbsp;&nbsp;&nbsp;&nbsp;&nbsp;&nbsp;&nbsp;&nbsp;&nbsp;&nbsp;<\/h3>\n\n\n\n<p>1.10. klo 14-18 Partioasemalta (T\u00f6\u00f6l\u00f6nkatu 55, 00250 Helsinki)<\/p>\n\n\n\n<p><\/p>\n","protected":false},"excerpt":{"rendered":"<p>Lippukunnan joulukampanjap\u00e4\u00e4llikk\u00f6 tilaa piireilt\u00e4 lippukunnan adventtikalenterit sek\u00e4 muut mahdolliset kampanjatuotteet.<\/p>\n","protected":false},"author":3,"featured_media":0,"parent":288,"menu_order":0,"comment_status":"closed","ping_status":"closed","template":"","meta":{"_acf_changed":false,"_relevanssi_hide_post":"","_relevanssi_hide_content":"","_relevanssi_pin_for_all":"","_relevanssi_pin_keywords":"","_relevanssi_unpin_keywords":"","_relevanssi_related_keywords":"","_relevanssi_related_include_ids":"","_relevanssi_related_exclude_ids":"","_relevanssi_related_no_append":"","_relevanssi_related_not_related":"","_relevanssi_related_posts":"1366,550,1486,1230,1072,417","_relevanssi_noindex_reason":"","footnotes":""},"class_list":["post-298","page","type-page","status-publish","hentry"],"acf":[],"yoast_head":"<!-- This site is optimized with the Yoast SEO plugin v27.3 - https:\/\/yoast.com\/product\/yoast-seo-wordpress\/ -->\n<title>Kalenterien tilaaminen - Ohjesivusto adventtikalenterin myyjille<\/title>\n<meta name=\"robots\" content=\"index, follow, max-snippet:-1, max-image-preview:large, max-video-preview:-1\" \/>\n<link rel=\"canonical\" href=\"https:\/\/www.adventtikalenteri.fi\/myyjille\/kampanjan-hallinta\/kampanjan-kaynnistaminen\/kuksa-tilausjarjestelman-kayttoohjeet\/kalenterien-tilaaminen\/\" \/>\n<meta property=\"og:locale\" content=\"fi_FI\" \/>\n<meta property=\"og:type\" content=\"article\" \/>\n<meta property=\"og:title\" content=\"Kalenterien tilaaminen - Ohjesivusto adventtikalenterin myyjille\" \/>\n<meta property=\"og:description\" content=\"Lippukunnan joulukampanjap\u00e4\u00e4llikk\u00f6 tilaa piireilt\u00e4 lippukunnan adventtikalenterit sek\u00e4 muut mahdolliset kampanjatuotteet.\" \/>\n<meta property=\"og:url\" content=\"https:\/\/www.adventtikalenteri.fi\/myyjille\/kampanjan-hallinta\/kampanjan-kaynnistaminen\/kuksa-tilausjarjestelman-kayttoohjeet\/kalenterien-tilaaminen\/\" \/>\n<meta property=\"og:site_name\" content=\"Ohjesivusto adventtikalenterin myyjille\" \/>\n<meta property=\"article:modified_time\" content=\"2025-08-28T09:37:28+00:00\" \/>\n<meta property=\"og:image\" content=\"https:\/\/www.adventtikalenteri.fi\/myyjille\/wp-content\/uploads\/sites\/2\/2025\/08\/Adventtikalenteri25_NettaHautamaki_35.jpg\" \/>\n\t<meta property=\"og:image:width\" content=\"1500\" \/>\n\t<meta property=\"og:image:height\" content=\"1000\" \/>\n\t<meta property=\"og:image:type\" content=\"image\/jpeg\" \/>\n<meta name=\"twitter:card\" content=\"summary_large_image\" \/>\n<meta name=\"twitter:label1\" content=\"Arvioitu lukuaika\" \/>\n\t<meta name=\"twitter:data1\" content=\"4 minuuttia\" \/>\n<script type=\"application\/ld+json\" class=\"yoast-schema-graph\">{\"@context\":\"https:\\\/\\\/schema.org\",\"@graph\":[{\"@type\":\"WebPage\",\"@id\":\"https:\\\/\\\/www.adventtikalenteri.fi\\\/myyjille\\\/kampanjan-hallinta\\\/kampanjan-kaynnistaminen\\\/kuksa-tilausjarjestelman-kayttoohjeet\\\/kalenterien-tilaaminen\\\/\",\"url\":\"https:\\\/\\\/www.adventtikalenteri.fi\\\/myyjille\\\/kampanjan-hallinta\\\/kampanjan-kaynnistaminen\\\/kuksa-tilausjarjestelman-kayttoohjeet\\\/kalenterien-tilaaminen\\\/\",\"name\":\"Kalenterien tilaaminen - Ohjesivusto adventtikalenterin myyjille\",\"isPartOf\":{\"@id\":\"https:\\\/\\\/www.adventtikalenteri.fi\\\/myyjille\\\/#website\"},\"datePublished\":\"2021-08-25T07:42:54+00:00\",\"dateModified\":\"2025-08-28T09:37:28+00:00\",\"breadcrumb\":{\"@id\":\"https:\\\/\\\/www.adventtikalenteri.fi\\\/myyjille\\\/kampanjan-hallinta\\\/kampanjan-kaynnistaminen\\\/kuksa-tilausjarjestelman-kayttoohjeet\\\/kalenterien-tilaaminen\\\/#breadcrumb\"},\"inLanguage\":\"fi\",\"potentialAction\":[{\"@type\":\"ReadAction\",\"target\":[\"https:\\\/\\\/www.adventtikalenteri.fi\\\/myyjille\\\/kampanjan-hallinta\\\/kampanjan-kaynnistaminen\\\/kuksa-tilausjarjestelman-kayttoohjeet\\\/kalenterien-tilaaminen\\\/\"]}]},{\"@type\":\"BreadcrumbList\",\"@id\":\"https:\\\/\\\/www.adventtikalenteri.fi\\\/myyjille\\\/kampanjan-hallinta\\\/kampanjan-kaynnistaminen\\\/kuksa-tilausjarjestelman-kayttoohjeet\\\/kalenterien-tilaaminen\\\/#breadcrumb\",\"itemListElement\":[{\"@type\":\"ListItem\",\"position\":1,\"name\":\"Etusivu\",\"item\":\"https:\\\/\\\/www.adventtikalenteri.fi\\\/myyjille\\\/\"},{\"@type\":\"ListItem\",\"position\":2,\"name\":\"Kampanjan hallinta\",\"item\":\"https:\\\/\\\/www.adventtikalenteri.fi\\\/myyjille\\\/kampanjan-hallinta\\\/\"},{\"@type\":\"ListItem\",\"position\":3,\"name\":\"Kampanja k\u00e4yntiin\",\"item\":\"https:\\\/\\\/www.adventtikalenteri.fi\\\/myyjille\\\/kampanjan-hallinta\\\/kampanjan-kaynnistaminen\\\/\"},{\"@type\":\"ListItem\",\"position\":4,\"name\":\"Kuksa-tilausj\u00e4rjestelm\u00e4n k\u00e4ytt\u00f6ohjeet\",\"item\":\"https:\\\/\\\/www.adventtikalenteri.fi\\\/myyjille\\\/kampanjan-hallinta\\\/kampanjan-kaynnistaminen\\\/kuksa-tilausjarjestelman-kayttoohjeet\\\/\"},{\"@type\":\"ListItem\",\"position\":5,\"name\":\"Kalenterien tilaaminen\"}]},{\"@type\":\"WebSite\",\"@id\":\"https:\\\/\\\/www.adventtikalenteri.fi\\\/myyjille\\\/#website\",\"url\":\"https:\\\/\\\/www.adventtikalenteri.fi\\\/myyjille\\\/\",\"name\":\"Ohjesivusto adventtikalenterin myyjille\",\"description\":\"\",\"potentialAction\":[{\"@type\":\"SearchAction\",\"target\":{\"@type\":\"EntryPoint\",\"urlTemplate\":\"https:\\\/\\\/www.adventtikalenteri.fi\\\/myyjille\\\/?s={search_term_string}\"},\"query-input\":{\"@type\":\"PropertyValueSpecification\",\"valueRequired\":true,\"valueName\":\"search_term_string\"}}],\"inLanguage\":\"fi\"}]}<\/script>\n<!-- \/ Yoast SEO plugin. -->","yoast_head_json":{"title":"Kalenterien tilaaminen - Ohjesivusto adventtikalenterin myyjille","robots":{"index":"index","follow":"follow","max-snippet":"max-snippet:-1","max-image-preview":"max-image-preview:large","max-video-preview":"max-video-preview:-1"},"canonical":"https:\/\/www.adventtikalenteri.fi\/myyjille\/kampanjan-hallinta\/kampanjan-kaynnistaminen\/kuksa-tilausjarjestelman-kayttoohjeet\/kalenterien-tilaaminen\/","og_locale":"fi_FI","og_type":"article","og_title":"Kalenterien tilaaminen - Ohjesivusto adventtikalenterin myyjille","og_description":"Lippukunnan joulukampanjap\u00e4\u00e4llikk\u00f6 tilaa piireilt\u00e4 lippukunnan adventtikalenterit sek\u00e4 muut mahdolliset kampanjatuotteet.","og_url":"https:\/\/www.adventtikalenteri.fi\/myyjille\/kampanjan-hallinta\/kampanjan-kaynnistaminen\/kuksa-tilausjarjestelman-kayttoohjeet\/kalenterien-tilaaminen\/","og_site_name":"Ohjesivusto adventtikalenterin myyjille","article_modified_time":"2025-08-28T09:37:28+00:00","og_image":[{"width":1500,"height":1000,"url":"https:\/\/www.adventtikalenteri.fi\/myyjille\/wp-content\/uploads\/sites\/2\/2025\/08\/Adventtikalenteri25_NettaHautamaki_35.jpg","type":"image\/jpeg"}],"twitter_card":"summary_large_image","twitter_misc":{"Arvioitu lukuaika":"4 minuuttia"},"schema":{"@context":"https:\/\/schema.org","@graph":[{"@type":"WebPage","@id":"https:\/\/www.adventtikalenteri.fi\/myyjille\/kampanjan-hallinta\/kampanjan-kaynnistaminen\/kuksa-tilausjarjestelman-kayttoohjeet\/kalenterien-tilaaminen\/","url":"https:\/\/www.adventtikalenteri.fi\/myyjille\/kampanjan-hallinta\/kampanjan-kaynnistaminen\/kuksa-tilausjarjestelman-kayttoohjeet\/kalenterien-tilaaminen\/","name":"Kalenterien tilaaminen - Ohjesivusto adventtikalenterin myyjille","isPartOf":{"@id":"https:\/\/www.adventtikalenteri.fi\/myyjille\/#website"},"datePublished":"2021-08-25T07:42:54+00:00","dateModified":"2025-08-28T09:37:28+00:00","breadcrumb":{"@id":"https:\/\/www.adventtikalenteri.fi\/myyjille\/kampanjan-hallinta\/kampanjan-kaynnistaminen\/kuksa-tilausjarjestelman-kayttoohjeet\/kalenterien-tilaaminen\/#breadcrumb"},"inLanguage":"fi","potentialAction":[{"@type":"ReadAction","target":["https:\/\/www.adventtikalenteri.fi\/myyjille\/kampanjan-hallinta\/kampanjan-kaynnistaminen\/kuksa-tilausjarjestelman-kayttoohjeet\/kalenterien-tilaaminen\/"]}]},{"@type":"BreadcrumbList","@id":"https:\/\/www.adventtikalenteri.fi\/myyjille\/kampanjan-hallinta\/kampanjan-kaynnistaminen\/kuksa-tilausjarjestelman-kayttoohjeet\/kalenterien-tilaaminen\/#breadcrumb","itemListElement":[{"@type":"ListItem","position":1,"name":"Etusivu","item":"https:\/\/www.adventtikalenteri.fi\/myyjille\/"},{"@type":"ListItem","position":2,"name":"Kampanjan hallinta","item":"https:\/\/www.adventtikalenteri.fi\/myyjille\/kampanjan-hallinta\/"},{"@type":"ListItem","position":3,"name":"Kampanja k\u00e4yntiin","item":"https:\/\/www.adventtikalenteri.fi\/myyjille\/kampanjan-hallinta\/kampanjan-kaynnistaminen\/"},{"@type":"ListItem","position":4,"name":"Kuksa-tilausj\u00e4rjestelm\u00e4n k\u00e4ytt\u00f6ohjeet","item":"https:\/\/www.adventtikalenteri.fi\/myyjille\/kampanjan-hallinta\/kampanjan-kaynnistaminen\/kuksa-tilausjarjestelman-kayttoohjeet\/"},{"@type":"ListItem","position":5,"name":"Kalenterien tilaaminen"}]},{"@type":"WebSite","@id":"https:\/\/www.adventtikalenteri.fi\/myyjille\/#website","url":"https:\/\/www.adventtikalenteri.fi\/myyjille\/","name":"Ohjesivusto adventtikalenterin myyjille","description":"","potentialAction":[{"@type":"SearchAction","target":{"@type":"EntryPoint","urlTemplate":"https:\/\/www.adventtikalenteri.fi\/myyjille\/?s={search_term_string}"},"query-input":{"@type":"PropertyValueSpecification","valueRequired":true,"valueName":"search_term_string"}}],"inLanguage":"fi"}]}},"_links":{"self":[{"href":"https:\/\/www.adventtikalenteri.fi\/myyjille\/wp-json\/wp\/v2\/pages\/298","targetHints":{"allow":["GET"]}}],"collection":[{"href":"https:\/\/www.adventtikalenteri.fi\/myyjille\/wp-json\/wp\/v2\/pages"}],"about":[{"href":"https:\/\/www.adventtikalenteri.fi\/myyjille\/wp-json\/wp\/v2\/types\/page"}],"author":[{"embeddable":true,"href":"https:\/\/www.adventtikalenteri.fi\/myyjille\/wp-json\/wp\/v2\/users\/3"}],"replies":[{"embeddable":true,"href":"https:\/\/www.adventtikalenteri.fi\/myyjille\/wp-json\/wp\/v2\/comments?post=298"}],"version-history":[{"count":14,"href":"https:\/\/www.adventtikalenteri.fi\/myyjille\/wp-json\/wp\/v2\/pages\/298\/revisions"}],"predecessor-version":[{"id":3678,"href":"https:\/\/www.adventtikalenteri.fi\/myyjille\/wp-json\/wp\/v2\/pages\/298\/revisions\/3678"}],"up":[{"embeddable":true,"href":"https:\/\/www.adventtikalenteri.fi\/myyjille\/wp-json\/wp\/v2\/pages\/288"}],"wp:attachment":[{"href":"https:\/\/www.adventtikalenteri.fi\/myyjille\/wp-json\/wp\/v2\/media?parent=298"}],"curies":[{"name":"wp","href":"https:\/\/api.w.org\/{rel}","templated":true}]}}