{"id":300,"date":"2021-08-25T10:50:12","date_gmt":"2021-08-25T07:50:12","guid":{"rendered":"https:\/\/www.adventtikalenteri.fi\/myyjille\/?page_id=300"},"modified":"2025-09-16T10:37:40","modified_gmt":"2025-09-16T07:37:40","slug":"myyntipaikan-ilmoittaminen","status":"publish","type":"page","link":"https:\/\/www.adventtikalenteri.fi\/myyjille\/kampanjan-hallinta\/kampanjan-aikana\/myyntipaikan-ilmoittaminen\/","title":{"rendered":"Myyntipaikan ilmoittaminen"},"content":{"rendered":"<h1>N\u00e4in lis\u00e4\u00e4t myyntipaikan verkkokaupan myyntipaikkahakuun<\/h1>\n<p class=\"lead\">Kun olette p\u00e4\u00e4tt\u00e4neet miss\u00e4 ja milloin myytte adventtikalentereita, kannattaa siit\u00e4 kertoa my\u00f6s asiakkaille! Adventtikalenterin nettisivuilla on n\u00e4kyvill\u00e4 kaikki kalenterien myyntipaikat. Onhan omanne jo n\u00e4kyvill\u00e4?<\/p>\n<p>Kampanjap\u00e4\u00e4llikk\u00f6kyselyn mukaan myyntipaikkansa verkkosivuilla ilmoittavat lippukunnat myyv\u00e4t kalentereita 36 prosenttia muita enemm\u00e4n.<\/p>\n<p>Lippukunnan joulukampanjap\u00e4\u00e4llikk\u00f6 p\u00e4\u00e4see lis\u00e4\u00e4m\u00e4\u00e4n myyntipaikat adventtikalenterin nettisivuille partiorekisteri Kuksan kautta.<\/p>\n<h3>Myyntipaikan lis\u00e4\u00e4minen tapahtuu n\u00e4in:<\/h3>\n<ul>\n<li>Kirjaudu Kuksaan.<\/li>\n<li>Etsi hakutoiminnolla oma lippukuntasi.<\/li>\n<li>Valitse aukeavasta n\u00e4kym\u00e4st\u00e4 Kampanjan tuotemyynti -v\u00e4lilehti.<\/li>\n<li>Valitse otsikon \u201dMyyntipaikat\u201d alla oleva painike \u201dLis\u00e4\u00e4 myyntipaikka\u201d (Muista tarkistaa, ett\u00e4 Adventtikalenteri 2025 -tuote on valittuna).<\/li>\n<li>Kirjoita myyntipaikan tiedot.<\/li>\n<li>Tallenna ja tee kaikille eri myyntipaikoille ja -p\u00e4iville sama.<\/li>\n<\/ul>\n<p>Uudet myyntipaikat ilmestyv\u00e4t sivulle muutaman tunnin sis\u00e4ll\u00e4.<\/p>\n\n\n<figure class=\"wp-block-embed is-type-video is-provider-youtube wp-block-embed-youtube wp-embed-aspect-16-9 wp-has-aspect-ratio\"><div class=\"wp-block-embed__wrapper\">\n<div class=\"oembed oembed-youtube\"><iframe loading=\"lazy\" title=\"Kuksakoulutus: Lippukunnan myyntipaikkojen merkitseminen\" width=\"750\" height=\"422\" src=\"https:\/\/www.youtube.com\/embed\/0C8u2SrxQ8g?feature=oembed\" frameborder=\"0\" allow=\"accelerometer; autoplay; clipboard-write; encrypted-media; gyroscope; picture-in-picture; web-share\" referrerpolicy=\"strict-origin-when-cross-origin\" allowfullscreen><\/iframe><\/div>\n<\/div><figcaption class=\"wp-element-caption\">Katso video-ohje lippukunnan myyntipaikkojen merkitsemiseen. <a href=\"https:\/\/www.adventtikalenteri.fi\/myyjille\/kampanjan-hallinta\/kampanjan-kaynnistaminen\/kuksa-tilausjarjestelman-kayttoohjeet\/\">Katso kaikki Kuksa-ohjeet<\/a><\/figcaption><\/figure>\n","protected":false},"excerpt":{"rendered":"<p>N\u00e4in lis\u00e4\u00e4t myyntipaikan verkkokaupan myyntipaikkahakuun Kun olette p\u00e4\u00e4tt\u00e4neet miss\u00e4 ja<\/p>\n","protected":false},"author":3,"featured_media":3653,"parent":238,"menu_order":0,"comment_status":"closed","ping_status":"closed","template":"","meta":{"_acf_changed":false,"_relevanssi_hide_post":"","_relevanssi_hide_content":"","_relevanssi_pin_for_all":"","_relevanssi_pin_keywords":"","_relevanssi_unpin_keywords":"","_relevanssi_related_keywords":"","_relevanssi_related_include_ids":"","_relevanssi_related_exclude_ids":"","_relevanssi_related_no_append":"","_relevanssi_related_not_related":"","_relevanssi_related_posts":"1979,2015,550,1366,417,1687","_relevanssi_noindex_reason":"","footnotes":""},"class_list":["post-300","page","type-page","status-publish","has-post-thumbnail","hentry"],"acf":[],"yoast_head":"<!-- This site is optimized with the Yoast SEO plugin v27.1.1 - https:\/\/yoast.com\/product\/yoast-seo-wordpress\/ -->\n<title>Myyntipaikan ilmoittaminen - Ohjesivusto adventtikalenterin myyjille<\/title>\n<meta name=\"robots\" content=\"index, follow, max-snippet:-1, max-image-preview:large, max-video-preview:-1\" \/>\n<link rel=\"canonical\" href=\"https:\/\/www.adventtikalenteri.fi\/myyjille\/kampanjan-hallinta\/kampanjan-aikana\/myyntipaikan-ilmoittaminen\/\" \/>\n<meta property=\"og:locale\" content=\"fi_FI\" \/>\n<meta property=\"og:type\" content=\"article\" \/>\n<meta property=\"og:title\" content=\"Myyntipaikan ilmoittaminen - Ohjesivusto adventtikalenterin myyjille\" \/>\n<meta property=\"og:description\" content=\"N\u00e4in lis\u00e4\u00e4t myyntipaikan verkkokaupan myyntipaikkahakuun Kun olette p\u00e4\u00e4tt\u00e4neet miss\u00e4 ja\" \/>\n<meta property=\"og:url\" content=\"https:\/\/www.adventtikalenteri.fi\/myyjille\/kampanjan-hallinta\/kampanjan-aikana\/myyntipaikan-ilmoittaminen\/\" \/>\n<meta property=\"og:site_name\" content=\"Ohjesivusto adventtikalenterin myyjille\" \/>\n<meta property=\"article:modified_time\" content=\"2025-09-16T07:37:40+00:00\" \/>\n<meta property=\"og:image\" content=\"https:\/\/www.adventtikalenteri.fi\/myyjille\/wp-content\/uploads\/sites\/2\/2023\/09\/Advis2023_NettaHautamaki_032-scaled.jpg\" \/>\n\t<meta property=\"og:image:width\" content=\"2560\" \/>\n\t<meta property=\"og:image:height\" content=\"1707\" \/>\n\t<meta property=\"og:image:type\" content=\"image\/jpeg\" \/>\n<meta name=\"twitter:card\" content=\"summary_large_image\" \/>\n<meta name=\"twitter:label1\" content=\"Arvioitu lukuaika\" \/>\n\t<meta name=\"twitter:data1\" content=\"2 minuuttia\" \/>\n<script type=\"application\/ld+json\" class=\"yoast-schema-graph\">{\"@context\":\"https:\/\/schema.org\",\"@graph\":[{\"@type\":\"WebPage\",\"@id\":\"https:\/\/www.adventtikalenteri.fi\/myyjille\/kampanjan-hallinta\/kampanjan-aikana\/myyntipaikan-ilmoittaminen\/\",\"url\":\"https:\/\/www.adventtikalenteri.fi\/myyjille\/kampanjan-hallinta\/kampanjan-aikana\/myyntipaikan-ilmoittaminen\/\",\"name\":\"Myyntipaikan ilmoittaminen - Ohjesivusto adventtikalenterin myyjille\",\"isPartOf\":{\"@id\":\"https:\/\/www.adventtikalenteri.fi\/myyjille\/#website\"},\"primaryImageOfPage\":{\"@id\":\"https:\/\/www.adventtikalenteri.fi\/myyjille\/kampanjan-hallinta\/kampanjan-aikana\/myyntipaikan-ilmoittaminen\/#primaryimage\"},\"image\":{\"@id\":\"https:\/\/www.adventtikalenteri.fi\/myyjille\/kampanjan-hallinta\/kampanjan-aikana\/myyntipaikan-ilmoittaminen\/#primaryimage\"},\"thumbnailUrl\":\"https:\/\/www.adventtikalenteri.fi\/myyjille\/wp-content\/uploads\/sites\/2\/2025\/08\/Adventtikalenteri25_NettaHautamaki_23.jpg\",\"datePublished\":\"2021-08-25T07:50:12+00:00\",\"dateModified\":\"2025-09-16T07:37:40+00:00\",\"breadcrumb\":{\"@id\":\"https:\/\/www.adventtikalenteri.fi\/myyjille\/kampanjan-hallinta\/kampanjan-aikana\/myyntipaikan-ilmoittaminen\/#breadcrumb\"},\"inLanguage\":\"fi\",\"potentialAction\":[{\"@type\":\"ReadAction\",\"target\":[\"https:\/\/www.adventtikalenteri.fi\/myyjille\/kampanjan-hallinta\/kampanjan-aikana\/myyntipaikan-ilmoittaminen\/\"]}]},{\"@type\":\"ImageObject\",\"inLanguage\":\"fi\",\"@id\":\"https:\/\/www.adventtikalenteri.fi\/myyjille\/kampanjan-hallinta\/kampanjan-aikana\/myyntipaikan-ilmoittaminen\/#primaryimage\",\"url\":\"https:\/\/www.adventtikalenteri.fi\/myyjille\/wp-content\/uploads\/sites\/2\/2025\/08\/Adventtikalenteri25_NettaHautamaki_23.jpg\",\"contentUrl\":\"https:\/\/www.adventtikalenteri.fi\/myyjille\/wp-content\/uploads\/sites\/2\/2025\/08\/Adventtikalenteri25_NettaHautamaki_23.jpg\",\"width\":2000,\"height\":937},{\"@type\":\"BreadcrumbList\",\"@id\":\"https:\/\/www.adventtikalenteri.fi\/myyjille\/kampanjan-hallinta\/kampanjan-aikana\/myyntipaikan-ilmoittaminen\/#breadcrumb\",\"itemListElement\":[{\"@type\":\"ListItem\",\"position\":1,\"name\":\"Etusivu\",\"item\":\"https:\/\/www.adventtikalenteri.fi\/myyjille\/\"},{\"@type\":\"ListItem\",\"position\":2,\"name\":\"Kampanjan hallinta\",\"item\":\"https:\/\/www.adventtikalenteri.fi\/myyjille\/kampanjan-hallinta\/\"},{\"@type\":\"ListItem\",\"position\":3,\"name\":\"Kampanjan aikana\",\"item\":\"https:\/\/www.adventtikalenteri.fi\/myyjille\/kampanjan-hallinta\/kampanjan-aikana\/\"},{\"@type\":\"ListItem\",\"position\":4,\"name\":\"Myyntipaikan ilmoittaminen\"}]},{\"@type\":\"WebSite\",\"@id\":\"https:\/\/www.adventtikalenteri.fi\/myyjille\/#website\",\"url\":\"https:\/\/www.adventtikalenteri.fi\/myyjille\/\",\"name\":\"Ohjesivusto adventtikalenterin myyjille\",\"description\":\"\",\"potentialAction\":[{\"@type\":\"SearchAction\",\"target\":{\"@type\":\"EntryPoint\",\"urlTemplate\":\"https:\/\/www.adventtikalenteri.fi\/myyjille\/?s={search_term_string}\"},\"query-input\":{\"@type\":\"PropertyValueSpecification\",\"valueRequired\":true,\"valueName\":\"search_term_string\"}}],\"inLanguage\":\"fi\"}]}<\/script>\n<!-- \/ Yoast SEO plugin. -->","yoast_head_json":{"title":"Myyntipaikan ilmoittaminen - Ohjesivusto adventtikalenterin myyjille","robots":{"index":"index","follow":"follow","max-snippet":"max-snippet:-1","max-image-preview":"max-image-preview:large","max-video-preview":"max-video-preview:-1"},"canonical":"https:\/\/www.adventtikalenteri.fi\/myyjille\/kampanjan-hallinta\/kampanjan-aikana\/myyntipaikan-ilmoittaminen\/","og_locale":"fi_FI","og_type":"article","og_title":"Myyntipaikan ilmoittaminen - Ohjesivusto adventtikalenterin myyjille","og_description":"N\u00e4in lis\u00e4\u00e4t myyntipaikan verkkokaupan myyntipaikkahakuun Kun olette p\u00e4\u00e4tt\u00e4neet miss\u00e4 ja","og_url":"https:\/\/www.adventtikalenteri.fi\/myyjille\/kampanjan-hallinta\/kampanjan-aikana\/myyntipaikan-ilmoittaminen\/","og_site_name":"Ohjesivusto adventtikalenterin myyjille","article_modified_time":"2025-09-16T07:37:40+00:00","og_image":[{"width":2560,"height":1707,"url":"https:\/\/www.adventtikalenteri.fi\/myyjille\/wp-content\/uploads\/sites\/2\/2023\/09\/Advis2023_NettaHautamaki_032-scaled.jpg","type":"image\/jpeg"}],"twitter_card":"summary_large_image","twitter_misc":{"Arvioitu lukuaika":"2 minuuttia"},"schema":{"@context":"https:\/\/schema.org","@graph":[{"@type":"WebPage","@id":"https:\/\/www.adventtikalenteri.fi\/myyjille\/kampanjan-hallinta\/kampanjan-aikana\/myyntipaikan-ilmoittaminen\/","url":"https:\/\/www.adventtikalenteri.fi\/myyjille\/kampanjan-hallinta\/kampanjan-aikana\/myyntipaikan-ilmoittaminen\/","name":"Myyntipaikan ilmoittaminen - Ohjesivusto adventtikalenterin myyjille","isPartOf":{"@id":"https:\/\/www.adventtikalenteri.fi\/myyjille\/#website"},"primaryImageOfPage":{"@id":"https:\/\/www.adventtikalenteri.fi\/myyjille\/kampanjan-hallinta\/kampanjan-aikana\/myyntipaikan-ilmoittaminen\/#primaryimage"},"image":{"@id":"https:\/\/www.adventtikalenteri.fi\/myyjille\/kampanjan-hallinta\/kampanjan-aikana\/myyntipaikan-ilmoittaminen\/#primaryimage"},"thumbnailUrl":"https:\/\/www.adventtikalenteri.fi\/myyjille\/wp-content\/uploads\/sites\/2\/2025\/08\/Adventtikalenteri25_NettaHautamaki_23.jpg","datePublished":"2021-08-25T07:50:12+00:00","dateModified":"2025-09-16T07:37:40+00:00","breadcrumb":{"@id":"https:\/\/www.adventtikalenteri.fi\/myyjille\/kampanjan-hallinta\/kampanjan-aikana\/myyntipaikan-ilmoittaminen\/#breadcrumb"},"inLanguage":"fi","potentialAction":[{"@type":"ReadAction","target":["https:\/\/www.adventtikalenteri.fi\/myyjille\/kampanjan-hallinta\/kampanjan-aikana\/myyntipaikan-ilmoittaminen\/"]}]},{"@type":"ImageObject","inLanguage":"fi","@id":"https:\/\/www.adventtikalenteri.fi\/myyjille\/kampanjan-hallinta\/kampanjan-aikana\/myyntipaikan-ilmoittaminen\/#primaryimage","url":"https:\/\/www.adventtikalenteri.fi\/myyjille\/wp-content\/uploads\/sites\/2\/2025\/08\/Adventtikalenteri25_NettaHautamaki_23.jpg","contentUrl":"https:\/\/www.adventtikalenteri.fi\/myyjille\/wp-content\/uploads\/sites\/2\/2025\/08\/Adventtikalenteri25_NettaHautamaki_23.jpg","width":2000,"height":937},{"@type":"BreadcrumbList","@id":"https:\/\/www.adventtikalenteri.fi\/myyjille\/kampanjan-hallinta\/kampanjan-aikana\/myyntipaikan-ilmoittaminen\/#breadcrumb","itemListElement":[{"@type":"ListItem","position":1,"name":"Etusivu","item":"https:\/\/www.adventtikalenteri.fi\/myyjille\/"},{"@type":"ListItem","position":2,"name":"Kampanjan hallinta","item":"https:\/\/www.adventtikalenteri.fi\/myyjille\/kampanjan-hallinta\/"},{"@type":"ListItem","position":3,"name":"Kampanjan aikana","item":"https:\/\/www.adventtikalenteri.fi\/myyjille\/kampanjan-hallinta\/kampanjan-aikana\/"},{"@type":"ListItem","position":4,"name":"Myyntipaikan ilmoittaminen"}]},{"@type":"WebSite","@id":"https:\/\/www.adventtikalenteri.fi\/myyjille\/#website","url":"https:\/\/www.adventtikalenteri.fi\/myyjille\/","name":"Ohjesivusto adventtikalenterin myyjille","description":"","potentialAction":[{"@type":"SearchAction","target":{"@type":"EntryPoint","urlTemplate":"https:\/\/www.adventtikalenteri.fi\/myyjille\/?s={search_term_string}"},"query-input":{"@type":"PropertyValueSpecification","valueRequired":true,"valueName":"search_term_string"}}],"inLanguage":"fi"}]}},"_links":{"self":[{"href":"https:\/\/www.adventtikalenteri.fi\/myyjille\/wp-json\/wp\/v2\/pages\/300","targetHints":{"allow":["GET"]}}],"collection":[{"href":"https:\/\/www.adventtikalenteri.fi\/myyjille\/wp-json\/wp\/v2\/pages"}],"about":[{"href":"https:\/\/www.adventtikalenteri.fi\/myyjille\/wp-json\/wp\/v2\/types\/page"}],"author":[{"embeddable":true,"href":"https:\/\/www.adventtikalenteri.fi\/myyjille\/wp-json\/wp\/v2\/users\/3"}],"replies":[{"embeddable":true,"href":"https:\/\/www.adventtikalenteri.fi\/myyjille\/wp-json\/wp\/v2\/comments?post=300"}],"version-history":[{"count":15,"href":"https:\/\/www.adventtikalenteri.fi\/myyjille\/wp-json\/wp\/v2\/pages\/300\/revisions"}],"predecessor-version":[{"id":3870,"href":"https:\/\/www.adventtikalenteri.fi\/myyjille\/wp-json\/wp\/v2\/pages\/300\/revisions\/3870"}],"up":[{"embeddable":true,"href":"https:\/\/www.adventtikalenteri.fi\/myyjille\/wp-json\/wp\/v2\/pages\/238"}],"wp:featuredmedia":[{"embeddable":true,"href":"https:\/\/www.adventtikalenteri.fi\/myyjille\/wp-json\/wp\/v2\/media\/3653"}],"wp:attachment":[{"href":"https:\/\/www.adventtikalenteri.fi\/myyjille\/wp-json\/wp\/v2\/media?parent=300"}],"curies":[{"name":"wp","href":"https:\/\/api.w.org\/{rel}","templated":true}]}}