{"id":3020,"date":"2024-08-14T13:09:19","date_gmt":"2024-08-14T10:09:19","guid":{"rendered":"https:\/\/www.adventtikalenteri.fi\/myyjille\/?page_id=3020"},"modified":"2025-10-21T10:01:43","modified_gmt":"2025-10-21T07:01:43","slug":"henkilokohtaiset-myyntilinkit","status":"publish","type":"page","link":"https:\/\/www.adventtikalenteri.fi\/myyjille\/myynti\/verkkokauppa-myyntikanavana\/henkilokohtaiset-myyntilinkit\/","title":{"rendered":"Henkil\u00f6kohtaiset myyntilinkit"},"content":{"rendered":"\n<p class=\"is-style-lead\">Verkkokauppamyynnill\u00e4 on my\u00f6s mahdollisuus kerrytt\u00e4\u00e4 omaa henkil\u00f6kohtaista myyntisaldoa omalla myyntilinkill\u00e4.<\/p>\n\n\n\n<p>T\u00e4m\u00e4 on uudistus kaikkien tonttumerkkien tavoittelijoiden iloksi! Adventtikalenterin verkkokaupan myynnill\u00e4 on yksitt\u00e4isen myyj\u00e4n mahdollista kerrytt\u00e4\u00e4 my\u00f6s omaa kalenterimyyntisaldoaan. Kun otat k\u00e4ytt\u00f6\u00f6n oman myyntilinkkisi, verkkokaupasta tehdyt kalenteriostokset kohdistuvat omalle nimellesi ja myyntisaldollesi.<\/p>\n\n\n\n<h2 class=\"wp-block-heading\">Hae oma myyntilinkkisi j\u00e4sennumerollasi<\/h2>\n\n\n\n<p>J\u00e4sennumeron voi tarkistaa tarvittaessa viimeisimm\u00e4st\u00e4 partion j\u00e4senlaskusta tai j\u00e4senrekisteri <a href=\"http:\/\/kuksa.partio.fi\/\">Kuksasta<\/a>. Huomioithan, ett\u00e4 alle 15-vuotiaan partiolaisen j\u00e4sennumeron voi tarkistaa huoltaja, lippukunnan johtokolmikko tai j\u00e4senrekisterinhoitaja.&nbsp;&nbsp;Huoltajatunnus ja partiolaisen j\u00e4sennumero ovat eri asia. J\u00e4sennumero n\u00e4kyy lapsen nimen yhteydess\u00e4.<\/p>\n\n\n\n<div\n    class=\"block block-scout-sales-links block-separator block-padded full-width\">\n    <div class=\"container\">\n                <div id=\"scoutsaleslinks\" class=\"sales-links\" :class=\"{ready: ready}\">\n\n            <div class=\"searchform\">\n                <input type=\"text\" v-model=\"searchterm\" v-on:keyup.enter=\"search\"\n                    aria-label=\"Hae myyj\u00e4numerolla\"\n                    placeholder=\"Hae myyj\u00e4numerolla\">\n                <button class=\"button\" :class=\"{disabled: searchterm.length < mintermlength}\"\n                    v-on:click=\"search\">Hae<\/button>\n            <\/div>\n\n            <div class=\"searchresults\" v-if=\"!searched || results.length\">\n                <header class=\"row\">\n                    <div class=\"col-12 col-md-2 col-xl-2\">Myyj\u00e4&shy;numero<\/div>\n                    <div class=\"col-12 col-md-3 col-xl-3\">Lippukunta<\/div>\n                    <div class=\"col-12 col-md-4 col-xl-5\">Myyntilinkki<\/div>\n                    <div class=\"col-12 col-md-3 col-xl-2\">Kopioi linkki tai jaa someen<\/div>\n\n                <\/header>\n                <div class=\"row result\" v-for=\"(item, index) in results\" :key=\"item.id\"\n                    v-if=\"results.length &#038;&#038; index < (paging.limit + paging.offset)\">\n                    <div class=\"col-12 col-md-2 col-xl-2 scout\">{{item.id}}<\/div>\n                    <div class=\"col-12 col-md-3 col-xl-3 troop\">{{item.troop.lippukunta}}<\/div>\n                    <div class=\"col-12 col-md-4 col-xl-5 link\"><a :href=\"item.link\" target=\"_blank\" rel=\"noopener\"\n                            class=\"saleslinks-link\">{{item.link}}<\/a><\/div>\n                    <div class=\"col-12 col-md-3 col-xl-2 social\">\n                        <sharer :shareurl=\"item.link\"><\/sharer>\n                    <\/div>\n                <\/div>\n            <\/div>\n\n            <div class=\"not-found\" v-if=\"searched &#038;&#038; !results.length\">\n                <span>Hakusanalla ei l\u00f6ytynyt myyji\u00e4.<\/span>\n            <\/div>\n\n            <div class=\"paging\" v-if=\"(paging.limit + paging.offset) < results.length\">\n                <button class=\"button\"\n                    v-on:click=\"paging.offset += paging.limit\">N\u00e4yt\u00e4 enemm\u00e4n<\/button>\n            <\/div>\n\n            <div class=\"loading-curtain\" v-if=\"!ready\"><\/div>\n\n        <\/div>\n            <\/div>\n\n<\/div>\n\n\n<h2 class=\"wp-block-heading\">Mit\u00e4 lippukunnan t\u00e4ytyy tehd\u00e4 etuk\u00e4teen?<\/h2>\n\n\n\n<ul class=\"wp-block-list\">\n<li>Myyntilinkit tehd\u00e4\u00e4n kaikille <strong>17.9. menness\u00e4 Kuksaan merkityille <\/strong>j\u00e4senille (1-, 2- ja 3-j\u00e4senille).&nbsp;Sen j\u00e4lkeen Kuksaan lis\u00e4tyt j\u00e4senet eiv\u00e4t t\u00e4m\u00e4n vuoden kokeilun aikana saa omaa linkki\u00e4.<\/li>\n\n\n\n<li>Huomaa, ett\u00e4 <strong>17.9. menness\u00e4 my\u00f6s lippukunnalla tulee olla Kuksassa verkkokauppatiedot <\/strong>merkittyn\u00e4: kampanjap\u00e4\u00e4llikk\u00f6-pesti merkittyn\u00e4 lippukunnan j\u00e4senelle sek\u00e4 kampanjan tuotemyynnin IBAN-tilinumero, BIC-koodi,s\u00e4hk\u00f6postiosoite ja postinumero.<\/li>\n<\/ul>\n\n\n\n<h2 class=\"wp-block-heading\">Miten ja milloin saan oman myyntilinkkini?<\/h2>\n\n\n\n<ul class=\"wp-block-list\">\n<li><strong>Voit ottaa t\u00e4lt\u00e4 sivulta voit 1.10. l\u00e4htien k\u00e4ytt\u00f6\u00f6n oman linkkisi j\u00e4sennumerosi avulla.<\/strong><\/li>\n<\/ul>\n\n\n\n<ul class=\"wp-block-list\">\n<li>J\u00e4sennumeron voi tarkistaa tarvittaessa viimeisimm\u00e4st\u00e4 partion j\u00e4senlaskusta tai j\u00e4senrekisteri <a href=\"http:\/\/kuksa.partio.fi\/\">Kuksasta<\/a>. Huomioithan, ett\u00e4 alle 15-vuotiaan partiolaisen j\u00e4sennumeron voi tarkistaa huoltaja, lippukunnan johtokolmikko tai j\u00e4senrekisterinhoitaja.&nbsp;Huoltajatunnus ja partiolaisen j\u00e4sennumero ovat eri asia. J\u00e4sennumero n\u00e4kyy lapsen nimen yhteydess\u00e4. <\/li>\n<\/ul>\n\n\n\n<h2 class=\"wp-block-heading\">Miten myyntilinkki toimii?&nbsp;<\/h2>\n\n\n\n<ul class=\"wp-block-list\">\n<li>Kun verkkokauppamyynti on alkanut 15.10 voit jakaa henkil\u00f6kohtaista myyntilinkki\u00e4si suoraan ostajille.<\/li>\n\n\n\n<li>Kun asiakas menee adventtikalenterin verkkokauppaan sinun myyntilinkill\u00e4si, ostos kerrytt\u00e4\u00e4 sek\u00e4 lippukuntasi ett\u00e4 sinun omaa, henkil\u00f6kohtaista myyntisaldoasi. <\/li>\n\n\n\n<li>Oman linkkisi kautta verkkokaupasta myytyjen kalenterien m\u00e4\u00e4r\u00e4 lis\u00e4t\u00e4\u00e4n myyntisaldoosi, joten kannustinpalkintojen kuten tonttumerkin voi saavuttaa my\u00f6s verkkokauppamyynnin avulla.<\/li>\n\n\n\n<li>Myyntilinkin kautta verkkokaupasta ostetut kalenterit toimitetaan asiakkaalle postitse ja kalenterin hintaan lis\u00e4t\u00e4\u00e4n toimitusmaksu.<\/li>\n<\/ul>\n\n\n\n<h2 class=\"wp-block-heading\">Miten lippukunta m\u00e4\u00e4r\u00e4ytyy?&nbsp;<\/h2>\n\n\n\n<ul class=\"wp-block-list\">\n<li>Verkkokauppaostos kohdistuu myyj\u00e4n 1. lippukuntaan. <\/li>\n\n\n\n<li>Lippukuntamerkint\u00e4si voit tarkistaa Kuksassa tai kun sy\u00f6t\u00e4t j\u00e4sennumerosi t\u00e4ll\u00e4 adventtikalenteri.fi\/myyjille-sivulla myyntilinkkihakuun.<\/li>\n\n\n\n<li>Lippukuntaa ei ole mahdollista en\u00e4\u00e4 muuttaa, vaan myynnit menev\u00e4t Kuksaan 17.9. merkityn 1. lippukunnan mukaan.&nbsp;<\/li>\n\n\n\n<li>Lippukunta saa verkkokauppamyynnist\u00e4 saman osuuden kuin muustakin myynnist\u00e4 eli 4,5 \u20ac \/ kalenteri. <\/li>\n\n\n\n<li>Lippukunnan t\u00e4ytyy merkit\u00e4 Kuksaan verkkokauppaa varten tarvittavat tiedot 17.9. menness\u00e4, ett\u00e4 osuus verkkokauppamyynnist\u00e4 voidaan maksaa lippukunnalle.<a href=\"https:\/\/www.adventtikalenteri.fi\/myyjille\/kampanjan-hallinta\/kampanjan-kaynnistaminen\/lippukunnan-lisaaminen-verkkokauppaan\/\"> Lue lis\u00e4\u00e4 lippukunnan lis\u00e4\u00e4misest\u00e4 verkkokauppaan.<\/a><\/li>\n<\/ul>\n\n\n\n<h2 class=\"wp-block-heading\">Miten henkil\u00f6kohtaista verkkokaupan myyntisaldoa voi seurata?&nbsp;<\/h2>\n\n\n\n<ul class=\"wp-block-list\">\n<li>Verkkokaupan myyntisaldoa ei ole mahdollista seurata myynnin aikana reaaliajassa Kuksassa. <strong>V\u00e4liraportti myyntim\u00e4\u00e4rist\u00e4 l\u00e4hetet\u00e4\u00e4n kampanjap\u00e4\u00e4llik\u00f6ille s\u00e4hk\u00f6postitse&nbsp;10.11.<\/strong><\/li>\n\n\n\n<li><strong>Henkil\u00f6kohtaisten myyntilinkkien kautta tilatut kalenterit lis\u00e4t\u00e4\u00e4n 5.12. n\u00e4kyviin lippukunnan kampanjap\u00e4\u00e4llik\u00f6lle Kuksassa .<\/strong><\/li>\n\n\n\n<li>Huomaa, ett\u00e4 lippukunnan tilaamat ja Kuksaan merkitsem\u00e4t kalenterit laskutetaan lippukunnalta ja verkkokaupan kautta ostetutuista kalentereista SP maksaa lippukunnan osuuden lippukunnan tilille.<\/li>\n\n\n\n<li>Henkil\u00f6kohtaisten linkkien kautta tilattu kalenterit vaikuttavat lippukunnassa tonttumerkkien ja mahdollisten muiden kannustepalkintojen perusteisiin.   \n<ul class=\"wp-block-list\">\n<li><a href=\"https:\/\/youtu.be\/kLpCRjGiZbc?feature=shared\">Katso ohjevideo palkintotilauksen tekemisest\u00e4<\/a>. <\/li>\n<\/ul>\n<\/li>\n\n\n\n<li><strong>Kuksaan merkittyjen kalenterien laskutus: <\/strong>\n<ul class=\"wp-block-list\">\n<li>Piiri laskuttaa lippukunnalta Kuksaan merkittyjen myytyjen kalenterien m\u00e4\u00e4r\u00e4n mukaan piirin ja keskusj\u00e4rjest\u00f6jen osuudet.Verkkokauppamyynnit eiv\u00e4t vaikuta Kuksassa teht\u00e4v\u00e4\u00e4n adventtikalenterilaskutukseen.<\/li>\n<\/ul>\n<\/li>\n\n\n\n<li><strong>Verkkokaupan kautta myytyjen kalenterien osuuden tilitys<\/strong>\n<ul class=\"wp-block-list\">\n<li>Verkkokauppamyynnist\u00e4 maksetaan joulukuun aikana lippukunnalle kertyneet osuudet Kuksaan merkitylle lippukunnan tilille. Henkil\u00f6kohtaiset myyntim\u00e4\u00e4r\u00e4t on laskettu mukaan lippukunnan verkkokauppamyyntiin.<\/li>\n\n\n\n<li>Lippukunnalle verkkokauppamyynnist\u00e4 kertyneen summan voi tarkistaa taulukosta (linkki tulossa my\u00f6hemmin) Henkil\u00f6kohtaisten linkkien kautta ostetut kalenterit sis\u00e4ltyv\u00e4t t\u00e4h\u00e4n lukuun. Tiedot p\u00e4ivitet\u00e4\u00e4n noin kerran viikossa myynnin edetess\u00e4.<\/li>\n<\/ul>\n<\/li>\n<\/ul>\n\n\n\n<h2 class=\"wp-block-heading\"><strong>En saa j\u00e4sennumerollani omaa myyntilinkki\u00e4. Mit\u00e4 teen?<\/strong>&nbsp;<\/h2>\n\n\n\n<ul class=\"wp-block-list\">\n<li>Myyntilinkit on tehty kaikille 17.9. Kuksaan lis\u00e4tyille j\u00e4senille, joiden lippukunnilla oli verkkokauppamyynnin edellytt\u00e4m\u00e4t tiedot Kuksassa. Sen j\u00e4lkeen lis\u00e4tyille j\u00e4senille ei t\u00e4n\u00e4 vuonna ole mahdollista saada linkki\u00e4.<\/li>\n\n\n\n<li>Jos olet huoltajana ottamassa lapsen linkki\u00e4 k\u00e4ytt\u00f6\u00f6n, tarkista, ett\u00e4 sy\u00f6tit lapsen &nbsp;j\u00e4sennumeron etk\u00e4 omaa huoltajatunnustasi. Huoltajatunnus ja partiolaisen j\u00e4sennumero ovat eri asia. J\u00e4sennumero n\u00e4kyy lapsen nimen yhteydess\u00e4.<\/li>\n\n\n\n<li>Jos j\u00e4sentietosi ovat olleet 17.9. Kuksassa ja lippukuntasi tiedot ovat olleet Kuksassa kunnossa, mutta et saa j\u00e4sennumerollasi silti linkki\u00e4, laita viesti\u00e4 palvelu@partio.fi.&nbsp;<\/li>\n<\/ul>\n\n\n\n<h2 class=\"wp-block-heading\"><strong>Miten voin antaa palautetta?<\/strong>&nbsp;<\/h2>\n\n\n\n<ul class=\"wp-block-list\">\n<li>Henkil\u00f6kohtainen myyntilinkki on t\u00e4n\u00e4 vuonna k\u00e4yt\u00f6ss\u00e4 toista. Otamme mielell\u00e4\u00e4n vastaan palautetta kokeilusta, jotta toimintamallia voidaan kehitt\u00e4\u00e4. Palautetta voi l\u00e4hett\u00e4\u00e4 osoitteeseen palvelu@partio.fi&nbsp;<\/li>\n<\/ul>\n","protected":false},"excerpt":{"rendered":"<p>Verkkokauppamyynnill\u00e4 on my\u00f6s mahdollisuus kerrytt\u00e4\u00e4 omaa henkil\u00f6kohtaista myyntisaldoa omalla myyntilinkill\u00e4.<\/p>\n","protected":false},"author":16,"featured_media":3730,"parent":255,"menu_order":20,"comment_status":"closed","ping_status":"closed","template":"","meta":{"_acf_changed":false,"_relevanssi_hide_post":"","_relevanssi_hide_content":"","_relevanssi_pin_for_all":"","_relevanssi_pin_keywords":"","_relevanssi_unpin_keywords":"","_relevanssi_related_keywords":"","_relevanssi_related_include_ids":"","_relevanssi_related_exclude_ids":"","_relevanssi_related_no_append":"","_relevanssi_related_not_related":"","_relevanssi_related_posts":"1916,2801,2759,1230,1884,1159","_relevanssi_noindex_reason":"","footnotes":""},"class_list":["post-3020","page","type-page","status-publish","has-post-thumbnail","hentry"],"acf":[],"yoast_head":"<!-- This site is optimized with the Yoast SEO plugin v27.3 - https:\/\/yoast.com\/product\/yoast-seo-wordpress\/ -->\n<title>Henkil\u00f6kohtaiset myyntilinkit - Ohjesivusto adventtikalenterin myyjille<\/title>\n<meta name=\"robots\" content=\"index, follow, max-snippet:-1, max-image-preview:large, max-video-preview:-1\" \/>\n<link rel=\"canonical\" href=\"https:\/\/www.adventtikalenteri.fi\/myyjille\/myynti\/verkkokauppa-myyntikanavana\/henkilokohtaiset-myyntilinkit\/\" \/>\n<meta property=\"og:locale\" content=\"fi_FI\" \/>\n<meta property=\"og:type\" content=\"article\" \/>\n<meta property=\"og:title\" content=\"Henkil\u00f6kohtaiset myyntilinkit - Ohjesivusto adventtikalenterin myyjille\" \/>\n<meta property=\"og:description\" content=\"Verkkokauppamyynnill\u00e4 on my\u00f6s mahdollisuus kerrytt\u00e4\u00e4 omaa henkil\u00f6kohtaista myyntisaldoa omalla myyntilinkill\u00e4.\" \/>\n<meta property=\"og:url\" content=\"https:\/\/www.adventtikalenteri.fi\/myyjille\/myynti\/verkkokauppa-myyntikanavana\/henkilokohtaiset-myyntilinkit\/\" \/>\n<meta property=\"og:site_name\" content=\"Ohjesivusto adventtikalenterin myyjille\" \/>\n<meta property=\"article:modified_time\" content=\"2025-10-21T07:01:43+00:00\" \/>\n<meta property=\"og:image\" content=\"https:\/\/www.adventtikalenteri.fi\/myyjille\/wp-content\/uploads\/sites\/2\/2023\/11\/Advis-2025-ISOT-34-scaled.jpg\" \/>\n\t<meta property=\"og:image:width\" content=\"2560\" \/>\n\t<meta property=\"og:image:height\" content=\"1707\" \/>\n\t<meta property=\"og:image:type\" content=\"image\/jpeg\" \/>\n<meta name=\"twitter:card\" content=\"summary_large_image\" \/>\n<meta name=\"twitter:label1\" content=\"Arvioitu lukuaika\" \/>\n\t<meta name=\"twitter:data1\" content=\"4 minuuttia\" \/>\n<script type=\"application\/ld+json\" class=\"yoast-schema-graph\">{\"@context\":\"https:\\\/\\\/schema.org\",\"@graph\":[{\"@type\":\"WebPage\",\"@id\":\"https:\\\/\\\/www.adventtikalenteri.fi\\\/myyjille\\\/myynti\\\/verkkokauppa-myyntikanavana\\\/henkilokohtaiset-myyntilinkit\\\/\",\"url\":\"https:\\\/\\\/www.adventtikalenteri.fi\\\/myyjille\\\/myynti\\\/verkkokauppa-myyntikanavana\\\/henkilokohtaiset-myyntilinkit\\\/\",\"name\":\"Henkil\u00f6kohtaiset myyntilinkit - Ohjesivusto adventtikalenterin myyjille\",\"isPartOf\":{\"@id\":\"https:\\\/\\\/www.adventtikalenteri.fi\\\/myyjille\\\/#website\"},\"primaryImageOfPage\":{\"@id\":\"https:\\\/\\\/www.adventtikalenteri.fi\\\/myyjille\\\/myynti\\\/verkkokauppa-myyntikanavana\\\/henkilokohtaiset-myyntilinkit\\\/#primaryimage\"},\"image\":{\"@id\":\"https:\\\/\\\/www.adventtikalenteri.fi\\\/myyjille\\\/myynti\\\/verkkokauppa-myyntikanavana\\\/henkilokohtaiset-myyntilinkit\\\/#primaryimage\"},\"thumbnailUrl\":\"https:\\\/\\\/www.adventtikalenteri.fi\\\/myyjille\\\/wp-content\\\/uploads\\\/sites\\\/2\\\/2023\\\/11\\\/Advis-2025-ISOT-34-scaled.jpg\",\"datePublished\":\"2024-08-14T10:09:19+00:00\",\"dateModified\":\"2025-10-21T07:01:43+00:00\",\"breadcrumb\":{\"@id\":\"https:\\\/\\\/www.adventtikalenteri.fi\\\/myyjille\\\/myynti\\\/verkkokauppa-myyntikanavana\\\/henkilokohtaiset-myyntilinkit\\\/#breadcrumb\"},\"inLanguage\":\"fi\",\"potentialAction\":[{\"@type\":\"ReadAction\",\"target\":[\"https:\\\/\\\/www.adventtikalenteri.fi\\\/myyjille\\\/myynti\\\/verkkokauppa-myyntikanavana\\\/henkilokohtaiset-myyntilinkit\\\/\"]}]},{\"@type\":\"ImageObject\",\"inLanguage\":\"fi\",\"@id\":\"https:\\\/\\\/www.adventtikalenteri.fi\\\/myyjille\\\/myynti\\\/verkkokauppa-myyntikanavana\\\/henkilokohtaiset-myyntilinkit\\\/#primaryimage\",\"url\":\"https:\\\/\\\/www.adventtikalenteri.fi\\\/myyjille\\\/wp-content\\\/uploads\\\/sites\\\/2\\\/2023\\\/11\\\/Advis-2025-ISOT-34-scaled.jpg\",\"contentUrl\":\"https:\\\/\\\/www.adventtikalenteri.fi\\\/myyjille\\\/wp-content\\\/uploads\\\/sites\\\/2\\\/2023\\\/11\\\/Advis-2025-ISOT-34-scaled.jpg\",\"width\":2560,\"height\":1707},{\"@type\":\"BreadcrumbList\",\"@id\":\"https:\\\/\\\/www.adventtikalenteri.fi\\\/myyjille\\\/myynti\\\/verkkokauppa-myyntikanavana\\\/henkilokohtaiset-myyntilinkit\\\/#breadcrumb\",\"itemListElement\":[{\"@type\":\"ListItem\",\"position\":1,\"name\":\"Etusivu\",\"item\":\"https:\\\/\\\/www.adventtikalenteri.fi\\\/myyjille\\\/\"},{\"@type\":\"ListItem\",\"position\":2,\"name\":\"Myynti\",\"item\":\"https:\\\/\\\/www.adventtikalenteri.fi\\\/myyjille\\\/myynti\\\/\"},{\"@type\":\"ListItem\",\"position\":3,\"name\":\"Verkkokauppa myyntikanavana\",\"item\":\"https:\\\/\\\/www.adventtikalenteri.fi\\\/myyjille\\\/myynti\\\/verkkokauppa-myyntikanavana\\\/\"},{\"@type\":\"ListItem\",\"position\":4,\"name\":\"Henkil\u00f6kohtaiset myyntilinkit\"}]},{\"@type\":\"WebSite\",\"@id\":\"https:\\\/\\\/www.adventtikalenteri.fi\\\/myyjille\\\/#website\",\"url\":\"https:\\\/\\\/www.adventtikalenteri.fi\\\/myyjille\\\/\",\"name\":\"Ohjesivusto adventtikalenterin myyjille\",\"description\":\"\",\"potentialAction\":[{\"@type\":\"SearchAction\",\"target\":{\"@type\":\"EntryPoint\",\"urlTemplate\":\"https:\\\/\\\/www.adventtikalenteri.fi\\\/myyjille\\\/?s={search_term_string}\"},\"query-input\":{\"@type\":\"PropertyValueSpecification\",\"valueRequired\":true,\"valueName\":\"search_term_string\"}}],\"inLanguage\":\"fi\"}]}<\/script>\n<!-- \/ Yoast SEO plugin. -->","yoast_head_json":{"title":"Henkil\u00f6kohtaiset myyntilinkit - Ohjesivusto adventtikalenterin myyjille","robots":{"index":"index","follow":"follow","max-snippet":"max-snippet:-1","max-image-preview":"max-image-preview:large","max-video-preview":"max-video-preview:-1"},"canonical":"https:\/\/www.adventtikalenteri.fi\/myyjille\/myynti\/verkkokauppa-myyntikanavana\/henkilokohtaiset-myyntilinkit\/","og_locale":"fi_FI","og_type":"article","og_title":"Henkil\u00f6kohtaiset myyntilinkit - Ohjesivusto adventtikalenterin myyjille","og_description":"Verkkokauppamyynnill\u00e4 on my\u00f6s mahdollisuus kerrytt\u00e4\u00e4 omaa henkil\u00f6kohtaista myyntisaldoa omalla myyntilinkill\u00e4.","og_url":"https:\/\/www.adventtikalenteri.fi\/myyjille\/myynti\/verkkokauppa-myyntikanavana\/henkilokohtaiset-myyntilinkit\/","og_site_name":"Ohjesivusto adventtikalenterin myyjille","article_modified_time":"2025-10-21T07:01:43+00:00","og_image":[{"width":2560,"height":1707,"url":"https:\/\/www.adventtikalenteri.fi\/myyjille\/wp-content\/uploads\/sites\/2\/2023\/11\/Advis-2025-ISOT-34-scaled.jpg","type":"image\/jpeg"}],"twitter_card":"summary_large_image","twitter_misc":{"Arvioitu lukuaika":"4 minuuttia"},"schema":{"@context":"https:\/\/schema.org","@graph":[{"@type":"WebPage","@id":"https:\/\/www.adventtikalenteri.fi\/myyjille\/myynti\/verkkokauppa-myyntikanavana\/henkilokohtaiset-myyntilinkit\/","url":"https:\/\/www.adventtikalenteri.fi\/myyjille\/myynti\/verkkokauppa-myyntikanavana\/henkilokohtaiset-myyntilinkit\/","name":"Henkil\u00f6kohtaiset myyntilinkit - Ohjesivusto adventtikalenterin myyjille","isPartOf":{"@id":"https:\/\/www.adventtikalenteri.fi\/myyjille\/#website"},"primaryImageOfPage":{"@id":"https:\/\/www.adventtikalenteri.fi\/myyjille\/myynti\/verkkokauppa-myyntikanavana\/henkilokohtaiset-myyntilinkit\/#primaryimage"},"image":{"@id":"https:\/\/www.adventtikalenteri.fi\/myyjille\/myynti\/verkkokauppa-myyntikanavana\/henkilokohtaiset-myyntilinkit\/#primaryimage"},"thumbnailUrl":"https:\/\/www.adventtikalenteri.fi\/myyjille\/wp-content\/uploads\/sites\/2\/2023\/11\/Advis-2025-ISOT-34-scaled.jpg","datePublished":"2024-08-14T10:09:19+00:00","dateModified":"2025-10-21T07:01:43+00:00","breadcrumb":{"@id":"https:\/\/www.adventtikalenteri.fi\/myyjille\/myynti\/verkkokauppa-myyntikanavana\/henkilokohtaiset-myyntilinkit\/#breadcrumb"},"inLanguage":"fi","potentialAction":[{"@type":"ReadAction","target":["https:\/\/www.adventtikalenteri.fi\/myyjille\/myynti\/verkkokauppa-myyntikanavana\/henkilokohtaiset-myyntilinkit\/"]}]},{"@type":"ImageObject","inLanguage":"fi","@id":"https:\/\/www.adventtikalenteri.fi\/myyjille\/myynti\/verkkokauppa-myyntikanavana\/henkilokohtaiset-myyntilinkit\/#primaryimage","url":"https:\/\/www.adventtikalenteri.fi\/myyjille\/wp-content\/uploads\/sites\/2\/2023\/11\/Advis-2025-ISOT-34-scaled.jpg","contentUrl":"https:\/\/www.adventtikalenteri.fi\/myyjille\/wp-content\/uploads\/sites\/2\/2023\/11\/Advis-2025-ISOT-34-scaled.jpg","width":2560,"height":1707},{"@type":"BreadcrumbList","@id":"https:\/\/www.adventtikalenteri.fi\/myyjille\/myynti\/verkkokauppa-myyntikanavana\/henkilokohtaiset-myyntilinkit\/#breadcrumb","itemListElement":[{"@type":"ListItem","position":1,"name":"Etusivu","item":"https:\/\/www.adventtikalenteri.fi\/myyjille\/"},{"@type":"ListItem","position":2,"name":"Myynti","item":"https:\/\/www.adventtikalenteri.fi\/myyjille\/myynti\/"},{"@type":"ListItem","position":3,"name":"Verkkokauppa myyntikanavana","item":"https:\/\/www.adventtikalenteri.fi\/myyjille\/myynti\/verkkokauppa-myyntikanavana\/"},{"@type":"ListItem","position":4,"name":"Henkil\u00f6kohtaiset myyntilinkit"}]},{"@type":"WebSite","@id":"https:\/\/www.adventtikalenteri.fi\/myyjille\/#website","url":"https:\/\/www.adventtikalenteri.fi\/myyjille\/","name":"Ohjesivusto adventtikalenterin myyjille","description":"","potentialAction":[{"@type":"SearchAction","target":{"@type":"EntryPoint","urlTemplate":"https:\/\/www.adventtikalenteri.fi\/myyjille\/?s={search_term_string}"},"query-input":{"@type":"PropertyValueSpecification","valueRequired":true,"valueName":"search_term_string"}}],"inLanguage":"fi"}]}},"_links":{"self":[{"href":"https:\/\/www.adventtikalenteri.fi\/myyjille\/wp-json\/wp\/v2\/pages\/3020","targetHints":{"allow":["GET"]}}],"collection":[{"href":"https:\/\/www.adventtikalenteri.fi\/myyjille\/wp-json\/wp\/v2\/pages"}],"about":[{"href":"https:\/\/www.adventtikalenteri.fi\/myyjille\/wp-json\/wp\/v2\/types\/page"}],"author":[{"embeddable":true,"href":"https:\/\/www.adventtikalenteri.fi\/myyjille\/wp-json\/wp\/v2\/users\/16"}],"replies":[{"embeddable":true,"href":"https:\/\/www.adventtikalenteri.fi\/myyjille\/wp-json\/wp\/v2\/comments?post=3020"}],"version-history":[{"count":15,"href":"https:\/\/www.adventtikalenteri.fi\/myyjille\/wp-json\/wp\/v2\/pages\/3020\/revisions"}],"predecessor-version":[{"id":3925,"href":"https:\/\/www.adventtikalenteri.fi\/myyjille\/wp-json\/wp\/v2\/pages\/3020\/revisions\/3925"}],"up":[{"embeddable":true,"href":"https:\/\/www.adventtikalenteri.fi\/myyjille\/wp-json\/wp\/v2\/pages\/255"}],"wp:featuredmedia":[{"embeddable":true,"href":"https:\/\/www.adventtikalenteri.fi\/myyjille\/wp-json\/wp\/v2\/media\/3730"}],"wp:attachment":[{"href":"https:\/\/www.adventtikalenteri.fi\/myyjille\/wp-json\/wp\/v2\/media?parent=3020"}],"curies":[{"name":"wp","href":"https:\/\/api.w.org\/{rel}","templated":true}]}}