{"id":318,"date":"2021-08-25T10:56:32","date_gmt":"2021-08-25T07:56:32","guid":{"rendered":"https:\/\/www.adventtikalenteri.fi\/myyjille\/?page_id=318"},"modified":"2025-09-12T14:49:42","modified_gmt":"2025-09-12T11:49:42","slug":"lippukunnan-lisaaminen-verkkokauppaan","status":"publish","type":"page","link":"https:\/\/www.adventtikalenteri.fi\/myyjille\/kampanjan-hallinta\/kampanjan-kaynnistaminen\/lippukunnan-lisaaminen-verkkokauppaan\/","title":{"rendered":"Lippukunnan lis\u00e4\u00e4minen verkkokauppaan"},"content":{"rendered":"\n<h1 class=\"wp-block-heading\">N\u00e4in lis\u00e4\u00e4t lippukuntasi adventtikalenterin verkkokauppaan<\/h1>\n\n\n\n<p class=\"lead\">Asiakkaat pystyv\u00e4t valitsemaan adventtikalenterin verkkokaupassa lippukunnan, jota haluavat ostoksellaan tukea. Lippukunnille tilitet\u00e4\u00e4n kampanjan lopuksi normaali lippukunnan osuus (4,50 \u20ac\/kalenteri) kaikista verkkokaupassa myydyist\u00e4 kalentereista. T\u00e4t\u00e4 varten tarvitaan mm. lippukunnan pankkiyhteystiedot Kuksaan.<\/p>\n\n\n\n<h2 class=\"wp-block-heading\">Merkitse Kuksaan lippukunnalle n\u00e4m\u00e4 tiedot 17.9. menness\u00e4:<\/h2>\n\n\n\n<ul class=\"wp-block-list\">\n<li>Kampanjap\u00e4\u00e4llikk\u00f6 (pesti merkittyn\u00e4 lippukunnan j\u00e4senelle)<\/li>\n\n\n\n<li>Kampanjan tuotemyynnin IBAN-tilinumero<\/li>\n\n\n\n<li>Kampanjan tuotemyynnin BIC-koodi<\/li>\n\n\n\n<li>Kampanjan tuotemyynnin s\u00e4hk\u00f6postiosoite<\/li>\n\n\n\n<li>Kampanjan tuotemyynnin postinumero<\/li>\n<\/ul>\n\n\n\n<p>N\u00e4m\u00e4 tiedot tarvitaan my\u00f6s, jotta henkil\u00f6kohtaiset myntilinkit saadaan k\u00e4ytt\u00f6\u00f6n.<\/p>\n\n\n\n<p>Tietoja ei tarvitse lis\u00e4t\u00e4 vuosittain, mutta aina kampanjan alkaessa on toki hyv\u00e4 tarkastaa, ett\u00e4 ilmoitetut tiedot ovat ajan tasalla.<\/p>\n\n\n\n<p>Uudet lippukunnat ilmestyv\u00e4t verkkokauppaan noin vuorokauden sis\u00e4ll\u00e4. Jos homma ei tahdo onnistua, ole yhteydess\u00e4 omaan piirity\u00f6ntekij\u00e4\u00e4si tai palvelu@partio.fi.<\/p>\n\n\n\n<p>&nbsp;<\/p>\n\n\n\n<figure class=\"wp-block-embed is-type-video is-provider-youtube wp-block-embed-youtube wp-embed-aspect-16-9 wp-has-aspect-ratio\"><div class=\"wp-block-embed__wrapper\">\n<div class=\"oembed oembed-youtube\"><iframe loading=\"lazy\" title=\"Kuksakoulutus: Ennen kampanjan aloittamista teht\u00e4v\u00e4t toimet lpk n j\u00e4senrekisterinhoitaja\" width=\"750\" height=\"422\" src=\"https:\/\/www.youtube.com\/embed\/fM7ovz0yl-M?feature=oembed\" frameborder=\"0\" allow=\"accelerometer; autoplay; clipboard-write; encrypted-media; gyroscope; picture-in-picture; web-share\" referrerpolicy=\"strict-origin-when-cross-origin\" allowfullscreen><\/iframe><\/div>\n<\/div><figcaption class=\"wp-element-caption\">Katso videolta ohje tietojen lis\u00e4\u00e4misest\u00e4 kohdasta 2:20 eteenp\u00e4in. <a href=\"https:\/\/www.adventtikalenteri.fi\/myyjille\/kampanjan-hallinta\/kampanjan-kaynnistaminen\/kuksa-tilausjarjestelman-kayttoohjeet\/\">Katso kaikki Kuksa-ohjeet<\/a><\/figcaption><\/figure>\n","protected":false},"excerpt":{"rendered":"<p>N\u00e4in lis\u00e4\u00e4t lippukuntasi adventtikalenterin verkkokauppaan Asiakkaat pystyv\u00e4t valitsemaan adventtikalenterin verkkokaupassa<\/p>\n","protected":false},"author":3,"featured_media":768,"parent":236,"menu_order":0,"comment_status":"closed","ping_status":"closed","template":"","meta":{"_acf_changed":false,"_relevanssi_hide_post":"","_relevanssi_hide_content":"","_relevanssi_pin_for_all":"","_relevanssi_pin_keywords":"","_relevanssi_unpin_keywords":"","_relevanssi_related_keywords":"","_relevanssi_related_include_ids":"","_relevanssi_related_exclude_ids":"","_relevanssi_related_no_append":"","_relevanssi_related_not_related":"","_relevanssi_related_posts":"1366,1159,1072,1486,550,1230","_relevanssi_noindex_reason":"","footnotes":""},"class_list":["post-318","page","type-page","status-publish","has-post-thumbnail","hentry"],"acf":[],"yoast_head":"<!-- This site is optimized with the Yoast SEO plugin v27.3 - https:\/\/yoast.com\/product\/yoast-seo-wordpress\/ -->\n<title>Lippukunnan lis\u00e4\u00e4minen verkkokauppaan - Ohjesivusto adventtikalenterin myyjille<\/title>\n<meta name=\"robots\" content=\"index, follow, max-snippet:-1, max-image-preview:large, max-video-preview:-1\" \/>\n<link rel=\"canonical\" href=\"https:\/\/www.adventtikalenteri.fi\/myyjille\/kampanjan-hallinta\/kampanjan-kaynnistaminen\/lippukunnan-lisaaminen-verkkokauppaan\/\" \/>\n<meta property=\"og:locale\" content=\"fi_FI\" \/>\n<meta property=\"og:type\" content=\"article\" \/>\n<meta property=\"og:title\" content=\"Lippukunnan lis\u00e4\u00e4minen verkkokauppaan - Ohjesivusto adventtikalenterin myyjille\" \/>\n<meta property=\"og:description\" content=\"N\u00e4in lis\u00e4\u00e4t lippukuntasi adventtikalenterin verkkokauppaan Asiakkaat pystyv\u00e4t valitsemaan adventtikalenterin verkkokaupassa\" \/>\n<meta property=\"og:url\" content=\"https:\/\/www.adventtikalenteri.fi\/myyjille\/kampanjan-hallinta\/kampanjan-kaynnistaminen\/lippukunnan-lisaaminen-verkkokauppaan\/\" \/>\n<meta property=\"og:site_name\" content=\"Ohjesivusto adventtikalenterin myyjille\" \/>\n<meta property=\"article:modified_time\" content=\"2025-09-12T11:49:42+00:00\" \/>\n<meta property=\"og:image\" content=\"https:\/\/www.adventtikalenteri.fi\/myyjille\/wp-content\/uploads\/sites\/2\/2021\/09\/Adventtikalenteri2021_31201-scaled.jpg\" \/>\n\t<meta property=\"og:image:width\" content=\"2560\" \/>\n\t<meta property=\"og:image:height\" content=\"1709\" \/>\n\t<meta property=\"og:image:type\" content=\"image\/jpeg\" \/>\n<meta name=\"twitter:card\" content=\"summary_large_image\" \/>\n<meta name=\"twitter:label1\" content=\"Arvioitu lukuaika\" \/>\n\t<meta name=\"twitter:data1\" content=\"2 minuuttia\" \/>\n<script type=\"application\/ld+json\" class=\"yoast-schema-graph\">{\"@context\":\"https:\\\/\\\/schema.org\",\"@graph\":[{\"@type\":\"WebPage\",\"@id\":\"https:\\\/\\\/www.adventtikalenteri.fi\\\/myyjille\\\/kampanjan-hallinta\\\/kampanjan-kaynnistaminen\\\/lippukunnan-lisaaminen-verkkokauppaan\\\/\",\"url\":\"https:\\\/\\\/www.adventtikalenteri.fi\\\/myyjille\\\/kampanjan-hallinta\\\/kampanjan-kaynnistaminen\\\/lippukunnan-lisaaminen-verkkokauppaan\\\/\",\"name\":\"Lippukunnan lis\u00e4\u00e4minen verkkokauppaan - Ohjesivusto adventtikalenterin myyjille\",\"isPartOf\":{\"@id\":\"https:\\\/\\\/www.adventtikalenteri.fi\\\/myyjille\\\/#website\"},\"primaryImageOfPage\":{\"@id\":\"https:\\\/\\\/www.adventtikalenteri.fi\\\/myyjille\\\/kampanjan-hallinta\\\/kampanjan-kaynnistaminen\\\/lippukunnan-lisaaminen-verkkokauppaan\\\/#primaryimage\"},\"image\":{\"@id\":\"https:\\\/\\\/www.adventtikalenteri.fi\\\/myyjille\\\/kampanjan-hallinta\\\/kampanjan-kaynnistaminen\\\/lippukunnan-lisaaminen-verkkokauppaan\\\/#primaryimage\"},\"thumbnailUrl\":\"https:\\\/\\\/www.adventtikalenteri.fi\\\/myyjille\\\/wp-content\\\/uploads\\\/sites\\\/2\\\/2021\\\/09\\\/Adventtikalenteri2021_31201-scaled.jpg\",\"datePublished\":\"2021-08-25T07:56:32+00:00\",\"dateModified\":\"2025-09-12T11:49:42+00:00\",\"breadcrumb\":{\"@id\":\"https:\\\/\\\/www.adventtikalenteri.fi\\\/myyjille\\\/kampanjan-hallinta\\\/kampanjan-kaynnistaminen\\\/lippukunnan-lisaaminen-verkkokauppaan\\\/#breadcrumb\"},\"inLanguage\":\"fi\",\"potentialAction\":[{\"@type\":\"ReadAction\",\"target\":[\"https:\\\/\\\/www.adventtikalenteri.fi\\\/myyjille\\\/kampanjan-hallinta\\\/kampanjan-kaynnistaminen\\\/lippukunnan-lisaaminen-verkkokauppaan\\\/\"]}]},{\"@type\":\"ImageObject\",\"inLanguage\":\"fi\",\"@id\":\"https:\\\/\\\/www.adventtikalenteri.fi\\\/myyjille\\\/kampanjan-hallinta\\\/kampanjan-kaynnistaminen\\\/lippukunnan-lisaaminen-verkkokauppaan\\\/#primaryimage\",\"url\":\"https:\\\/\\\/www.adventtikalenteri.fi\\\/myyjille\\\/wp-content\\\/uploads\\\/sites\\\/2\\\/2021\\\/09\\\/Adventtikalenteri2021_31201-scaled.jpg\",\"contentUrl\":\"https:\\\/\\\/www.adventtikalenteri.fi\\\/myyjille\\\/wp-content\\\/uploads\\\/sites\\\/2\\\/2021\\\/09\\\/Adventtikalenteri2021_31201-scaled.jpg\",\"width\":2560,\"height\":1709,\"caption\":\"Merkitsetteh\u00e4n joulukampanjap\u00e4\u00e4llik\u00f6n pestin Kuksaan viimeist\u00e4\u00e4n 3.9. menness\u00e4. Ohje- ja markkinointimateriaalit l\u00e4hetet\u00e4\u00e4n syksyll\u00e4 kaikille tuohon menness\u00e4 merkityille kampanjap\u00e4\u00e4llik\u00f6ille kotiin.\"},{\"@type\":\"BreadcrumbList\",\"@id\":\"https:\\\/\\\/www.adventtikalenteri.fi\\\/myyjille\\\/kampanjan-hallinta\\\/kampanjan-kaynnistaminen\\\/lippukunnan-lisaaminen-verkkokauppaan\\\/#breadcrumb\",\"itemListElement\":[{\"@type\":\"ListItem\",\"position\":1,\"name\":\"Etusivu\",\"item\":\"https:\\\/\\\/www.adventtikalenteri.fi\\\/myyjille\\\/\"},{\"@type\":\"ListItem\",\"position\":2,\"name\":\"Kampanjan hallinta\",\"item\":\"https:\\\/\\\/www.adventtikalenteri.fi\\\/myyjille\\\/kampanjan-hallinta\\\/\"},{\"@type\":\"ListItem\",\"position\":3,\"name\":\"Kampanja k\u00e4yntiin\",\"item\":\"https:\\\/\\\/www.adventtikalenteri.fi\\\/myyjille\\\/kampanjan-hallinta\\\/kampanjan-kaynnistaminen\\\/\"},{\"@type\":\"ListItem\",\"position\":4,\"name\":\"Lippukunnan lis\u00e4\u00e4minen verkkokauppaan\"}]},{\"@type\":\"WebSite\",\"@id\":\"https:\\\/\\\/www.adventtikalenteri.fi\\\/myyjille\\\/#website\",\"url\":\"https:\\\/\\\/www.adventtikalenteri.fi\\\/myyjille\\\/\",\"name\":\"Ohjesivusto adventtikalenterin myyjille\",\"description\":\"\",\"potentialAction\":[{\"@type\":\"SearchAction\",\"target\":{\"@type\":\"EntryPoint\",\"urlTemplate\":\"https:\\\/\\\/www.adventtikalenteri.fi\\\/myyjille\\\/?s={search_term_string}\"},\"query-input\":{\"@type\":\"PropertyValueSpecification\",\"valueRequired\":true,\"valueName\":\"search_term_string\"}}],\"inLanguage\":\"fi\"}]}<\/script>\n<!-- \/ Yoast SEO plugin. -->","yoast_head_json":{"title":"Lippukunnan lis\u00e4\u00e4minen verkkokauppaan - Ohjesivusto adventtikalenterin myyjille","robots":{"index":"index","follow":"follow","max-snippet":"max-snippet:-1","max-image-preview":"max-image-preview:large","max-video-preview":"max-video-preview:-1"},"canonical":"https:\/\/www.adventtikalenteri.fi\/myyjille\/kampanjan-hallinta\/kampanjan-kaynnistaminen\/lippukunnan-lisaaminen-verkkokauppaan\/","og_locale":"fi_FI","og_type":"article","og_title":"Lippukunnan lis\u00e4\u00e4minen verkkokauppaan - Ohjesivusto adventtikalenterin myyjille","og_description":"N\u00e4in lis\u00e4\u00e4t lippukuntasi adventtikalenterin verkkokauppaan Asiakkaat pystyv\u00e4t valitsemaan adventtikalenterin verkkokaupassa","og_url":"https:\/\/www.adventtikalenteri.fi\/myyjille\/kampanjan-hallinta\/kampanjan-kaynnistaminen\/lippukunnan-lisaaminen-verkkokauppaan\/","og_site_name":"Ohjesivusto adventtikalenterin myyjille","article_modified_time":"2025-09-12T11:49:42+00:00","og_image":[{"width":2560,"height":1709,"url":"https:\/\/www.adventtikalenteri.fi\/myyjille\/wp-content\/uploads\/sites\/2\/2021\/09\/Adventtikalenteri2021_31201-scaled.jpg","type":"image\/jpeg"}],"twitter_card":"summary_large_image","twitter_misc":{"Arvioitu lukuaika":"2 minuuttia"},"schema":{"@context":"https:\/\/schema.org","@graph":[{"@type":"WebPage","@id":"https:\/\/www.adventtikalenteri.fi\/myyjille\/kampanjan-hallinta\/kampanjan-kaynnistaminen\/lippukunnan-lisaaminen-verkkokauppaan\/","url":"https:\/\/www.adventtikalenteri.fi\/myyjille\/kampanjan-hallinta\/kampanjan-kaynnistaminen\/lippukunnan-lisaaminen-verkkokauppaan\/","name":"Lippukunnan lis\u00e4\u00e4minen verkkokauppaan - Ohjesivusto adventtikalenterin myyjille","isPartOf":{"@id":"https:\/\/www.adventtikalenteri.fi\/myyjille\/#website"},"primaryImageOfPage":{"@id":"https:\/\/www.adventtikalenteri.fi\/myyjille\/kampanjan-hallinta\/kampanjan-kaynnistaminen\/lippukunnan-lisaaminen-verkkokauppaan\/#primaryimage"},"image":{"@id":"https:\/\/www.adventtikalenteri.fi\/myyjille\/kampanjan-hallinta\/kampanjan-kaynnistaminen\/lippukunnan-lisaaminen-verkkokauppaan\/#primaryimage"},"thumbnailUrl":"https:\/\/www.adventtikalenteri.fi\/myyjille\/wp-content\/uploads\/sites\/2\/2021\/09\/Adventtikalenteri2021_31201-scaled.jpg","datePublished":"2021-08-25T07:56:32+00:00","dateModified":"2025-09-12T11:49:42+00:00","breadcrumb":{"@id":"https:\/\/www.adventtikalenteri.fi\/myyjille\/kampanjan-hallinta\/kampanjan-kaynnistaminen\/lippukunnan-lisaaminen-verkkokauppaan\/#breadcrumb"},"inLanguage":"fi","potentialAction":[{"@type":"ReadAction","target":["https:\/\/www.adventtikalenteri.fi\/myyjille\/kampanjan-hallinta\/kampanjan-kaynnistaminen\/lippukunnan-lisaaminen-verkkokauppaan\/"]}]},{"@type":"ImageObject","inLanguage":"fi","@id":"https:\/\/www.adventtikalenteri.fi\/myyjille\/kampanjan-hallinta\/kampanjan-kaynnistaminen\/lippukunnan-lisaaminen-verkkokauppaan\/#primaryimage","url":"https:\/\/www.adventtikalenteri.fi\/myyjille\/wp-content\/uploads\/sites\/2\/2021\/09\/Adventtikalenteri2021_31201-scaled.jpg","contentUrl":"https:\/\/www.adventtikalenteri.fi\/myyjille\/wp-content\/uploads\/sites\/2\/2021\/09\/Adventtikalenteri2021_31201-scaled.jpg","width":2560,"height":1709,"caption":"Merkitsetteh\u00e4n joulukampanjap\u00e4\u00e4llik\u00f6n pestin Kuksaan viimeist\u00e4\u00e4n 3.9. menness\u00e4. Ohje- ja markkinointimateriaalit l\u00e4hetet\u00e4\u00e4n syksyll\u00e4 kaikille tuohon menness\u00e4 merkityille kampanjap\u00e4\u00e4llik\u00f6ille kotiin."},{"@type":"BreadcrumbList","@id":"https:\/\/www.adventtikalenteri.fi\/myyjille\/kampanjan-hallinta\/kampanjan-kaynnistaminen\/lippukunnan-lisaaminen-verkkokauppaan\/#breadcrumb","itemListElement":[{"@type":"ListItem","position":1,"name":"Etusivu","item":"https:\/\/www.adventtikalenteri.fi\/myyjille\/"},{"@type":"ListItem","position":2,"name":"Kampanjan hallinta","item":"https:\/\/www.adventtikalenteri.fi\/myyjille\/kampanjan-hallinta\/"},{"@type":"ListItem","position":3,"name":"Kampanja k\u00e4yntiin","item":"https:\/\/www.adventtikalenteri.fi\/myyjille\/kampanjan-hallinta\/kampanjan-kaynnistaminen\/"},{"@type":"ListItem","position":4,"name":"Lippukunnan lis\u00e4\u00e4minen verkkokauppaan"}]},{"@type":"WebSite","@id":"https:\/\/www.adventtikalenteri.fi\/myyjille\/#website","url":"https:\/\/www.adventtikalenteri.fi\/myyjille\/","name":"Ohjesivusto adventtikalenterin myyjille","description":"","potentialAction":[{"@type":"SearchAction","target":{"@type":"EntryPoint","urlTemplate":"https:\/\/www.adventtikalenteri.fi\/myyjille\/?s={search_term_string}"},"query-input":{"@type":"PropertyValueSpecification","valueRequired":true,"valueName":"search_term_string"}}],"inLanguage":"fi"}]}},"_links":{"self":[{"href":"https:\/\/www.adventtikalenteri.fi\/myyjille\/wp-json\/wp\/v2\/pages\/318","targetHints":{"allow":["GET"]}}],"collection":[{"href":"https:\/\/www.adventtikalenteri.fi\/myyjille\/wp-json\/wp\/v2\/pages"}],"about":[{"href":"https:\/\/www.adventtikalenteri.fi\/myyjille\/wp-json\/wp\/v2\/types\/page"}],"author":[{"embeddable":true,"href":"https:\/\/www.adventtikalenteri.fi\/myyjille\/wp-json\/wp\/v2\/users\/3"}],"replies":[{"embeddable":true,"href":"https:\/\/www.adventtikalenteri.fi\/myyjille\/wp-json\/wp\/v2\/comments?post=318"}],"version-history":[{"count":14,"href":"https:\/\/www.adventtikalenteri.fi\/myyjille\/wp-json\/wp\/v2\/pages\/318\/revisions"}],"predecessor-version":[{"id":3812,"href":"https:\/\/www.adventtikalenteri.fi\/myyjille\/wp-json\/wp\/v2\/pages\/318\/revisions\/3812"}],"up":[{"embeddable":true,"href":"https:\/\/www.adventtikalenteri.fi\/myyjille\/wp-json\/wp\/v2\/pages\/236"}],"wp:featuredmedia":[{"embeddable":true,"href":"https:\/\/www.adventtikalenteri.fi\/myyjille\/wp-json\/wp\/v2\/media\/768"}],"wp:attachment":[{"href":"https:\/\/www.adventtikalenteri.fi\/myyjille\/wp-json\/wp\/v2\/media?parent=318"}],"curies":[{"name":"wp","href":"https:\/\/api.w.org\/{rel}","templated":true}]}}