{"id":321,"date":"2021-08-25T11:07:15","date_gmt":"2021-08-25T08:07:15","guid":{"rendered":"https:\/\/www.adventtikalenteri.fi\/myyjille\/?page_id=321"},"modified":"2025-10-02T12:54:28","modified_gmt":"2025-10-02T09:54:28","slug":"mobiillimaksut","status":"publish","type":"page","link":"https:\/\/www.adventtikalenteri.fi\/myyjille\/myynti\/maksutavat\/mobiillimaksut\/","title":{"rendered":"Vipps MobilePayn k\u00e4ytt\u00f6 adventtikalenterien myynniss\u00e4"},"content":{"rendered":"\n<h1 class=\"wp-block-heading\">Vipps MobilePayn k\u00e4ytt\u00f6 adventtikalenterien myynniss\u00e4<\/h1>\n\n\n\n<p>Mobilepayn palveluilla pystyy ottamaan mobiilimaksuja vastaan Tuotekori- tai Mukautettu summa -palveluiden avulla<\/p>\n\n\n\n<p>Vipps MobilePayn palvelun kautta on helppo vastaanottaa mobiilimaksuja ja se tarjoaa kustannustehokkaan maksutavan ilman erillisi\u00e4 laitehankintoja. Lippukunta voi k\u00e4ytt\u00e4\u00e4 Vipps MobilePayta adventtikalenterimyynnin lis\u00e4ksi my\u00f6s esimerkiksi myyj\u00e4isiss\u00e4 tai retkimaksujen vastaanottamisessa.<\/p>\n\n\n\n<p>Maksaminen on yht\u00e4 helppoa kuin normaalin MobilePay-siirron tekeminen henkil\u00f6lt\u00e4 toiselle. Lippukunnan tulee vain rekister\u00f6ity\u00e4 Vipps Mobilepayn Mukautettu summa -palvelun k\u00e4ytt\u00e4j\u00e4ksi, jolloin ostaja voi maksaa ostoksensa suoraan lippukunnan tilille k\u00e4nnyk\u00e4ss\u00e4\u00e4n olevalla MobilePay-sovelluksella.<\/p>\n\n\n\n<h2 class=\"wp-block-heading\">N\u00e4in Vipps MobilePayn Tuotekori- ja Mukautettu summa -palvelut toimivat<\/h2>\n\n\n\n<ul class=\"wp-block-list\">\n<li>Lippukunnan Vipps MobilePay -tilill\u00e4 otetaan k\u00e4ytt\u00f6\u00f6n haluttu palvelu. Tuotekori-palvelussa voi luoda valmiiksi adventtikalenterin tuotteeksi ja merkit\u00e4 sille hinnaksi 10 euroa. Mukautettu summa -palvelussa hinta sy\u00f6tet\u00e4\u00e4n ostohetkell\u00e4.<\/li>\n\n\n\n<li>Lippukunnan tilill\u00e4 kannattaa luoda lyhytnumerot kaikille ryhmille tai kaikille myyjille. Se helpottaa maksujen kohdistamista.&nbsp;<\/li>\n\n\n\n<li>Lyhytnumeroille kirjataan nimeksi esimerkiksi ryhm\u00e4n nimi \/ lippukunta (esim. Ketut \/ Mets\u00e4kyl\u00e4n partiolaiset). Maksun saaja n\u00e4kyy asiakkaalle.&nbsp;&nbsp;<\/li>\n\n\n\n<li>Jokaiselle myyj\u00e4lle kannattaa jakaa maksuohjeet ja oma lyhytnumero laminoituna tulosteena, jota voi k\u00e4ytt\u00e4\u00e4 myyntitilanteissa. Halutessaan voi luoda my\u00f6s maksulinkit ja QR-koodit myyjille k\u00e4ytt\u00f6\u00f6n, se onnistuu kauppiasportaalissa.<\/li>\n\n\n\n<li>Maksuohjeet voit tulostaa partion materiaalipankista <a href=\"https:\/\/partio.contenthub.fi\/ui\/shares\/f27238\/7TpXDBGnP7\/fi\/\">partio.fi\/kalenterimateriaali<\/a><\/li>\n\n\n\n<li>Ohjeista myyj\u00e4 tai myyj\u00e4n huoltaja pit\u00e4m\u00e4\u00e4n kirjaa myynneist\u00e4 ja merkitsem\u00e4\u00e4n my\u00f6s maksutavat yl\u00f6s.&nbsp;<\/li>\n\n\n\n<li>Lippukunnan MobilePay-p\u00e4\u00e4k\u00e4ytt\u00e4j\u00e4t p\u00e4\u00e4sev\u00e4t kirjautumalla j\u00e4rjestelm\u00e4\u00e4n seuraamaan myynti\u00e4 reaaliajassa.&nbsp;Seurantaan voi hy\u00f6dynt\u00e4\u00e4 uutta Getpaid-sovellusta, jonka voi ladata sovelluskaupasta mobiililaitteelle.<\/li>\n\n\n\n<li>Tilitys tapahtuu p\u00e4ivitt\u00e4in lippukunnan pankkitilille.&nbsp;<\/li>\n\n\n\n<li>Palvelussa luodut lyhytnumerot s\u00e4ilyv\u00e4t tallessa, joten jos samoja ryhmi\u00e4 tai myyji\u00e4 on seuraavanakin vuonna, voi samat linkit ottaa k\u00e4ytt\u00f6\u00f6n uudestaan.<\/li>\n<\/ul>\n\n\n\n<h2 class=\"wp-block-heading\">Entist\u00e4 edullisempi hinta satunnaisessa k\u00e4yt\u00f6ss\u00e4<\/h2>\n\n\n\n<p>MobilePay yhdistyi Vippsin kanssa ja uudisti palvelunsa vuonna 2023. Palvelusta maksetaan vain k\u00e4yt\u00f6n mukaan eik\u00e4 jatkuvia kuukausimaksuja ole. T\u00e4m\u00e4 madaltaa kynnyst\u00e4 ottaa palvelu k\u00e4ytt\u00f6\u00f6n vaikka tarve maksutavalle olisikin pient\u00e4 tai satunnaista. <a href=\"https:\/\/vippsmobilepay.com\/fi-fi\/hinnasto\">Katso hinnat<\/a><\/p>\n","protected":false},"excerpt":{"rendered":"<p>Vipps MobilePayn k\u00e4ytt\u00f6 adventtikalenterien myynniss\u00e4 Mobilepayn palveluilla pystyy ottamaan mobiilimaksuja<\/p>\n","protected":false},"author":10,"featured_media":0,"parent":251,"menu_order":0,"comment_status":"closed","ping_status":"closed","template":"","meta":{"_acf_changed":false,"_relevanssi_hide_post":"","_relevanssi_hide_content":"","_relevanssi_pin_for_all":"","_relevanssi_pin_keywords":"","_relevanssi_unpin_keywords":"","_relevanssi_related_keywords":"","_relevanssi_related_include_ids":"","_relevanssi_related_exclude_ids":"","_relevanssi_related_no_append":"","_relevanssi_related_not_related":"","_relevanssi_related_posts":"1486,870,417,1230,1159,550","_relevanssi_noindex_reason":"","footnotes":""},"class_list":["post-321","page","type-page","status-publish","hentry"],"acf":[],"yoast_head":"<!-- This site is optimized with the Yoast SEO plugin v27.3 - https:\/\/yoast.com\/product\/yoast-seo-wordpress\/ -->\n<title>Vipps MobilePayn k\u00e4ytt\u00f6 adventtikalenterien myynniss\u00e4 - Ohjesivusto adventtikalenterin myyjille<\/title>\n<meta name=\"robots\" content=\"index, follow, max-snippet:-1, max-image-preview:large, max-video-preview:-1\" \/>\n<link rel=\"canonical\" href=\"https:\/\/www.adventtikalenteri.fi\/myyjille\/myynti\/maksutavat\/mobiillimaksut\/\" \/>\n<meta property=\"og:locale\" content=\"fi_FI\" \/>\n<meta property=\"og:type\" content=\"article\" \/>\n<meta property=\"og:title\" content=\"Vipps MobilePayn k\u00e4ytt\u00f6 adventtikalenterien myynniss\u00e4 - Ohjesivusto adventtikalenterin myyjille\" \/>\n<meta property=\"og:description\" content=\"Vipps MobilePayn k\u00e4ytt\u00f6 adventtikalenterien myynniss\u00e4 Mobilepayn palveluilla pystyy ottamaan mobiilimaksuja\" \/>\n<meta property=\"og:url\" content=\"https:\/\/www.adventtikalenteri.fi\/myyjille\/myynti\/maksutavat\/mobiillimaksut\/\" \/>\n<meta property=\"og:site_name\" content=\"Ohjesivusto adventtikalenterin myyjille\" \/>\n<meta property=\"article:modified_time\" content=\"2025-10-02T09:54:28+00:00\" \/>\n<meta property=\"og:image\" content=\"https:\/\/www.adventtikalenteri.fi\/myyjille\/wp-content\/uploads\/sites\/2\/2025\/08\/Adventtikalenteri25_NettaHautamaki_35.jpg\" \/>\n\t<meta property=\"og:image:width\" content=\"1500\" \/>\n\t<meta property=\"og:image:height\" content=\"1000\" \/>\n\t<meta property=\"og:image:type\" content=\"image\/jpeg\" \/>\n<meta name=\"twitter:card\" content=\"summary_large_image\" \/>\n<meta name=\"twitter:label1\" content=\"Arvioitu lukuaika\" \/>\n\t<meta name=\"twitter:data1\" content=\"5 minuuttia\" \/>\n<script type=\"application\/ld+json\" class=\"yoast-schema-graph\">{\"@context\":\"https:\\\/\\\/schema.org\",\"@graph\":[{\"@type\":\"WebPage\",\"@id\":\"https:\\\/\\\/www.adventtikalenteri.fi\\\/myyjille\\\/myynti\\\/maksutavat\\\/mobiillimaksut\\\/\",\"url\":\"https:\\\/\\\/www.adventtikalenteri.fi\\\/myyjille\\\/myynti\\\/maksutavat\\\/mobiillimaksut\\\/\",\"name\":\"Vipps MobilePayn k\u00e4ytt\u00f6 adventtikalenterien myynniss\u00e4 - Ohjesivusto adventtikalenterin myyjille\",\"isPartOf\":{\"@id\":\"https:\\\/\\\/www.adventtikalenteri.fi\\\/myyjille\\\/#website\"},\"datePublished\":\"2021-08-25T08:07:15+00:00\",\"dateModified\":\"2025-10-02T09:54:28+00:00\",\"breadcrumb\":{\"@id\":\"https:\\\/\\\/www.adventtikalenteri.fi\\\/myyjille\\\/myynti\\\/maksutavat\\\/mobiillimaksut\\\/#breadcrumb\"},\"inLanguage\":\"fi\",\"potentialAction\":[{\"@type\":\"ReadAction\",\"target\":[\"https:\\\/\\\/www.adventtikalenteri.fi\\\/myyjille\\\/myynti\\\/maksutavat\\\/mobiillimaksut\\\/\"]}]},{\"@type\":\"BreadcrumbList\",\"@id\":\"https:\\\/\\\/www.adventtikalenteri.fi\\\/myyjille\\\/myynti\\\/maksutavat\\\/mobiillimaksut\\\/#breadcrumb\",\"itemListElement\":[{\"@type\":\"ListItem\",\"position\":1,\"name\":\"Etusivu\",\"item\":\"https:\\\/\\\/www.adventtikalenteri.fi\\\/myyjille\\\/\"},{\"@type\":\"ListItem\",\"position\":2,\"name\":\"Myynti\",\"item\":\"https:\\\/\\\/www.adventtikalenteri.fi\\\/myyjille\\\/myynti\\\/\"},{\"@type\":\"ListItem\",\"position\":3,\"name\":\"Maksutavat ja rahank\u00e4sittely\",\"item\":\"https:\\\/\\\/www.adventtikalenteri.fi\\\/myyjille\\\/myynti\\\/maksutavat\\\/\"},{\"@type\":\"ListItem\",\"position\":4,\"name\":\"Vipps MobilePayn k\u00e4ytt\u00f6 adventtikalenterien myynniss\u00e4\"}]},{\"@type\":\"WebSite\",\"@id\":\"https:\\\/\\\/www.adventtikalenteri.fi\\\/myyjille\\\/#website\",\"url\":\"https:\\\/\\\/www.adventtikalenteri.fi\\\/myyjille\\\/\",\"name\":\"Ohjesivusto adventtikalenterin myyjille\",\"description\":\"\",\"potentialAction\":[{\"@type\":\"SearchAction\",\"target\":{\"@type\":\"EntryPoint\",\"urlTemplate\":\"https:\\\/\\\/www.adventtikalenteri.fi\\\/myyjille\\\/?s={search_term_string}\"},\"query-input\":{\"@type\":\"PropertyValueSpecification\",\"valueRequired\":true,\"valueName\":\"search_term_string\"}}],\"inLanguage\":\"fi\"}]}<\/script>\n<!-- \/ Yoast SEO plugin. -->","yoast_head_json":{"title":"Vipps MobilePayn k\u00e4ytt\u00f6 adventtikalenterien myynniss\u00e4 - Ohjesivusto adventtikalenterin myyjille","robots":{"index":"index","follow":"follow","max-snippet":"max-snippet:-1","max-image-preview":"max-image-preview:large","max-video-preview":"max-video-preview:-1"},"canonical":"https:\/\/www.adventtikalenteri.fi\/myyjille\/myynti\/maksutavat\/mobiillimaksut\/","og_locale":"fi_FI","og_type":"article","og_title":"Vipps MobilePayn k\u00e4ytt\u00f6 adventtikalenterien myynniss\u00e4 - Ohjesivusto adventtikalenterin myyjille","og_description":"Vipps MobilePayn k\u00e4ytt\u00f6 adventtikalenterien myynniss\u00e4 Mobilepayn palveluilla pystyy ottamaan mobiilimaksuja","og_url":"https:\/\/www.adventtikalenteri.fi\/myyjille\/myynti\/maksutavat\/mobiillimaksut\/","og_site_name":"Ohjesivusto adventtikalenterin myyjille","article_modified_time":"2025-10-02T09:54:28+00:00","og_image":[{"width":1500,"height":1000,"url":"https:\/\/www.adventtikalenteri.fi\/myyjille\/wp-content\/uploads\/sites\/2\/2025\/08\/Adventtikalenteri25_NettaHautamaki_35.jpg","type":"image\/jpeg"}],"twitter_card":"summary_large_image","twitter_misc":{"Arvioitu lukuaika":"5 minuuttia"},"schema":{"@context":"https:\/\/schema.org","@graph":[{"@type":"WebPage","@id":"https:\/\/www.adventtikalenteri.fi\/myyjille\/myynti\/maksutavat\/mobiillimaksut\/","url":"https:\/\/www.adventtikalenteri.fi\/myyjille\/myynti\/maksutavat\/mobiillimaksut\/","name":"Vipps MobilePayn k\u00e4ytt\u00f6 adventtikalenterien myynniss\u00e4 - Ohjesivusto adventtikalenterin myyjille","isPartOf":{"@id":"https:\/\/www.adventtikalenteri.fi\/myyjille\/#website"},"datePublished":"2021-08-25T08:07:15+00:00","dateModified":"2025-10-02T09:54:28+00:00","breadcrumb":{"@id":"https:\/\/www.adventtikalenteri.fi\/myyjille\/myynti\/maksutavat\/mobiillimaksut\/#breadcrumb"},"inLanguage":"fi","potentialAction":[{"@type":"ReadAction","target":["https:\/\/www.adventtikalenteri.fi\/myyjille\/myynti\/maksutavat\/mobiillimaksut\/"]}]},{"@type":"BreadcrumbList","@id":"https:\/\/www.adventtikalenteri.fi\/myyjille\/myynti\/maksutavat\/mobiillimaksut\/#breadcrumb","itemListElement":[{"@type":"ListItem","position":1,"name":"Etusivu","item":"https:\/\/www.adventtikalenteri.fi\/myyjille\/"},{"@type":"ListItem","position":2,"name":"Myynti","item":"https:\/\/www.adventtikalenteri.fi\/myyjille\/myynti\/"},{"@type":"ListItem","position":3,"name":"Maksutavat ja rahank\u00e4sittely","item":"https:\/\/www.adventtikalenteri.fi\/myyjille\/myynti\/maksutavat\/"},{"@type":"ListItem","position":4,"name":"Vipps MobilePayn k\u00e4ytt\u00f6 adventtikalenterien myynniss\u00e4"}]},{"@type":"WebSite","@id":"https:\/\/www.adventtikalenteri.fi\/myyjille\/#website","url":"https:\/\/www.adventtikalenteri.fi\/myyjille\/","name":"Ohjesivusto adventtikalenterin myyjille","description":"","potentialAction":[{"@type":"SearchAction","target":{"@type":"EntryPoint","urlTemplate":"https:\/\/www.adventtikalenteri.fi\/myyjille\/?s={search_term_string}"},"query-input":{"@type":"PropertyValueSpecification","valueRequired":true,"valueName":"search_term_string"}}],"inLanguage":"fi"}]}},"_links":{"self":[{"href":"https:\/\/www.adventtikalenteri.fi\/myyjille\/wp-json\/wp\/v2\/pages\/321","targetHints":{"allow":["GET"]}}],"collection":[{"href":"https:\/\/www.adventtikalenteri.fi\/myyjille\/wp-json\/wp\/v2\/pages"}],"about":[{"href":"https:\/\/www.adventtikalenteri.fi\/myyjille\/wp-json\/wp\/v2\/types\/page"}],"author":[{"embeddable":true,"href":"https:\/\/www.adventtikalenteri.fi\/myyjille\/wp-json\/wp\/v2\/users\/10"}],"replies":[{"embeddable":true,"href":"https:\/\/www.adventtikalenteri.fi\/myyjille\/wp-json\/wp\/v2\/comments?post=321"}],"version-history":[{"count":15,"href":"https:\/\/www.adventtikalenteri.fi\/myyjille\/wp-json\/wp\/v2\/pages\/321\/revisions"}],"predecessor-version":[{"id":3898,"href":"https:\/\/www.adventtikalenteri.fi\/myyjille\/wp-json\/wp\/v2\/pages\/321\/revisions\/3898"}],"up":[{"embeddable":true,"href":"https:\/\/www.adventtikalenteri.fi\/myyjille\/wp-json\/wp\/v2\/pages\/251"}],"wp:attachment":[{"href":"https:\/\/www.adventtikalenteri.fi\/myyjille\/wp-json\/wp\/v2\/media?parent=321"}],"curies":[{"name":"wp","href":"https:\/\/api.w.org\/{rel}","templated":true}]}}