{"id":338,"date":"2021-08-25T11:38:34","date_gmt":"2021-08-25T08:38:34","guid":{"rendered":"https:\/\/www.adventtikalenteri.fi\/myyjille\/?page_id=338"},"modified":"2023-09-01T15:16:32","modified_gmt":"2023-09-01T12:16:32","slug":"tavoitteesta-kertominen","status":"publish","type":"page","link":"https:\/\/www.adventtikalenteri.fi\/myyjille\/kampanjan-hallinta\/kampanjan-kaynnistaminen\/tavoitteen-asettaminen\/tavoitteesta-kertominen\/","title":{"rendered":"Tavoitteesta kertominen"},"content":{"rendered":"<h1>N\u00e4in kerrotte tavoitteesta ostajalle<\/h1>\n<p class=\"lead\">Kun olette asettaneet selke\u00e4n tavoitteen kalenterimyynnillenne, on siit\u00e4 viestiminen helppoa. Miettik\u00e4\u00e4 jokin konkreettinen kohde (<a href=\"https:\/\/www.adventtikalenteri.fi\/myyjille\/kampanjan-hallinta\/kampanjan-kaynnistaminen\/tavoitteen-asettaminen\/\">katso vinkit tavoitteen asettamiseen<\/a>), johon ker\u00e4\u00e4tte rahaa. My\u00f6s asiakas haluaa mielell\u00e4\u00e4n tiet\u00e4\u00e4, mit\u00e4 teette ker\u00e4\u00e4mill\u00e4nne rahoilla!<\/p>\n<p>Mit\u00e4 konkreettisempi kohde on, sit\u00e4 ymm\u00e4rrett\u00e4v\u00e4mpi se on potentiaalisille asiakkaillenne. Yleisluontoinen \u201dpartiotoiminnan tukeminen\u201d ei v\u00e4ltt\u00e4m\u00e4tt\u00e4 kerro ei-partiolaiselle viel\u00e4 mit\u00e4\u00e4n.<\/p>\n<p>P\u00e4\u00e4tt\u00e4k\u00e4\u00e4 jo ennakkoon mit\u00e4 myyntituotolla on mahdollista tehd\u00e4 ja varmistakaa ett\u00e4 kaikki lippukunnan myyj\u00e4t tiet\u00e4v\u00e4t varainhankintanne kohteen. Sitten tavoitteestanne on helppo kertoa my\u00f6s myyntitilanteessa asiakkaalle!<\/p>\n<p><strong>T\u00e4ss\u00e4 muutama esimerkki tavoitteesta kertomiseen:<\/strong><\/p>\n<ul>\n<li><em>&#8221;Ker\u00e4\u00e4mme rahaa kalenterimyynnill\u00e4 uusien telttojen hankintaan.&#8221;<\/em><\/li>\n<li><em>&#8221;K\u00e4yt\u00e4mme myyntituotot t\u00e4m\u00e4n vuoden myynnist\u00e4 kokoontumistilamme, eli partiokolomme remonttiin.&#8221;<\/em><\/li>\n<\/ul>\n<p>Kannattaa kertoa tavoitteestanne my\u00f6s lippukuntanne ja j\u00e4sentenne somepostauksissa. <a href=\"https:\/\/www.adventtikalenteri.fi\/myyjille\/markkinointi-ja-viestinta\/sosiaalinen-media\/esimerkkinostot-someen\/\">Nappaa k\u00e4ytt\u00f6\u00f6si valmiit somepostausehdotukset<\/a> copy+paste ja lis\u00e4\u00e4 vain lippukunnan omat tiedot.<\/p>\n","protected":false},"excerpt":{"rendered":"<p>N\u00e4in kerrotte tavoitteesta ostajalle Kun olette asettaneet selke\u00e4n tavoitteen kalenterimyynnillenne,<\/p>\n","protected":false},"author":3,"featured_media":0,"parent":281,"menu_order":0,"comment_status":"closed","ping_status":"closed","template":"","meta":{"_acf_changed":false,"_relevanssi_hide_post":"","_relevanssi_hide_content":"","_relevanssi_pin_for_all":"","_relevanssi_pin_keywords":"","_relevanssi_unpin_keywords":"","_relevanssi_related_keywords":"","_relevanssi_related_include_ids":"","_relevanssi_related_exclude_ids":"","_relevanssi_related_no_append":"","_relevanssi_related_not_related":"","_relevanssi_related_posts":"1687,1999,2015,1946,1979,1916","_relevanssi_noindex_reason":"","footnotes":""},"class_list":["post-338","page","type-page","status-publish","hentry"],"acf":[],"yoast_head":"<!-- This site is optimized with the Yoast SEO plugin v27.3 - https:\/\/yoast.com\/product\/yoast-seo-wordpress\/ -->\n<title>Tavoitteesta kertominen - Ohjesivusto adventtikalenterin myyjille<\/title>\n<meta name=\"robots\" content=\"index, follow, max-snippet:-1, max-image-preview:large, max-video-preview:-1\" \/>\n<link rel=\"canonical\" href=\"https:\/\/www.adventtikalenteri.fi\/myyjille\/kampanjan-hallinta\/kampanjan-kaynnistaminen\/tavoitteen-asettaminen\/tavoitteesta-kertominen\/\" \/>\n<meta property=\"og:locale\" content=\"fi_FI\" \/>\n<meta property=\"og:type\" content=\"article\" \/>\n<meta property=\"og:title\" content=\"Tavoitteesta kertominen - Ohjesivusto adventtikalenterin myyjille\" \/>\n<meta property=\"og:description\" content=\"N\u00e4in kerrotte tavoitteesta ostajalle Kun olette asettaneet selke\u00e4n tavoitteen kalenterimyynnillenne,\" \/>\n<meta property=\"og:url\" content=\"https:\/\/www.adventtikalenteri.fi\/myyjille\/kampanjan-hallinta\/kampanjan-kaynnistaminen\/tavoitteen-asettaminen\/tavoitteesta-kertominen\/\" \/>\n<meta property=\"og:site_name\" content=\"Ohjesivusto adventtikalenterin myyjille\" \/>\n<meta property=\"article:modified_time\" content=\"2023-09-01T12:16:32+00:00\" \/>\n<meta property=\"og:image\" content=\"https:\/\/www.adventtikalenteri.fi\/myyjille\/wp-content\/uploads\/sites\/2\/2025\/08\/Adventtikalenteri25_NettaHautamaki_35.jpg\" \/>\n\t<meta property=\"og:image:width\" content=\"1500\" \/>\n\t<meta property=\"og:image:height\" content=\"1000\" \/>\n\t<meta property=\"og:image:type\" content=\"image\/jpeg\" \/>\n<meta name=\"twitter:card\" content=\"summary_large_image\" \/>\n<meta name=\"twitter:label1\" content=\"Arvioitu lukuaika\" \/>\n\t<meta name=\"twitter:data1\" content=\"1 minuutti\" \/>\n<script type=\"application\/ld+json\" class=\"yoast-schema-graph\">{\"@context\":\"https:\\\/\\\/schema.org\",\"@graph\":[{\"@type\":\"WebPage\",\"@id\":\"https:\\\/\\\/www.adventtikalenteri.fi\\\/myyjille\\\/kampanjan-hallinta\\\/kampanjan-kaynnistaminen\\\/tavoitteen-asettaminen\\\/tavoitteesta-kertominen\\\/\",\"url\":\"https:\\\/\\\/www.adventtikalenteri.fi\\\/myyjille\\\/kampanjan-hallinta\\\/kampanjan-kaynnistaminen\\\/tavoitteen-asettaminen\\\/tavoitteesta-kertominen\\\/\",\"name\":\"Tavoitteesta kertominen - Ohjesivusto adventtikalenterin myyjille\",\"isPartOf\":{\"@id\":\"https:\\\/\\\/www.adventtikalenteri.fi\\\/myyjille\\\/#website\"},\"datePublished\":\"2021-08-25T08:38:34+00:00\",\"dateModified\":\"2023-09-01T12:16:32+00:00\",\"breadcrumb\":{\"@id\":\"https:\\\/\\\/www.adventtikalenteri.fi\\\/myyjille\\\/kampanjan-hallinta\\\/kampanjan-kaynnistaminen\\\/tavoitteen-asettaminen\\\/tavoitteesta-kertominen\\\/#breadcrumb\"},\"inLanguage\":\"fi\",\"potentialAction\":[{\"@type\":\"ReadAction\",\"target\":[\"https:\\\/\\\/www.adventtikalenteri.fi\\\/myyjille\\\/kampanjan-hallinta\\\/kampanjan-kaynnistaminen\\\/tavoitteen-asettaminen\\\/tavoitteesta-kertominen\\\/\"]}]},{\"@type\":\"BreadcrumbList\",\"@id\":\"https:\\\/\\\/www.adventtikalenteri.fi\\\/myyjille\\\/kampanjan-hallinta\\\/kampanjan-kaynnistaminen\\\/tavoitteen-asettaminen\\\/tavoitteesta-kertominen\\\/#breadcrumb\",\"itemListElement\":[{\"@type\":\"ListItem\",\"position\":1,\"name\":\"Etusivu\",\"item\":\"https:\\\/\\\/www.adventtikalenteri.fi\\\/myyjille\\\/\"},{\"@type\":\"ListItem\",\"position\":2,\"name\":\"Kampanjan hallinta\",\"item\":\"https:\\\/\\\/www.adventtikalenteri.fi\\\/myyjille\\\/kampanjan-hallinta\\\/\"},{\"@type\":\"ListItem\",\"position\":3,\"name\":\"Kampanja k\u00e4yntiin\",\"item\":\"https:\\\/\\\/www.adventtikalenteri.fi\\\/myyjille\\\/kampanjan-hallinta\\\/kampanjan-kaynnistaminen\\\/\"},{\"@type\":\"ListItem\",\"position\":4,\"name\":\"Tavoitteen asettaminen\",\"item\":\"https:\\\/\\\/www.adventtikalenteri.fi\\\/myyjille\\\/kampanjan-hallinta\\\/kampanjan-kaynnistaminen\\\/tavoitteen-asettaminen\\\/\"},{\"@type\":\"ListItem\",\"position\":5,\"name\":\"Tavoitteesta kertominen\"}]},{\"@type\":\"WebSite\",\"@id\":\"https:\\\/\\\/www.adventtikalenteri.fi\\\/myyjille\\\/#website\",\"url\":\"https:\\\/\\\/www.adventtikalenteri.fi\\\/myyjille\\\/\",\"name\":\"Ohjesivusto adventtikalenterin myyjille\",\"description\":\"\",\"potentialAction\":[{\"@type\":\"SearchAction\",\"target\":{\"@type\":\"EntryPoint\",\"urlTemplate\":\"https:\\\/\\\/www.adventtikalenteri.fi\\\/myyjille\\\/?s={search_term_string}\"},\"query-input\":{\"@type\":\"PropertyValueSpecification\",\"valueRequired\":true,\"valueName\":\"search_term_string\"}}],\"inLanguage\":\"fi\"}]}<\/script>\n<!-- \/ Yoast SEO plugin. -->","yoast_head_json":{"title":"Tavoitteesta kertominen - Ohjesivusto adventtikalenterin myyjille","robots":{"index":"index","follow":"follow","max-snippet":"max-snippet:-1","max-image-preview":"max-image-preview:large","max-video-preview":"max-video-preview:-1"},"canonical":"https:\/\/www.adventtikalenteri.fi\/myyjille\/kampanjan-hallinta\/kampanjan-kaynnistaminen\/tavoitteen-asettaminen\/tavoitteesta-kertominen\/","og_locale":"fi_FI","og_type":"article","og_title":"Tavoitteesta kertominen - Ohjesivusto adventtikalenterin myyjille","og_description":"N\u00e4in kerrotte tavoitteesta ostajalle Kun olette asettaneet selke\u00e4n tavoitteen kalenterimyynnillenne,","og_url":"https:\/\/www.adventtikalenteri.fi\/myyjille\/kampanjan-hallinta\/kampanjan-kaynnistaminen\/tavoitteen-asettaminen\/tavoitteesta-kertominen\/","og_site_name":"Ohjesivusto adventtikalenterin myyjille","article_modified_time":"2023-09-01T12:16:32+00:00","og_image":[{"width":1500,"height":1000,"url":"https:\/\/www.adventtikalenteri.fi\/myyjille\/wp-content\/uploads\/sites\/2\/2025\/08\/Adventtikalenteri25_NettaHautamaki_35.jpg","type":"image\/jpeg"}],"twitter_card":"summary_large_image","twitter_misc":{"Arvioitu lukuaika":"1 minuutti"},"schema":{"@context":"https:\/\/schema.org","@graph":[{"@type":"WebPage","@id":"https:\/\/www.adventtikalenteri.fi\/myyjille\/kampanjan-hallinta\/kampanjan-kaynnistaminen\/tavoitteen-asettaminen\/tavoitteesta-kertominen\/","url":"https:\/\/www.adventtikalenteri.fi\/myyjille\/kampanjan-hallinta\/kampanjan-kaynnistaminen\/tavoitteen-asettaminen\/tavoitteesta-kertominen\/","name":"Tavoitteesta kertominen - Ohjesivusto adventtikalenterin myyjille","isPartOf":{"@id":"https:\/\/www.adventtikalenteri.fi\/myyjille\/#website"},"datePublished":"2021-08-25T08:38:34+00:00","dateModified":"2023-09-01T12:16:32+00:00","breadcrumb":{"@id":"https:\/\/www.adventtikalenteri.fi\/myyjille\/kampanjan-hallinta\/kampanjan-kaynnistaminen\/tavoitteen-asettaminen\/tavoitteesta-kertominen\/#breadcrumb"},"inLanguage":"fi","potentialAction":[{"@type":"ReadAction","target":["https:\/\/www.adventtikalenteri.fi\/myyjille\/kampanjan-hallinta\/kampanjan-kaynnistaminen\/tavoitteen-asettaminen\/tavoitteesta-kertominen\/"]}]},{"@type":"BreadcrumbList","@id":"https:\/\/www.adventtikalenteri.fi\/myyjille\/kampanjan-hallinta\/kampanjan-kaynnistaminen\/tavoitteen-asettaminen\/tavoitteesta-kertominen\/#breadcrumb","itemListElement":[{"@type":"ListItem","position":1,"name":"Etusivu","item":"https:\/\/www.adventtikalenteri.fi\/myyjille\/"},{"@type":"ListItem","position":2,"name":"Kampanjan hallinta","item":"https:\/\/www.adventtikalenteri.fi\/myyjille\/kampanjan-hallinta\/"},{"@type":"ListItem","position":3,"name":"Kampanja k\u00e4yntiin","item":"https:\/\/www.adventtikalenteri.fi\/myyjille\/kampanjan-hallinta\/kampanjan-kaynnistaminen\/"},{"@type":"ListItem","position":4,"name":"Tavoitteen asettaminen","item":"https:\/\/www.adventtikalenteri.fi\/myyjille\/kampanjan-hallinta\/kampanjan-kaynnistaminen\/tavoitteen-asettaminen\/"},{"@type":"ListItem","position":5,"name":"Tavoitteesta kertominen"}]},{"@type":"WebSite","@id":"https:\/\/www.adventtikalenteri.fi\/myyjille\/#website","url":"https:\/\/www.adventtikalenteri.fi\/myyjille\/","name":"Ohjesivusto adventtikalenterin myyjille","description":"","potentialAction":[{"@type":"SearchAction","target":{"@type":"EntryPoint","urlTemplate":"https:\/\/www.adventtikalenteri.fi\/myyjille\/?s={search_term_string}"},"query-input":{"@type":"PropertyValueSpecification","valueRequired":true,"valueName":"search_term_string"}}],"inLanguage":"fi"}]}},"_links":{"self":[{"href":"https:\/\/www.adventtikalenteri.fi\/myyjille\/wp-json\/wp\/v2\/pages\/338","targetHints":{"allow":["GET"]}}],"collection":[{"href":"https:\/\/www.adventtikalenteri.fi\/myyjille\/wp-json\/wp\/v2\/pages"}],"about":[{"href":"https:\/\/www.adventtikalenteri.fi\/myyjille\/wp-json\/wp\/v2\/types\/page"}],"author":[{"embeddable":true,"href":"https:\/\/www.adventtikalenteri.fi\/myyjille\/wp-json\/wp\/v2\/users\/3"}],"replies":[{"embeddable":true,"href":"https:\/\/www.adventtikalenteri.fi\/myyjille\/wp-json\/wp\/v2\/comments?post=338"}],"version-history":[{"count":12,"href":"https:\/\/www.adventtikalenteri.fi\/myyjille\/wp-json\/wp\/v2\/pages\/338\/revisions"}],"predecessor-version":[{"id":2338,"href":"https:\/\/www.adventtikalenteri.fi\/myyjille\/wp-json\/wp\/v2\/pages\/338\/revisions\/2338"}],"up":[{"embeddable":true,"href":"https:\/\/www.adventtikalenteri.fi\/myyjille\/wp-json\/wp\/v2\/pages\/281"}],"wp:attachment":[{"href":"https:\/\/www.adventtikalenteri.fi\/myyjille\/wp-json\/wp\/v2\/media?parent=338"}],"curies":[{"name":"wp","href":"https:\/\/api.w.org\/{rel}","templated":true}]}}