{"id":351,"date":"2022-06-06T10:00:30","date_gmt":"2022-06-06T07:00:30","guid":{"rendered":"https:\/\/www.adventtikalenteri.fi\/myyjille\/?page_id=351"},"modified":"2025-08-28T09:20:40","modified_gmt":"2025-08-28T06:20:40","slug":"valmiit-markkinointimateriaalit","status":"publish","type":"page","link":"https:\/\/www.adventtikalenteri.fi\/myyjille\/markkinointi-ja-viestinta\/valmiit-markkinointimateriaalit\/","title":{"rendered":"Valmiit markkinointimateriaalit"},"content":{"rendered":"\n<p class=\"is-style-lead\">Partion materiaalipankista l\u00f6yd\u00e4t runsaasti julisteita, somekuvia ja muuta valmista markkinointimateriaalia lippukunnan k\u00e4ytt\u00f6\u00f6n. Paketti painettuja julisteita postitetaan my\u00f6s lippukunnan kampanjap\u00e4\u00e4llik\u00f6lle ennen kampanjan alkua.<\/p>\n\n\n\n<p>Tutustu materiaalipankin sis\u00e4lt\u00f6\u00f6n ja ota vapaasti k\u00e4ytt\u00f6\u00f6n kaikki sellaiset markkinointi- ja viestint\u00e4materiaalit, joista uskot olevan hy\u00f6ty\u00e4 lippukuntanne adventtikalenterimyynnin tukena.<\/p>\n\n\n\n<ul class=\"wp-block-list\">\n<li><a href=\"https:\/\/partio.contenthub.fi\/ui\/shares\/f27238\/7TpXDBGnP7\/fi\/\">Julisteita, somekuvia ja muuta markkinointimateriaalia materiaalipankissa<\/a><\/li>\n\n\n\n<li><a href=\"https:\/\/partio.kuvat.fi\/kuvat\/Partiolaisten+adventtikalenteri\/Adventtikalenteri+2025\/\">Valokuvia partion kuvapankissa<\/a><\/li>\n<\/ul>\n\n\n\n<p><\/p>\n","protected":false},"excerpt":{"rendered":"<p>Partion materiaalipankista l\u00f6yd\u00e4t runsaasti julisteita, somekuvia ja muuta valmista markkinointimateriaalia<\/p>\n","protected":false},"author":10,"featured_media":3641,"parent":228,"menu_order":2,"comment_status":"closed","ping_status":"closed","template":"","meta":{"_acf_changed":false,"_relevanssi_hide_post":"","_relevanssi_hide_content":"","_relevanssi_pin_for_all":"","_relevanssi_pin_keywords":"","_relevanssi_unpin_keywords":"","_relevanssi_related_keywords":"","_relevanssi_related_include_ids":"","_relevanssi_related_exclude_ids":"","_relevanssi_related_no_append":"","_relevanssi_related_not_related":"","_relevanssi_related_posts":"1366,1072,870,1486,550,1159","_relevanssi_noindex_reason":"","footnotes":""},"class_list":["post-351","page","type-page","status-publish","has-post-thumbnail","hentry"],"acf":[],"yoast_head":"<!-- This site is optimized with the Yoast SEO plugin v27.1.1 - https:\/\/yoast.com\/product\/yoast-seo-wordpress\/ -->\n<title>Valmiit markkinointimateriaalit - Ohjesivusto adventtikalenterin myyjille<\/title>\n<meta name=\"description\" content=\"S\u00e4\u00e4st\u00e4 lippukuntanne j\u00e4senten aikaa ja vaivaa. Hy\u00f6dynn\u00e4 valmiita partiolaisten adventtikalenterin markkinointimateriaaleja.\" \/>\n<meta name=\"robots\" content=\"index, follow, max-snippet:-1, max-image-preview:large, max-video-preview:-1\" \/>\n<link rel=\"canonical\" href=\"https:\/\/www.adventtikalenteri.fi\/myyjille\/markkinointi-ja-viestinta\/valmiit-markkinointimateriaalit\/\" \/>\n<meta property=\"og:locale\" content=\"fi_FI\" \/>\n<meta property=\"og:type\" content=\"article\" \/>\n<meta property=\"og:title\" content=\"Valmiit markkinointimateriaalit - Ohjesivusto adventtikalenterin myyjille\" \/>\n<meta property=\"og:description\" content=\"S\u00e4\u00e4st\u00e4 lippukuntanne j\u00e4senten aikaa ja vaivaa. Hy\u00f6dynn\u00e4 valmiita partiolaisten adventtikalenterin markkinointimateriaaleja.\" \/>\n<meta property=\"og:url\" content=\"https:\/\/www.adventtikalenteri.fi\/myyjille\/markkinointi-ja-viestinta\/valmiit-markkinointimateriaalit\/\" \/>\n<meta property=\"og:site_name\" content=\"Ohjesivusto adventtikalenterin myyjille\" \/>\n<meta property=\"article:modified_time\" content=\"2025-08-28T06:20:40+00:00\" \/>\n<meta property=\"og:image\" content=\"https:\/\/www.adventtikalenteri.fi\/myyjille\/wp-content\/uploads\/sites\/2\/2025\/08\/Adventtikalenteri25_NettaHautamaki_35.jpg\" \/>\n\t<meta property=\"og:image:width\" content=\"1500\" \/>\n\t<meta property=\"og:image:height\" content=\"1000\" \/>\n\t<meta property=\"og:image:type\" content=\"image\/jpeg\" \/>\n<meta name=\"twitter:card\" content=\"summary_large_image\" \/>\n<meta name=\"twitter:label1\" content=\"Arvioitu lukuaika\" \/>\n\t<meta name=\"twitter:data1\" content=\"3 minuuttia\" \/>\n<script type=\"application\/ld+json\" class=\"yoast-schema-graph\">{\"@context\":\"https:\/\/schema.org\",\"@graph\":[{\"@type\":\"WebPage\",\"@id\":\"https:\/\/www.adventtikalenteri.fi\/myyjille\/markkinointi-ja-viestinta\/valmiit-markkinointimateriaalit\/\",\"url\":\"https:\/\/www.adventtikalenteri.fi\/myyjille\/markkinointi-ja-viestinta\/valmiit-markkinointimateriaalit\/\",\"name\":\"Valmiit markkinointimateriaalit - Ohjesivusto adventtikalenterin myyjille\",\"isPartOf\":{\"@id\":\"https:\/\/www.adventtikalenteri.fi\/myyjille\/#website\"},\"primaryImageOfPage\":{\"@id\":\"https:\/\/www.adventtikalenteri.fi\/myyjille\/markkinointi-ja-viestinta\/valmiit-markkinointimateriaalit\/#primaryimage\"},\"image\":{\"@id\":\"https:\/\/www.adventtikalenteri.fi\/myyjille\/markkinointi-ja-viestinta\/valmiit-markkinointimateriaalit\/#primaryimage\"},\"thumbnailUrl\":\"https:\/\/www.adventtikalenteri.fi\/myyjille\/wp-content\/uploads\/sites\/2\/2025\/08\/Adventtikalenteri25_NettaHautamaki_35.jpg\",\"datePublished\":\"2022-06-06T07:00:30+00:00\",\"dateModified\":\"2025-08-28T06:20:40+00:00\",\"description\":\"S\u00e4\u00e4st\u00e4 lippukuntanne j\u00e4senten aikaa ja vaivaa. Hy\u00f6dynn\u00e4 valmiita partiolaisten adventtikalenterin markkinointimateriaaleja.\",\"breadcrumb\":{\"@id\":\"https:\/\/www.adventtikalenteri.fi\/myyjille\/markkinointi-ja-viestinta\/valmiit-markkinointimateriaalit\/#breadcrumb\"},\"inLanguage\":\"fi\",\"potentialAction\":[{\"@type\":\"ReadAction\",\"target\":[\"https:\/\/www.adventtikalenteri.fi\/myyjille\/markkinointi-ja-viestinta\/valmiit-markkinointimateriaalit\/\"]}]},{\"@type\":\"ImageObject\",\"inLanguage\":\"fi\",\"@id\":\"https:\/\/www.adventtikalenteri.fi\/myyjille\/markkinointi-ja-viestinta\/valmiit-markkinointimateriaalit\/#primaryimage\",\"url\":\"https:\/\/www.adventtikalenteri.fi\/myyjille\/wp-content\/uploads\/sites\/2\/2025\/08\/Adventtikalenteri25_NettaHautamaki_35.jpg\",\"contentUrl\":\"https:\/\/www.adventtikalenteri.fi\/myyjille\/wp-content\/uploads\/sites\/2\/2025\/08\/Adventtikalenteri25_NettaHautamaki_35.jpg\",\"width\":1500,\"height\":1000},{\"@type\":\"BreadcrumbList\",\"@id\":\"https:\/\/www.adventtikalenteri.fi\/myyjille\/markkinointi-ja-viestinta\/valmiit-markkinointimateriaalit\/#breadcrumb\",\"itemListElement\":[{\"@type\":\"ListItem\",\"position\":1,\"name\":\"Etusivu\",\"item\":\"https:\/\/www.adventtikalenteri.fi\/myyjille\/\"},{\"@type\":\"ListItem\",\"position\":2,\"name\":\"Markkinointi ja viestint\u00e4\",\"item\":\"https:\/\/www.adventtikalenteri.fi\/myyjille\/markkinointi-ja-viestinta\/\"},{\"@type\":\"ListItem\",\"position\":3,\"name\":\"Valmiit markkinointimateriaalit\"}]},{\"@type\":\"WebSite\",\"@id\":\"https:\/\/www.adventtikalenteri.fi\/myyjille\/#website\",\"url\":\"https:\/\/www.adventtikalenteri.fi\/myyjille\/\",\"name\":\"Ohjesivusto adventtikalenterin myyjille\",\"description\":\"\",\"potentialAction\":[{\"@type\":\"SearchAction\",\"target\":{\"@type\":\"EntryPoint\",\"urlTemplate\":\"https:\/\/www.adventtikalenteri.fi\/myyjille\/?s={search_term_string}\"},\"query-input\":{\"@type\":\"PropertyValueSpecification\",\"valueRequired\":true,\"valueName\":\"search_term_string\"}}],\"inLanguage\":\"fi\"}]}<\/script>\n<!-- \/ Yoast SEO plugin. -->","yoast_head_json":{"title":"Valmiit markkinointimateriaalit - Ohjesivusto adventtikalenterin myyjille","description":"S\u00e4\u00e4st\u00e4 lippukuntanne j\u00e4senten aikaa ja vaivaa. Hy\u00f6dynn\u00e4 valmiita partiolaisten adventtikalenterin markkinointimateriaaleja.","robots":{"index":"index","follow":"follow","max-snippet":"max-snippet:-1","max-image-preview":"max-image-preview:large","max-video-preview":"max-video-preview:-1"},"canonical":"https:\/\/www.adventtikalenteri.fi\/myyjille\/markkinointi-ja-viestinta\/valmiit-markkinointimateriaalit\/","og_locale":"fi_FI","og_type":"article","og_title":"Valmiit markkinointimateriaalit - Ohjesivusto adventtikalenterin myyjille","og_description":"S\u00e4\u00e4st\u00e4 lippukuntanne j\u00e4senten aikaa ja vaivaa. Hy\u00f6dynn\u00e4 valmiita partiolaisten adventtikalenterin markkinointimateriaaleja.","og_url":"https:\/\/www.adventtikalenteri.fi\/myyjille\/markkinointi-ja-viestinta\/valmiit-markkinointimateriaalit\/","og_site_name":"Ohjesivusto adventtikalenterin myyjille","article_modified_time":"2025-08-28T06:20:40+00:00","og_image":[{"width":1500,"height":1000,"url":"https:\/\/www.adventtikalenteri.fi\/myyjille\/wp-content\/uploads\/sites\/2\/2025\/08\/Adventtikalenteri25_NettaHautamaki_35.jpg","type":"image\/jpeg"}],"twitter_card":"summary_large_image","twitter_misc":{"Arvioitu lukuaika":"3 minuuttia"},"schema":{"@context":"https:\/\/schema.org","@graph":[{"@type":"WebPage","@id":"https:\/\/www.adventtikalenteri.fi\/myyjille\/markkinointi-ja-viestinta\/valmiit-markkinointimateriaalit\/","url":"https:\/\/www.adventtikalenteri.fi\/myyjille\/markkinointi-ja-viestinta\/valmiit-markkinointimateriaalit\/","name":"Valmiit markkinointimateriaalit - Ohjesivusto adventtikalenterin myyjille","isPartOf":{"@id":"https:\/\/www.adventtikalenteri.fi\/myyjille\/#website"},"primaryImageOfPage":{"@id":"https:\/\/www.adventtikalenteri.fi\/myyjille\/markkinointi-ja-viestinta\/valmiit-markkinointimateriaalit\/#primaryimage"},"image":{"@id":"https:\/\/www.adventtikalenteri.fi\/myyjille\/markkinointi-ja-viestinta\/valmiit-markkinointimateriaalit\/#primaryimage"},"thumbnailUrl":"https:\/\/www.adventtikalenteri.fi\/myyjille\/wp-content\/uploads\/sites\/2\/2025\/08\/Adventtikalenteri25_NettaHautamaki_35.jpg","datePublished":"2022-06-06T07:00:30+00:00","dateModified":"2025-08-28T06:20:40+00:00","description":"S\u00e4\u00e4st\u00e4 lippukuntanne j\u00e4senten aikaa ja vaivaa. Hy\u00f6dynn\u00e4 valmiita partiolaisten adventtikalenterin markkinointimateriaaleja.","breadcrumb":{"@id":"https:\/\/www.adventtikalenteri.fi\/myyjille\/markkinointi-ja-viestinta\/valmiit-markkinointimateriaalit\/#breadcrumb"},"inLanguage":"fi","potentialAction":[{"@type":"ReadAction","target":["https:\/\/www.adventtikalenteri.fi\/myyjille\/markkinointi-ja-viestinta\/valmiit-markkinointimateriaalit\/"]}]},{"@type":"ImageObject","inLanguage":"fi","@id":"https:\/\/www.adventtikalenteri.fi\/myyjille\/markkinointi-ja-viestinta\/valmiit-markkinointimateriaalit\/#primaryimage","url":"https:\/\/www.adventtikalenteri.fi\/myyjille\/wp-content\/uploads\/sites\/2\/2025\/08\/Adventtikalenteri25_NettaHautamaki_35.jpg","contentUrl":"https:\/\/www.adventtikalenteri.fi\/myyjille\/wp-content\/uploads\/sites\/2\/2025\/08\/Adventtikalenteri25_NettaHautamaki_35.jpg","width":1500,"height":1000},{"@type":"BreadcrumbList","@id":"https:\/\/www.adventtikalenteri.fi\/myyjille\/markkinointi-ja-viestinta\/valmiit-markkinointimateriaalit\/#breadcrumb","itemListElement":[{"@type":"ListItem","position":1,"name":"Etusivu","item":"https:\/\/www.adventtikalenteri.fi\/myyjille\/"},{"@type":"ListItem","position":2,"name":"Markkinointi ja viestint\u00e4","item":"https:\/\/www.adventtikalenteri.fi\/myyjille\/markkinointi-ja-viestinta\/"},{"@type":"ListItem","position":3,"name":"Valmiit markkinointimateriaalit"}]},{"@type":"WebSite","@id":"https:\/\/www.adventtikalenteri.fi\/myyjille\/#website","url":"https:\/\/www.adventtikalenteri.fi\/myyjille\/","name":"Ohjesivusto adventtikalenterin myyjille","description":"","potentialAction":[{"@type":"SearchAction","target":{"@type":"EntryPoint","urlTemplate":"https:\/\/www.adventtikalenteri.fi\/myyjille\/?s={search_term_string}"},"query-input":{"@type":"PropertyValueSpecification","valueRequired":true,"valueName":"search_term_string"}}],"inLanguage":"fi"}]}},"_links":{"self":[{"href":"https:\/\/www.adventtikalenteri.fi\/myyjille\/wp-json\/wp\/v2\/pages\/351","targetHints":{"allow":["GET"]}}],"collection":[{"href":"https:\/\/www.adventtikalenteri.fi\/myyjille\/wp-json\/wp\/v2\/pages"}],"about":[{"href":"https:\/\/www.adventtikalenteri.fi\/myyjille\/wp-json\/wp\/v2\/types\/page"}],"author":[{"embeddable":true,"href":"https:\/\/www.adventtikalenteri.fi\/myyjille\/wp-json\/wp\/v2\/users\/10"}],"replies":[{"embeddable":true,"href":"https:\/\/www.adventtikalenteri.fi\/myyjille\/wp-json\/wp\/v2\/comments?post=351"}],"version-history":[{"count":15,"href":"https:\/\/www.adventtikalenteri.fi\/myyjille\/wp-json\/wp\/v2\/pages\/351\/revisions"}],"predecessor-version":[{"id":3646,"href":"https:\/\/www.adventtikalenteri.fi\/myyjille\/wp-json\/wp\/v2\/pages\/351\/revisions\/3646"}],"up":[{"embeddable":true,"href":"https:\/\/www.adventtikalenteri.fi\/myyjille\/wp-json\/wp\/v2\/pages\/228"}],"wp:featuredmedia":[{"embeddable":true,"href":"https:\/\/www.adventtikalenteri.fi\/myyjille\/wp-json\/wp\/v2\/media\/3641"}],"wp:attachment":[{"href":"https:\/\/www.adventtikalenteri.fi\/myyjille\/wp-json\/wp\/v2\/media?parent=351"}],"curies":[{"name":"wp","href":"https:\/\/api.w.org\/{rel}","templated":true}]}}