{"id":400,"date":"2021-08-25T17:01:15","date_gmt":"2021-08-25T14:01:15","guid":{"rendered":"https:\/\/www.adventtikalenteri.fi\/myyjille\/?page_id=400"},"modified":"2025-09-16T09:51:43","modified_gmt":"2025-09-16T06:51:43","slug":"kanavat-ja-kohderyhmat-somessa","status":"publish","type":"page","link":"https:\/\/www.adventtikalenteri.fi\/myyjille\/markkinointi-ja-viestinta\/sosiaalinen-media\/kanavat-ja-kohderyhmat-somessa\/","title":{"rendered":"Somekanavat ja kohderyhmien valinta"},"content":{"rendered":"<p class=\"lead\">Kampanjan aikana tulee vastaan erilaisia viestint\u00e4tarpeita ja some on hyv\u00e4 tapa v\u00e4litt\u00e4\u00e4 tietoa. Ennen kun kirjoitat postauksen, mieti ensin kenelle haluat viestin osoittaa ja mist\u00e4 kanavista voisitte kyseisen kohderyhm\u00e4n tavoittaa. Muokkaa teksti ja valitse kanava sen mukaan.<\/p>\n<p>Hyv\u00e4 tapa mietti\u00e4 kohderyhmi\u00e4 on listata kaikki lippukuntasi k\u00e4yt\u00f6ss\u00e4 olevat somekanavat ja mietti\u00e4 ketk\u00e4 seuraavat kyseist\u00e4 kanavaa. Osaa kanavista seuraa ehk\u00e4 lippukuntalaistenne huoltajat ja osaa puolestaan nykyiset ja entiset j\u00e4senet. Tutustu my\u00f6s valmiisiin <a href=\"https:\/\/www.adventtikalenteri.fi\/myyjille\/markkinointi-ja-viestinta\/sosiaalinen-media\/esimerkkinostot-someen\/\">somepostausesimerkkeihin<\/a>, joita voitte k\u00e4ytt\u00e4\u00e4 soveltuvin osin kaikkialla somessa ja kalenteriviestinn\u00e4ss\u00e4.<\/p>\n<p>&nbsp;<\/p>\n","protected":false},"excerpt":{"rendered":"<p>Kampanjan aikana tulee vastaan erilaisia viestint\u00e4tarpeita ja some on hyv\u00e4<\/p>\n","protected":false},"author":10,"featured_media":1547,"parent":324,"menu_order":0,"comment_status":"closed","ping_status":"closed","template":"","meta":{"_acf_changed":false,"_relevanssi_hide_post":"","_relevanssi_hide_content":"","_relevanssi_pin_for_all":"","_relevanssi_pin_keywords":"","_relevanssi_unpin_keywords":"","_relevanssi_related_keywords":"","_relevanssi_related_include_ids":"","_relevanssi_related_exclude_ids":"","_relevanssi_related_no_append":"","_relevanssi_related_not_related":"","_relevanssi_related_posts":"1159,1230,1072,417,1366,1486","_relevanssi_noindex_reason":"","footnotes":""},"class_list":["post-400","page","type-page","status-publish","has-post-thumbnail","hentry"],"acf":[],"yoast_head":"<!-- This site is optimized with the Yoast SEO plugin v27.5 - https:\/\/yoast.com\/product\/yoast-seo-wordpress\/ -->\n<title>Somekanavat ja kohderyhmien valinta - Ohjesivusto adventtikalenterin myyjille<\/title>\n<meta name=\"description\" content=\"Vinkkej\u00e4 partiolaisille adventtikalenterien myyjille sosiaalisen median eri kanavien hy\u00f6dynt\u00e4miseen ja kohderyhmien m\u00e4\u00e4rittelyyn.\" \/>\n<meta name=\"robots\" content=\"index, follow, max-snippet:-1, max-image-preview:large, max-video-preview:-1\" \/>\n<link rel=\"canonical\" href=\"https:\/\/www.adventtikalenteri.fi\/myyjille\/markkinointi-ja-viestinta\/sosiaalinen-media\/kanavat-ja-kohderyhmat-somessa\/\" \/>\n<meta property=\"og:locale\" content=\"fi_FI\" \/>\n<meta property=\"og:type\" content=\"article\" \/>\n<meta property=\"og:title\" content=\"Somekanavat ja kohderyhmien valinta - Ohjesivusto adventtikalenterin myyjille\" \/>\n<meta property=\"og:description\" content=\"Vinkkej\u00e4 partiolaisille adventtikalenterien myyjille sosiaalisen median eri kanavien hy\u00f6dynt\u00e4miseen ja kohderyhmien m\u00e4\u00e4rittelyyn.\" \/>\n<meta property=\"og:url\" content=\"https:\/\/www.adventtikalenteri.fi\/myyjille\/markkinointi-ja-viestinta\/sosiaalinen-media\/kanavat-ja-kohderyhmat-somessa\/\" \/>\n<meta property=\"og:site_name\" content=\"Ohjesivusto adventtikalenterin myyjille\" \/>\n<meta property=\"article:modified_time\" content=\"2025-09-16T06:51:43+00:00\" \/>\n<meta property=\"og:image\" content=\"https:\/\/www.adventtikalenteri.fi\/myyjille\/wp-content\/uploads\/sites\/2\/2022\/08\/Adventtikalenteri-2022__Terhi-Takkinen_017_web.jpg\" \/>\n\t<meta property=\"og:image:width\" content=\"2048\" \/>\n\t<meta property=\"og:image:height\" content=\"1486\" \/>\n\t<meta property=\"og:image:type\" content=\"image\/jpeg\" \/>\n<meta name=\"twitter:card\" content=\"summary_large_image\" \/>\n<meta name=\"twitter:label1\" content=\"Arvioitu lukuaika\" \/>\n\t<meta name=\"twitter:data1\" content=\"7 minuuttia\" \/>\n<script type=\"application\/ld+json\" class=\"yoast-schema-graph\">{\"@context\":\"https:\\\/\\\/schema.org\",\"@graph\":[{\"@type\":\"WebPage\",\"@id\":\"https:\\\/\\\/www.adventtikalenteri.fi\\\/myyjille\\\/markkinointi-ja-viestinta\\\/sosiaalinen-media\\\/kanavat-ja-kohderyhmat-somessa\\\/\",\"url\":\"https:\\\/\\\/www.adventtikalenteri.fi\\\/myyjille\\\/markkinointi-ja-viestinta\\\/sosiaalinen-media\\\/kanavat-ja-kohderyhmat-somessa\\\/\",\"name\":\"Somekanavat ja kohderyhmien valinta - Ohjesivusto adventtikalenterin myyjille\",\"isPartOf\":{\"@id\":\"https:\\\/\\\/www.adventtikalenteri.fi\\\/myyjille\\\/#website\"},\"primaryImageOfPage\":{\"@id\":\"https:\\\/\\\/www.adventtikalenteri.fi\\\/myyjille\\\/markkinointi-ja-viestinta\\\/sosiaalinen-media\\\/kanavat-ja-kohderyhmat-somessa\\\/#primaryimage\"},\"image\":{\"@id\":\"https:\\\/\\\/www.adventtikalenteri.fi\\\/myyjille\\\/markkinointi-ja-viestinta\\\/sosiaalinen-media\\\/kanavat-ja-kohderyhmat-somessa\\\/#primaryimage\"},\"thumbnailUrl\":\"https:\\\/\\\/www.adventtikalenteri.fi\\\/myyjille\\\/wp-content\\\/uploads\\\/sites\\\/2\\\/2022\\\/08\\\/Adventtikalenteri-2022__Terhi-Takkinen_017_web.jpg\",\"datePublished\":\"2021-08-25T14:01:15+00:00\",\"dateModified\":\"2025-09-16T06:51:43+00:00\",\"description\":\"Vinkkej\u00e4 partiolaisille adventtikalenterien myyjille sosiaalisen median eri kanavien hy\u00f6dynt\u00e4miseen ja kohderyhmien m\u00e4\u00e4rittelyyn.\",\"breadcrumb\":{\"@id\":\"https:\\\/\\\/www.adventtikalenteri.fi\\\/myyjille\\\/markkinointi-ja-viestinta\\\/sosiaalinen-media\\\/kanavat-ja-kohderyhmat-somessa\\\/#breadcrumb\"},\"inLanguage\":\"fi\",\"potentialAction\":[{\"@type\":\"ReadAction\",\"target\":[\"https:\\\/\\\/www.adventtikalenteri.fi\\\/myyjille\\\/markkinointi-ja-viestinta\\\/sosiaalinen-media\\\/kanavat-ja-kohderyhmat-somessa\\\/\"]}]},{\"@type\":\"ImageObject\",\"inLanguage\":\"fi\",\"@id\":\"https:\\\/\\\/www.adventtikalenteri.fi\\\/myyjille\\\/markkinointi-ja-viestinta\\\/sosiaalinen-media\\\/kanavat-ja-kohderyhmat-somessa\\\/#primaryimage\",\"url\":\"https:\\\/\\\/www.adventtikalenteri.fi\\\/myyjille\\\/wp-content\\\/uploads\\\/sites\\\/2\\\/2022\\\/08\\\/Adventtikalenteri-2022__Terhi-Takkinen_017_web.jpg\",\"contentUrl\":\"https:\\\/\\\/www.adventtikalenteri.fi\\\/myyjille\\\/wp-content\\\/uploads\\\/sites\\\/2\\\/2022\\\/08\\\/Adventtikalenteri-2022__Terhi-Takkinen_017_web.jpg\",\"width\":2048,\"height\":1486,\"caption\":\"Kuva: Terhi Takkinen\"},{\"@type\":\"BreadcrumbList\",\"@id\":\"https:\\\/\\\/www.adventtikalenteri.fi\\\/myyjille\\\/markkinointi-ja-viestinta\\\/sosiaalinen-media\\\/kanavat-ja-kohderyhmat-somessa\\\/#breadcrumb\",\"itemListElement\":[{\"@type\":\"ListItem\",\"position\":1,\"name\":\"Etusivu\",\"item\":\"https:\\\/\\\/www.adventtikalenteri.fi\\\/myyjille\\\/\"},{\"@type\":\"ListItem\",\"position\":2,\"name\":\"Markkinointi ja viestint\u00e4\",\"item\":\"https:\\\/\\\/www.adventtikalenteri.fi\\\/myyjille\\\/markkinointi-ja-viestinta\\\/\"},{\"@type\":\"ListItem\",\"position\":3,\"name\":\"Sosiaalinen media\",\"item\":\"https:\\\/\\\/www.adventtikalenteri.fi\\\/myyjille\\\/markkinointi-ja-viestinta\\\/sosiaalinen-media\\\/\"},{\"@type\":\"ListItem\",\"position\":4,\"name\":\"Somekanavat ja kohderyhmien valinta\"}]},{\"@type\":\"WebSite\",\"@id\":\"https:\\\/\\\/www.adventtikalenteri.fi\\\/myyjille\\\/#website\",\"url\":\"https:\\\/\\\/www.adventtikalenteri.fi\\\/myyjille\\\/\",\"name\":\"Ohjesivusto adventtikalenterin myyjille\",\"description\":\"\",\"potentialAction\":[{\"@type\":\"SearchAction\",\"target\":{\"@type\":\"EntryPoint\",\"urlTemplate\":\"https:\\\/\\\/www.adventtikalenteri.fi\\\/myyjille\\\/?s={search_term_string}\"},\"query-input\":{\"@type\":\"PropertyValueSpecification\",\"valueRequired\":true,\"valueName\":\"search_term_string\"}}],\"inLanguage\":\"fi\"}]}<\/script>\n<!-- \/ Yoast SEO plugin. -->","yoast_head_json":{"title":"Somekanavat ja kohderyhmien valinta - Ohjesivusto adventtikalenterin myyjille","description":"Vinkkej\u00e4 partiolaisille adventtikalenterien myyjille sosiaalisen median eri kanavien hy\u00f6dynt\u00e4miseen ja kohderyhmien m\u00e4\u00e4rittelyyn.","robots":{"index":"index","follow":"follow","max-snippet":"max-snippet:-1","max-image-preview":"max-image-preview:large","max-video-preview":"max-video-preview:-1"},"canonical":"https:\/\/www.adventtikalenteri.fi\/myyjille\/markkinointi-ja-viestinta\/sosiaalinen-media\/kanavat-ja-kohderyhmat-somessa\/","og_locale":"fi_FI","og_type":"article","og_title":"Somekanavat ja kohderyhmien valinta - Ohjesivusto adventtikalenterin myyjille","og_description":"Vinkkej\u00e4 partiolaisille adventtikalenterien myyjille sosiaalisen median eri kanavien hy\u00f6dynt\u00e4miseen ja kohderyhmien m\u00e4\u00e4rittelyyn.","og_url":"https:\/\/www.adventtikalenteri.fi\/myyjille\/markkinointi-ja-viestinta\/sosiaalinen-media\/kanavat-ja-kohderyhmat-somessa\/","og_site_name":"Ohjesivusto adventtikalenterin myyjille","article_modified_time":"2025-09-16T06:51:43+00:00","og_image":[{"width":2048,"height":1486,"url":"https:\/\/www.adventtikalenteri.fi\/myyjille\/wp-content\/uploads\/sites\/2\/2022\/08\/Adventtikalenteri-2022__Terhi-Takkinen_017_web.jpg","type":"image\/jpeg"}],"twitter_card":"summary_large_image","twitter_misc":{"Arvioitu lukuaika":"7 minuuttia"},"schema":{"@context":"https:\/\/schema.org","@graph":[{"@type":"WebPage","@id":"https:\/\/www.adventtikalenteri.fi\/myyjille\/markkinointi-ja-viestinta\/sosiaalinen-media\/kanavat-ja-kohderyhmat-somessa\/","url":"https:\/\/www.adventtikalenteri.fi\/myyjille\/markkinointi-ja-viestinta\/sosiaalinen-media\/kanavat-ja-kohderyhmat-somessa\/","name":"Somekanavat ja kohderyhmien valinta - Ohjesivusto adventtikalenterin myyjille","isPartOf":{"@id":"https:\/\/www.adventtikalenteri.fi\/myyjille\/#website"},"primaryImageOfPage":{"@id":"https:\/\/www.adventtikalenteri.fi\/myyjille\/markkinointi-ja-viestinta\/sosiaalinen-media\/kanavat-ja-kohderyhmat-somessa\/#primaryimage"},"image":{"@id":"https:\/\/www.adventtikalenteri.fi\/myyjille\/markkinointi-ja-viestinta\/sosiaalinen-media\/kanavat-ja-kohderyhmat-somessa\/#primaryimage"},"thumbnailUrl":"https:\/\/www.adventtikalenteri.fi\/myyjille\/wp-content\/uploads\/sites\/2\/2022\/08\/Adventtikalenteri-2022__Terhi-Takkinen_017_web.jpg","datePublished":"2021-08-25T14:01:15+00:00","dateModified":"2025-09-16T06:51:43+00:00","description":"Vinkkej\u00e4 partiolaisille adventtikalenterien myyjille sosiaalisen median eri kanavien hy\u00f6dynt\u00e4miseen ja kohderyhmien m\u00e4\u00e4rittelyyn.","breadcrumb":{"@id":"https:\/\/www.adventtikalenteri.fi\/myyjille\/markkinointi-ja-viestinta\/sosiaalinen-media\/kanavat-ja-kohderyhmat-somessa\/#breadcrumb"},"inLanguage":"fi","potentialAction":[{"@type":"ReadAction","target":["https:\/\/www.adventtikalenteri.fi\/myyjille\/markkinointi-ja-viestinta\/sosiaalinen-media\/kanavat-ja-kohderyhmat-somessa\/"]}]},{"@type":"ImageObject","inLanguage":"fi","@id":"https:\/\/www.adventtikalenteri.fi\/myyjille\/markkinointi-ja-viestinta\/sosiaalinen-media\/kanavat-ja-kohderyhmat-somessa\/#primaryimage","url":"https:\/\/www.adventtikalenteri.fi\/myyjille\/wp-content\/uploads\/sites\/2\/2022\/08\/Adventtikalenteri-2022__Terhi-Takkinen_017_web.jpg","contentUrl":"https:\/\/www.adventtikalenteri.fi\/myyjille\/wp-content\/uploads\/sites\/2\/2022\/08\/Adventtikalenteri-2022__Terhi-Takkinen_017_web.jpg","width":2048,"height":1486,"caption":"Kuva: Terhi Takkinen"},{"@type":"BreadcrumbList","@id":"https:\/\/www.adventtikalenteri.fi\/myyjille\/markkinointi-ja-viestinta\/sosiaalinen-media\/kanavat-ja-kohderyhmat-somessa\/#breadcrumb","itemListElement":[{"@type":"ListItem","position":1,"name":"Etusivu","item":"https:\/\/www.adventtikalenteri.fi\/myyjille\/"},{"@type":"ListItem","position":2,"name":"Markkinointi ja viestint\u00e4","item":"https:\/\/www.adventtikalenteri.fi\/myyjille\/markkinointi-ja-viestinta\/"},{"@type":"ListItem","position":3,"name":"Sosiaalinen media","item":"https:\/\/www.adventtikalenteri.fi\/myyjille\/markkinointi-ja-viestinta\/sosiaalinen-media\/"},{"@type":"ListItem","position":4,"name":"Somekanavat ja kohderyhmien valinta"}]},{"@type":"WebSite","@id":"https:\/\/www.adventtikalenteri.fi\/myyjille\/#website","url":"https:\/\/www.adventtikalenteri.fi\/myyjille\/","name":"Ohjesivusto adventtikalenterin myyjille","description":"","potentialAction":[{"@type":"SearchAction","target":{"@type":"EntryPoint","urlTemplate":"https:\/\/www.adventtikalenteri.fi\/myyjille\/?s={search_term_string}"},"query-input":{"@type":"PropertyValueSpecification","valueRequired":true,"valueName":"search_term_string"}}],"inLanguage":"fi"}]}},"_links":{"self":[{"href":"https:\/\/www.adventtikalenteri.fi\/myyjille\/wp-json\/wp\/v2\/pages\/400","targetHints":{"allow":["GET"]}}],"collection":[{"href":"https:\/\/www.adventtikalenteri.fi\/myyjille\/wp-json\/wp\/v2\/pages"}],"about":[{"href":"https:\/\/www.adventtikalenteri.fi\/myyjille\/wp-json\/wp\/v2\/types\/page"}],"author":[{"embeddable":true,"href":"https:\/\/www.adventtikalenteri.fi\/myyjille\/wp-json\/wp\/v2\/users\/10"}],"replies":[{"embeddable":true,"href":"https:\/\/www.adventtikalenteri.fi\/myyjille\/wp-json\/wp\/v2\/comments?post=400"}],"version-history":[{"count":15,"href":"https:\/\/www.adventtikalenteri.fi\/myyjille\/wp-json\/wp\/v2\/pages\/400\/revisions"}],"predecessor-version":[{"id":3835,"href":"https:\/\/www.adventtikalenteri.fi\/myyjille\/wp-json\/wp\/v2\/pages\/400\/revisions\/3835"}],"up":[{"embeddable":true,"href":"https:\/\/www.adventtikalenteri.fi\/myyjille\/wp-json\/wp\/v2\/pages\/324"}],"wp:featuredmedia":[{"embeddable":true,"href":"https:\/\/www.adventtikalenteri.fi\/myyjille\/wp-json\/wp\/v2\/media\/1547"}],"wp:attachment":[{"href":"https:\/\/www.adventtikalenteri.fi\/myyjille\/wp-json\/wp\/v2\/media?parent=400"}],"curies":[{"name":"wp","href":"https:\/\/api.w.org\/{rel}","templated":true}]}}