{"id":429,"date":"2021-08-26T14:35:44","date_gmt":"2021-08-26T11:35:44","guid":{"rendered":"https:\/\/www.adventtikalenteri.fi\/myyjille\/?page_id=429"},"modified":"2025-11-11T12:56:15","modified_gmt":"2025-11-11T10:56:15","slug":"korttimaksut","status":"publish","type":"page","link":"https:\/\/www.adventtikalenteri.fi\/myyjille\/myynti\/maksutavat\/korttimaksut\/","title":{"rendered":"Korttimaksut"},"content":{"rendered":"\n<h1 class=\"wp-block-heading\">Korttimaksut adventtikalenterimyynniss\u00e4<\/h1>\n\n\n\n<p>Korttimaksujen tarjoaminen asiakkaille adventtikalenterimyynniss\u00e4 paitsi parantaa myyntitulosta, my\u00f6s v\u00e4hent\u00e4\u00e4 k\u00e4teisen rahan k\u00e4sittelyst\u00e4 koituvaa vaivaa.<\/p>\n\n\n\n<h2 class=\"wp-block-heading\">MobilePayn Mobiilikassa-korttimaksup\u00e4\u00e4te<\/h2>\n\n\n\n<p>MobilePayn Mobiilikassa-palvelun avulla voit k\u00e4ytt\u00e4\u00e4 tavallista \u00e4lypuhelinta maksup\u00e4\u00e4tteen\u00e4 ja ottaa mobiilimaksujen lis\u00e4ksi vastaan my\u00f6s korttimaksuja.<\/p>\n\n\n\n<p>Mobiilikassa-palvelun k\u00e4ytt\u00f6 omassa puhelimessa vaatii oman k\u00e4ytt\u00e4j\u00e4tunnuksen lippukunnan MobilePay-tilille.<\/p>\n\n\n\n<p>Asenna Mobiilikassa-sovellus puhelimeen ja kirjaudu lippukunnan MobilePay-tilille omalla k\u00e4ytt\u00e4j\u00e4tunnuksella. Luo sovellukseen adventtikalenteri-tuote.<\/p>\n\n\n\n<p>Myyntitilanteessa valitse n\u00e4yt\u00f6lt\u00e4 myytyjen tuotteiden m\u00e4\u00e4r\u00e4 ja maksutapa. Asiakas maksaa n\u00e4ytt\u00e4m\u00e4ll\u00e4 maksukorttia puhelimen p\u00e4\u00e4ll\u00e4.<\/p>\n\n\n\n<p>Maksutapahtumat j\u00e4\u00e4v\u00e4t talteen sovellukseen.<\/p>\n\n\n\n<p><a href=\"https:\/\/vippsmobilepay.com\/fi-fi\/maksaminen-liikkeessa\/mobiilikassa\">Lue lis\u00e4\u00e4 Mobiilikassa-palvelusta MobilePay sivuilla<\/a><\/p>\n\n\n\n<h2 class=\"wp-block-heading\">SumUp-korttimaksup\u00e4\u00e4te<\/h2>\n\n\n\n<p>Korttimaksuyritys SumUp tukee adventtikalenterikampanjaa, jotta korttimaksup\u00e4\u00e4tteiden k\u00e4ytt\u00f6\u00f6notto olisi lippukunnille mahdollisimman helppoa ja halpaa. Lippukunnat rekister\u00f6ityv\u00e4t palvelun k\u00e4ytt\u00e4j\u00e4ksi <a href=\"https:\/\/sumup.fi\/partio\/\">partion oman sivun kautta<\/a>. Tarkemmat ohjeet k\u00e4ytt\u00f6\u00f6nottoon alla.<\/p>\n\n\n\n<h3 class=\"wp-block-heading\">Kortinlukija lippukuntien k\u00e4ytt\u00f6\u00f6n<\/h3>\n\n\n\n<ul class=\"wp-block-list\">\n<li>Tilaa SumUp Air -kortinlukija (<a href=\"https:\/\/store.sumup.com\/fi-fi\/product-selection?prc=PARTIO149&amp;fcam_rc=eFSDsaEGHXsDZXh2tbc8CWgqCQ4&amp;utm_source=a052p00001NAYUL\">lue lis\u00e4\u00e4<\/a>)<\/li>\n\n\n\n<li>Provisio debit-korttimaksuista: 1 % (0,1 \u20ac \/ kalenteri)<\/li>\n\n\n\n<li>Provisio credit-korttimaksuista: 1,49 % (0,149 \u20ac \/ kalenteri)<\/li>\n\n\n\n<li>Ei muita kustannuksia (kk-maksut ym.)<\/li>\n<\/ul>\n\n\n\n<h2 class=\"wp-block-heading\">Ohjeet<\/h2>\n\n\n\n<h3 class=\"wp-block-heading\">SumUpin asennusopas ja asiakaspalvelu<\/h3>\n\n\n\n<p><a href=\"https:\/\/www.adventtikalenteri.fi\/myyjille\/wp-content\/uploads\/sites\/2\/2021\/10\/SumUp-Partio-implementation.pdf\" target=\"_blank\" rel=\"noopener\">SumUp-palvelun hintatiedot ja k\u00e4ytt\u00f6\u00f6notto<\/a><\/p>\n\n\n\n<p><a href=\"https:\/\/support.sumup.com\/hc\/fi\/articles\/115008341967-SumUp-Air-Asennusopas\">SumUp Air asennusopas suomeksi<\/a><\/p>\n\n\n\n<p><a href=\"https:\/\/help.sumup.com\/fi-FI\/sections\/5RTKCFL468oYNlcRxRNTzL-air-card-reader\">SumUp- Air-kortinlukijan ohjeet suomeksi<\/a><\/p>\n\n\n\n<p>SumUp-asiakaspalvelu <a href=\"https:\/\/auth.sumup.com\/flows\/fi-fi\/login?enable_identity_signup=true&amp;login_challenge=21a3c49bb6a841a88e320e0fc86b90cc&amp;redirect_uri=https%3A%2F%2Fdashboard.sumup.com\">me.sumup.com<\/a><\/p>\n\n\n\n<h3 class=\"wp-block-heading\">Partion ja SumUpin j\u00e4rjest\u00e4m\u00e4 verkkokoulutus<\/h3>\n\n\n\n<p>Tutustu<a href=\"https:\/\/youtu.be\/CUl3FKBjSkc?feature=shared\"> tallenteeseen <\/a>koulutuksesta (syyskuu,2021), jossa neuvotaan palvelun k\u00e4ytt\u00f6\u00f6n ja k\u00e4ytt\u00f6\u00f6nottoon liittyviss\u00e4 asioissa. Koulutus on j\u00e4rjestetty osittain englanniksi.<\/p>\n","protected":false},"excerpt":{"rendered":"<p>Korttimaksut adventtikalenterimyynniss\u00e4 Korttimaksujen tarjoaminen asiakkaille adventtikalenterimyynniss\u00e4 paitsi parantaa myyntitulosta, my\u00f6s<\/p>\n","protected":false},"author":16,"featured_media":0,"parent":251,"menu_order":0,"comment_status":"closed","ping_status":"closed","template":"","meta":{"_acf_changed":false,"_relevanssi_hide_post":"","_relevanssi_hide_content":"","_relevanssi_pin_for_all":"","_relevanssi_pin_keywords":"","_relevanssi_unpin_keywords":"","_relevanssi_related_keywords":"","_relevanssi_related_include_ids":"","_relevanssi_related_exclude_ids":"","_relevanssi_related_no_append":"","_relevanssi_related_not_related":"","_relevanssi_related_posts":"550,870,417,1366,1486,1159","_relevanssi_noindex_reason":"","footnotes":""},"class_list":["post-429","page","type-page","status-publish","hentry"],"acf":[],"yoast_head":"<!-- This site is optimized with the Yoast SEO plugin v27.3 - https:\/\/yoast.com\/product\/yoast-seo-wordpress\/ -->\n<title>Korttimaksut - Ohjesivusto adventtikalenterin myyjille<\/title>\n<meta name=\"robots\" content=\"index, follow, max-snippet:-1, max-image-preview:large, max-video-preview:-1\" \/>\n<link rel=\"canonical\" href=\"https:\/\/www.adventtikalenteri.fi\/myyjille\/myynti\/maksutavat\/korttimaksut\/\" \/>\n<meta property=\"og:locale\" content=\"fi_FI\" \/>\n<meta property=\"og:type\" content=\"article\" \/>\n<meta property=\"og:title\" content=\"Korttimaksut - Ohjesivusto adventtikalenterin myyjille\" \/>\n<meta property=\"og:description\" content=\"Korttimaksut adventtikalenterimyynniss\u00e4 Korttimaksujen tarjoaminen asiakkaille adventtikalenterimyynniss\u00e4 paitsi parantaa myyntitulosta, my\u00f6s\" \/>\n<meta property=\"og:url\" content=\"https:\/\/www.adventtikalenteri.fi\/myyjille\/myynti\/maksutavat\/korttimaksut\/\" \/>\n<meta property=\"og:site_name\" content=\"Ohjesivusto adventtikalenterin myyjille\" \/>\n<meta property=\"article:modified_time\" content=\"2025-11-11T10:56:15+00:00\" \/>\n<meta property=\"og:image\" content=\"https:\/\/www.adventtikalenteri.fi\/myyjille\/wp-content\/uploads\/sites\/2\/2021\/08\/Air_Alone_Retail_General-scaled.jpg\" \/>\n\t<meta property=\"og:image:width\" content=\"2560\" \/>\n\t<meta property=\"og:image:height\" content=\"1743\" \/>\n\t<meta property=\"og:image:type\" content=\"image\/jpeg\" \/>\n<meta name=\"twitter:card\" content=\"summary_large_image\" \/>\n<meta name=\"twitter:label1\" content=\"Arvioitu lukuaika\" \/>\n\t<meta name=\"twitter:data1\" content=\"2 minuuttia\" \/>\n<script type=\"application\/ld+json\" class=\"yoast-schema-graph\">{\"@context\":\"https:\\\/\\\/schema.org\",\"@graph\":[{\"@type\":\"WebPage\",\"@id\":\"https:\\\/\\\/www.adventtikalenteri.fi\\\/myyjille\\\/myynti\\\/maksutavat\\\/korttimaksut\\\/\",\"url\":\"https:\\\/\\\/www.adventtikalenteri.fi\\\/myyjille\\\/myynti\\\/maksutavat\\\/korttimaksut\\\/\",\"name\":\"Korttimaksut - Ohjesivusto adventtikalenterin myyjille\",\"isPartOf\":{\"@id\":\"https:\\\/\\\/www.adventtikalenteri.fi\\\/myyjille\\\/#website\"},\"datePublished\":\"2021-08-26T11:35:44+00:00\",\"dateModified\":\"2025-11-11T10:56:15+00:00\",\"breadcrumb\":{\"@id\":\"https:\\\/\\\/www.adventtikalenteri.fi\\\/myyjille\\\/myynti\\\/maksutavat\\\/korttimaksut\\\/#breadcrumb\"},\"inLanguage\":\"fi\",\"potentialAction\":[{\"@type\":\"ReadAction\",\"target\":[\"https:\\\/\\\/www.adventtikalenteri.fi\\\/myyjille\\\/myynti\\\/maksutavat\\\/korttimaksut\\\/\"]}]},{\"@type\":\"BreadcrumbList\",\"@id\":\"https:\\\/\\\/www.adventtikalenteri.fi\\\/myyjille\\\/myynti\\\/maksutavat\\\/korttimaksut\\\/#breadcrumb\",\"itemListElement\":[{\"@type\":\"ListItem\",\"position\":1,\"name\":\"Etusivu\",\"item\":\"https:\\\/\\\/www.adventtikalenteri.fi\\\/myyjille\\\/\"},{\"@type\":\"ListItem\",\"position\":2,\"name\":\"Myynti\",\"item\":\"https:\\\/\\\/www.adventtikalenteri.fi\\\/myyjille\\\/myynti\\\/\"},{\"@type\":\"ListItem\",\"position\":3,\"name\":\"Maksutavat ja rahank\u00e4sittely\",\"item\":\"https:\\\/\\\/www.adventtikalenteri.fi\\\/myyjille\\\/myynti\\\/maksutavat\\\/\"},{\"@type\":\"ListItem\",\"position\":4,\"name\":\"Korttimaksut\"}]},{\"@type\":\"WebSite\",\"@id\":\"https:\\\/\\\/www.adventtikalenteri.fi\\\/myyjille\\\/#website\",\"url\":\"https:\\\/\\\/www.adventtikalenteri.fi\\\/myyjille\\\/\",\"name\":\"Ohjesivusto adventtikalenterin myyjille\",\"description\":\"\",\"potentialAction\":[{\"@type\":\"SearchAction\",\"target\":{\"@type\":\"EntryPoint\",\"urlTemplate\":\"https:\\\/\\\/www.adventtikalenteri.fi\\\/myyjille\\\/?s={search_term_string}\"},\"query-input\":{\"@type\":\"PropertyValueSpecification\",\"valueRequired\":true,\"valueName\":\"search_term_string\"}}],\"inLanguage\":\"fi\"}]}<\/script>\n<!-- \/ Yoast SEO plugin. -->","yoast_head_json":{"title":"Korttimaksut - Ohjesivusto adventtikalenterin myyjille","robots":{"index":"index","follow":"follow","max-snippet":"max-snippet:-1","max-image-preview":"max-image-preview:large","max-video-preview":"max-video-preview:-1"},"canonical":"https:\/\/www.adventtikalenteri.fi\/myyjille\/myynti\/maksutavat\/korttimaksut\/","og_locale":"fi_FI","og_type":"article","og_title":"Korttimaksut - Ohjesivusto adventtikalenterin myyjille","og_description":"Korttimaksut adventtikalenterimyynniss\u00e4 Korttimaksujen tarjoaminen asiakkaille adventtikalenterimyynniss\u00e4 paitsi parantaa myyntitulosta, my\u00f6s","og_url":"https:\/\/www.adventtikalenteri.fi\/myyjille\/myynti\/maksutavat\/korttimaksut\/","og_site_name":"Ohjesivusto adventtikalenterin myyjille","article_modified_time":"2025-11-11T10:56:15+00:00","og_image":[{"width":2560,"height":1743,"url":"https:\/\/www.adventtikalenteri.fi\/myyjille\/wp-content\/uploads\/sites\/2\/2021\/08\/Air_Alone_Retail_General-scaled.jpg","type":"image\/jpeg"}],"twitter_card":"summary_large_image","twitter_misc":{"Arvioitu lukuaika":"2 minuuttia"},"schema":{"@context":"https:\/\/schema.org","@graph":[{"@type":"WebPage","@id":"https:\/\/www.adventtikalenteri.fi\/myyjille\/myynti\/maksutavat\/korttimaksut\/","url":"https:\/\/www.adventtikalenteri.fi\/myyjille\/myynti\/maksutavat\/korttimaksut\/","name":"Korttimaksut - Ohjesivusto adventtikalenterin myyjille","isPartOf":{"@id":"https:\/\/www.adventtikalenteri.fi\/myyjille\/#website"},"datePublished":"2021-08-26T11:35:44+00:00","dateModified":"2025-11-11T10:56:15+00:00","breadcrumb":{"@id":"https:\/\/www.adventtikalenteri.fi\/myyjille\/myynti\/maksutavat\/korttimaksut\/#breadcrumb"},"inLanguage":"fi","potentialAction":[{"@type":"ReadAction","target":["https:\/\/www.adventtikalenteri.fi\/myyjille\/myynti\/maksutavat\/korttimaksut\/"]}]},{"@type":"BreadcrumbList","@id":"https:\/\/www.adventtikalenteri.fi\/myyjille\/myynti\/maksutavat\/korttimaksut\/#breadcrumb","itemListElement":[{"@type":"ListItem","position":1,"name":"Etusivu","item":"https:\/\/www.adventtikalenteri.fi\/myyjille\/"},{"@type":"ListItem","position":2,"name":"Myynti","item":"https:\/\/www.adventtikalenteri.fi\/myyjille\/myynti\/"},{"@type":"ListItem","position":3,"name":"Maksutavat ja rahank\u00e4sittely","item":"https:\/\/www.adventtikalenteri.fi\/myyjille\/myynti\/maksutavat\/"},{"@type":"ListItem","position":4,"name":"Korttimaksut"}]},{"@type":"WebSite","@id":"https:\/\/www.adventtikalenteri.fi\/myyjille\/#website","url":"https:\/\/www.adventtikalenteri.fi\/myyjille\/","name":"Ohjesivusto adventtikalenterin myyjille","description":"","potentialAction":[{"@type":"SearchAction","target":{"@type":"EntryPoint","urlTemplate":"https:\/\/www.adventtikalenteri.fi\/myyjille\/?s={search_term_string}"},"query-input":{"@type":"PropertyValueSpecification","valueRequired":true,"valueName":"search_term_string"}}],"inLanguage":"fi"}]}},"_links":{"self":[{"href":"https:\/\/www.adventtikalenteri.fi\/myyjille\/wp-json\/wp\/v2\/pages\/429","targetHints":{"allow":["GET"]}}],"collection":[{"href":"https:\/\/www.adventtikalenteri.fi\/myyjille\/wp-json\/wp\/v2\/pages"}],"about":[{"href":"https:\/\/www.adventtikalenteri.fi\/myyjille\/wp-json\/wp\/v2\/types\/page"}],"author":[{"embeddable":true,"href":"https:\/\/www.adventtikalenteri.fi\/myyjille\/wp-json\/wp\/v2\/users\/16"}],"replies":[{"embeddable":true,"href":"https:\/\/www.adventtikalenteri.fi\/myyjille\/wp-json\/wp\/v2\/comments?post=429"}],"version-history":[{"count":15,"href":"https:\/\/www.adventtikalenteri.fi\/myyjille\/wp-json\/wp\/v2\/pages\/429\/revisions"}],"predecessor-version":[{"id":3931,"href":"https:\/\/www.adventtikalenteri.fi\/myyjille\/wp-json\/wp\/v2\/pages\/429\/revisions\/3931"}],"up":[{"embeddable":true,"href":"https:\/\/www.adventtikalenteri.fi\/myyjille\/wp-json\/wp\/v2\/pages\/251"}],"wp:attachment":[{"href":"https:\/\/www.adventtikalenteri.fi\/myyjille\/wp-json\/wp\/v2\/media?parent=429"}],"curies":[{"name":"wp","href":"https:\/\/api.w.org\/{rel}","templated":true}]}}