{"id":442,"date":"2021-08-26T15:55:54","date_gmt":"2021-08-26T12:55:54","guid":{"rendered":"https:\/\/www.adventtikalenteri.fi\/myyjille\/?page_id=442"},"modified":"2025-09-15T12:51:31","modified_gmt":"2025-09-15T09:51:31","slug":"kiittaminen-ja-palkitseminen","status":"publish","type":"page","link":"https:\/\/www.adventtikalenteri.fi\/myyjille\/kampanjan-hallinta\/kampanjan-jalkeen\/kiittaminen-ja-palkitseminen\/","title":{"rendered":"Kiitt\u00e4minen ja palkitseminen"},"content":{"rendered":"<h1>Kiitt\u00e4minen ja palkitseminen<\/h1>\n<p class=\"lead\">Adventtikalenterikampanja on yhteinen ponnistus, jossa onnistumisia on syyt\u00e4 juhlia ja kiitt\u00e4\u00e4 myyji\u00e4. Tonttumerkit toimivat kannustepalkintoina kaikille adventtikalentereita myyville partiolaisille ymp\u00e4ri Suomen.<\/p>\n\n\n<p>Tavoitteen asettamisessa on t\u00e4rke\u00e4\u00e4 olla realistinen ja pilkkoa tarvittaessa kokonaistavoite pienempiin v\u00e4litavoitteisiin. Niiden saavuttamisesta saa koko lippukunta lis\u00e4\u00e4 virtaa myyntiin ja ne ovat oivallisia hetki\u00e4 juhlistaa jollain yhteisell\u00e4, mukavalla tavalla kampanjan edistymist\u00e4. Pid\u00e4 motivaatio yll\u00e4 palkitsemalla myyji\u00e4.<\/p>\n\n\n\n<h2 class=\"wp-block-heading\">Palkitkaa ahkerat myyj\u00e4t tonttumerkeill\u00e4<\/h2>\n\n\n\n<p>Etenkin nuoremmille myyjille tonttumerkit ovat t\u00e4rkeit\u00e4 motivaation yll\u00e4pit\u00e4ji\u00e4 pitk\u00e4ss\u00e4 kampanjassa.<\/p>\n\n\n\n<p><a href=\"https:\/\/www.adventtikalenteri.fi\/myyjille\/kampanjan-hallinta\/kampanjan-jalkeen\/tonttumerkit\/\">Katso t\u00e4m\u00e4n vuoden tonttumerkkien saantirajat <\/a>.<\/p>\n\n\n\n<p>Partion materiaalipankista l\u00f6yd\u00e4t<a href=\"https:\/\/partio.contenthub.fi\/ui\/shares\/f1263902\/4K7LAhx8y2\/fi\/\"> valmiit tonttumerkkidiplomipohjat <\/a>t\u00e4ydennett\u00e4v\u00e4ksi ja tulostettavaksi.<\/p>\n\n\n\n<p>Katso ohjevideo palkintojen tilaamisesta Kuksassa. Mukana my\u00f6s ohje, miten verkkokaupan henkil\u00f6kohtaisten linkkien kautta myydyt kalenterit n\u00e4kyv\u00e4t Kuksassa.<\/p>\n\n\n\n<figure class=\"wp-block-embed is-type-video is-provider-youtube wp-block-embed-youtube wp-embed-aspect-16-9 wp-has-aspect-ratio\"><div class=\"wp-block-embed__wrapper\">\n<div class=\"oembed oembed-youtube\"><iframe loading=\"lazy\" title=\"Kuksakoulutus: Palkintojen tilaaminen\" width=\"750\" height=\"422\" src=\"https:\/\/www.youtube.com\/embed\/kLpCRjGiZbc?feature=oembed\" frameborder=\"0\" allow=\"accelerometer; autoplay; clipboard-write; encrypted-media; gyroscope; picture-in-picture; web-share\" referrerpolicy=\"strict-origin-when-cross-origin\" allowfullscreen><\/iframe><\/div>\n<\/div><\/figure>\n\n\n\n<h2 class=\"wp-block-heading\">Lippukunta voi my\u00f6s jakaa omia palkintoja ryhmille<\/h2>\n\n\n\n<p>Palkitsemisessa kannattaa suosia aineettomia lahjoja, kuten yhteisi\u00e4 el\u00e4myksi\u00e4 ja lahjakortteja. Digitaalisesti toimitettavien palkintojen jakaminen on kampanjap\u00e4\u00e4llik\u00f6lle huomattavasti helpompaa, kuin fyysisten palkintojen.<\/p>\n\n\n\n<p>Palkitsemisessa suosittelemme kokonaisten ryhmien palkitsemista. My\u00f6s yksitt\u00e4isi\u00e4 myyji\u00e4 voi palkita, mutta t\u00e4ll\u00f6in on huomioitava palkinnon verotus. Yksityishenkil\u00f6n saama myyntipalkkio tai palkinto ei ole veronalaista tuloa, jos sit\u00e4 ei voida pit\u00e4\u00e4 ennakkoperint\u00e4laissa tarkoitettuna palkkana, ty\u00f6- tai k\u00e4ytt\u00f6korvauksena ja verovuonna saatujen kilpailupalkintojen arvo on yhteens\u00e4 enint\u00e4\u00e4n 100 euroa. <\/p>\n\n\n\n<p>Alla tarkemmat tiedot verotuksesta. Vapaavalintainen lahjakortti rinnastetaan verotuksessa rahaan.<\/p>\n\n\n\n<h2 class=\"wp-block-heading\">Muista kiitt\u00e4\u00e4 my\u00f6s asiakkaita ja yhteisty\u00f6tahoja adventtikalenterien myynnin mahdollistamisesta<\/h2>\n\n\n\n<p>Muistakaa kiitt\u00e4\u00e4 my\u00f6s esimerkiksi tahoja, jotka tarjoavat teille myyntipaikkoja joulumyyj\u00e4isiss\u00e4 tai kauppakeskuksissa, tai mik\u00e4li p\u00e4\u00e4sette myym\u00e4\u00e4n kalentereita esimerkiksi yritysten ty\u00f6ntekij\u00f6ille.<\/p>\n\n\n\n<p>Kun partiolaisten kalenterimyynti sujuu heid\u00e4n n\u00e4k\u00f6kulmastaan siististi ja sovitusti, on jatkossakin mahdollista p\u00e4\u00e4st\u00e4 myym\u00e4\u00e4n kalentereita heid\u00e4n tiloihinsa. Hyvin hoidetusta yhteisty\u00f6st\u00e4 saattaa helposti poikia muitakin varainhankinnallisia mahdollisuuksia!<\/p>\n\n\n\n<figure class=\"wp-block-image alignright size-medium\"><img loading=\"lazy\" decoding=\"async\" width=\"900\" height=\"1133\" src=\"https:\/\/www.adventtikalenteri.fi\/myyjille\/wp-content\/uploads\/sites\/2\/2025\/09\/advis2025_some_06-900x1133.png\" alt=\"\" class=\"wp-image-3782\" srcset=\"https:\/\/www.adventtikalenteri.fi\/myyjille\/wp-content\/uploads\/sites\/2\/2025\/09\/advis2025_some_06-900x1133.png 900w, https:\/\/www.adventtikalenteri.fi\/myyjille\/wp-content\/uploads\/sites\/2\/2025\/09\/advis2025_some_06-768x967.png 768w, https:\/\/www.adventtikalenteri.fi\/myyjille\/wp-content\/uploads\/sites\/2\/2025\/09\/advis2025_some_06-118x148.png 118w, https:\/\/www.adventtikalenteri.fi\/myyjille\/wp-content\/uploads\/sites\/2\/2025\/09\/advis2025_some_06-765x963.png 765w, https:\/\/www.adventtikalenteri.fi\/myyjille\/wp-content\/uploads\/sites\/2\/2025\/09\/advis2025_some_06.png 1080w\" sizes=\"auto, (max-width: 900px) 100vw, 900px\" \/><\/figure>\n\n\n\n<ul class=\"wp-block-list\">\n<li>Kiitosten yhteydess\u00e4 voitte k\u00e4ytt\u00e4\u00e4 lippukuntanne omia kuvia tai k\u00e4ytt\u00e4\u00e4 valmiita somekuvia partion materiaalipankista <a href=\"https:\/\/partio.contenthub.fi\/ui\/shares\/f1295539\/1rZdJTnZq1\/fi\/\">partio.fi\/kalenterimateriaalit<\/a><\/li>\n<\/ul>\n","protected":false},"excerpt":{"rendered":"<p>Kiitt\u00e4minen ja palkitseminen Adventtikalenterikampanja on yhteinen ponnistus, jossa onnistumisia on<\/p>\n","protected":false},"author":3,"featured_media":1220,"parent":240,"menu_order":0,"comment_status":"closed","ping_status":"closed","template":"","meta":{"_acf_changed":false,"_relevanssi_hide_post":"","_relevanssi_hide_content":"","_relevanssi_pin_for_all":"","_relevanssi_pin_keywords":"","_relevanssi_unpin_keywords":"","_relevanssi_related_keywords":"","_relevanssi_related_include_ids":"","_relevanssi_related_exclude_ids":"","_relevanssi_related_no_append":"","_relevanssi_related_not_related":"","_relevanssi_related_posts":"1687,1366,550,1159,870,417","_relevanssi_noindex_reason":"","footnotes":""},"class_list":["post-442","page","type-page","status-publish","has-post-thumbnail","hentry"],"acf":[],"yoast_head":"<!-- This site is optimized with the Yoast SEO plugin v27.1.1 - https:\/\/yoast.com\/product\/yoast-seo-wordpress\/ -->\n<title>Kiitt\u00e4minen ja palkitseminen - Ohjesivusto adventtikalenterin myyjille<\/title>\n<meta name=\"robots\" content=\"index, follow, max-snippet:-1, max-image-preview:large, max-video-preview:-1\" \/>\n<link rel=\"canonical\" href=\"https:\/\/www.adventtikalenteri.fi\/myyjille\/kampanjan-hallinta\/kampanjan-jalkeen\/kiittaminen-ja-palkitseminen\/\" \/>\n<meta property=\"og:locale\" content=\"fi_FI\" \/>\n<meta property=\"og:type\" content=\"article\" \/>\n<meta property=\"og:title\" content=\"Kiitt\u00e4minen ja palkitseminen - Ohjesivusto adventtikalenterin myyjille\" \/>\n<meta property=\"og:description\" content=\"Kiitt\u00e4minen ja palkitseminen Adventtikalenterikampanja on yhteinen ponnistus, jossa onnistumisia on\" \/>\n<meta property=\"og:url\" content=\"https:\/\/www.adventtikalenteri.fi\/myyjille\/kampanjan-hallinta\/kampanjan-jalkeen\/kiittaminen-ja-palkitseminen\/\" \/>\n<meta property=\"og:site_name\" content=\"Ohjesivusto adventtikalenterin myyjille\" \/>\n<meta property=\"article:modified_time\" content=\"2025-09-15T09:51:31+00:00\" \/>\n<meta property=\"og:image\" content=\"https:\/\/www.adventtikalenteri.fi\/myyjille\/wp-content\/uploads\/sites\/2\/2021\/12\/advis2021_IG_kiitos-e1638521369248.jpg\" \/>\n\t<meta property=\"og:image:width\" content=\"1200\" \/>\n\t<meta property=\"og:image:height\" content=\"735\" \/>\n\t<meta property=\"og:image:type\" content=\"image\/jpeg\" \/>\n<meta name=\"twitter:card\" content=\"summary_large_image\" \/>\n<meta name=\"twitter:label1\" content=\"Arvioitu lukuaika\" \/>\n\t<meta name=\"twitter:data1\" content=\"3 minuuttia\" \/>\n<script type=\"application\/ld+json\" class=\"yoast-schema-graph\">{\"@context\":\"https:\/\/schema.org\",\"@graph\":[{\"@type\":\"WebPage\",\"@id\":\"https:\/\/www.adventtikalenteri.fi\/myyjille\/kampanjan-hallinta\/kampanjan-jalkeen\/kiittaminen-ja-palkitseminen\/\",\"url\":\"https:\/\/www.adventtikalenteri.fi\/myyjille\/kampanjan-hallinta\/kampanjan-jalkeen\/kiittaminen-ja-palkitseminen\/\",\"name\":\"Kiitt\u00e4minen ja palkitseminen - Ohjesivusto adventtikalenterin myyjille\",\"isPartOf\":{\"@id\":\"https:\/\/www.adventtikalenteri.fi\/myyjille\/#website\"},\"primaryImageOfPage\":{\"@id\":\"https:\/\/www.adventtikalenteri.fi\/myyjille\/kampanjan-hallinta\/kampanjan-jalkeen\/kiittaminen-ja-palkitseminen\/#primaryimage\"},\"image\":{\"@id\":\"https:\/\/www.adventtikalenteri.fi\/myyjille\/kampanjan-hallinta\/kampanjan-jalkeen\/kiittaminen-ja-palkitseminen\/#primaryimage\"},\"thumbnailUrl\":\"https:\/\/www.adventtikalenteri.fi\/myyjille\/wp-content\/uploads\/sites\/2\/2021\/12\/advis2021_IG_kiitos-e1638521369248.jpg\",\"datePublished\":\"2021-08-26T12:55:54+00:00\",\"dateModified\":\"2025-09-15T09:51:31+00:00\",\"breadcrumb\":{\"@id\":\"https:\/\/www.adventtikalenteri.fi\/myyjille\/kampanjan-hallinta\/kampanjan-jalkeen\/kiittaminen-ja-palkitseminen\/#breadcrumb\"},\"inLanguage\":\"fi\",\"potentialAction\":[{\"@type\":\"ReadAction\",\"target\":[\"https:\/\/www.adventtikalenteri.fi\/myyjille\/kampanjan-hallinta\/kampanjan-jalkeen\/kiittaminen-ja-palkitseminen\/\"]}]},{\"@type\":\"ImageObject\",\"inLanguage\":\"fi\",\"@id\":\"https:\/\/www.adventtikalenteri.fi\/myyjille\/kampanjan-hallinta\/kampanjan-jalkeen\/kiittaminen-ja-palkitseminen\/#primaryimage\",\"url\":\"https:\/\/www.adventtikalenteri.fi\/myyjille\/wp-content\/uploads\/sites\/2\/2021\/12\/advis2021_IG_kiitos-e1638521369248.jpg\",\"contentUrl\":\"https:\/\/www.adventtikalenteri.fi\/myyjille\/wp-content\/uploads\/sites\/2\/2021\/12\/advis2021_IG_kiitos-e1638521369248.jpg\",\"width\":1200,\"height\":735},{\"@type\":\"BreadcrumbList\",\"@id\":\"https:\/\/www.adventtikalenteri.fi\/myyjille\/kampanjan-hallinta\/kampanjan-jalkeen\/kiittaminen-ja-palkitseminen\/#breadcrumb\",\"itemListElement\":[{\"@type\":\"ListItem\",\"position\":1,\"name\":\"Etusivu\",\"item\":\"https:\/\/www.adventtikalenteri.fi\/myyjille\/\"},{\"@type\":\"ListItem\",\"position\":2,\"name\":\"Kampanjan hallinta\",\"item\":\"https:\/\/www.adventtikalenteri.fi\/myyjille\/kampanjan-hallinta\/\"},{\"@type\":\"ListItem\",\"position\":3,\"name\":\"Kampanjan j\u00e4lkeen\",\"item\":\"https:\/\/www.adventtikalenteri.fi\/myyjille\/kampanjan-hallinta\/kampanjan-jalkeen\/\"},{\"@type\":\"ListItem\",\"position\":4,\"name\":\"Kiitt\u00e4minen ja palkitseminen\"}]},{\"@type\":\"WebSite\",\"@id\":\"https:\/\/www.adventtikalenteri.fi\/myyjille\/#website\",\"url\":\"https:\/\/www.adventtikalenteri.fi\/myyjille\/\",\"name\":\"Ohjesivusto adventtikalenterin myyjille\",\"description\":\"\",\"potentialAction\":[{\"@type\":\"SearchAction\",\"target\":{\"@type\":\"EntryPoint\",\"urlTemplate\":\"https:\/\/www.adventtikalenteri.fi\/myyjille\/?s={search_term_string}\"},\"query-input\":{\"@type\":\"PropertyValueSpecification\",\"valueRequired\":true,\"valueName\":\"search_term_string\"}}],\"inLanguage\":\"fi\"}]}<\/script>\n<!-- \/ Yoast SEO plugin. -->","yoast_head_json":{"title":"Kiitt\u00e4minen ja palkitseminen - Ohjesivusto adventtikalenterin myyjille","robots":{"index":"index","follow":"follow","max-snippet":"max-snippet:-1","max-image-preview":"max-image-preview:large","max-video-preview":"max-video-preview:-1"},"canonical":"https:\/\/www.adventtikalenteri.fi\/myyjille\/kampanjan-hallinta\/kampanjan-jalkeen\/kiittaminen-ja-palkitseminen\/","og_locale":"fi_FI","og_type":"article","og_title":"Kiitt\u00e4minen ja palkitseminen - Ohjesivusto adventtikalenterin myyjille","og_description":"Kiitt\u00e4minen ja palkitseminen Adventtikalenterikampanja on yhteinen ponnistus, jossa onnistumisia on","og_url":"https:\/\/www.adventtikalenteri.fi\/myyjille\/kampanjan-hallinta\/kampanjan-jalkeen\/kiittaminen-ja-palkitseminen\/","og_site_name":"Ohjesivusto adventtikalenterin myyjille","article_modified_time":"2025-09-15T09:51:31+00:00","og_image":[{"width":1200,"height":735,"url":"https:\/\/www.adventtikalenteri.fi\/myyjille\/wp-content\/uploads\/sites\/2\/2021\/12\/advis2021_IG_kiitos-e1638521369248.jpg","type":"image\/jpeg"}],"twitter_card":"summary_large_image","twitter_misc":{"Arvioitu lukuaika":"3 minuuttia"},"schema":{"@context":"https:\/\/schema.org","@graph":[{"@type":"WebPage","@id":"https:\/\/www.adventtikalenteri.fi\/myyjille\/kampanjan-hallinta\/kampanjan-jalkeen\/kiittaminen-ja-palkitseminen\/","url":"https:\/\/www.adventtikalenteri.fi\/myyjille\/kampanjan-hallinta\/kampanjan-jalkeen\/kiittaminen-ja-palkitseminen\/","name":"Kiitt\u00e4minen ja palkitseminen - Ohjesivusto adventtikalenterin myyjille","isPartOf":{"@id":"https:\/\/www.adventtikalenteri.fi\/myyjille\/#website"},"primaryImageOfPage":{"@id":"https:\/\/www.adventtikalenteri.fi\/myyjille\/kampanjan-hallinta\/kampanjan-jalkeen\/kiittaminen-ja-palkitseminen\/#primaryimage"},"image":{"@id":"https:\/\/www.adventtikalenteri.fi\/myyjille\/kampanjan-hallinta\/kampanjan-jalkeen\/kiittaminen-ja-palkitseminen\/#primaryimage"},"thumbnailUrl":"https:\/\/www.adventtikalenteri.fi\/myyjille\/wp-content\/uploads\/sites\/2\/2021\/12\/advis2021_IG_kiitos-e1638521369248.jpg","datePublished":"2021-08-26T12:55:54+00:00","dateModified":"2025-09-15T09:51:31+00:00","breadcrumb":{"@id":"https:\/\/www.adventtikalenteri.fi\/myyjille\/kampanjan-hallinta\/kampanjan-jalkeen\/kiittaminen-ja-palkitseminen\/#breadcrumb"},"inLanguage":"fi","potentialAction":[{"@type":"ReadAction","target":["https:\/\/www.adventtikalenteri.fi\/myyjille\/kampanjan-hallinta\/kampanjan-jalkeen\/kiittaminen-ja-palkitseminen\/"]}]},{"@type":"ImageObject","inLanguage":"fi","@id":"https:\/\/www.adventtikalenteri.fi\/myyjille\/kampanjan-hallinta\/kampanjan-jalkeen\/kiittaminen-ja-palkitseminen\/#primaryimage","url":"https:\/\/www.adventtikalenteri.fi\/myyjille\/wp-content\/uploads\/sites\/2\/2021\/12\/advis2021_IG_kiitos-e1638521369248.jpg","contentUrl":"https:\/\/www.adventtikalenteri.fi\/myyjille\/wp-content\/uploads\/sites\/2\/2021\/12\/advis2021_IG_kiitos-e1638521369248.jpg","width":1200,"height":735},{"@type":"BreadcrumbList","@id":"https:\/\/www.adventtikalenteri.fi\/myyjille\/kampanjan-hallinta\/kampanjan-jalkeen\/kiittaminen-ja-palkitseminen\/#breadcrumb","itemListElement":[{"@type":"ListItem","position":1,"name":"Etusivu","item":"https:\/\/www.adventtikalenteri.fi\/myyjille\/"},{"@type":"ListItem","position":2,"name":"Kampanjan hallinta","item":"https:\/\/www.adventtikalenteri.fi\/myyjille\/kampanjan-hallinta\/"},{"@type":"ListItem","position":3,"name":"Kampanjan j\u00e4lkeen","item":"https:\/\/www.adventtikalenteri.fi\/myyjille\/kampanjan-hallinta\/kampanjan-jalkeen\/"},{"@type":"ListItem","position":4,"name":"Kiitt\u00e4minen ja palkitseminen"}]},{"@type":"WebSite","@id":"https:\/\/www.adventtikalenteri.fi\/myyjille\/#website","url":"https:\/\/www.adventtikalenteri.fi\/myyjille\/","name":"Ohjesivusto adventtikalenterin myyjille","description":"","potentialAction":[{"@type":"SearchAction","target":{"@type":"EntryPoint","urlTemplate":"https:\/\/www.adventtikalenteri.fi\/myyjille\/?s={search_term_string}"},"query-input":{"@type":"PropertyValueSpecification","valueRequired":true,"valueName":"search_term_string"}}],"inLanguage":"fi"}]}},"_links":{"self":[{"href":"https:\/\/www.adventtikalenteri.fi\/myyjille\/wp-json\/wp\/v2\/pages\/442","targetHints":{"allow":["GET"]}}],"collection":[{"href":"https:\/\/www.adventtikalenteri.fi\/myyjille\/wp-json\/wp\/v2\/pages"}],"about":[{"href":"https:\/\/www.adventtikalenteri.fi\/myyjille\/wp-json\/wp\/v2\/types\/page"}],"author":[{"embeddable":true,"href":"https:\/\/www.adventtikalenteri.fi\/myyjille\/wp-json\/wp\/v2\/users\/3"}],"replies":[{"embeddable":true,"href":"https:\/\/www.adventtikalenteri.fi\/myyjille\/wp-json\/wp\/v2\/comments?post=442"}],"version-history":[{"count":14,"href":"https:\/\/www.adventtikalenteri.fi\/myyjille\/wp-json\/wp\/v2\/pages\/442\/revisions"}],"predecessor-version":[{"id":3821,"href":"https:\/\/www.adventtikalenteri.fi\/myyjille\/wp-json\/wp\/v2\/pages\/442\/revisions\/3821"}],"up":[{"embeddable":true,"href":"https:\/\/www.adventtikalenteri.fi\/myyjille\/wp-json\/wp\/v2\/pages\/240"}],"wp:featuredmedia":[{"embeddable":true,"href":"https:\/\/www.adventtikalenteri.fi\/myyjille\/wp-json\/wp\/v2\/media\/1220"}],"wp:attachment":[{"href":"https:\/\/www.adventtikalenteri.fi\/myyjille\/wp-json\/wp\/v2\/media?parent=442"}],"curies":[{"name":"wp","href":"https:\/\/api.w.org\/{rel}","templated":true}]}}