{"id":447,"date":"2021-08-27T09:51:46","date_gmt":"2021-08-27T06:51:46","guid":{"rendered":"https:\/\/www.adventtikalenteri.fi\/myyjille\/?page_id=447"},"modified":"2025-09-18T10:31:26","modified_gmt":"2025-09-18T07:31:26","slug":"ryhmanjohtajien-ja-huoltajien-ohjeistaminen","status":"publish","type":"page","link":"https:\/\/www.adventtikalenteri.fi\/myyjille\/ryhmanjohtajien-ja-huoltajien-ohjeistaminen\/","title":{"rendered":"Ryhm\u00e4njohtajien ja huoltajien ohjeistaminen"},"content":{"rendered":"\n<h1 class=\"wp-block-heading\">Ryhm\u00e4njohtajien ja huoltajien ohjeistaminen<\/h1>\n\n\n\n<p class=\"is-style-lead\">Myynnin onnistumiseksi on hyvin t\u00e4rke\u00e4\u00e4, ett\u00e4 lippukunnan j\u00e4senet, ryhm\u00e4njohtajat ja partiolaisten huoltajat tiet\u00e4v\u00e4t mist\u00e4 on kyse ja mit\u00e4 heilt\u00e4 odotetaan. T\u00e4lle sivulle on koottu vinkkej\u00e4 lippukunnan sis\u00e4iseen tiedottamiseen!<\/p>\n\n\n\n<figure class=\"wp-block-embed is-type-video is-provider-youtube wp-block-embed-youtube wp-embed-aspect-16-9 wp-has-aspect-ratio\"><div class=\"wp-block-embed__wrapper\">\n<div class=\"oembed oembed-youtube\"><iframe loading=\"lazy\" title=\"Vastuualueet\" width=\"750\" height=\"422\" src=\"https:\/\/www.youtube.com\/embed\/EuprO3_jNz4?feature=oembed\" frameborder=\"0\" allow=\"accelerometer; autoplay; clipboard-write; encrypted-media; gyroscope; picture-in-picture; web-share\" referrerpolicy=\"strict-origin-when-cross-origin\" allowfullscreen><\/iframe><\/div>\n<\/div><figcaption class=\"wp-element-caption\">Adventtikalenterikampanjan vastuualueet <a href=\"https:\/\/youtu.be\/EuprO3_jNz4?feature=shared\">Katso Youtubessa<\/a><\/figcaption><\/figure>\n\n\n\n<h2 class=\"wp-block-heading\">Tietoa lippukunnan j\u00e4senille ja huoltajille<\/h2>\n\n\n\n<p>Myynnin k\u00e4yt\u00e4nn\u00f6t tai adventtikalenterikampanja voivat her\u00e4tt\u00e4\u00e4 monia kysymyksi\u00e4 j\u00e4senist\u00f6n keskuudessa. Kun kaikki tiet\u00e4v\u00e4t miss\u00e4 menn\u00e4\u00e4n, myynti sujuu paremmin! Vieraile ryhmien kokouksissa tai j\u00e4rjest\u00e4 vaikkapa koko lippukunnan yhteinen myynninaloitustilaisuus! Ripusta tavoitejulisteet ja tiedot tonttumerkeist\u00e4 kolon sein\u00e4lle.<\/p>\n\n\n\n<p>Innokkaimmat huoltajat ovat my\u00f6s kullanarvoinen apu myynniss\u00e4 ja myyntipaikkojen l\u00f6yt\u00e4misess\u00e4! Kerro kampanjasta kotiv\u00e4elle heti syksyn alussa esimerkiksi toiminnan aloituskokouksessa, syyskokouksessa tai huoltajien illassa.<\/p>\n\n\n\n<h3 class=\"wp-block-heading\">Kaikkien lippukuntalaisten ja huoltajien tulisi tiet\u00e4\u00e4:<\/h3>\n\n\n\n<ul class=\"wp-block-list\">\n<li>Mit\u00e4 myyd\u00e4\u00e4n ja mit\u00e4 kalenteri maksaa?<\/li>\n\n\n\n<li>Kalenterin merkitys lippukunnan taloudelle. Mit\u00e4 tuloilla on tehty ja aiotaan tehd\u00e4?<\/li>\n\n\n\n<li>Mit\u00e4 maksutapoja lippukunnalla on k\u00e4yt\u00f6ss\u00e4 ja miten k\u00e4teiselle tehdyt maksut tilitet\u00e4\u00e4n lippukunnalle<\/li>\n\n\n\n<li>Mik\u00e4 on lippukunnan tai ryhm\u00e4n tavoite?<\/li>\n\n\n\n<li>Kannusta j\u00e4seni\u00e4 myyntiin kertomalla <a href=\"https:\/\/www.adventtikalenteri.fi\/myyjille\/kampanjan-hallinta\/kampanjan-jalkeen\/kiittaminen-ja-palkitseminen\/\">tonttumerkeist\u00e4<\/a> ja niiden saantirajoista.<\/li>\n<\/ul>\n\n\n\n<p>Toistossa on voimaa! Kampanjasta on hyv\u00e4 kertoa moneen kertaan, jotta viesti menee perille. Katso <a href=\"https:\/\/www.adventtikalenteri.fi\/myyjille\/markkinointi-ja-viestinta\/\">vinkit markkinointiin ja viestint\u00e4\u00e4n t\u00e4\u00e4lt\u00e4<\/a>. <\/p>\n","protected":false},"excerpt":{"rendered":"<p>Ryhm\u00e4njohtajien ja huoltajien ohjeistaminen Myynnin onnistumiseksi on hyvin t\u00e4rke\u00e4\u00e4, ett\u00e4<\/p>\n","protected":false},"author":3,"featured_media":2212,"parent":0,"menu_order":0,"comment_status":"closed","ping_status":"closed","template":"","meta":{"_acf_changed":false,"_relevanssi_hide_post":"","_relevanssi_hide_content":"","_relevanssi_pin_for_all":"","_relevanssi_pin_keywords":"","_relevanssi_unpin_keywords":"","_relevanssi_related_keywords":"","_relevanssi_related_include_ids":"","_relevanssi_related_exclude_ids":"","_relevanssi_related_no_append":"","_relevanssi_related_not_related":"","_relevanssi_related_posts":"1366,870,1159,1486,417,1230","_relevanssi_noindex_reason":"","footnotes":""},"class_list":["post-447","page","type-page","status-publish","has-post-thumbnail","hentry"],"acf":[],"yoast_head":"<!-- This site is optimized with the Yoast SEO plugin v27.3 - https:\/\/yoast.com\/product\/yoast-seo-wordpress\/ -->\n<title>Ryhm\u00e4njohtajien ja huoltajien ohjeistaminen - Ohjesivusto adventtikalenterin myyjille<\/title>\n<meta name=\"description\" content=\"Adventtikalenterikampanjan onnistumiseksi on t\u00e4rke\u00e4\u00e4, ett\u00e4 lippukunnan j\u00e4senet, ryhm\u00e4njohtajat ja partiolaisten huoltajat tiet\u00e4v\u00e4t mist\u00e4 on kyse ja mit\u00e4 heilt\u00e4 odotetaan.\" \/>\n<meta name=\"robots\" content=\"index, follow, max-snippet:-1, max-image-preview:large, max-video-preview:-1\" \/>\n<link rel=\"canonical\" href=\"https:\/\/www.adventtikalenteri.fi\/myyjille\/ryhmanjohtajien-ja-huoltajien-ohjeistaminen\/\" \/>\n<meta property=\"og:locale\" content=\"fi_FI\" \/>\n<meta property=\"og:type\" content=\"article\" \/>\n<meta property=\"og:title\" content=\"Ryhm\u00e4njohtajien ja huoltajien ohjeistaminen - Ohjesivusto adventtikalenterin myyjille\" \/>\n<meta property=\"og:description\" content=\"Adventtikalenterikampanjan onnistumiseksi on t\u00e4rke\u00e4\u00e4, ett\u00e4 lippukunnan j\u00e4senet, ryhm\u00e4njohtajat ja partiolaisten huoltajat tiet\u00e4v\u00e4t mist\u00e4 on kyse ja mit\u00e4 heilt\u00e4 odotetaan.\" \/>\n<meta property=\"og:url\" content=\"https:\/\/www.adventtikalenteri.fi\/myyjille\/ryhmanjohtajien-ja-huoltajien-ohjeistaminen\/\" \/>\n<meta property=\"og:site_name\" content=\"Ohjesivusto adventtikalenterin myyjille\" \/>\n<meta property=\"article:modified_time\" content=\"2025-09-18T07:31:26+00:00\" \/>\n<meta property=\"og:image\" content=\"https:\/\/www.adventtikalenteri.fi\/myyjille\/wp-content\/uploads\/sites\/2\/2023\/08\/Adviskuvat-2023-Netta-Hautamaki-LARGE-172.jpg\" \/>\n\t<meta property=\"og:image:width\" content=\"2000\" \/>\n\t<meta property=\"og:image:height\" content=\"1092\" \/>\n\t<meta property=\"og:image:type\" content=\"image\/jpeg\" \/>\n<meta name=\"twitter:card\" content=\"summary_large_image\" \/>\n<meta name=\"twitter:label1\" content=\"Arvioitu lukuaika\" \/>\n\t<meta name=\"twitter:data1\" content=\"4 minuuttia\" \/>\n<script type=\"application\/ld+json\" class=\"yoast-schema-graph\">{\"@context\":\"https:\\\/\\\/schema.org\",\"@graph\":[{\"@type\":\"WebPage\",\"@id\":\"https:\\\/\\\/www.adventtikalenteri.fi\\\/myyjille\\\/ryhmanjohtajien-ja-huoltajien-ohjeistaminen\\\/\",\"url\":\"https:\\\/\\\/www.adventtikalenteri.fi\\\/myyjille\\\/ryhmanjohtajien-ja-huoltajien-ohjeistaminen\\\/\",\"name\":\"Ryhm\u00e4njohtajien ja huoltajien ohjeistaminen - Ohjesivusto adventtikalenterin myyjille\",\"isPartOf\":{\"@id\":\"https:\\\/\\\/www.adventtikalenteri.fi\\\/myyjille\\\/#website\"},\"primaryImageOfPage\":{\"@id\":\"https:\\\/\\\/www.adventtikalenteri.fi\\\/myyjille\\\/ryhmanjohtajien-ja-huoltajien-ohjeistaminen\\\/#primaryimage\"},\"image\":{\"@id\":\"https:\\\/\\\/www.adventtikalenteri.fi\\\/myyjille\\\/ryhmanjohtajien-ja-huoltajien-ohjeistaminen\\\/#primaryimage\"},\"thumbnailUrl\":\"https:\\\/\\\/www.adventtikalenteri.fi\\\/myyjille\\\/wp-content\\\/uploads\\\/sites\\\/2\\\/2023\\\/08\\\/Adviskuvat-2023-Netta-Hautamaki-LARGE-172.jpg\",\"datePublished\":\"2021-08-27T06:51:46+00:00\",\"dateModified\":\"2025-09-18T07:31:26+00:00\",\"description\":\"Adventtikalenterikampanjan onnistumiseksi on t\u00e4rke\u00e4\u00e4, ett\u00e4 lippukunnan j\u00e4senet, ryhm\u00e4njohtajat ja partiolaisten huoltajat tiet\u00e4v\u00e4t mist\u00e4 on kyse ja mit\u00e4 heilt\u00e4 odotetaan.\",\"breadcrumb\":{\"@id\":\"https:\\\/\\\/www.adventtikalenteri.fi\\\/myyjille\\\/ryhmanjohtajien-ja-huoltajien-ohjeistaminen\\\/#breadcrumb\"},\"inLanguage\":\"fi\",\"potentialAction\":[{\"@type\":\"ReadAction\",\"target\":[\"https:\\\/\\\/www.adventtikalenteri.fi\\\/myyjille\\\/ryhmanjohtajien-ja-huoltajien-ohjeistaminen\\\/\"]}]},{\"@type\":\"ImageObject\",\"inLanguage\":\"fi\",\"@id\":\"https:\\\/\\\/www.adventtikalenteri.fi\\\/myyjille\\\/ryhmanjohtajien-ja-huoltajien-ohjeistaminen\\\/#primaryimage\",\"url\":\"https:\\\/\\\/www.adventtikalenteri.fi\\\/myyjille\\\/wp-content\\\/uploads\\\/sites\\\/2\\\/2023\\\/08\\\/Adviskuvat-2023-Netta-Hautamaki-LARGE-172.jpg\",\"contentUrl\":\"https:\\\/\\\/www.adventtikalenteri.fi\\\/myyjille\\\/wp-content\\\/uploads\\\/sites\\\/2\\\/2023\\\/08\\\/Adviskuvat-2023-Netta-Hautamaki-LARGE-172.jpg\",\"width\":2000,\"height\":1092},{\"@type\":\"BreadcrumbList\",\"@id\":\"https:\\\/\\\/www.adventtikalenteri.fi\\\/myyjille\\\/ryhmanjohtajien-ja-huoltajien-ohjeistaminen\\\/#breadcrumb\",\"itemListElement\":[{\"@type\":\"ListItem\",\"position\":1,\"name\":\"Etusivu\",\"item\":\"https:\\\/\\\/www.adventtikalenteri.fi\\\/myyjille\\\/\"},{\"@type\":\"ListItem\",\"position\":2,\"name\":\"Ryhm\u00e4njohtajien ja huoltajien ohjeistaminen\"}]},{\"@type\":\"WebSite\",\"@id\":\"https:\\\/\\\/www.adventtikalenteri.fi\\\/myyjille\\\/#website\",\"url\":\"https:\\\/\\\/www.adventtikalenteri.fi\\\/myyjille\\\/\",\"name\":\"Ohjesivusto adventtikalenterin myyjille\",\"description\":\"\",\"potentialAction\":[{\"@type\":\"SearchAction\",\"target\":{\"@type\":\"EntryPoint\",\"urlTemplate\":\"https:\\\/\\\/www.adventtikalenteri.fi\\\/myyjille\\\/?s={search_term_string}\"},\"query-input\":{\"@type\":\"PropertyValueSpecification\",\"valueRequired\":true,\"valueName\":\"search_term_string\"}}],\"inLanguage\":\"fi\"}]}<\/script>\n<!-- \/ Yoast SEO plugin. -->","yoast_head_json":{"title":"Ryhm\u00e4njohtajien ja huoltajien ohjeistaminen - Ohjesivusto adventtikalenterin myyjille","description":"Adventtikalenterikampanjan onnistumiseksi on t\u00e4rke\u00e4\u00e4, ett\u00e4 lippukunnan j\u00e4senet, ryhm\u00e4njohtajat ja partiolaisten huoltajat tiet\u00e4v\u00e4t mist\u00e4 on kyse ja mit\u00e4 heilt\u00e4 odotetaan.","robots":{"index":"index","follow":"follow","max-snippet":"max-snippet:-1","max-image-preview":"max-image-preview:large","max-video-preview":"max-video-preview:-1"},"canonical":"https:\/\/www.adventtikalenteri.fi\/myyjille\/ryhmanjohtajien-ja-huoltajien-ohjeistaminen\/","og_locale":"fi_FI","og_type":"article","og_title":"Ryhm\u00e4njohtajien ja huoltajien ohjeistaminen - Ohjesivusto adventtikalenterin myyjille","og_description":"Adventtikalenterikampanjan onnistumiseksi on t\u00e4rke\u00e4\u00e4, ett\u00e4 lippukunnan j\u00e4senet, ryhm\u00e4njohtajat ja partiolaisten huoltajat tiet\u00e4v\u00e4t mist\u00e4 on kyse ja mit\u00e4 heilt\u00e4 odotetaan.","og_url":"https:\/\/www.adventtikalenteri.fi\/myyjille\/ryhmanjohtajien-ja-huoltajien-ohjeistaminen\/","og_site_name":"Ohjesivusto adventtikalenterin myyjille","article_modified_time":"2025-09-18T07:31:26+00:00","og_image":[{"width":2000,"height":1092,"url":"https:\/\/www.adventtikalenteri.fi\/myyjille\/wp-content\/uploads\/sites\/2\/2023\/08\/Adviskuvat-2023-Netta-Hautamaki-LARGE-172.jpg","type":"image\/jpeg"}],"twitter_card":"summary_large_image","twitter_misc":{"Arvioitu lukuaika":"4 minuuttia"},"schema":{"@context":"https:\/\/schema.org","@graph":[{"@type":"WebPage","@id":"https:\/\/www.adventtikalenteri.fi\/myyjille\/ryhmanjohtajien-ja-huoltajien-ohjeistaminen\/","url":"https:\/\/www.adventtikalenteri.fi\/myyjille\/ryhmanjohtajien-ja-huoltajien-ohjeistaminen\/","name":"Ryhm\u00e4njohtajien ja huoltajien ohjeistaminen - Ohjesivusto adventtikalenterin myyjille","isPartOf":{"@id":"https:\/\/www.adventtikalenteri.fi\/myyjille\/#website"},"primaryImageOfPage":{"@id":"https:\/\/www.adventtikalenteri.fi\/myyjille\/ryhmanjohtajien-ja-huoltajien-ohjeistaminen\/#primaryimage"},"image":{"@id":"https:\/\/www.adventtikalenteri.fi\/myyjille\/ryhmanjohtajien-ja-huoltajien-ohjeistaminen\/#primaryimage"},"thumbnailUrl":"https:\/\/www.adventtikalenteri.fi\/myyjille\/wp-content\/uploads\/sites\/2\/2023\/08\/Adviskuvat-2023-Netta-Hautamaki-LARGE-172.jpg","datePublished":"2021-08-27T06:51:46+00:00","dateModified":"2025-09-18T07:31:26+00:00","description":"Adventtikalenterikampanjan onnistumiseksi on t\u00e4rke\u00e4\u00e4, ett\u00e4 lippukunnan j\u00e4senet, ryhm\u00e4njohtajat ja partiolaisten huoltajat tiet\u00e4v\u00e4t mist\u00e4 on kyse ja mit\u00e4 heilt\u00e4 odotetaan.","breadcrumb":{"@id":"https:\/\/www.adventtikalenteri.fi\/myyjille\/ryhmanjohtajien-ja-huoltajien-ohjeistaminen\/#breadcrumb"},"inLanguage":"fi","potentialAction":[{"@type":"ReadAction","target":["https:\/\/www.adventtikalenteri.fi\/myyjille\/ryhmanjohtajien-ja-huoltajien-ohjeistaminen\/"]}]},{"@type":"ImageObject","inLanguage":"fi","@id":"https:\/\/www.adventtikalenteri.fi\/myyjille\/ryhmanjohtajien-ja-huoltajien-ohjeistaminen\/#primaryimage","url":"https:\/\/www.adventtikalenteri.fi\/myyjille\/wp-content\/uploads\/sites\/2\/2023\/08\/Adviskuvat-2023-Netta-Hautamaki-LARGE-172.jpg","contentUrl":"https:\/\/www.adventtikalenteri.fi\/myyjille\/wp-content\/uploads\/sites\/2\/2023\/08\/Adviskuvat-2023-Netta-Hautamaki-LARGE-172.jpg","width":2000,"height":1092},{"@type":"BreadcrumbList","@id":"https:\/\/www.adventtikalenteri.fi\/myyjille\/ryhmanjohtajien-ja-huoltajien-ohjeistaminen\/#breadcrumb","itemListElement":[{"@type":"ListItem","position":1,"name":"Etusivu","item":"https:\/\/www.adventtikalenteri.fi\/myyjille\/"},{"@type":"ListItem","position":2,"name":"Ryhm\u00e4njohtajien ja huoltajien ohjeistaminen"}]},{"@type":"WebSite","@id":"https:\/\/www.adventtikalenteri.fi\/myyjille\/#website","url":"https:\/\/www.adventtikalenteri.fi\/myyjille\/","name":"Ohjesivusto adventtikalenterin myyjille","description":"","potentialAction":[{"@type":"SearchAction","target":{"@type":"EntryPoint","urlTemplate":"https:\/\/www.adventtikalenteri.fi\/myyjille\/?s={search_term_string}"},"query-input":{"@type":"PropertyValueSpecification","valueRequired":true,"valueName":"search_term_string"}}],"inLanguage":"fi"}]}},"_links":{"self":[{"href":"https:\/\/www.adventtikalenteri.fi\/myyjille\/wp-json\/wp\/v2\/pages\/447","targetHints":{"allow":["GET"]}}],"collection":[{"href":"https:\/\/www.adventtikalenteri.fi\/myyjille\/wp-json\/wp\/v2\/pages"}],"about":[{"href":"https:\/\/www.adventtikalenteri.fi\/myyjille\/wp-json\/wp\/v2\/types\/page"}],"author":[{"embeddable":true,"href":"https:\/\/www.adventtikalenteri.fi\/myyjille\/wp-json\/wp\/v2\/users\/3"}],"replies":[{"embeddable":true,"href":"https:\/\/www.adventtikalenteri.fi\/myyjille\/wp-json\/wp\/v2\/comments?post=447"}],"version-history":[{"count":15,"href":"https:\/\/www.adventtikalenteri.fi\/myyjille\/wp-json\/wp\/v2\/pages\/447\/revisions"}],"predecessor-version":[{"id":3892,"href":"https:\/\/www.adventtikalenteri.fi\/myyjille\/wp-json\/wp\/v2\/pages\/447\/revisions\/3892"}],"wp:featuredmedia":[{"embeddable":true,"href":"https:\/\/www.adventtikalenteri.fi\/myyjille\/wp-json\/wp\/v2\/media\/2212"}],"wp:attachment":[{"href":"https:\/\/www.adventtikalenteri.fi\/myyjille\/wp-json\/wp\/v2\/media?parent=447"}],"curies":[{"name":"wp","href":"https:\/\/api.w.org\/{rel}","templated":true}]}}