{"id":453,"date":"2021-08-27T10:07:52","date_gmt":"2021-08-27T07:07:52","guid":{"rendered":"https:\/\/www.adventtikalenteri.fi\/myyjille\/?page_id=453"},"modified":"2024-09-12T15:30:52","modified_gmt":"2024-09-12T12:30:52","slug":"raportointi-ja-tilitykset","status":"publish","type":"page","link":"https:\/\/www.adventtikalenteri.fi\/myyjille\/kampanjan-hallinta\/kampanjan-jalkeen\/raportointi-ja-tilitykset\/","title":{"rendered":"Raportointi ja tilitykset"},"content":{"rendered":"\n<h1 class=\"wp-block-heading\">Raportointi ja tilitykset Kuksassa<\/h1>\n\n\n\n<p class=\"is-style-lead\">Kun kalenterit on myyty ja myyntiaika p\u00e4\u00e4ttynyt, on kampanjap\u00e4\u00e4llik\u00f6ll\u00e4 viel\u00e4 viimeinen silaus edess\u00e4. Kampanjan viimeistelyyn kannattaa ryhty\u00e4 hyviss\u00e4 ajoin ja varata tarpeeksi aikaa.<\/p>\n\n\n\n<figure class=\"wp-block-embed is-type-video is-provider-youtube wp-block-embed-youtube wp-embed-aspect-16-9 wp-has-aspect-ratio\"><div class=\"wp-block-embed__wrapper\">\n<div class=\"oembed oembed-youtube\"><iframe loading=\"lazy\" title=\"Kuksakoulutus: Lippukunnan kampanjan lopetus ja sulkeminen\" width=\"750\" height=\"422\" src=\"https:\/\/www.youtube.com\/embed\/rrnNqZNeM5w?feature=oembed\" frameborder=\"0\" allow=\"accelerometer; autoplay; clipboard-write; encrypted-media; gyroscope; picture-in-picture; web-share\" referrerpolicy=\"strict-origin-when-cross-origin\" allowfullscreen><\/iframe><\/div>\n<\/div><figcaption class=\"wp-element-caption\">Katso ohjevideo kampanjan lopetuksesta ja sulkemisesta. <a href=\"https:\/\/www.adventtikalenteri.fi\/myyjille\/kampanjan-hallinta\/kampanjan-kaynnistaminen\/kuksa-tilausjarjestelman-kayttoohjeet\/\">Katso kaikki Kuksa-ohjeet<\/a><\/figcaption><\/figure>\n\n\n\n<h2 class=\"wp-block-heading\">Ker\u00e4\u00e4 myym\u00e4tt\u00f6m\u00e4t kalenterit<\/h2>\n\n\n\n<p>Kampanjan p\u00e4\u00e4tteeksi ker\u00e4\u00e4 myym\u00e4tt\u00f6m\u00e4t kalenterit myyjilt\u00e4. Tarkista, ett\u00e4 tilitetyn rahan ja palautettujen kalenterien m\u00e4\u00e4r\u00e4 t\u00e4sm\u00e4\u00e4 jaettujen kalenterien m\u00e4\u00e4r\u00e4\u00e4n. Voit palauttaa korkeintaan 50 % lippukuntanne tilaamista kalentereista. Kysy tarkemmat ohjeet <a href=\"https:\/\/www.adventtikalenteri.fi\/myyjille\/kampanjan-hallinta\/kampanjan-yhteyshenkilot\/\">piirin adventtikalenteriyhteyshenkil\u00f6lt\u00e4<\/a>.<\/p>\n\n\n\n<ul class=\"wp-block-list\">\n<li>Lippukunta tuhoaa kaikki myym\u00e4tt\u00f6m\u00e4t adventtikalenterit. Niit\u00e4 ei palauteta partiotoimistolle.<\/li>\n\n\n\n<li>Adventtikalenteri on rahanarvoinen myyntituote. Myym\u00e4tt\u00f6m\u00e4t tulee ker\u00e4t\u00e4 pois myyjilt\u00e4 ja ne tulee tuhota niin ett\u00e4 eiv\u00e4t vahingossakaan p\u00e4\u00e4dy uudelleen myyntiin. On sinun vastuullasi, ettei yht\u00e4\u00e4n kalenteria j\u00e4\u00e4 mihink\u00e4\u00e4n kololle tai kotiin py\u00f6rim\u00e4\u00e4n.<\/li>\n\n\n\n<li>Kalenterit voi helposti kierr\u00e4tt\u00e4\u00e4, sill\u00e4 kalenteri on kartonkij\u00e4tett\u00e4 ja tarrat voi joko ottaa talteen tai laittaa tarra-arkin paperinker\u00e4ykseen. Kalenterin muovik\u00e4\u00e4re kierr\u00e4tet\u00e4\u00e4n muovij\u00e4tteen\u00e4.<\/li>\n\n\n\n<li>Mik\u00e4li ette lajittele materiaaleja (kartonki, paperi ja muovi), ne on tuhottava myyntikelvottomiksi ja kierr\u00e4tett\u00e4v\u00e4 energiaj\u00e4tteen\u00e4. Tuhoamisen voi tehd\u00e4 esim. saksimalla jokaisesta kalenterista kulman pois tai vet\u00e4\u00e4 mattoveitsell\u00e4 viillon kalenteriin.<\/li>\n<\/ul>\n\n\n\n<h2 class=\"wp-block-heading\">Tee palautuslahjoitus<\/h2>\n\n\n\n<ul class=\"wp-block-list\">\n<li>Lippukunta saa lahjoittaa kampanjan aikana kaksi kalenteria: tehk\u00e4\u00e4 hyv\u00e4nmielen lahjoitus esimerkiksi lastensairaalaan tai palvelutaloon &#8211; ja muistakaa my\u00f6s kertoa siit\u00e4 somessa!\n<ul class=\"wp-block-list\">\n<li>5.12. j\u00e4lkeen myym\u00e4tt\u00f6mi\u00e4 kalentereita saa lahjoittaa hyv\u00e4ntekev\u00e4isyystarkoituksessa. Kalentereita ei anneta esimerkiksi askartelutarkoitukseen.<\/li>\n\n\n\n<li><a href=\"https:\/\/www.adventtikalenteri.fi\/myyjille\/myynti\/hyvantekevaisyysmyynti\/\">Katso ohjeet <\/a><\/li>\n<\/ul>\n<\/li>\n<\/ul>\n\n\n\n<h2 class=\"wp-block-heading\">H\u00e4vit\u00e4 myym\u00e4tt\u00f6m\u00e4t kalenterit<\/h2>\n\n\n\n<ul class=\"wp-block-list\">\n<li>Lippukunta tuhoaa kaikki myym\u00e4tt\u00f6m\u00e4t adventtikalenterit. Niit\u00e4 ei palauteta partiotoimistolle.<\/li>\n\n\n\n<li>Adventtikalenteri on rahanarvoinen myyntituote. Myym\u00e4tt\u00f6m\u00e4t tulee ker\u00e4t\u00e4 pois myyjilt\u00e4 ja ne tulee tuhota niin ett\u00e4 eiv\u00e4t vahingossakaan p\u00e4\u00e4dy uudelleen myyntiin. On sinun vastuullasi, ettei yht\u00e4\u00e4n kalenteria j\u00e4\u00e4 mihink\u00e4\u00e4n kololle tai kotiin py\u00f6rim\u00e4\u00e4n.<\/li>\n\n\n\n<li>Kalenterit voi helposti kierr\u00e4tt\u00e4\u00e4, sill\u00e4 kalenteri on kartonkij\u00e4tett\u00e4 ja tarrat voi joko ottaa talteen tai laittaa tarra-arkin paperinker\u00e4ykseen. Kalenterin muovik\u00e4\u00e4re kierr\u00e4tet\u00e4\u00e4n muovij\u00e4tteen\u00e4.<\/li>\n\n\n\n<li>Mik\u00e4li ette lajittele materiaaleja (kartonki, paperi ja muovi), ne on tuhottava myyntikelvottomiksi ja kierr\u00e4tett\u00e4v\u00e4 energiaj\u00e4tteen\u00e4. Tuhoamisen voi tehd\u00e4 esim. saksimalla jokaisesta kalenterista kulman pois tai vet\u00e4\u00e4 mattoveitsell\u00e4 viillon kalenteriin.<\/li>\n<\/ul>\n\n\n\n<h2 class=\"wp-block-heading\">P\u00e4\u00e4t\u00e4 kampanja Kuksassa<\/h2>\n\n\n\n<ul class=\"wp-block-list\">\n<li>Merkitse Kuksa-partiorekisteriin lippukunnan myydyt, h\u00e4vitett\u00e4v\u00e4t ja lahjoitetut adventtikalenterit. Lukitse kampanja viimeist\u00e4\u00e4n 11.12.\n<ul class=\"wp-block-list\">\n<li>Lippukunta saa laskun Kuksaan merkittyjen tietojen mukaisesti.<\/li>\n\n\n\n<li>Huomioi, ett\u00e4 lippukunta saa laskun koko tilauksesta, jos palautuksia ei ole merkitty ja toimitettu 11.12. menness\u00e4.<\/li>\n<\/ul>\n<\/li>\n<\/ul>\n\n\n\n<h2 class=\"wp-block-heading\">Kirjaa opit loppuraporttiin<\/h2>\n\n\n\n<ul class=\"wp-block-list\">\n<li>Tee yhteenveto kampanjan tuloksista ja jaa siit\u00e4 positiivista viesti\u00e4 lippukunnan j\u00e4senille, kalenterin ostajille, tukijoukoille ja some-kanavienne seuraajille.\n<ul class=\"wp-block-list\">\n<li>Seuraavan vuoden kampanjaa varten kannattaa kirjata lyhyesti, miss\u00e4 olivat pahimmat sudenkuopat \u2013 ja miss\u00e4 mehevimm\u00e4t onnistumiset. N\u00e4in tieto on tallella sinua tai seuraajaasi varten ensi vuonna. Hy\u00f6dynn\u00e4 halutessasi t\u00e4t\u00e4 valmista <a href=\"https:\/\/www.adventtikalenteri.fi\/myyjille\/wp-content\/uploads\/sites\/2\/2023\/08\/Loppuraporttipohja_joulukampanja.docx\">loppuraporttipohjaa.<\/a><\/li>\n<\/ul>\n<\/li>\n<\/ul>\n","protected":false},"excerpt":{"rendered":"<p>Raportointi ja tilitykset Kuksassa Kun kalenterit on myyty ja myyntiaika<\/p>\n","protected":false},"author":3,"featured_media":0,"parent":240,"menu_order":0,"comment_status":"closed","ping_status":"closed","template":"","meta":{"_acf_changed":false,"_relevanssi_hide_post":"","_relevanssi_hide_content":"","_relevanssi_pin_for_all":"","_relevanssi_pin_keywords":"","_relevanssi_unpin_keywords":"","_relevanssi_related_keywords":"","_relevanssi_related_include_ids":"","_relevanssi_related_exclude_ids":"","_relevanssi_related_no_append":"","_relevanssi_related_not_related":"","_relevanssi_related_posts":"1072,1366,417,1230,1159,870","_relevanssi_noindex_reason":"","footnotes":""},"class_list":["post-453","page","type-page","status-publish","hentry"],"acf":[],"yoast_head":"<!-- This site is optimized with the Yoast SEO plugin v27.1.1 - https:\/\/yoast.com\/product\/yoast-seo-wordpress\/ -->\n<title>Raportointi ja tilitykset - Ohjesivusto adventtikalenterin myyjille<\/title>\n<meta name=\"robots\" content=\"index, follow, max-snippet:-1, max-image-preview:large, max-video-preview:-1\" \/>\n<link rel=\"canonical\" href=\"https:\/\/www.adventtikalenteri.fi\/myyjille\/kampanjan-hallinta\/kampanjan-jalkeen\/raportointi-ja-tilitykset\/\" \/>\n<meta property=\"og:locale\" content=\"fi_FI\" \/>\n<meta property=\"og:type\" content=\"article\" \/>\n<meta property=\"og:title\" content=\"Raportointi ja tilitykset - Ohjesivusto adventtikalenterin myyjille\" \/>\n<meta property=\"og:description\" content=\"Raportointi ja tilitykset Kuksassa Kun kalenterit on myyty ja myyntiaika\" \/>\n<meta property=\"og:url\" content=\"https:\/\/www.adventtikalenteri.fi\/myyjille\/kampanjan-hallinta\/kampanjan-jalkeen\/raportointi-ja-tilitykset\/\" \/>\n<meta property=\"og:site_name\" content=\"Ohjesivusto adventtikalenterin myyjille\" \/>\n<meta property=\"article:modified_time\" content=\"2024-09-12T12:30:52+00:00\" \/>\n<meta property=\"og:image\" content=\"https:\/\/www.adventtikalenteri.fi\/myyjille\/wp-content\/uploads\/sites\/2\/2025\/08\/Adventtikalenteri25_NettaHautamaki_35.jpg\" \/>\n\t<meta property=\"og:image:width\" content=\"1500\" \/>\n\t<meta property=\"og:image:height\" content=\"1000\" \/>\n\t<meta property=\"og:image:type\" content=\"image\/jpeg\" \/>\n<meta name=\"twitter:card\" content=\"summary_large_image\" \/>\n<meta name=\"twitter:label1\" content=\"Arvioitu lukuaika\" \/>\n\t<meta name=\"twitter:data1\" content=\"3 minuuttia\" \/>\n<script type=\"application\/ld+json\" class=\"yoast-schema-graph\">{\"@context\":\"https:\/\/schema.org\",\"@graph\":[{\"@type\":\"WebPage\",\"@id\":\"https:\/\/www.adventtikalenteri.fi\/myyjille\/kampanjan-hallinta\/kampanjan-jalkeen\/raportointi-ja-tilitykset\/\",\"url\":\"https:\/\/www.adventtikalenteri.fi\/myyjille\/kampanjan-hallinta\/kampanjan-jalkeen\/raportointi-ja-tilitykset\/\",\"name\":\"Raportointi ja tilitykset - Ohjesivusto adventtikalenterin myyjille\",\"isPartOf\":{\"@id\":\"https:\/\/www.adventtikalenteri.fi\/myyjille\/#website\"},\"datePublished\":\"2021-08-27T07:07:52+00:00\",\"dateModified\":\"2024-09-12T12:30:52+00:00\",\"breadcrumb\":{\"@id\":\"https:\/\/www.adventtikalenteri.fi\/myyjille\/kampanjan-hallinta\/kampanjan-jalkeen\/raportointi-ja-tilitykset\/#breadcrumb\"},\"inLanguage\":\"fi\",\"potentialAction\":[{\"@type\":\"ReadAction\",\"target\":[\"https:\/\/www.adventtikalenteri.fi\/myyjille\/kampanjan-hallinta\/kampanjan-jalkeen\/raportointi-ja-tilitykset\/\"]}]},{\"@type\":\"BreadcrumbList\",\"@id\":\"https:\/\/www.adventtikalenteri.fi\/myyjille\/kampanjan-hallinta\/kampanjan-jalkeen\/raportointi-ja-tilitykset\/#breadcrumb\",\"itemListElement\":[{\"@type\":\"ListItem\",\"position\":1,\"name\":\"Etusivu\",\"item\":\"https:\/\/www.adventtikalenteri.fi\/myyjille\/\"},{\"@type\":\"ListItem\",\"position\":2,\"name\":\"Kampanjan hallinta\",\"item\":\"https:\/\/www.adventtikalenteri.fi\/myyjille\/kampanjan-hallinta\/\"},{\"@type\":\"ListItem\",\"position\":3,\"name\":\"Kampanjan j\u00e4lkeen\",\"item\":\"https:\/\/www.adventtikalenteri.fi\/myyjille\/kampanjan-hallinta\/kampanjan-jalkeen\/\"},{\"@type\":\"ListItem\",\"position\":4,\"name\":\"Raportointi ja tilitykset\"}]},{\"@type\":\"WebSite\",\"@id\":\"https:\/\/www.adventtikalenteri.fi\/myyjille\/#website\",\"url\":\"https:\/\/www.adventtikalenteri.fi\/myyjille\/\",\"name\":\"Ohjesivusto adventtikalenterin myyjille\",\"description\":\"\",\"potentialAction\":[{\"@type\":\"SearchAction\",\"target\":{\"@type\":\"EntryPoint\",\"urlTemplate\":\"https:\/\/www.adventtikalenteri.fi\/myyjille\/?s={search_term_string}\"},\"query-input\":{\"@type\":\"PropertyValueSpecification\",\"valueRequired\":true,\"valueName\":\"search_term_string\"}}],\"inLanguage\":\"fi\"}]}<\/script>\n<!-- \/ Yoast SEO plugin. -->","yoast_head_json":{"title":"Raportointi ja tilitykset - Ohjesivusto adventtikalenterin myyjille","robots":{"index":"index","follow":"follow","max-snippet":"max-snippet:-1","max-image-preview":"max-image-preview:large","max-video-preview":"max-video-preview:-1"},"canonical":"https:\/\/www.adventtikalenteri.fi\/myyjille\/kampanjan-hallinta\/kampanjan-jalkeen\/raportointi-ja-tilitykset\/","og_locale":"fi_FI","og_type":"article","og_title":"Raportointi ja tilitykset - Ohjesivusto adventtikalenterin myyjille","og_description":"Raportointi ja tilitykset Kuksassa Kun kalenterit on myyty ja myyntiaika","og_url":"https:\/\/www.adventtikalenteri.fi\/myyjille\/kampanjan-hallinta\/kampanjan-jalkeen\/raportointi-ja-tilitykset\/","og_site_name":"Ohjesivusto adventtikalenterin myyjille","article_modified_time":"2024-09-12T12:30:52+00:00","og_image":[{"width":1500,"height":1000,"url":"https:\/\/www.adventtikalenteri.fi\/myyjille\/wp-content\/uploads\/sites\/2\/2025\/08\/Adventtikalenteri25_NettaHautamaki_35.jpg","type":"image\/jpeg"}],"twitter_card":"summary_large_image","twitter_misc":{"Arvioitu lukuaika":"3 minuuttia"},"schema":{"@context":"https:\/\/schema.org","@graph":[{"@type":"WebPage","@id":"https:\/\/www.adventtikalenteri.fi\/myyjille\/kampanjan-hallinta\/kampanjan-jalkeen\/raportointi-ja-tilitykset\/","url":"https:\/\/www.adventtikalenteri.fi\/myyjille\/kampanjan-hallinta\/kampanjan-jalkeen\/raportointi-ja-tilitykset\/","name":"Raportointi ja tilitykset - Ohjesivusto adventtikalenterin myyjille","isPartOf":{"@id":"https:\/\/www.adventtikalenteri.fi\/myyjille\/#website"},"datePublished":"2021-08-27T07:07:52+00:00","dateModified":"2024-09-12T12:30:52+00:00","breadcrumb":{"@id":"https:\/\/www.adventtikalenteri.fi\/myyjille\/kampanjan-hallinta\/kampanjan-jalkeen\/raportointi-ja-tilitykset\/#breadcrumb"},"inLanguage":"fi","potentialAction":[{"@type":"ReadAction","target":["https:\/\/www.adventtikalenteri.fi\/myyjille\/kampanjan-hallinta\/kampanjan-jalkeen\/raportointi-ja-tilitykset\/"]}]},{"@type":"BreadcrumbList","@id":"https:\/\/www.adventtikalenteri.fi\/myyjille\/kampanjan-hallinta\/kampanjan-jalkeen\/raportointi-ja-tilitykset\/#breadcrumb","itemListElement":[{"@type":"ListItem","position":1,"name":"Etusivu","item":"https:\/\/www.adventtikalenteri.fi\/myyjille\/"},{"@type":"ListItem","position":2,"name":"Kampanjan hallinta","item":"https:\/\/www.adventtikalenteri.fi\/myyjille\/kampanjan-hallinta\/"},{"@type":"ListItem","position":3,"name":"Kampanjan j\u00e4lkeen","item":"https:\/\/www.adventtikalenteri.fi\/myyjille\/kampanjan-hallinta\/kampanjan-jalkeen\/"},{"@type":"ListItem","position":4,"name":"Raportointi ja tilitykset"}]},{"@type":"WebSite","@id":"https:\/\/www.adventtikalenteri.fi\/myyjille\/#website","url":"https:\/\/www.adventtikalenteri.fi\/myyjille\/","name":"Ohjesivusto adventtikalenterin myyjille","description":"","potentialAction":[{"@type":"SearchAction","target":{"@type":"EntryPoint","urlTemplate":"https:\/\/www.adventtikalenteri.fi\/myyjille\/?s={search_term_string}"},"query-input":{"@type":"PropertyValueSpecification","valueRequired":true,"valueName":"search_term_string"}}],"inLanguage":"fi"}]}},"_links":{"self":[{"href":"https:\/\/www.adventtikalenteri.fi\/myyjille\/wp-json\/wp\/v2\/pages\/453","targetHints":{"allow":["GET"]}}],"collection":[{"href":"https:\/\/www.adventtikalenteri.fi\/myyjille\/wp-json\/wp\/v2\/pages"}],"about":[{"href":"https:\/\/www.adventtikalenteri.fi\/myyjille\/wp-json\/wp\/v2\/types\/page"}],"author":[{"embeddable":true,"href":"https:\/\/www.adventtikalenteri.fi\/myyjille\/wp-json\/wp\/v2\/users\/3"}],"replies":[{"embeddable":true,"href":"https:\/\/www.adventtikalenteri.fi\/myyjille\/wp-json\/wp\/v2\/comments?post=453"}],"version-history":[{"count":14,"href":"https:\/\/www.adventtikalenteri.fi\/myyjille\/wp-json\/wp\/v2\/pages\/453\/revisions"}],"predecessor-version":[{"id":3354,"href":"https:\/\/www.adventtikalenteri.fi\/myyjille\/wp-json\/wp\/v2\/pages\/453\/revisions\/3354"}],"up":[{"embeddable":true,"href":"https:\/\/www.adventtikalenteri.fi\/myyjille\/wp-json\/wp\/v2\/pages\/240"}],"wp:attachment":[{"href":"https:\/\/www.adventtikalenteri.fi\/myyjille\/wp-json\/wp\/v2\/media?parent=453"}],"curies":[{"name":"wp","href":"https:\/\/api.w.org\/{rel}","templated":true}]}}