{"id":486,"date":"2021-08-27T13:25:37","date_gmt":"2021-08-27T10:25:37","guid":{"rendered":"https:\/\/www.adventtikalenteri.fi\/myyjille\/?page_id=486"},"modified":"2025-08-28T09:52:53","modified_gmt":"2025-08-28T06:52:53","slug":"kampanjan-yhteyshenkilot","status":"publish","type":"page","link":"https:\/\/www.adventtikalenteri.fi\/myyjille\/kampanjan-hallinta\/tuki-kampanjapaallikolle\/kampanjan-yhteyshenkilot\/","title":{"rendered":"Yhteyshenkil\u00f6t"},"content":{"rendered":"<h2>Adventtikalenterikampanjan yhteyshenkil\u00f6t<\/h2>\n<p>Tarkista t\u00e4st\u00e4 kalenterikampanjan yhteyshenkil\u00f6t eri partiopiireiss\u00e4.<\/p>\n","protected":false},"excerpt":{"rendered":"<p>Adventtikalenterikampanjan yhteyshenkil\u00f6t Tarkista t\u00e4st\u00e4 kalenterikampanjan yhteyshenkil\u00f6t eri partiopiireiss\u00e4.<\/p>\n","protected":false},"author":10,"featured_media":3641,"parent":1570,"menu_order":1,"comment_status":"closed","ping_status":"closed","template":"","meta":{"_acf_changed":false,"_relevanssi_hide_post":"","_relevanssi_hide_content":"","_relevanssi_pin_for_all":"","_relevanssi_pin_keywords":"","_relevanssi_unpin_keywords":"","_relevanssi_related_keywords":"","_relevanssi_related_include_ids":"","_relevanssi_related_exclude_ids":"","_relevanssi_related_no_append":"","_relevanssi_related_not_related":"","_relevanssi_related_posts":"417,1159,1366,870,550,1486","_relevanssi_noindex_reason":"","footnotes":""},"class_list":["post-486","page","type-page","status-publish","has-post-thumbnail","hentry"],"acf":[],"yoast_head":"<!-- This site is optimized with the Yoast SEO plugin v27.1.1 - https:\/\/yoast.com\/product\/yoast-seo-wordpress\/ -->\n<title>Yhteyshenkil\u00f6t - Ohjesivusto adventtikalenterin myyjille<\/title>\n<meta name=\"robots\" content=\"index, follow, max-snippet:-1, max-image-preview:large, max-video-preview:-1\" \/>\n<link rel=\"canonical\" href=\"https:\/\/www.adventtikalenteri.fi\/myyjille\/kampanjan-hallinta\/tuki-kampanjapaallikolle\/kampanjan-yhteyshenkilot\/\" \/>\n<meta property=\"og:locale\" content=\"fi_FI\" \/>\n<meta property=\"og:type\" content=\"article\" \/>\n<meta property=\"og:title\" content=\"Yhteyshenkil\u00f6t - Ohjesivusto adventtikalenterin myyjille\" \/>\n<meta property=\"og:description\" content=\"Adventtikalenterikampanjan yhteyshenkil\u00f6t Tarkista t\u00e4st\u00e4 kalenterikampanjan yhteyshenkil\u00f6t eri partiopiireiss\u00e4.\" \/>\n<meta property=\"og:url\" content=\"https:\/\/www.adventtikalenteri.fi\/myyjille\/kampanjan-hallinta\/tuki-kampanjapaallikolle\/kampanjan-yhteyshenkilot\/\" \/>\n<meta property=\"og:site_name\" content=\"Ohjesivusto adventtikalenterin myyjille\" \/>\n<meta property=\"article:modified_time\" content=\"2025-08-28T06:52:53+00:00\" \/>\n<meta property=\"og:image\" content=\"https:\/\/www.adventtikalenteri.fi\/myyjille\/wp-content\/uploads\/sites\/2\/2025\/08\/Adventtikalenteri25_NettaHautamaki_35.jpg\" \/>\n\t<meta property=\"og:image:width\" content=\"1500\" \/>\n\t<meta property=\"og:image:height\" content=\"1000\" \/>\n\t<meta property=\"og:image:type\" content=\"image\/jpeg\" \/>\n<meta name=\"twitter:card\" content=\"summary_large_image\" \/>\n<meta name=\"twitter:label1\" content=\"Arvioitu lukuaika\" \/>\n\t<meta name=\"twitter:data1\" content=\"3 minuuttia\" \/>\n<script type=\"application\/ld+json\" class=\"yoast-schema-graph\">{\"@context\":\"https:\/\/schema.org\",\"@graph\":[{\"@type\":\"WebPage\",\"@id\":\"https:\/\/www.adventtikalenteri.fi\/myyjille\/kampanjan-hallinta\/tuki-kampanjapaallikolle\/kampanjan-yhteyshenkilot\/\",\"url\":\"https:\/\/www.adventtikalenteri.fi\/myyjille\/kampanjan-hallinta\/tuki-kampanjapaallikolle\/kampanjan-yhteyshenkilot\/\",\"name\":\"Yhteyshenkil\u00f6t - Ohjesivusto adventtikalenterin myyjille\",\"isPartOf\":{\"@id\":\"https:\/\/www.adventtikalenteri.fi\/myyjille\/#website\"},\"primaryImageOfPage\":{\"@id\":\"https:\/\/www.adventtikalenteri.fi\/myyjille\/kampanjan-hallinta\/tuki-kampanjapaallikolle\/kampanjan-yhteyshenkilot\/#primaryimage\"},\"image\":{\"@id\":\"https:\/\/www.adventtikalenteri.fi\/myyjille\/kampanjan-hallinta\/tuki-kampanjapaallikolle\/kampanjan-yhteyshenkilot\/#primaryimage\"},\"thumbnailUrl\":\"https:\/\/www.adventtikalenteri.fi\/myyjille\/wp-content\/uploads\/sites\/2\/2025\/08\/Adventtikalenteri25_NettaHautamaki_35.jpg\",\"datePublished\":\"2021-08-27T10:25:37+00:00\",\"dateModified\":\"2025-08-28T06:52:53+00:00\",\"breadcrumb\":{\"@id\":\"https:\/\/www.adventtikalenteri.fi\/myyjille\/kampanjan-hallinta\/tuki-kampanjapaallikolle\/kampanjan-yhteyshenkilot\/#breadcrumb\"},\"inLanguage\":\"fi\",\"potentialAction\":[{\"@type\":\"ReadAction\",\"target\":[\"https:\/\/www.adventtikalenteri.fi\/myyjille\/kampanjan-hallinta\/tuki-kampanjapaallikolle\/kampanjan-yhteyshenkilot\/\"]}]},{\"@type\":\"ImageObject\",\"inLanguage\":\"fi\",\"@id\":\"https:\/\/www.adventtikalenteri.fi\/myyjille\/kampanjan-hallinta\/tuki-kampanjapaallikolle\/kampanjan-yhteyshenkilot\/#primaryimage\",\"url\":\"https:\/\/www.adventtikalenteri.fi\/myyjille\/wp-content\/uploads\/sites\/2\/2025\/08\/Adventtikalenteri25_NettaHautamaki_35.jpg\",\"contentUrl\":\"https:\/\/www.adventtikalenteri.fi\/myyjille\/wp-content\/uploads\/sites\/2\/2025\/08\/Adventtikalenteri25_NettaHautamaki_35.jpg\",\"width\":1500,\"height\":1000},{\"@type\":\"BreadcrumbList\",\"@id\":\"https:\/\/www.adventtikalenteri.fi\/myyjille\/kampanjan-hallinta\/tuki-kampanjapaallikolle\/kampanjan-yhteyshenkilot\/#breadcrumb\",\"itemListElement\":[{\"@type\":\"ListItem\",\"position\":1,\"name\":\"Etusivu\",\"item\":\"https:\/\/www.adventtikalenteri.fi\/myyjille\/\"},{\"@type\":\"ListItem\",\"position\":2,\"name\":\"Kampanjan hallinta\",\"item\":\"https:\/\/www.adventtikalenteri.fi\/myyjille\/kampanjan-hallinta\/\"},{\"@type\":\"ListItem\",\"position\":3,\"name\":\"Tuki kampanjap\u00e4\u00e4llik\u00f6lle\",\"item\":\"https:\/\/www.adventtikalenteri.fi\/myyjille\/kampanjan-hallinta\/tuki-kampanjapaallikolle\/\"},{\"@type\":\"ListItem\",\"position\":4,\"name\":\"Yhteyshenkil\u00f6t\"}]},{\"@type\":\"WebSite\",\"@id\":\"https:\/\/www.adventtikalenteri.fi\/myyjille\/#website\",\"url\":\"https:\/\/www.adventtikalenteri.fi\/myyjille\/\",\"name\":\"Ohjesivusto adventtikalenterin myyjille\",\"description\":\"\",\"potentialAction\":[{\"@type\":\"SearchAction\",\"target\":{\"@type\":\"EntryPoint\",\"urlTemplate\":\"https:\/\/www.adventtikalenteri.fi\/myyjille\/?s={search_term_string}\"},\"query-input\":{\"@type\":\"PropertyValueSpecification\",\"valueRequired\":true,\"valueName\":\"search_term_string\"}}],\"inLanguage\":\"fi\"}]}<\/script>\n<!-- \/ Yoast SEO plugin. -->","yoast_head_json":{"title":"Yhteyshenkil\u00f6t - Ohjesivusto adventtikalenterin myyjille","robots":{"index":"index","follow":"follow","max-snippet":"max-snippet:-1","max-image-preview":"max-image-preview:large","max-video-preview":"max-video-preview:-1"},"canonical":"https:\/\/www.adventtikalenteri.fi\/myyjille\/kampanjan-hallinta\/tuki-kampanjapaallikolle\/kampanjan-yhteyshenkilot\/","og_locale":"fi_FI","og_type":"article","og_title":"Yhteyshenkil\u00f6t - Ohjesivusto adventtikalenterin myyjille","og_description":"Adventtikalenterikampanjan yhteyshenkil\u00f6t Tarkista t\u00e4st\u00e4 kalenterikampanjan yhteyshenkil\u00f6t eri partiopiireiss\u00e4.","og_url":"https:\/\/www.adventtikalenteri.fi\/myyjille\/kampanjan-hallinta\/tuki-kampanjapaallikolle\/kampanjan-yhteyshenkilot\/","og_site_name":"Ohjesivusto adventtikalenterin myyjille","article_modified_time":"2025-08-28T06:52:53+00:00","og_image":[{"width":1500,"height":1000,"url":"https:\/\/www.adventtikalenteri.fi\/myyjille\/wp-content\/uploads\/sites\/2\/2025\/08\/Adventtikalenteri25_NettaHautamaki_35.jpg","type":"image\/jpeg"}],"twitter_card":"summary_large_image","twitter_misc":{"Arvioitu lukuaika":"3 minuuttia"},"schema":{"@context":"https:\/\/schema.org","@graph":[{"@type":"WebPage","@id":"https:\/\/www.adventtikalenteri.fi\/myyjille\/kampanjan-hallinta\/tuki-kampanjapaallikolle\/kampanjan-yhteyshenkilot\/","url":"https:\/\/www.adventtikalenteri.fi\/myyjille\/kampanjan-hallinta\/tuki-kampanjapaallikolle\/kampanjan-yhteyshenkilot\/","name":"Yhteyshenkil\u00f6t - Ohjesivusto adventtikalenterin myyjille","isPartOf":{"@id":"https:\/\/www.adventtikalenteri.fi\/myyjille\/#website"},"primaryImageOfPage":{"@id":"https:\/\/www.adventtikalenteri.fi\/myyjille\/kampanjan-hallinta\/tuki-kampanjapaallikolle\/kampanjan-yhteyshenkilot\/#primaryimage"},"image":{"@id":"https:\/\/www.adventtikalenteri.fi\/myyjille\/kampanjan-hallinta\/tuki-kampanjapaallikolle\/kampanjan-yhteyshenkilot\/#primaryimage"},"thumbnailUrl":"https:\/\/www.adventtikalenteri.fi\/myyjille\/wp-content\/uploads\/sites\/2\/2025\/08\/Adventtikalenteri25_NettaHautamaki_35.jpg","datePublished":"2021-08-27T10:25:37+00:00","dateModified":"2025-08-28T06:52:53+00:00","breadcrumb":{"@id":"https:\/\/www.adventtikalenteri.fi\/myyjille\/kampanjan-hallinta\/tuki-kampanjapaallikolle\/kampanjan-yhteyshenkilot\/#breadcrumb"},"inLanguage":"fi","potentialAction":[{"@type":"ReadAction","target":["https:\/\/www.adventtikalenteri.fi\/myyjille\/kampanjan-hallinta\/tuki-kampanjapaallikolle\/kampanjan-yhteyshenkilot\/"]}]},{"@type":"ImageObject","inLanguage":"fi","@id":"https:\/\/www.adventtikalenteri.fi\/myyjille\/kampanjan-hallinta\/tuki-kampanjapaallikolle\/kampanjan-yhteyshenkilot\/#primaryimage","url":"https:\/\/www.adventtikalenteri.fi\/myyjille\/wp-content\/uploads\/sites\/2\/2025\/08\/Adventtikalenteri25_NettaHautamaki_35.jpg","contentUrl":"https:\/\/www.adventtikalenteri.fi\/myyjille\/wp-content\/uploads\/sites\/2\/2025\/08\/Adventtikalenteri25_NettaHautamaki_35.jpg","width":1500,"height":1000},{"@type":"BreadcrumbList","@id":"https:\/\/www.adventtikalenteri.fi\/myyjille\/kampanjan-hallinta\/tuki-kampanjapaallikolle\/kampanjan-yhteyshenkilot\/#breadcrumb","itemListElement":[{"@type":"ListItem","position":1,"name":"Etusivu","item":"https:\/\/www.adventtikalenteri.fi\/myyjille\/"},{"@type":"ListItem","position":2,"name":"Kampanjan hallinta","item":"https:\/\/www.adventtikalenteri.fi\/myyjille\/kampanjan-hallinta\/"},{"@type":"ListItem","position":3,"name":"Tuki kampanjap\u00e4\u00e4llik\u00f6lle","item":"https:\/\/www.adventtikalenteri.fi\/myyjille\/kampanjan-hallinta\/tuki-kampanjapaallikolle\/"},{"@type":"ListItem","position":4,"name":"Yhteyshenkil\u00f6t"}]},{"@type":"WebSite","@id":"https:\/\/www.adventtikalenteri.fi\/myyjille\/#website","url":"https:\/\/www.adventtikalenteri.fi\/myyjille\/","name":"Ohjesivusto adventtikalenterin myyjille","description":"","potentialAction":[{"@type":"SearchAction","target":{"@type":"EntryPoint","urlTemplate":"https:\/\/www.adventtikalenteri.fi\/myyjille\/?s={search_term_string}"},"query-input":{"@type":"PropertyValueSpecification","valueRequired":true,"valueName":"search_term_string"}}],"inLanguage":"fi"}]}},"_links":{"self":[{"href":"https:\/\/www.adventtikalenteri.fi\/myyjille\/wp-json\/wp\/v2\/pages\/486","targetHints":{"allow":["GET"]}}],"collection":[{"href":"https:\/\/www.adventtikalenteri.fi\/myyjille\/wp-json\/wp\/v2\/pages"}],"about":[{"href":"https:\/\/www.adventtikalenteri.fi\/myyjille\/wp-json\/wp\/v2\/types\/page"}],"author":[{"embeddable":true,"href":"https:\/\/www.adventtikalenteri.fi\/myyjille\/wp-json\/wp\/v2\/users\/10"}],"replies":[{"embeddable":true,"href":"https:\/\/www.adventtikalenteri.fi\/myyjille\/wp-json\/wp\/v2\/comments?post=486"}],"version-history":[{"count":15,"href":"https:\/\/www.adventtikalenteri.fi\/myyjille\/wp-json\/wp\/v2\/pages\/486\/revisions"}],"predecessor-version":[{"id":3652,"href":"https:\/\/www.adventtikalenteri.fi\/myyjille\/wp-json\/wp\/v2\/pages\/486\/revisions\/3652"}],"up":[{"embeddable":true,"href":"https:\/\/www.adventtikalenteri.fi\/myyjille\/wp-json\/wp\/v2\/pages\/1570"}],"wp:featuredmedia":[{"embeddable":true,"href":"https:\/\/www.adventtikalenteri.fi\/myyjille\/wp-json\/wp\/v2\/media\/3641"}],"wp:attachment":[{"href":"https:\/\/www.adventtikalenteri.fi\/myyjille\/wp-json\/wp\/v2\/media?parent=486"}],"curies":[{"name":"wp","href":"https:\/\/api.w.org\/{rel}","templated":true}]}}