{"id":494,"date":"2022-08-10T10:01:17","date_gmt":"2022-08-10T07:01:17","guid":{"rendered":"https:\/\/www.adventtikalenteri.fi\/myyjille\/?page_id=494"},"modified":"2025-09-16T10:00:42","modified_gmt":"2025-09-16T07:00:42","slug":"esimerkkinostot-someen","status":"publish","type":"page","link":"https:\/\/www.adventtikalenteri.fi\/myyjille\/markkinointi-ja-viestinta\/sosiaalinen-media\/esimerkkinostot-someen\/","title":{"rendered":"Esimerkkipostaukset someen"},"content":{"rendered":"\n<p class=\"is-style-lead\">T\u00e4\u00e4lt\u00e4 l\u00f6yd\u00e4t valmiita esimerkkisomepostauksia lippukuntasi adventtikalenterien markkinointiin ja varainhankintakampanjoinnin tueksi. Muokkaa oheiset esimerkkitekstit haluamiksesi ja muista vain tarkistaa, ett\u00e4 tiedot ovat oikein ja oma lippukuntasi on selv\u00e4sti esill\u00e4!<\/p>\n\n\n\n<p>Valmiita somekuvia k\u00e4ytt\u00e4ess\u00e4si muista mainita kuvaajan nimi.<\/p>\n\n\n\n<p>Esimerkkipostaukset <a href=\"https:\/\/www.adventtikalenteri.fi\/myyjille\/markkinointi-ja-viestinta\/sosiaalinen-media\/esimerkkinostot-someen\/somepostauksia-myyjille\/\">myyjille ja heid\u00e4n tukijoukoilleen l\u00f6ytyv\u00e4t t\u00e4\u00e4lt\u00e4<\/a>.<\/p>\n\n\n\n<p>Valokuvia kalenterista l\u00f6ytyy<a href=\"https:\/\/partio.kuvat.fi\/kuvat\/Partiolaisten+adventtikalenteri\/Adventtikalenteri+2025\/\"> partion kuvapankista<\/a>.<\/p>\n\n\n\n<h2 class=\"wp-block-heading\">Muistilista:<\/h2>\n\n\n\n<p>Adventtikalenterimyyntiin liittyviss\u00e4 somepostauksissa t\u00e4rkeint\u00e4 on muistaa kertoa mist\u00e4 ja milloin teid\u00e4n lippukunnaltanne voi ostaa kalentereita. Mainitkaa siis somepostauksissa aina:<\/p>\n\n\n\n<ul class=\"wp-block-list\">\n<li> myyntipaikan osoite<\/li>\n\n\n\n<li>p\u00e4iv\u00e4m\u00e4\u00e4r\u00e4t ja kellonajat <\/li>\n\n\n\n<li>mahdollisuus tukea lippukuntaanne my\u00f6s ostamalla kalenterin verkkokaupasta.<\/li>\n<\/ul>\n\n\n\n<p>Voit tutustua my\u00f6s yleisiin <a href=\"https:\/\/www.adventtikalenteri.fi\/myyjille\/markkinointi-ja-viestinta\/sosiaalinen-media\/\">somevinkkeihin<\/a> ja katsoa neuvot <a href=\"https:\/\/www.adventtikalenteri.fi\/myyjille\/markkinointi-ja-viestinta\/sosiaalinen-media\/viestit-ja-kohderyhmat-somessa\/\">kohderyhmien m\u00e4\u00e4rittelemiseen ja somekanavien valintaan<\/a>.<\/p>\n\n\n\n<p><\/p>\n","protected":false},"excerpt":{"rendered":"<p>T\u00e4\u00e4lt\u00e4 l\u00f6yd\u00e4t valmiita esimerkkisomepostauksia lippukuntasi adventtikalenterien markkinointiin ja varainhankintakampanjoinnin tueksi.<\/p>\n","protected":false},"author":10,"featured_media":1604,"parent":324,"menu_order":2,"comment_status":"closed","ping_status":"closed","template":"","meta":{"_acf_changed":false,"_relevanssi_hide_post":"","_relevanssi_hide_content":"","_relevanssi_pin_for_all":"","_relevanssi_pin_keywords":"","_relevanssi_unpin_keywords":"","_relevanssi_related_keywords":"","_relevanssi_related_include_ids":"","_relevanssi_related_exclude_ids":"","_relevanssi_related_no_append":"","_relevanssi_related_not_related":"","_relevanssi_related_posts":"1072,1486,550,1366,870,1159","_relevanssi_noindex_reason":"","footnotes":""},"class_list":["post-494","page","type-page","status-publish","has-post-thumbnail","hentry"],"acf":[],"yoast_head":"<!-- This site is optimized with the Yoast SEO plugin v27.1.1 - https:\/\/yoast.com\/product\/yoast-seo-wordpress\/ -->\n<title>Esimerkkipostaukset someen - Ohjesivusto adventtikalenterin myyjille<\/title>\n<meta name=\"description\" content=\"Valmiita somepostausehdotuksia lippukunnille adventtikalenterimyynnin, markkinoinnin ja viestinn\u00e4n tueksi. Poimi k\u00e4ytt\u00f6\u00f6si kuvat ja tekstit.\" \/>\n<meta name=\"robots\" content=\"index, follow, max-snippet:-1, max-image-preview:large, max-video-preview:-1\" \/>\n<link rel=\"canonical\" href=\"https:\/\/www.adventtikalenteri.fi\/myyjille\/markkinointi-ja-viestinta\/sosiaalinen-media\/esimerkkinostot-someen\/\" \/>\n<meta property=\"og:locale\" content=\"fi_FI\" \/>\n<meta property=\"og:type\" content=\"article\" \/>\n<meta property=\"og:title\" content=\"Esimerkkipostaukset someen - Ohjesivusto adventtikalenterin myyjille\" \/>\n<meta property=\"og:description\" content=\"Valmiita somepostausehdotuksia lippukunnille adventtikalenterimyynnin, markkinoinnin ja viestinn\u00e4n tueksi. Poimi k\u00e4ytt\u00f6\u00f6si kuvat ja tekstit.\" \/>\n<meta property=\"og:url\" content=\"https:\/\/www.adventtikalenteri.fi\/myyjille\/markkinointi-ja-viestinta\/sosiaalinen-media\/esimerkkinostot-someen\/\" \/>\n<meta property=\"og:site_name\" content=\"Ohjesivusto adventtikalenterin myyjille\" \/>\n<meta property=\"article:modified_time\" content=\"2025-09-16T07:00:42+00:00\" \/>\n<meta property=\"og:image\" content=\"https:\/\/www.adventtikalenteri.fi\/myyjille\/wp-content\/uploads\/sites\/2\/2023\/09\/Advis2023_NettaHautamaki_004.jpg\" \/>\n\t<meta property=\"og:image:width\" content=\"1440\" \/>\n\t<meta property=\"og:image:height\" content=\"1080\" \/>\n\t<meta property=\"og:image:type\" content=\"image\/jpeg\" \/>\n<meta name=\"twitter:card\" content=\"summary_large_image\" \/>\n<meta name=\"twitter:label1\" content=\"Arvioitu lukuaika\" \/>\n\t<meta name=\"twitter:data1\" content=\"13 minuuttia\" \/>\n<script type=\"application\/ld+json\" class=\"yoast-schema-graph\">{\"@context\":\"https:\/\/schema.org\",\"@graph\":[{\"@type\":\"WebPage\",\"@id\":\"https:\/\/www.adventtikalenteri.fi\/myyjille\/markkinointi-ja-viestinta\/sosiaalinen-media\/esimerkkinostot-someen\/\",\"url\":\"https:\/\/www.adventtikalenteri.fi\/myyjille\/markkinointi-ja-viestinta\/sosiaalinen-media\/esimerkkinostot-someen\/\",\"name\":\"Esimerkkipostaukset someen - Ohjesivusto adventtikalenterin myyjille\",\"isPartOf\":{\"@id\":\"https:\/\/www.adventtikalenteri.fi\/myyjille\/#website\"},\"primaryImageOfPage\":{\"@id\":\"https:\/\/www.adventtikalenteri.fi\/myyjille\/markkinointi-ja-viestinta\/sosiaalinen-media\/esimerkkinostot-someen\/#primaryimage\"},\"image\":{\"@id\":\"https:\/\/www.adventtikalenteri.fi\/myyjille\/markkinointi-ja-viestinta\/sosiaalinen-media\/esimerkkinostot-someen\/#primaryimage\"},\"thumbnailUrl\":\"https:\/\/www.adventtikalenteri.fi\/myyjille\/wp-content\/uploads\/sites\/2\/2022\/09\/AD42C31.jpg\",\"datePublished\":\"2022-08-10T07:01:17+00:00\",\"dateModified\":\"2025-09-16T07:00:42+00:00\",\"description\":\"Valmiita somepostausehdotuksia lippukunnille adventtikalenterimyynnin, markkinoinnin ja viestinn\u00e4n tueksi. Poimi k\u00e4ytt\u00f6\u00f6si kuvat ja tekstit.\",\"breadcrumb\":{\"@id\":\"https:\/\/www.adventtikalenteri.fi\/myyjille\/markkinointi-ja-viestinta\/sosiaalinen-media\/esimerkkinostot-someen\/#breadcrumb\"},\"inLanguage\":\"fi\",\"potentialAction\":[{\"@type\":\"ReadAction\",\"target\":[\"https:\/\/www.adventtikalenteri.fi\/myyjille\/markkinointi-ja-viestinta\/sosiaalinen-media\/esimerkkinostot-someen\/\"]}]},{\"@type\":\"ImageObject\",\"inLanguage\":\"fi\",\"@id\":\"https:\/\/www.adventtikalenteri.fi\/myyjille\/markkinointi-ja-viestinta\/sosiaalinen-media\/esimerkkinostot-someen\/#primaryimage\",\"url\":\"https:\/\/www.adventtikalenteri.fi\/myyjille\/wp-content\/uploads\/sites\/2\/2022\/09\/AD42C31.jpg\",\"contentUrl\":\"https:\/\/www.adventtikalenteri.fi\/myyjille\/wp-content\/uploads\/sites\/2\/2022\/09\/AD42C31.jpg\",\"width\":2048,\"height\":1196,\"caption\":\"Asiakas maksaa adventtikalenterin korttimaksup\u00e4\u00e4tteell\u00e4\"},{\"@type\":\"BreadcrumbList\",\"@id\":\"https:\/\/www.adventtikalenteri.fi\/myyjille\/markkinointi-ja-viestinta\/sosiaalinen-media\/esimerkkinostot-someen\/#breadcrumb\",\"itemListElement\":[{\"@type\":\"ListItem\",\"position\":1,\"name\":\"Etusivu\",\"item\":\"https:\/\/www.adventtikalenteri.fi\/myyjille\/\"},{\"@type\":\"ListItem\",\"position\":2,\"name\":\"Markkinointi ja viestint\u00e4\",\"item\":\"https:\/\/www.adventtikalenteri.fi\/myyjille\/markkinointi-ja-viestinta\/\"},{\"@type\":\"ListItem\",\"position\":3,\"name\":\"Sosiaalinen media\",\"item\":\"https:\/\/www.adventtikalenteri.fi\/myyjille\/markkinointi-ja-viestinta\/sosiaalinen-media\/\"},{\"@type\":\"ListItem\",\"position\":4,\"name\":\"Esimerkkipostaukset someen\"}]},{\"@type\":\"WebSite\",\"@id\":\"https:\/\/www.adventtikalenteri.fi\/myyjille\/#website\",\"url\":\"https:\/\/www.adventtikalenteri.fi\/myyjille\/\",\"name\":\"Ohjesivusto adventtikalenterin myyjille\",\"description\":\"\",\"potentialAction\":[{\"@type\":\"SearchAction\",\"target\":{\"@type\":\"EntryPoint\",\"urlTemplate\":\"https:\/\/www.adventtikalenteri.fi\/myyjille\/?s={search_term_string}\"},\"query-input\":{\"@type\":\"PropertyValueSpecification\",\"valueRequired\":true,\"valueName\":\"search_term_string\"}}],\"inLanguage\":\"fi\"}]}<\/script>\n<!-- \/ Yoast SEO plugin. -->","yoast_head_json":{"title":"Esimerkkipostaukset someen - Ohjesivusto adventtikalenterin myyjille","description":"Valmiita somepostausehdotuksia lippukunnille adventtikalenterimyynnin, markkinoinnin ja viestinn\u00e4n tueksi. Poimi k\u00e4ytt\u00f6\u00f6si kuvat ja tekstit.","robots":{"index":"index","follow":"follow","max-snippet":"max-snippet:-1","max-image-preview":"max-image-preview:large","max-video-preview":"max-video-preview:-1"},"canonical":"https:\/\/www.adventtikalenteri.fi\/myyjille\/markkinointi-ja-viestinta\/sosiaalinen-media\/esimerkkinostot-someen\/","og_locale":"fi_FI","og_type":"article","og_title":"Esimerkkipostaukset someen - Ohjesivusto adventtikalenterin myyjille","og_description":"Valmiita somepostausehdotuksia lippukunnille adventtikalenterimyynnin, markkinoinnin ja viestinn\u00e4n tueksi. Poimi k\u00e4ytt\u00f6\u00f6si kuvat ja tekstit.","og_url":"https:\/\/www.adventtikalenteri.fi\/myyjille\/markkinointi-ja-viestinta\/sosiaalinen-media\/esimerkkinostot-someen\/","og_site_name":"Ohjesivusto adventtikalenterin myyjille","article_modified_time":"2025-09-16T07:00:42+00:00","og_image":[{"width":1440,"height":1080,"url":"https:\/\/www.adventtikalenteri.fi\/myyjille\/wp-content\/uploads\/sites\/2\/2023\/09\/Advis2023_NettaHautamaki_004.jpg","type":"image\/jpeg"}],"twitter_card":"summary_large_image","twitter_misc":{"Arvioitu lukuaika":"13 minuuttia"},"schema":{"@context":"https:\/\/schema.org","@graph":[{"@type":"WebPage","@id":"https:\/\/www.adventtikalenteri.fi\/myyjille\/markkinointi-ja-viestinta\/sosiaalinen-media\/esimerkkinostot-someen\/","url":"https:\/\/www.adventtikalenteri.fi\/myyjille\/markkinointi-ja-viestinta\/sosiaalinen-media\/esimerkkinostot-someen\/","name":"Esimerkkipostaukset someen - Ohjesivusto adventtikalenterin myyjille","isPartOf":{"@id":"https:\/\/www.adventtikalenteri.fi\/myyjille\/#website"},"primaryImageOfPage":{"@id":"https:\/\/www.adventtikalenteri.fi\/myyjille\/markkinointi-ja-viestinta\/sosiaalinen-media\/esimerkkinostot-someen\/#primaryimage"},"image":{"@id":"https:\/\/www.adventtikalenteri.fi\/myyjille\/markkinointi-ja-viestinta\/sosiaalinen-media\/esimerkkinostot-someen\/#primaryimage"},"thumbnailUrl":"https:\/\/www.adventtikalenteri.fi\/myyjille\/wp-content\/uploads\/sites\/2\/2022\/09\/AD42C31.jpg","datePublished":"2022-08-10T07:01:17+00:00","dateModified":"2025-09-16T07:00:42+00:00","description":"Valmiita somepostausehdotuksia lippukunnille adventtikalenterimyynnin, markkinoinnin ja viestinn\u00e4n tueksi. Poimi k\u00e4ytt\u00f6\u00f6si kuvat ja tekstit.","breadcrumb":{"@id":"https:\/\/www.adventtikalenteri.fi\/myyjille\/markkinointi-ja-viestinta\/sosiaalinen-media\/esimerkkinostot-someen\/#breadcrumb"},"inLanguage":"fi","potentialAction":[{"@type":"ReadAction","target":["https:\/\/www.adventtikalenteri.fi\/myyjille\/markkinointi-ja-viestinta\/sosiaalinen-media\/esimerkkinostot-someen\/"]}]},{"@type":"ImageObject","inLanguage":"fi","@id":"https:\/\/www.adventtikalenteri.fi\/myyjille\/markkinointi-ja-viestinta\/sosiaalinen-media\/esimerkkinostot-someen\/#primaryimage","url":"https:\/\/www.adventtikalenteri.fi\/myyjille\/wp-content\/uploads\/sites\/2\/2022\/09\/AD42C31.jpg","contentUrl":"https:\/\/www.adventtikalenteri.fi\/myyjille\/wp-content\/uploads\/sites\/2\/2022\/09\/AD42C31.jpg","width":2048,"height":1196,"caption":"Asiakas maksaa adventtikalenterin korttimaksup\u00e4\u00e4tteell\u00e4"},{"@type":"BreadcrumbList","@id":"https:\/\/www.adventtikalenteri.fi\/myyjille\/markkinointi-ja-viestinta\/sosiaalinen-media\/esimerkkinostot-someen\/#breadcrumb","itemListElement":[{"@type":"ListItem","position":1,"name":"Etusivu","item":"https:\/\/www.adventtikalenteri.fi\/myyjille\/"},{"@type":"ListItem","position":2,"name":"Markkinointi ja viestint\u00e4","item":"https:\/\/www.adventtikalenteri.fi\/myyjille\/markkinointi-ja-viestinta\/"},{"@type":"ListItem","position":3,"name":"Sosiaalinen media","item":"https:\/\/www.adventtikalenteri.fi\/myyjille\/markkinointi-ja-viestinta\/sosiaalinen-media\/"},{"@type":"ListItem","position":4,"name":"Esimerkkipostaukset someen"}]},{"@type":"WebSite","@id":"https:\/\/www.adventtikalenteri.fi\/myyjille\/#website","url":"https:\/\/www.adventtikalenteri.fi\/myyjille\/","name":"Ohjesivusto adventtikalenterin myyjille","description":"","potentialAction":[{"@type":"SearchAction","target":{"@type":"EntryPoint","urlTemplate":"https:\/\/www.adventtikalenteri.fi\/myyjille\/?s={search_term_string}"},"query-input":{"@type":"PropertyValueSpecification","valueRequired":true,"valueName":"search_term_string"}}],"inLanguage":"fi"}]}},"_links":{"self":[{"href":"https:\/\/www.adventtikalenteri.fi\/myyjille\/wp-json\/wp\/v2\/pages\/494","targetHints":{"allow":["GET"]}}],"collection":[{"href":"https:\/\/www.adventtikalenteri.fi\/myyjille\/wp-json\/wp\/v2\/pages"}],"about":[{"href":"https:\/\/www.adventtikalenteri.fi\/myyjille\/wp-json\/wp\/v2\/types\/page"}],"author":[{"embeddable":true,"href":"https:\/\/www.adventtikalenteri.fi\/myyjille\/wp-json\/wp\/v2\/users\/10"}],"replies":[{"embeddable":true,"href":"https:\/\/www.adventtikalenteri.fi\/myyjille\/wp-json\/wp\/v2\/comments?post=494"}],"version-history":[{"count":15,"href":"https:\/\/www.adventtikalenteri.fi\/myyjille\/wp-json\/wp\/v2\/pages\/494\/revisions"}],"predecessor-version":[{"id":3838,"href":"https:\/\/www.adventtikalenteri.fi\/myyjille\/wp-json\/wp\/v2\/pages\/494\/revisions\/3838"}],"up":[{"embeddable":true,"href":"https:\/\/www.adventtikalenteri.fi\/myyjille\/wp-json\/wp\/v2\/pages\/324"}],"wp:featuredmedia":[{"embeddable":true,"href":"https:\/\/www.adventtikalenteri.fi\/myyjille\/wp-json\/wp\/v2\/media\/1604"}],"wp:attachment":[{"href":"https:\/\/www.adventtikalenteri.fi\/myyjille\/wp-json\/wp\/v2\/media?parent=494"}],"curies":[{"name":"wp","href":"https:\/\/api.w.org\/{rel}","templated":true}]}}