{"id":584,"date":"2021-08-31T15:50:29","date_gmt":"2021-08-31T12:50:29","guid":{"rendered":"https:\/\/www.adventtikalenteri.fi\/myyjille\/?page_id=584"},"modified":"2025-08-28T10:43:01","modified_gmt":"2025-08-28T07:43:01","slug":"yritysmyynti","status":"publish","type":"page","link":"https:\/\/www.adventtikalenteri.fi\/myyjille\/myynti\/yritysmyynti\/","title":{"rendered":"Yritysmyynti"},"content":{"rendered":"\n<h1 class=\"wp-block-heading\">Tarjotkaa adventtikalenteria oman alueenne yrityksille<\/h1>\n\n\n\n<p class=\"is-style-lead\">Alueenne yrityksiin kannattaa ehdottomasti olla yhteyksiss\u00e4. Useat yritykset l\u00e4hett\u00e4v\u00e4t joka joulu yhteisty\u00f6kumppaneilleen ja asiakkailleen joulutervehdyksen, joten kannattaa tiedustella, tahtoisiko joku paikallinen yritys tai toimija l\u00e4hett\u00e4\u00e4 joulutervehdykset t\u00e4n\u00e4 vuonna vaikkapa adventtikalenterin muodossa.<\/p>\n\n\n\n<p>L\u00e4hialueen yrityksiin kannattaa olla hyviss\u00e4 ajoin yhteydess\u00e4 ja tiedottaa yritystilausmahdollisuudesta reilusti etuk\u00e4teen. Potentiaalisiin yrityksiin voi ottaa yhteytt\u00e4 jo ennen myyntikauden alkua, esimerkiksi jo syyskuussa, ja tarjota ennakkotilausmahdollisuutta. Alta l\u00f6yd\u00e4t vinkkej\u00e4 yritysten l\u00e4hestymiseen. Yritysten p\u00e4\u00e4tt\u00e4jille voi mainiosti my\u00f6s soittaa ja tiedustella alustavaa kiinnostusta.<\/p>\n\n\n\n<h2 class=\"wp-block-heading\">Etsi sopiva yritys asiakkaaksi<\/h2>\n\n\n\n<ul class=\"wp-block-list\">\n<li>Kartoittakaa l\u00e4hell\u00e4nne olevat yritykset, joille voisi harkita kalenterien tarjoamista: vanhempien ja sukulaisten ty\u00f6paikat ja yritykset sek\u00e4 mahdolliset entiset ja nykyiset yhteisty\u00f6kumppanit, joiden kanssa olette lippukuntana ollut tekemisiss\u00e4.<\/li>\n\n\n\n<li>Olkaa ajoissa liikkeell\u00e4: Yritykset tekev\u00e4t joulukortteja ja -tervehdyksi\u00e4 koskevat p\u00e4\u00e4t\u00f6kset usein jo alkusyksyst\u00e4. Keskustelut voi hyvin aloittaa ennen myyntiajan alkua.<\/li>\n\n\n\n<li>Yritysten kontaktointi kannattaa tehd\u00e4 koordinoidusti p\u00e4\u00e4llekk\u00e4isten yhteydenottojen v\u00e4ltt\u00e4miseksi. My\u00f6s alueen muihin lippukuntiin kannattaa ottaa yhteytt\u00e4 ja tiedustella, mit\u00e4 yrityksi\u00e4 he mahdollisesti l\u00e4hestyv\u00e4t tai ovat jo l\u00e4hestyneet.<\/li>\n<\/ul>\n\n\n\n<h2 class=\"wp-block-heading\">Ota yhteytt\u00e4 yritykseen<\/h2>\n\n\n\n<ul class=\"wp-block-list\">\n<li>Henkil\u00f6kohtainen ote yrityksen l\u00e4hestymiseen on tehokkaampaa kuin yleisluontoinen mainoskirje. Laita s\u00e4hk\u00f6postia tai soita yritykseen.<\/li>\n\n\n\n<li>Keskustelussa tai s\u00e4hk\u00f6postiviestiss\u00e4 kannattaa mainita my\u00f6s kalenterin oma verkkokauppa sek\u00e4 <a href=\"https:\/\/www.adventtikalenteri.fi\/myyjille\/myynti\/verkkokauppa-myyntikanavana\/lippukuntien-omat-myyntilinkit\/\">lippukuntanne oma myyntilinkki<\/a> osoitteessa <a href=\"https:\/\/www.adventtikalenteri.fi\/\">www.adventtikalenteri.f<\/a>i ja kertoa, ett\u00e4 kalenterit voi ostaa my\u00f6s sielt\u00e4.<\/li>\n\n\n\n<li>Mik\u00e4li l\u00e4hestytte yrityst\u00e4 s\u00e4hk\u00f6postilla, osoittakaa se suoraan sille henkil\u00f6lle, joka hankinnoista vastaa: usein toimitusjohtajalle tai viestint\u00e4p\u00e4\u00e4llik\u00f6lle\/tiedottajalle. Esitt\u00e4k\u00e4\u00e4 asianne viestiss\u00e4 suoraan ja kohteliaasti. Soittakaa ehdotuksenne per\u00e4\u00e4n muutaman p\u00e4iv\u00e4n kuluttua.<\/li>\n\n\n\n<li>Yhteydenotossa kannattaa mainita ainakin\n<ul class=\"wp-block-list\">\n<li>Mit\u00e4 partiolippukuntaa edustat ja mill\u00e4 alueella\/paikkakunnalla se toimii<\/li>\n\n\n\n<li>Yritys voi hankkia adventtikalentereita esimerkiksi henkil\u00f6kunnalle tai yhteisty\u00f6kumppaneille lahjaksi.<\/li>\n\n\n\n<li>Kalenterin hinta on 10 euroa ja se on arvonlis\u00e4verovapaa varainhankintatuote<\/li>\n\n\n\n<li>Mit\u00e4 lippukuntanne tekee saamillaan kalenterituotoilla ja miksi se on t\u00e4rke\u00e4\u00e4.<\/li>\n\n\n\n<li>Varaudu kertomaan my\u00f6s partiosta yleisesti. Kaikkeen ei kuitenkaan tarvitse olla vastausta valmiina.<\/li>\n\n\n\n<li>Yhteystiedot, joista saa lis\u00e4tietoja<\/li>\n<\/ul>\n<\/li>\n<\/ul>\n\n\n\n<h2 class=\"wp-block-heading\">Vie yhteisty\u00f6 loppuun asti<\/h2>\n\n\n\n<ul class=\"wp-block-list\">\n<li>Yhteydenpito kannattaa hoitaa huolellisesti alusta loppuun:<br>1) kohtelias l\u00e4hestyminen s\u00e4hk\u00f6postiviestill\u00e4 tai kirjeell\u00e4<br>2) soitto per\u00e4\u00e4n<br>3) mahdollinen k\u00e4ynti yrityksess\u00e4<br>4) kauppojen teko tai kielt\u00e4ytyminen<br>5) kiitt\u00e4minen ja hyv\u00e4n joulun toivotukset.<\/li>\n\n\n\n<li>Kysy saatteko kertoa yrityskaupasta esimerkiksi lippukuntanne somekanavissa tai nettisivuille. T\u00e4m\u00e4 on hyv\u00e4 keino saada muutkin kiinnostumaan mahdollisuudesta!<\/li>\n\n\n\n<li>Mik\u00e4li ei tule kauppoja, \u00e4lk\u00e4\u00e4 lannistuko! Muistakaa kiitt\u00e4\u00e4 ajasta ja toivottakaa hyv\u00e4\u00e4 joulun odotusta. Seuraavana vuonna voitte palata asiaan ja tarjota kalenteria uudelleen.<\/li>\n\n\n\n<li>Kielt\u00e4ytymisen syyn\u00e4 voi olla monia asioita, eik\u00e4 sit\u00e4 kannata ottaa henkil\u00f6kohtaisesti. Kohtelias ja hyvin hoidettu yrityksen kontaktointi j\u00e4\u00e4 varmasti mieleen, ja seuraavana vuonna vastaus saattaa hyvinkin olla my\u00f6nt\u00e4v\u00e4!<\/li>\n<\/ul>\n\n\n\n<h2 class=\"wp-block-heading\">Valmiit materiaalit<\/h2>\n\n\n\n<h3 class=\"wp-block-heading\">Lomakeella ker\u00e4\u00e4t tilaukset n\u00e4pp\u00e4r\u00e4sti<\/h3>\n\n\n\n<p>K\u00e4yt\u00e4 ihmeess\u00e4 hy\u00f6dyksesi valmista lomaketta, jonka voit j\u00e4tt\u00e4\u00e4 esim. oman tai huoltajasi ty\u00f6paikan p\u00f6yd\u00e4lle tai ojentaa yritykselle jonka kanssa sovitte yritysmyynnist\u00e4<\/p>\n\n\n\n<p><a href=\"https:\/\/partio.contenthub.fi\/ui\/shares\/f27238\/7TpXDBGnP7\/fi\/\">Katso materiaalit materiaalipankissa<\/a><\/p>\n","protected":false},"excerpt":{"rendered":"<p>Tarjotkaa adventtikalenteria oman alueenne yrityksille Alueenne yrityksiin kannattaa ehdottomasti olla<\/p>\n","protected":false},"author":9,"featured_media":0,"parent":226,"menu_order":100,"comment_status":"closed","ping_status":"closed","template":"","meta":{"_acf_changed":false,"_relevanssi_hide_post":"","_relevanssi_hide_content":"","_relevanssi_pin_for_all":"","_relevanssi_pin_keywords":"","_relevanssi_unpin_keywords":"","_relevanssi_related_keywords":"","_relevanssi_related_include_ids":"","_relevanssi_related_exclude_ids":"","_relevanssi_related_no_append":"","_relevanssi_related_not_related":"","_relevanssi_related_posts":"1072,870,1884,1366,1946,1687","_relevanssi_noindex_reason":"","footnotes":""},"class_list":["post-584","page","type-page","status-publish","hentry"],"acf":[],"yoast_head":"<!-- This site is optimized with the Yoast SEO plugin v27.3 - https:\/\/yoast.com\/product\/yoast-seo-wordpress\/ -->\n<title>Yritysmyynti - Ohjesivusto adventtikalenterin myyjille<\/title>\n<meta name=\"robots\" content=\"index, follow, max-snippet:-1, max-image-preview:large, max-video-preview:-1\" \/>\n<link rel=\"canonical\" href=\"https:\/\/www.adventtikalenteri.fi\/myyjille\/myynti\/yritysmyynti\/\" \/>\n<meta property=\"og:locale\" content=\"fi_FI\" \/>\n<meta property=\"og:type\" content=\"article\" \/>\n<meta property=\"og:title\" content=\"Yritysmyynti - Ohjesivusto adventtikalenterin myyjille\" \/>\n<meta property=\"og:description\" content=\"Tarjotkaa adventtikalenteria oman alueenne yrityksille Alueenne yrityksiin kannattaa ehdottomasti olla\" \/>\n<meta property=\"og:url\" content=\"https:\/\/www.adventtikalenteri.fi\/myyjille\/myynti\/yritysmyynti\/\" \/>\n<meta property=\"og:site_name\" content=\"Ohjesivusto adventtikalenterin myyjille\" \/>\n<meta property=\"article:modified_time\" content=\"2025-08-28T07:43:01+00:00\" \/>\n<meta property=\"og:image\" content=\"https:\/\/www.adventtikalenteri.fi\/myyjille\/wp-content\/uploads\/sites\/2\/2025\/08\/Adventtikalenteri25_NettaHautamaki_35.jpg\" \/>\n\t<meta property=\"og:image:width\" content=\"1500\" \/>\n\t<meta property=\"og:image:height\" content=\"1000\" \/>\n\t<meta property=\"og:image:type\" content=\"image\/jpeg\" \/>\n<meta name=\"twitter:card\" content=\"summary_large_image\" \/>\n<meta name=\"twitter:label1\" content=\"Arvioitu lukuaika\" \/>\n\t<meta name=\"twitter:data1\" content=\"3 minuuttia\" \/>\n<script type=\"application\/ld+json\" class=\"yoast-schema-graph\">{\"@context\":\"https:\\\/\\\/schema.org\",\"@graph\":[{\"@type\":\"WebPage\",\"@id\":\"https:\\\/\\\/www.adventtikalenteri.fi\\\/myyjille\\\/myynti\\\/yritysmyynti\\\/\",\"url\":\"https:\\\/\\\/www.adventtikalenteri.fi\\\/myyjille\\\/myynti\\\/yritysmyynti\\\/\",\"name\":\"Yritysmyynti - Ohjesivusto adventtikalenterin myyjille\",\"isPartOf\":{\"@id\":\"https:\\\/\\\/www.adventtikalenteri.fi\\\/myyjille\\\/#website\"},\"datePublished\":\"2021-08-31T12:50:29+00:00\",\"dateModified\":\"2025-08-28T07:43:01+00:00\",\"breadcrumb\":{\"@id\":\"https:\\\/\\\/www.adventtikalenteri.fi\\\/myyjille\\\/myynti\\\/yritysmyynti\\\/#breadcrumb\"},\"inLanguage\":\"fi\",\"potentialAction\":[{\"@type\":\"ReadAction\",\"target\":[\"https:\\\/\\\/www.adventtikalenteri.fi\\\/myyjille\\\/myynti\\\/yritysmyynti\\\/\"]}]},{\"@type\":\"BreadcrumbList\",\"@id\":\"https:\\\/\\\/www.adventtikalenteri.fi\\\/myyjille\\\/myynti\\\/yritysmyynti\\\/#breadcrumb\",\"itemListElement\":[{\"@type\":\"ListItem\",\"position\":1,\"name\":\"Etusivu\",\"item\":\"https:\\\/\\\/www.adventtikalenteri.fi\\\/myyjille\\\/\"},{\"@type\":\"ListItem\",\"position\":2,\"name\":\"Myynti\",\"item\":\"https:\\\/\\\/www.adventtikalenteri.fi\\\/myyjille\\\/myynti\\\/\"},{\"@type\":\"ListItem\",\"position\":3,\"name\":\"Yritysmyynti\"}]},{\"@type\":\"WebSite\",\"@id\":\"https:\\\/\\\/www.adventtikalenteri.fi\\\/myyjille\\\/#website\",\"url\":\"https:\\\/\\\/www.adventtikalenteri.fi\\\/myyjille\\\/\",\"name\":\"Ohjesivusto adventtikalenterin myyjille\",\"description\":\"\",\"potentialAction\":[{\"@type\":\"SearchAction\",\"target\":{\"@type\":\"EntryPoint\",\"urlTemplate\":\"https:\\\/\\\/www.adventtikalenteri.fi\\\/myyjille\\\/?s={search_term_string}\"},\"query-input\":{\"@type\":\"PropertyValueSpecification\",\"valueRequired\":true,\"valueName\":\"search_term_string\"}}],\"inLanguage\":\"fi\"}]}<\/script>\n<!-- \/ Yoast SEO plugin. -->","yoast_head_json":{"title":"Yritysmyynti - Ohjesivusto adventtikalenterin myyjille","robots":{"index":"index","follow":"follow","max-snippet":"max-snippet:-1","max-image-preview":"max-image-preview:large","max-video-preview":"max-video-preview:-1"},"canonical":"https:\/\/www.adventtikalenteri.fi\/myyjille\/myynti\/yritysmyynti\/","og_locale":"fi_FI","og_type":"article","og_title":"Yritysmyynti - Ohjesivusto adventtikalenterin myyjille","og_description":"Tarjotkaa adventtikalenteria oman alueenne yrityksille Alueenne yrityksiin kannattaa ehdottomasti olla","og_url":"https:\/\/www.adventtikalenteri.fi\/myyjille\/myynti\/yritysmyynti\/","og_site_name":"Ohjesivusto adventtikalenterin myyjille","article_modified_time":"2025-08-28T07:43:01+00:00","og_image":[{"width":1500,"height":1000,"url":"https:\/\/www.adventtikalenteri.fi\/myyjille\/wp-content\/uploads\/sites\/2\/2025\/08\/Adventtikalenteri25_NettaHautamaki_35.jpg","type":"image\/jpeg"}],"twitter_card":"summary_large_image","twitter_misc":{"Arvioitu lukuaika":"3 minuuttia"},"schema":{"@context":"https:\/\/schema.org","@graph":[{"@type":"WebPage","@id":"https:\/\/www.adventtikalenteri.fi\/myyjille\/myynti\/yritysmyynti\/","url":"https:\/\/www.adventtikalenteri.fi\/myyjille\/myynti\/yritysmyynti\/","name":"Yritysmyynti - Ohjesivusto adventtikalenterin myyjille","isPartOf":{"@id":"https:\/\/www.adventtikalenteri.fi\/myyjille\/#website"},"datePublished":"2021-08-31T12:50:29+00:00","dateModified":"2025-08-28T07:43:01+00:00","breadcrumb":{"@id":"https:\/\/www.adventtikalenteri.fi\/myyjille\/myynti\/yritysmyynti\/#breadcrumb"},"inLanguage":"fi","potentialAction":[{"@type":"ReadAction","target":["https:\/\/www.adventtikalenteri.fi\/myyjille\/myynti\/yritysmyynti\/"]}]},{"@type":"BreadcrumbList","@id":"https:\/\/www.adventtikalenteri.fi\/myyjille\/myynti\/yritysmyynti\/#breadcrumb","itemListElement":[{"@type":"ListItem","position":1,"name":"Etusivu","item":"https:\/\/www.adventtikalenteri.fi\/myyjille\/"},{"@type":"ListItem","position":2,"name":"Myynti","item":"https:\/\/www.adventtikalenteri.fi\/myyjille\/myynti\/"},{"@type":"ListItem","position":3,"name":"Yritysmyynti"}]},{"@type":"WebSite","@id":"https:\/\/www.adventtikalenteri.fi\/myyjille\/#website","url":"https:\/\/www.adventtikalenteri.fi\/myyjille\/","name":"Ohjesivusto adventtikalenterin myyjille","description":"","potentialAction":[{"@type":"SearchAction","target":{"@type":"EntryPoint","urlTemplate":"https:\/\/www.adventtikalenteri.fi\/myyjille\/?s={search_term_string}"},"query-input":{"@type":"PropertyValueSpecification","valueRequired":true,"valueName":"search_term_string"}}],"inLanguage":"fi"}]}},"_links":{"self":[{"href":"https:\/\/www.adventtikalenteri.fi\/myyjille\/wp-json\/wp\/v2\/pages\/584","targetHints":{"allow":["GET"]}}],"collection":[{"href":"https:\/\/www.adventtikalenteri.fi\/myyjille\/wp-json\/wp\/v2\/pages"}],"about":[{"href":"https:\/\/www.adventtikalenteri.fi\/myyjille\/wp-json\/wp\/v2\/types\/page"}],"author":[{"embeddable":true,"href":"https:\/\/www.adventtikalenteri.fi\/myyjille\/wp-json\/wp\/v2\/users\/9"}],"replies":[{"embeddable":true,"href":"https:\/\/www.adventtikalenteri.fi\/myyjille\/wp-json\/wp\/v2\/comments?post=584"}],"version-history":[{"count":15,"href":"https:\/\/www.adventtikalenteri.fi\/myyjille\/wp-json\/wp\/v2\/pages\/584\/revisions"}],"predecessor-version":[{"id":3667,"href":"https:\/\/www.adventtikalenteri.fi\/myyjille\/wp-json\/wp\/v2\/pages\/584\/revisions\/3667"}],"up":[{"embeddable":true,"href":"https:\/\/www.adventtikalenteri.fi\/myyjille\/wp-json\/wp\/v2\/pages\/226"}],"wp:attachment":[{"href":"https:\/\/www.adventtikalenteri.fi\/myyjille\/wp-json\/wp\/v2\/media?parent=584"}],"curies":[{"name":"wp","href":"https:\/\/api.w.org\/{rel}","templated":true}]}}