{"id":625,"date":"2021-09-03T15:46:44","date_gmt":"2021-09-03T12:46:44","guid":{"rendered":"https:\/\/www.adventtikalenteri.fi\/myyjille\/?page_id=625"},"modified":"2021-11-08T14:29:12","modified_gmt":"2021-11-08T12:29:12","slug":"myyjan-lisaaminen-ryhmaan","status":"publish","type":"page","link":"https:\/\/www.adventtikalenteri.fi\/myyjille\/kampanjan-hallinta\/kampanjan-kaynnistaminen\/kuksa-tilausjarjestelman-kayttoohjeet\/myyjan-lisaaminen-ryhmaan\/","title":{"rendered":"Myyj\u00e4n tietojen hallinta"},"content":{"rendered":"<h1>Adventtikalenterin myyjien tietojen hallinta<\/h1>\n<p class=\"lead\">Lippukunnan ryhm\u00e4njohtajat (sammot, akelat ja luotsit) pystyv\u00e4t lis\u00e4\u00e4m\u00e4\u00e4n Kuksassa oman ryhm\u00e4ns\u00e4 j\u00e4senet lippukunnan sis\u00e4iseen ryhm\u00e4\u00e4n. N\u00e4in johtajat n\u00e4kev\u00e4t k\u00e4tev\u00e4sti oman ryhm\u00e4ns\u00e4 kalenteritilanteen.<\/p>\n<p>Lippukunnan joulukampanjap\u00e4\u00e4llikk\u00f6 luo ryhm\u00e4t Kuksassa. Ryhm\u00e4njohtajien teht\u00e4v\u00e4n\u00e4 on lis\u00e4t\u00e4 ryhm\u00e4\u00e4n oman ryhm\u00e4n j\u00e4senet.<\/p>\n<h2>Myyj\u00e4n lis\u00e4\u00e4minen ryhm\u00e4\u00e4n<\/h2>\n<ul>\n<li>Kirjaudu Kuksaan.<\/li>\n<li>Klikkaa Kuksan ryhm\u00e4n\u00e4kym\u00e4\u00e4n vasemman reunan sivupalkista.<\/li>\n<li>Kirjoita ryhm\u00e4n nimi ja paina hae-painiketta.<\/li>\n<li>Mene myyj\u00e4listaan.<\/li>\n<li>Valitse tuote \u201dadventtikalenteri 2021\u201d<\/li>\n<li>Paina \u201dLis\u00e4\u00e4 myyj\u00e4\u201d -nappia.<br \/>\n\u2013 Valitse myyt\u00e4v\u00e4t tuotteet<br \/>\n\u2013 Valitse \u201dLis\u00e4\u00e4 myyj\u00e4 lippukunnan sis\u00e4iseen ryhm\u00e4\u00e4n\u201d (lippukunnan joulukampanjap\u00e4\u00e4llikk\u00f6 luo ryhm\u00e4t etuk\u00e4teen)<br \/>\n\u2013 Valitse oman ryhm\u00e4si j\u00e4senet listasta.<\/li>\n<li>Tallenna.<\/li>\n<\/ul>\n<h3>Ryhm\u00e4n myyntitilanteen seuraaminen<\/h3>\n<p>Ryhm\u00e4njohtajan on hyv\u00e4 pit\u00e4\u00e4 ryhm\u00e4l\u00e4istens\u00e4 myyntitiedot jatkuvasti ajantasalla Kuksassa koko kampanjan ajan. N\u00e4in lippukunta ja erityisesti lippukunnan joulukampanjap\u00e4\u00e4llikk\u00f6 on koko ajan tietoinen kampanjan etenemisest\u00e4 ja mahdollisista kampanjan johtamiseen liittyvist\u00e4 tarpeista. Jokaisen henkil\u00f6kohtainen myynti ja niiden t\u00e4sm\u00e4lliset merkinn\u00e4t auttavat my\u00f6s mahdollisten palkintojen, kuten tonttumerkkien, tilanteen etenemisen seuraamisessa.<\/p>\n<p>J\u00e4senell\u00e4 sek\u00e4 lasten huoltajilla on my\u00f6s mahdollisuus tarkastella omaa myyntitilannettaan Kuksan j\u00e4sentiedoissa.<\/p>\n<h2>Myyj\u00e4n tietojen muokkaaminen<\/h2>\n<ul>\n<li>Kirjaudu Kuksaan ja etsi hakutoiminnolla oma lippukuntasi.<\/li>\n<li>Valitse aukeavasta n\u00e4kym\u00e4st\u00e4 Kampanjan tuotemyynti-v\u00e4lilehti.<\/li>\n<li>Valitse alasvetovalikosta tuotteeksi <strong>Adventtikalenteri 2021<\/strong>.<\/li>\n<li>Klikkaa \u201dN\u00e4yt\u00e4 tiedot\u201d sen myyj\u00e4n kohdalla, jonka tietoja haluat muokata. Voit nyt\n<ul>\n<li>Vaihtaa myyj\u00e4n ryhm\u00e4\u00e4.<\/li>\n<li>Poistaa myyj\u00e4n ryhm\u00e4st\u00e4.<\/li>\n<li>Tehd\u00e4 muokkauksia myyj\u00e4n tuotetilauksiin (HUOM! Kun myyj\u00e4lle lis\u00e4t\u00e4\u00e4n tuotteita, palautetaan niit\u00e4, tehd\u00e4\u00e4n tilitys tai lis\u00e4t\u00e4\u00e4n h\u00e4vikki, AINA tehd\u00e4\u00e4n uusi vienti. Ei siis muokata vanhaa vienti\u00e4).<\/li>\n<\/ul>\n<\/li>\n<li>Tehty\u00e4si muutokset, muista tallentaa!<\/li>\n<\/ul>\n<h2>Kalenterien luovutus myyj\u00e4lle<\/h2>\n<ul>\n<li>Kirjaudu Kuksaan ja klikkaa Kuksan ryhm\u00e4n\u00e4kym\u00e4\u00e4n vasemman reunan sivupalkista.<\/li>\n<li>Kirjoita ryhm\u00e4n nimi ja paina hae-painiketta.<\/li>\n<li>Mene myyj\u00e4listaan.<\/li>\n<li>Valitse tuote \u201dadventtikalenteri 2021\u201d<\/li>\n<li>Lis\u00e4\u00e4 rivi sen myyj\u00e4n kohdalle, jolle haluat lis\u00e4t\u00e4 merkinn\u00e4n kalenterin luovutuksesta. Samasta kohdasta voit my\u00f6s lis\u00e4t\u00e4 muita tapahtumia, kuten palautuksen tai tilityksen.<\/li>\n<li>Tallenna ja tee sama kaikkien ryhm\u00e4n myyjien luovutettujen kalenterien kanssa.<\/li>\n<\/ul>\n<p><strong>HUOM! Kun myyj\u00e4lle lis\u00e4t\u00e4\u00e4n tuotteita, palautetaan niit\u00e4, tehd\u00e4\u00e4n tilitys tai lis\u00e4t\u00e4\u00e4n h\u00e4vikki, lis\u00e4t\u00e4\u00e4n aina uusi rivi. Ei siis muokata vanhaa rivi\u00e4.<\/strong><\/p>\n","protected":false},"excerpt":{"rendered":"<p>Adventtikalenterin myyjien tietojen hallinta Lippukunnan ryhm\u00e4njohtajat (sammot, akelat ja luotsit)<\/p>\n","protected":false},"author":3,"featured_media":0,"parent":288,"menu_order":0,"comment_status":"closed","ping_status":"closed","template":"","meta":{"_acf_changed":false,"_relevanssi_hide_post":"","_relevanssi_hide_content":"","_relevanssi_pin_for_all":"","_relevanssi_pin_keywords":"","_relevanssi_unpin_keywords":"","_relevanssi_related_keywords":"","_relevanssi_related_include_ids":"","_relevanssi_related_exclude_ids":"","_relevanssi_related_no_append":"","_relevanssi_related_not_related":"","_relevanssi_related_posts":"1159,550,1486,1072,870,1230","_relevanssi_noindex_reason":"","footnotes":""},"class_list":["post-625","page","type-page","status-publish","hentry"],"acf":[],"yoast_head":"<!-- This site is optimized with the Yoast SEO plugin v27.3 - https:\/\/yoast.com\/product\/yoast-seo-wordpress\/ -->\n<title>Myyj\u00e4n tietojen hallinta - Ohjesivusto adventtikalenterin myyjille<\/title>\n<meta name=\"robots\" content=\"index, follow, max-snippet:-1, max-image-preview:large, max-video-preview:-1\" \/>\n<link rel=\"canonical\" href=\"https:\/\/www.adventtikalenteri.fi\/myyjille\/kampanjan-hallinta\/kampanjan-kaynnistaminen\/kuksa-tilausjarjestelman-kayttoohjeet\/myyjan-lisaaminen-ryhmaan\/\" \/>\n<meta property=\"og:locale\" content=\"fi_FI\" \/>\n<meta property=\"og:type\" content=\"article\" \/>\n<meta property=\"og:title\" content=\"Myyj\u00e4n tietojen hallinta - Ohjesivusto adventtikalenterin myyjille\" \/>\n<meta property=\"og:description\" content=\"Adventtikalenterin myyjien tietojen hallinta Lippukunnan ryhm\u00e4njohtajat (sammot, akelat ja luotsit)\" \/>\n<meta property=\"og:url\" content=\"https:\/\/www.adventtikalenteri.fi\/myyjille\/kampanjan-hallinta\/kampanjan-kaynnistaminen\/kuksa-tilausjarjestelman-kayttoohjeet\/myyjan-lisaaminen-ryhmaan\/\" \/>\n<meta property=\"og:site_name\" content=\"Ohjesivusto adventtikalenterin myyjille\" \/>\n<meta property=\"article:modified_time\" content=\"2021-11-08T12:29:12+00:00\" \/>\n<meta property=\"og:image\" content=\"https:\/\/www.adventtikalenteri.fi\/myyjille\/wp-content\/uploads\/sites\/2\/2025\/08\/Adventtikalenteri25_NettaHautamaki_35.jpg\" \/>\n\t<meta property=\"og:image:width\" content=\"1500\" \/>\n\t<meta property=\"og:image:height\" content=\"1000\" \/>\n\t<meta property=\"og:image:type\" content=\"image\/jpeg\" \/>\n<meta name=\"twitter:card\" content=\"summary_large_image\" \/>\n<meta name=\"twitter:label1\" content=\"Arvioitu lukuaika\" \/>\n\t<meta name=\"twitter:data1\" content=\"1 minuutti\" \/>\n<script type=\"application\/ld+json\" class=\"yoast-schema-graph\">{\"@context\":\"https:\\\/\\\/schema.org\",\"@graph\":[{\"@type\":\"WebPage\",\"@id\":\"https:\\\/\\\/www.adventtikalenteri.fi\\\/myyjille\\\/kampanjan-hallinta\\\/kampanjan-kaynnistaminen\\\/kuksa-tilausjarjestelman-kayttoohjeet\\\/myyjan-lisaaminen-ryhmaan\\\/\",\"url\":\"https:\\\/\\\/www.adventtikalenteri.fi\\\/myyjille\\\/kampanjan-hallinta\\\/kampanjan-kaynnistaminen\\\/kuksa-tilausjarjestelman-kayttoohjeet\\\/myyjan-lisaaminen-ryhmaan\\\/\",\"name\":\"Myyj\u00e4n tietojen hallinta - Ohjesivusto adventtikalenterin myyjille\",\"isPartOf\":{\"@id\":\"https:\\\/\\\/www.adventtikalenteri.fi\\\/myyjille\\\/#website\"},\"datePublished\":\"2021-09-03T12:46:44+00:00\",\"dateModified\":\"2021-11-08T12:29:12+00:00\",\"breadcrumb\":{\"@id\":\"https:\\\/\\\/www.adventtikalenteri.fi\\\/myyjille\\\/kampanjan-hallinta\\\/kampanjan-kaynnistaminen\\\/kuksa-tilausjarjestelman-kayttoohjeet\\\/myyjan-lisaaminen-ryhmaan\\\/#breadcrumb\"},\"inLanguage\":\"fi\",\"potentialAction\":[{\"@type\":\"ReadAction\",\"target\":[\"https:\\\/\\\/www.adventtikalenteri.fi\\\/myyjille\\\/kampanjan-hallinta\\\/kampanjan-kaynnistaminen\\\/kuksa-tilausjarjestelman-kayttoohjeet\\\/myyjan-lisaaminen-ryhmaan\\\/\"]}]},{\"@type\":\"BreadcrumbList\",\"@id\":\"https:\\\/\\\/www.adventtikalenteri.fi\\\/myyjille\\\/kampanjan-hallinta\\\/kampanjan-kaynnistaminen\\\/kuksa-tilausjarjestelman-kayttoohjeet\\\/myyjan-lisaaminen-ryhmaan\\\/#breadcrumb\",\"itemListElement\":[{\"@type\":\"ListItem\",\"position\":1,\"name\":\"Etusivu\",\"item\":\"https:\\\/\\\/www.adventtikalenteri.fi\\\/myyjille\\\/\"},{\"@type\":\"ListItem\",\"position\":2,\"name\":\"Kampanjan hallinta\",\"item\":\"https:\\\/\\\/www.adventtikalenteri.fi\\\/myyjille\\\/kampanjan-hallinta\\\/\"},{\"@type\":\"ListItem\",\"position\":3,\"name\":\"Kampanja k\u00e4yntiin\",\"item\":\"https:\\\/\\\/www.adventtikalenteri.fi\\\/myyjille\\\/kampanjan-hallinta\\\/kampanjan-kaynnistaminen\\\/\"},{\"@type\":\"ListItem\",\"position\":4,\"name\":\"Kuksa-tilausj\u00e4rjestelm\u00e4n k\u00e4ytt\u00f6ohjeet\",\"item\":\"https:\\\/\\\/www.adventtikalenteri.fi\\\/myyjille\\\/kampanjan-hallinta\\\/kampanjan-kaynnistaminen\\\/kuksa-tilausjarjestelman-kayttoohjeet\\\/\"},{\"@type\":\"ListItem\",\"position\":5,\"name\":\"Myyj\u00e4n tietojen hallinta\"}]},{\"@type\":\"WebSite\",\"@id\":\"https:\\\/\\\/www.adventtikalenteri.fi\\\/myyjille\\\/#website\",\"url\":\"https:\\\/\\\/www.adventtikalenteri.fi\\\/myyjille\\\/\",\"name\":\"Ohjesivusto adventtikalenterin myyjille\",\"description\":\"\",\"potentialAction\":[{\"@type\":\"SearchAction\",\"target\":{\"@type\":\"EntryPoint\",\"urlTemplate\":\"https:\\\/\\\/www.adventtikalenteri.fi\\\/myyjille\\\/?s={search_term_string}\"},\"query-input\":{\"@type\":\"PropertyValueSpecification\",\"valueRequired\":true,\"valueName\":\"search_term_string\"}}],\"inLanguage\":\"fi\"}]}<\/script>\n<!-- \/ Yoast SEO plugin. -->","yoast_head_json":{"title":"Myyj\u00e4n tietojen hallinta - Ohjesivusto adventtikalenterin myyjille","robots":{"index":"index","follow":"follow","max-snippet":"max-snippet:-1","max-image-preview":"max-image-preview:large","max-video-preview":"max-video-preview:-1"},"canonical":"https:\/\/www.adventtikalenteri.fi\/myyjille\/kampanjan-hallinta\/kampanjan-kaynnistaminen\/kuksa-tilausjarjestelman-kayttoohjeet\/myyjan-lisaaminen-ryhmaan\/","og_locale":"fi_FI","og_type":"article","og_title":"Myyj\u00e4n tietojen hallinta - Ohjesivusto adventtikalenterin myyjille","og_description":"Adventtikalenterin myyjien tietojen hallinta Lippukunnan ryhm\u00e4njohtajat (sammot, akelat ja luotsit)","og_url":"https:\/\/www.adventtikalenteri.fi\/myyjille\/kampanjan-hallinta\/kampanjan-kaynnistaminen\/kuksa-tilausjarjestelman-kayttoohjeet\/myyjan-lisaaminen-ryhmaan\/","og_site_name":"Ohjesivusto adventtikalenterin myyjille","article_modified_time":"2021-11-08T12:29:12+00:00","og_image":[{"width":1500,"height":1000,"url":"https:\/\/www.adventtikalenteri.fi\/myyjille\/wp-content\/uploads\/sites\/2\/2025\/08\/Adventtikalenteri25_NettaHautamaki_35.jpg","type":"image\/jpeg"}],"twitter_card":"summary_large_image","twitter_misc":{"Arvioitu lukuaika":"1 minuutti"},"schema":{"@context":"https:\/\/schema.org","@graph":[{"@type":"WebPage","@id":"https:\/\/www.adventtikalenteri.fi\/myyjille\/kampanjan-hallinta\/kampanjan-kaynnistaminen\/kuksa-tilausjarjestelman-kayttoohjeet\/myyjan-lisaaminen-ryhmaan\/","url":"https:\/\/www.adventtikalenteri.fi\/myyjille\/kampanjan-hallinta\/kampanjan-kaynnistaminen\/kuksa-tilausjarjestelman-kayttoohjeet\/myyjan-lisaaminen-ryhmaan\/","name":"Myyj\u00e4n tietojen hallinta - Ohjesivusto adventtikalenterin myyjille","isPartOf":{"@id":"https:\/\/www.adventtikalenteri.fi\/myyjille\/#website"},"datePublished":"2021-09-03T12:46:44+00:00","dateModified":"2021-11-08T12:29:12+00:00","breadcrumb":{"@id":"https:\/\/www.adventtikalenteri.fi\/myyjille\/kampanjan-hallinta\/kampanjan-kaynnistaminen\/kuksa-tilausjarjestelman-kayttoohjeet\/myyjan-lisaaminen-ryhmaan\/#breadcrumb"},"inLanguage":"fi","potentialAction":[{"@type":"ReadAction","target":["https:\/\/www.adventtikalenteri.fi\/myyjille\/kampanjan-hallinta\/kampanjan-kaynnistaminen\/kuksa-tilausjarjestelman-kayttoohjeet\/myyjan-lisaaminen-ryhmaan\/"]}]},{"@type":"BreadcrumbList","@id":"https:\/\/www.adventtikalenteri.fi\/myyjille\/kampanjan-hallinta\/kampanjan-kaynnistaminen\/kuksa-tilausjarjestelman-kayttoohjeet\/myyjan-lisaaminen-ryhmaan\/#breadcrumb","itemListElement":[{"@type":"ListItem","position":1,"name":"Etusivu","item":"https:\/\/www.adventtikalenteri.fi\/myyjille\/"},{"@type":"ListItem","position":2,"name":"Kampanjan hallinta","item":"https:\/\/www.adventtikalenteri.fi\/myyjille\/kampanjan-hallinta\/"},{"@type":"ListItem","position":3,"name":"Kampanja k\u00e4yntiin","item":"https:\/\/www.adventtikalenteri.fi\/myyjille\/kampanjan-hallinta\/kampanjan-kaynnistaminen\/"},{"@type":"ListItem","position":4,"name":"Kuksa-tilausj\u00e4rjestelm\u00e4n k\u00e4ytt\u00f6ohjeet","item":"https:\/\/www.adventtikalenteri.fi\/myyjille\/kampanjan-hallinta\/kampanjan-kaynnistaminen\/kuksa-tilausjarjestelman-kayttoohjeet\/"},{"@type":"ListItem","position":5,"name":"Myyj\u00e4n tietojen hallinta"}]},{"@type":"WebSite","@id":"https:\/\/www.adventtikalenteri.fi\/myyjille\/#website","url":"https:\/\/www.adventtikalenteri.fi\/myyjille\/","name":"Ohjesivusto adventtikalenterin myyjille","description":"","potentialAction":[{"@type":"SearchAction","target":{"@type":"EntryPoint","urlTemplate":"https:\/\/www.adventtikalenteri.fi\/myyjille\/?s={search_term_string}"},"query-input":{"@type":"PropertyValueSpecification","valueRequired":true,"valueName":"search_term_string"}}],"inLanguage":"fi"}]}},"_links":{"self":[{"href":"https:\/\/www.adventtikalenteri.fi\/myyjille\/wp-json\/wp\/v2\/pages\/625","targetHints":{"allow":["GET"]}}],"collection":[{"href":"https:\/\/www.adventtikalenteri.fi\/myyjille\/wp-json\/wp\/v2\/pages"}],"about":[{"href":"https:\/\/www.adventtikalenteri.fi\/myyjille\/wp-json\/wp\/v2\/types\/page"}],"author":[{"embeddable":true,"href":"https:\/\/www.adventtikalenteri.fi\/myyjille\/wp-json\/wp\/v2\/users\/3"}],"replies":[{"embeddable":true,"href":"https:\/\/www.adventtikalenteri.fi\/myyjille\/wp-json\/wp\/v2\/comments?post=625"}],"version-history":[{"count":4,"href":"https:\/\/www.adventtikalenteri.fi\/myyjille\/wp-json\/wp\/v2\/pages\/625\/revisions"}],"predecessor-version":[{"id":1143,"href":"https:\/\/www.adventtikalenteri.fi\/myyjille\/wp-json\/wp\/v2\/pages\/625\/revisions\/1143"}],"up":[{"embeddable":true,"href":"https:\/\/www.adventtikalenteri.fi\/myyjille\/wp-json\/wp\/v2\/pages\/288"}],"wp:attachment":[{"href":"https:\/\/www.adventtikalenteri.fi\/myyjille\/wp-json\/wp\/v2\/media?parent=625"}],"curies":[{"name":"wp","href":"https:\/\/api.w.org\/{rel}","templated":true}]}}