{"id":912,"date":"2021-09-20T15:55:23","date_gmt":"2021-09-20T12:55:23","guid":{"rendered":"https:\/\/www.adventtikalenteri.fi\/myyjille\/?page_id=912"},"modified":"2023-09-01T16:02:46","modified_gmt":"2023-09-01T13:02:46","slug":"lippukuntien-omat-myyntilinkit","status":"publish","type":"page","link":"https:\/\/www.adventtikalenteri.fi\/myyjille\/myynti\/verkkokauppa-myyntikanavana\/lippukuntien-omat-myyntilinkit\/","title":{"rendered":"Lippukuntien omat myyntilinkit"},"content":{"rendered":"\n<p class=\"is-style-lead\">Asuvatko tuttusi, sukulaisesi tai muut mahdolliset adventtikalenterin ostajat toisella paikkakunnalla tai ulkomailla? Hy\u00f6dynn\u00e4 lippukuntanne omaa myyntilinkki\u00e4 adventtikalenterin verkkokauppaan!<\/p>\n\n\n\n<p>Jaa linkki suoraan lippukuntanne omaan myyntilinkkiin esim. sosiaalisen median kanavissa tai l\u00e4het\u00e4 linkki omalle tutullesi esim. WhatsAppissa. Verkkokauppatilauksiin kannattaa kannustaa ajoissa, jotta kalenteri ehtii kotiin toimitettuna perille hyviss\u00e4 ajoin ennen ensimm\u00e4ist\u00e4 adventtia.<\/p>\n\n\n\n<p>Alta l\u00f6yd\u00e4t lippukuntakohtaiset linkit, jota k\u00e4ytt\u00e4m\u00e4ll\u00e4 tuki kohdentuu automaattisesti kyseiselle lippukunnalle. Jos omaa lippukuntaasi ei viel\u00e4 l\u00f6ydy listalta, ole yhteydess\u00e4 omaan ryhm\u00e4njohtajaasi tai lippukuntanne joulukampanjap\u00e4\u00e4llikk\u00f6\u00f6n.<\/p>\n\n\n\n<h3 class=\"wp-block-heading\">Ohjeita kampanjap\u00e4\u00e4llik\u00f6ille<\/h3>\n\n\n\n<ul class=\"wp-block-list\">\n<li><a href=\"https:\/\/www.adventtikalenteri.fi\/myyjille\/kampanjan-hallinta\/kampanjan-kaynnistaminen\/lippukunnan-lisaaminen-verkkokauppaan\/\">Lippukunnan lis\u00e4\u00e4minen verkkokauppaan<\/a><\/li>\n\n\n\n<li><a href=\"https:\/\/www.adventtikalenteri.fi\/myyjille\/myynti\/verkkokauppa-myyntikanavana\/\">Miten verkkokaupasta voi saada lis\u00e4potkua lippukunnan kalenterimyyntiin<\/a>.<\/li>\n<\/ul>\n","protected":false},"excerpt":{"rendered":"<p>Asuvatko tuttusi, sukulaisesi tai muut mahdolliset adventtikalenterin ostajat toisella paikkakunnalla<\/p>\n","protected":false},"author":10,"featured_media":768,"parent":255,"menu_order":1,"comment_status":"closed","ping_status":"closed","template":"","meta":{"_acf_changed":false,"_relevanssi_hide_post":"","_relevanssi_hide_content":"","_relevanssi_pin_for_all":"","_relevanssi_pin_keywords":"","_relevanssi_unpin_keywords":"","_relevanssi_related_keywords":"","_relevanssi_related_include_ids":"","_relevanssi_related_exclude_ids":"","_relevanssi_related_no_append":"","_relevanssi_related_not_related":"","_relevanssi_related_posts":"1072,1979,1366,870,550,1230","_relevanssi_noindex_reason":"","footnotes":""},"class_list":["post-912","page","type-page","status-publish","has-post-thumbnail","hentry"],"acf":[],"yoast_head":"<!-- This site is optimized with the Yoast SEO plugin v27.5 - https:\/\/yoast.com\/product\/yoast-seo-wordpress\/ -->\n<title>Lippukuntien omat myyntilinkit - Ohjesivusto adventtikalenterin myyjille<\/title>\n<meta name=\"robots\" content=\"index, follow, max-snippet:-1, max-image-preview:large, max-video-preview:-1\" \/>\n<link rel=\"canonical\" href=\"https:\/\/www.adventtikalenteri.fi\/myyjille\/myynti\/verkkokauppa-myyntikanavana\/lippukuntien-omat-myyntilinkit\/\" \/>\n<meta property=\"og:locale\" content=\"fi_FI\" \/>\n<meta property=\"og:type\" content=\"article\" \/>\n<meta property=\"og:title\" content=\"Lippukuntien omat myyntilinkit - Ohjesivusto adventtikalenterin myyjille\" \/>\n<meta property=\"og:description\" content=\"Asuvatko tuttusi, sukulaisesi tai muut mahdolliset adventtikalenterin ostajat toisella paikkakunnalla\" \/>\n<meta property=\"og:url\" content=\"https:\/\/www.adventtikalenteri.fi\/myyjille\/myynti\/verkkokauppa-myyntikanavana\/lippukuntien-omat-myyntilinkit\/\" \/>\n<meta property=\"og:site_name\" content=\"Ohjesivusto adventtikalenterin myyjille\" \/>\n<meta property=\"article:modified_time\" content=\"2023-09-01T13:02:46+00:00\" \/>\n<meta property=\"og:image\" content=\"https:\/\/www.adventtikalenteri.fi\/myyjille\/wp-content\/uploads\/sites\/2\/2021\/09\/Adventtikalenteri2021_31201-scaled-e1662120766832.jpg\" \/>\n\t<meta property=\"og:image:width\" content=\"2560\" \/>\n\t<meta property=\"og:image:height\" content=\"1440\" \/>\n\t<meta property=\"og:image:type\" content=\"image\/jpeg\" \/>\n<meta name=\"twitter:card\" content=\"summary_large_image\" \/>\n<meta name=\"twitter:label1\" content=\"Arvioitu lukuaika\" \/>\n\t<meta name=\"twitter:data1\" content=\"1 minuutti\" \/>\n<script type=\"application\/ld+json\" class=\"yoast-schema-graph\">{\"@context\":\"https:\\\/\\\/schema.org\",\"@graph\":[{\"@type\":\"WebPage\",\"@id\":\"https:\\\/\\\/www.adventtikalenteri.fi\\\/myyjille\\\/myynti\\\/verkkokauppa-myyntikanavana\\\/lippukuntien-omat-myyntilinkit\\\/\",\"url\":\"https:\\\/\\\/www.adventtikalenteri.fi\\\/myyjille\\\/myynti\\\/verkkokauppa-myyntikanavana\\\/lippukuntien-omat-myyntilinkit\\\/\",\"name\":\"Lippukuntien omat myyntilinkit - Ohjesivusto adventtikalenterin myyjille\",\"isPartOf\":{\"@id\":\"https:\\\/\\\/www.adventtikalenteri.fi\\\/myyjille\\\/#website\"},\"primaryImageOfPage\":{\"@id\":\"https:\\\/\\\/www.adventtikalenteri.fi\\\/myyjille\\\/myynti\\\/verkkokauppa-myyntikanavana\\\/lippukuntien-omat-myyntilinkit\\\/#primaryimage\"},\"image\":{\"@id\":\"https:\\\/\\\/www.adventtikalenteri.fi\\\/myyjille\\\/myynti\\\/verkkokauppa-myyntikanavana\\\/lippukuntien-omat-myyntilinkit\\\/#primaryimage\"},\"thumbnailUrl\":\"https:\\\/\\\/www.adventtikalenteri.fi\\\/myyjille\\\/wp-content\\\/uploads\\\/sites\\\/2\\\/2021\\\/09\\\/Adventtikalenteri2021_31201-scaled.jpg\",\"datePublished\":\"2021-09-20T12:55:23+00:00\",\"dateModified\":\"2023-09-01T13:02:46+00:00\",\"breadcrumb\":{\"@id\":\"https:\\\/\\\/www.adventtikalenteri.fi\\\/myyjille\\\/myynti\\\/verkkokauppa-myyntikanavana\\\/lippukuntien-omat-myyntilinkit\\\/#breadcrumb\"},\"inLanguage\":\"fi\",\"potentialAction\":[{\"@type\":\"ReadAction\",\"target\":[\"https:\\\/\\\/www.adventtikalenteri.fi\\\/myyjille\\\/myynti\\\/verkkokauppa-myyntikanavana\\\/lippukuntien-omat-myyntilinkit\\\/\"]}]},{\"@type\":\"ImageObject\",\"inLanguage\":\"fi\",\"@id\":\"https:\\\/\\\/www.adventtikalenteri.fi\\\/myyjille\\\/myynti\\\/verkkokauppa-myyntikanavana\\\/lippukuntien-omat-myyntilinkit\\\/#primaryimage\",\"url\":\"https:\\\/\\\/www.adventtikalenteri.fi\\\/myyjille\\\/wp-content\\\/uploads\\\/sites\\\/2\\\/2021\\\/09\\\/Adventtikalenteri2021_31201-scaled.jpg\",\"contentUrl\":\"https:\\\/\\\/www.adventtikalenteri.fi\\\/myyjille\\\/wp-content\\\/uploads\\\/sites\\\/2\\\/2021\\\/09\\\/Adventtikalenteri2021_31201-scaled.jpg\",\"width\":2560,\"height\":1709,\"caption\":\"Merkitsetteh\u00e4n joulukampanjap\u00e4\u00e4llik\u00f6n pestin Kuksaan viimeist\u00e4\u00e4n 3.9. menness\u00e4. Ohje- ja markkinointimateriaalit l\u00e4hetet\u00e4\u00e4n syksyll\u00e4 kaikille tuohon menness\u00e4 merkityille kampanjap\u00e4\u00e4llik\u00f6ille kotiin.\"},{\"@type\":\"BreadcrumbList\",\"@id\":\"https:\\\/\\\/www.adventtikalenteri.fi\\\/myyjille\\\/myynti\\\/verkkokauppa-myyntikanavana\\\/lippukuntien-omat-myyntilinkit\\\/#breadcrumb\",\"itemListElement\":[{\"@type\":\"ListItem\",\"position\":1,\"name\":\"Etusivu\",\"item\":\"https:\\\/\\\/www.adventtikalenteri.fi\\\/myyjille\\\/\"},{\"@type\":\"ListItem\",\"position\":2,\"name\":\"Myynti\",\"item\":\"https:\\\/\\\/www.adventtikalenteri.fi\\\/myyjille\\\/myynti\\\/\"},{\"@type\":\"ListItem\",\"position\":3,\"name\":\"Verkkokauppa myyntikanavana\",\"item\":\"https:\\\/\\\/www.adventtikalenteri.fi\\\/myyjille\\\/myynti\\\/verkkokauppa-myyntikanavana\\\/\"},{\"@type\":\"ListItem\",\"position\":4,\"name\":\"Lippukuntien omat myyntilinkit\"}]},{\"@type\":\"WebSite\",\"@id\":\"https:\\\/\\\/www.adventtikalenteri.fi\\\/myyjille\\\/#website\",\"url\":\"https:\\\/\\\/www.adventtikalenteri.fi\\\/myyjille\\\/\",\"name\":\"Ohjesivusto adventtikalenterin myyjille\",\"description\":\"\",\"potentialAction\":[{\"@type\":\"SearchAction\",\"target\":{\"@type\":\"EntryPoint\",\"urlTemplate\":\"https:\\\/\\\/www.adventtikalenteri.fi\\\/myyjille\\\/?s={search_term_string}\"},\"query-input\":{\"@type\":\"PropertyValueSpecification\",\"valueRequired\":true,\"valueName\":\"search_term_string\"}}],\"inLanguage\":\"fi\"}]}<\/script>\n<!-- \/ Yoast SEO plugin. -->","yoast_head_json":{"title":"Lippukuntien omat myyntilinkit - Ohjesivusto adventtikalenterin myyjille","robots":{"index":"index","follow":"follow","max-snippet":"max-snippet:-1","max-image-preview":"max-image-preview:large","max-video-preview":"max-video-preview:-1"},"canonical":"https:\/\/www.adventtikalenteri.fi\/myyjille\/myynti\/verkkokauppa-myyntikanavana\/lippukuntien-omat-myyntilinkit\/","og_locale":"fi_FI","og_type":"article","og_title":"Lippukuntien omat myyntilinkit - Ohjesivusto adventtikalenterin myyjille","og_description":"Asuvatko tuttusi, sukulaisesi tai muut mahdolliset adventtikalenterin ostajat toisella paikkakunnalla","og_url":"https:\/\/www.adventtikalenteri.fi\/myyjille\/myynti\/verkkokauppa-myyntikanavana\/lippukuntien-omat-myyntilinkit\/","og_site_name":"Ohjesivusto adventtikalenterin myyjille","article_modified_time":"2023-09-01T13:02:46+00:00","og_image":[{"width":2560,"height":1440,"url":"https:\/\/www.adventtikalenteri.fi\/myyjille\/wp-content\/uploads\/sites\/2\/2021\/09\/Adventtikalenteri2021_31201-scaled-e1662120766832.jpg","type":"image\/jpeg"}],"twitter_card":"summary_large_image","twitter_misc":{"Arvioitu lukuaika":"1 minuutti"},"schema":{"@context":"https:\/\/schema.org","@graph":[{"@type":"WebPage","@id":"https:\/\/www.adventtikalenteri.fi\/myyjille\/myynti\/verkkokauppa-myyntikanavana\/lippukuntien-omat-myyntilinkit\/","url":"https:\/\/www.adventtikalenteri.fi\/myyjille\/myynti\/verkkokauppa-myyntikanavana\/lippukuntien-omat-myyntilinkit\/","name":"Lippukuntien omat myyntilinkit - Ohjesivusto adventtikalenterin myyjille","isPartOf":{"@id":"https:\/\/www.adventtikalenteri.fi\/myyjille\/#website"},"primaryImageOfPage":{"@id":"https:\/\/www.adventtikalenteri.fi\/myyjille\/myynti\/verkkokauppa-myyntikanavana\/lippukuntien-omat-myyntilinkit\/#primaryimage"},"image":{"@id":"https:\/\/www.adventtikalenteri.fi\/myyjille\/myynti\/verkkokauppa-myyntikanavana\/lippukuntien-omat-myyntilinkit\/#primaryimage"},"thumbnailUrl":"https:\/\/www.adventtikalenteri.fi\/myyjille\/wp-content\/uploads\/sites\/2\/2021\/09\/Adventtikalenteri2021_31201-scaled.jpg","datePublished":"2021-09-20T12:55:23+00:00","dateModified":"2023-09-01T13:02:46+00:00","breadcrumb":{"@id":"https:\/\/www.adventtikalenteri.fi\/myyjille\/myynti\/verkkokauppa-myyntikanavana\/lippukuntien-omat-myyntilinkit\/#breadcrumb"},"inLanguage":"fi","potentialAction":[{"@type":"ReadAction","target":["https:\/\/www.adventtikalenteri.fi\/myyjille\/myynti\/verkkokauppa-myyntikanavana\/lippukuntien-omat-myyntilinkit\/"]}]},{"@type":"ImageObject","inLanguage":"fi","@id":"https:\/\/www.adventtikalenteri.fi\/myyjille\/myynti\/verkkokauppa-myyntikanavana\/lippukuntien-omat-myyntilinkit\/#primaryimage","url":"https:\/\/www.adventtikalenteri.fi\/myyjille\/wp-content\/uploads\/sites\/2\/2021\/09\/Adventtikalenteri2021_31201-scaled.jpg","contentUrl":"https:\/\/www.adventtikalenteri.fi\/myyjille\/wp-content\/uploads\/sites\/2\/2021\/09\/Adventtikalenteri2021_31201-scaled.jpg","width":2560,"height":1709,"caption":"Merkitsetteh\u00e4n joulukampanjap\u00e4\u00e4llik\u00f6n pestin Kuksaan viimeist\u00e4\u00e4n 3.9. menness\u00e4. Ohje- ja markkinointimateriaalit l\u00e4hetet\u00e4\u00e4n syksyll\u00e4 kaikille tuohon menness\u00e4 merkityille kampanjap\u00e4\u00e4llik\u00f6ille kotiin."},{"@type":"BreadcrumbList","@id":"https:\/\/www.adventtikalenteri.fi\/myyjille\/myynti\/verkkokauppa-myyntikanavana\/lippukuntien-omat-myyntilinkit\/#breadcrumb","itemListElement":[{"@type":"ListItem","position":1,"name":"Etusivu","item":"https:\/\/www.adventtikalenteri.fi\/myyjille\/"},{"@type":"ListItem","position":2,"name":"Myynti","item":"https:\/\/www.adventtikalenteri.fi\/myyjille\/myynti\/"},{"@type":"ListItem","position":3,"name":"Verkkokauppa myyntikanavana","item":"https:\/\/www.adventtikalenteri.fi\/myyjille\/myynti\/verkkokauppa-myyntikanavana\/"},{"@type":"ListItem","position":4,"name":"Lippukuntien omat myyntilinkit"}]},{"@type":"WebSite","@id":"https:\/\/www.adventtikalenteri.fi\/myyjille\/#website","url":"https:\/\/www.adventtikalenteri.fi\/myyjille\/","name":"Ohjesivusto adventtikalenterin myyjille","description":"","potentialAction":[{"@type":"SearchAction","target":{"@type":"EntryPoint","urlTemplate":"https:\/\/www.adventtikalenteri.fi\/myyjille\/?s={search_term_string}"},"query-input":{"@type":"PropertyValueSpecification","valueRequired":true,"valueName":"search_term_string"}}],"inLanguage":"fi"}]}},"_links":{"self":[{"href":"https:\/\/www.adventtikalenteri.fi\/myyjille\/wp-json\/wp\/v2\/pages\/912","targetHints":{"allow":["GET"]}}],"collection":[{"href":"https:\/\/www.adventtikalenteri.fi\/myyjille\/wp-json\/wp\/v2\/pages"}],"about":[{"href":"https:\/\/www.adventtikalenteri.fi\/myyjille\/wp-json\/wp\/v2\/types\/page"}],"author":[{"embeddable":true,"href":"https:\/\/www.adventtikalenteri.fi\/myyjille\/wp-json\/wp\/v2\/users\/10"}],"replies":[{"embeddable":true,"href":"https:\/\/www.adventtikalenteri.fi\/myyjille\/wp-json\/wp\/v2\/comments?post=912"}],"version-history":[{"count":10,"href":"https:\/\/www.adventtikalenteri.fi\/myyjille\/wp-json\/wp\/v2\/pages\/912\/revisions"}],"predecessor-version":[{"id":2340,"href":"https:\/\/www.adventtikalenteri.fi\/myyjille\/wp-json\/wp\/v2\/pages\/912\/revisions\/2340"}],"up":[{"embeddable":true,"href":"https:\/\/www.adventtikalenteri.fi\/myyjille\/wp-json\/wp\/v2\/pages\/255"}],"wp:featuredmedia":[{"embeddable":true,"href":"https:\/\/www.adventtikalenteri.fi\/myyjille\/wp-json\/wp\/v2\/media\/768"}],"wp:attachment":[{"href":"https:\/\/www.adventtikalenteri.fi\/myyjille\/wp-json\/wp\/v2\/media?parent=912"}],"curies":[{"name":"wp","href":"https:\/\/api.w.org\/{rel}","templated":true}]}}