{"id":1082,"date":"2019-07-08T12:18:45","date_gmt":"2019-07-08T09:18:45","guid":{"rendered":"https:\/\/www.adventtikalenteri.fi\/tuottojen-kaytto\/"},"modified":"2022-10-14T15:03:45","modified_gmt":"2022-10-14T12:03:45","slug":"intakter","status":"publish","type":"page","link":"https:\/\/www.adventtikalenteri.fi\/sv\/intakter\/","title":{"rendered":"Anv\u00e4ndning av int\u00e4kter"},"content":{"rendered":"<h2>Scouternas adventskalender \u00e4r en v\u00e4lg\u00f6renhetsprodukt<\/h2>\n<p>Genom att k\u00f6pa scouternas adventskalender av en scout eller i webbshopen st\u00f6der du scoutverksamhet f\u00f6r barn och unga p\u00e5 din ort. F\u00f6rs\u00e4ljningsint\u00e4kterna anv\u00e4nds i sin helhet till att st\u00f6da scoutverksamhet. Den st\u00f6rsta andelen g\u00e5r direkt till den lokala f\u00f6reningen d.v.s. scoutk\u00e5ren. Hela 74% av int\u00e4kterna anv\u00e4nds f\u00f6r att st\u00f6da den lokala och regionala verksamheten via scoutk\u00e5rerna och de finskspr\u00e5kiga distrikten. F\u00f6rbundet Finlands Svenska Scouter koordinerar den nationella svenskspr\u00e5kiga verksamheten. Varje scoutk\u00e5r st\u00e4ller upp egna f\u00f6rs\u00e4ljningsm\u00e5l och besluter sj\u00e4lv hur de anv\u00e4nder int\u00e4kterna.<\/p>\n<p>Adventskalenderkampanjen \u00e4r v\u00e5r viktigaste medelsinsamlingskampanj, d\u00e4r scouter i alla \u00e5ldrar deltar f\u00f6r att l\u00e4ra sig redan i tidig \u00e5lder hur f\u00f6rs\u00e4ljningsarbetet f\u00f6rverkligas i talkoanda. H\u00e4r nedan har vi samlat n\u00e5gra exempel p\u00e5 hur scoutk\u00e5rerna anv\u00e4nder int\u00e4kterna fr\u00e5n adventskalenderkampanjen.<\/p>\n","protected":false},"excerpt":{"rendered":"<p>Scouternas adventskalender \u00e4r en v\u00e4lg\u00f6renhetsprodukt Genom att k\u00f6pa scouternas adventskalender<\/p>\n","protected":false},"author":1,"featured_media":1035,"parent":0,"menu_order":3,"comment_status":"closed","ping_status":"closed","template":"","meta":{"_acf_changed":false,"footnotes":""},"class_list":["post-1082","page","type-page","status-publish","has-post-thumbnail","hentry"],"acf":[],"yoast_head":"<!-- This site is optimized with the Yoast SEO plugin v27.3 - https:\/\/yoast.com\/product\/yoast-seo-wordpress\/ -->\n<title>Anv\u00e4ndning av int\u00e4kter &#8211; Scouternas adventskalender<\/title>\n<meta name=\"description\" content=\"H\u00e4r har vi samlat n\u00e5gra exempel p\u00e5 hur scoutk\u00e5rerna anv\u00e4nder int\u00e4kterna fr\u00e5n adventskalenderkampanjen.\" \/>\n<meta name=\"robots\" content=\"index, follow, max-snippet:-1, max-image-preview:large, max-video-preview:-1\" \/>\n<link rel=\"canonical\" href=\"https:\/\/www.adventtikalenteri.fi\/sv\/intakter\/\" \/>\n<meta property=\"og:locale\" content=\"sv_SE\" \/>\n<meta property=\"og:type\" content=\"article\" \/>\n<meta property=\"og:title\" content=\"Anv\u00e4ndning av int\u00e4kter &#8211; Scouternas adventskalender\" \/>\n<meta property=\"og:description\" content=\"H\u00e4r har vi samlat n\u00e5gra exempel p\u00e5 hur scoutk\u00e5rerna anv\u00e4nder int\u00e4kterna fr\u00e5n adventskalenderkampanjen.\" \/>\n<meta property=\"og:url\" content=\"https:\/\/www.adventtikalenteri.fi\/sv\/intakter\/\" \/>\n<meta property=\"og:site_name\" content=\"Scouternas adventskalender\" \/>\n<meta property=\"article:modified_time\" content=\"2022-10-14T12:03:45+00:00\" \/>\n<meta property=\"og:image\" content=\"https:\/\/www.adventtikalenteri.fi\/wp-content\/uploads\/2019\/09\/otsamon-vaellus-piikkion-tammipartio.jpg\" \/>\n\t<meta property=\"og:image:width\" content=\"960\" \/>\n\t<meta property=\"og:image:height\" content=\"637\" \/>\n\t<meta property=\"og:image:type\" content=\"image\/jpeg\" \/>\n<meta name=\"twitter:card\" content=\"summary_large_image\" \/>\n<meta name=\"twitter:label1\" content=\"Ber\u00e4knad l\u00e4stid\" \/>\n\t<meta name=\"twitter:data1\" content=\"1 minut\" \/>\n<script type=\"application\/ld+json\" class=\"yoast-schema-graph\">{\"@context\":\"https:\\\/\\\/schema.org\",\"@graph\":[{\"@type\":\"WebPage\",\"@id\":\"https:\\\/\\\/www.adventtikalenteri.fi\\\/sv\\\/intakter\\\/\",\"url\":\"https:\\\/\\\/www.adventtikalenteri.fi\\\/sv\\\/intakter\\\/\",\"name\":\"Anv\u00e4ndning av int\u00e4kter &#8211; Scouternas adventskalender\",\"isPartOf\":{\"@id\":\"https:\\\/\\\/www.adventtikalenteri.fi\\\/sv\\\/#website\"},\"primaryImageOfPage\":{\"@id\":\"https:\\\/\\\/www.adventtikalenteri.fi\\\/sv\\\/intakter\\\/#primaryimage\"},\"image\":{\"@id\":\"https:\\\/\\\/www.adventtikalenteri.fi\\\/sv\\\/intakter\\\/#primaryimage\"},\"thumbnailUrl\":\"https:\\\/\\\/www.adventtikalenteri.fi\\\/wp-content\\\/uploads\\\/2019\\\/09\\\/otsamon-vaellus-piikkion-tammipartio.jpg\",\"datePublished\":\"2019-07-08T09:18:45+00:00\",\"dateModified\":\"2022-10-14T12:03:45+00:00\",\"description\":\"H\u00e4r har vi samlat n\u00e5gra exempel p\u00e5 hur scoutk\u00e5rerna anv\u00e4nder int\u00e4kterna fr\u00e5n adventskalenderkampanjen.\",\"breadcrumb\":{\"@id\":\"https:\\\/\\\/www.adventtikalenteri.fi\\\/sv\\\/intakter\\\/#breadcrumb\"},\"inLanguage\":\"sv-SE\",\"potentialAction\":[{\"@type\":\"ReadAction\",\"target\":[\"https:\\\/\\\/www.adventtikalenteri.fi\\\/sv\\\/intakter\\\/\"]}]},{\"@type\":\"ImageObject\",\"inLanguage\":\"sv-SE\",\"@id\":\"https:\\\/\\\/www.adventtikalenteri.fi\\\/sv\\\/intakter\\\/#primaryimage\",\"url\":\"https:\\\/\\\/www.adventtikalenteri.fi\\\/wp-content\\\/uploads\\\/2019\\\/09\\\/otsamon-vaellus-piikkion-tammipartio.jpg\",\"contentUrl\":\"https:\\\/\\\/www.adventtikalenteri.fi\\\/wp-content\\\/uploads\\\/2019\\\/09\\\/otsamon-vaellus-piikkion-tammipartio.jpg\",\"width\":960,\"height\":637,\"caption\":\"otsamon vaellus piikkion tammipartio\"},{\"@type\":\"BreadcrumbList\",\"@id\":\"https:\\\/\\\/www.adventtikalenteri.fi\\\/sv\\\/intakter\\\/#breadcrumb\",\"itemListElement\":[{\"@type\":\"ListItem\",\"position\":1,\"name\":\"Etusivu\",\"item\":\"https:\\\/\\\/www.adventtikalenteri.fi\\\/sv\\\/\"},{\"@type\":\"ListItem\",\"position\":2,\"name\":\"Anv\u00e4ndning av int\u00e4kter\"}]},{\"@type\":\"WebSite\",\"@id\":\"https:\\\/\\\/www.adventtikalenteri.fi\\\/sv\\\/#website\",\"url\":\"https:\\\/\\\/www.adventtikalenteri.fi\\\/sv\\\/\",\"name\":\"Scouternas adventskalender\",\"description\":\"\",\"potentialAction\":[{\"@type\":\"SearchAction\",\"target\":{\"@type\":\"EntryPoint\",\"urlTemplate\":\"https:\\\/\\\/www.adventtikalenteri.fi\\\/sv\\\/?s={search_term_string}\"},\"query-input\":{\"@type\":\"PropertyValueSpecification\",\"valueRequired\":true,\"valueName\":\"search_term_string\"}}],\"inLanguage\":\"sv-SE\"}]}<\/script>\n<!-- \/ Yoast SEO plugin. -->","yoast_head_json":{"title":"Anv\u00e4ndning av int\u00e4kter &#8211; Scouternas adventskalender","description":"H\u00e4r har vi samlat n\u00e5gra exempel p\u00e5 hur scoutk\u00e5rerna anv\u00e4nder int\u00e4kterna fr\u00e5n adventskalenderkampanjen.","robots":{"index":"index","follow":"follow","max-snippet":"max-snippet:-1","max-image-preview":"max-image-preview:large","max-video-preview":"max-video-preview:-1"},"canonical":"https:\/\/www.adventtikalenteri.fi\/sv\/intakter\/","og_locale":"sv_SE","og_type":"article","og_title":"Anv\u00e4ndning av int\u00e4kter &#8211; Scouternas adventskalender","og_description":"H\u00e4r har vi samlat n\u00e5gra exempel p\u00e5 hur scoutk\u00e5rerna anv\u00e4nder int\u00e4kterna fr\u00e5n adventskalenderkampanjen.","og_url":"https:\/\/www.adventtikalenteri.fi\/sv\/intakter\/","og_site_name":"Scouternas adventskalender","article_modified_time":"2022-10-14T12:03:45+00:00","og_image":[{"width":960,"height":637,"url":"https:\/\/www.adventtikalenteri.fi\/wp-content\/uploads\/2019\/09\/otsamon-vaellus-piikkion-tammipartio.jpg","type":"image\/jpeg"}],"twitter_card":"summary_large_image","twitter_misc":{"Ber\u00e4knad l\u00e4stid":"1 minut"},"schema":{"@context":"https:\/\/schema.org","@graph":[{"@type":"WebPage","@id":"https:\/\/www.adventtikalenteri.fi\/sv\/intakter\/","url":"https:\/\/www.adventtikalenteri.fi\/sv\/intakter\/","name":"Anv\u00e4ndning av int\u00e4kter &#8211; Scouternas adventskalender","isPartOf":{"@id":"https:\/\/www.adventtikalenteri.fi\/sv\/#website"},"primaryImageOfPage":{"@id":"https:\/\/www.adventtikalenteri.fi\/sv\/intakter\/#primaryimage"},"image":{"@id":"https:\/\/www.adventtikalenteri.fi\/sv\/intakter\/#primaryimage"},"thumbnailUrl":"https:\/\/www.adventtikalenteri.fi\/wp-content\/uploads\/2019\/09\/otsamon-vaellus-piikkion-tammipartio.jpg","datePublished":"2019-07-08T09:18:45+00:00","dateModified":"2022-10-14T12:03:45+00:00","description":"H\u00e4r har vi samlat n\u00e5gra exempel p\u00e5 hur scoutk\u00e5rerna anv\u00e4nder int\u00e4kterna fr\u00e5n adventskalenderkampanjen.","breadcrumb":{"@id":"https:\/\/www.adventtikalenteri.fi\/sv\/intakter\/#breadcrumb"},"inLanguage":"sv-SE","potentialAction":[{"@type":"ReadAction","target":["https:\/\/www.adventtikalenteri.fi\/sv\/intakter\/"]}]},{"@type":"ImageObject","inLanguage":"sv-SE","@id":"https:\/\/www.adventtikalenteri.fi\/sv\/intakter\/#primaryimage","url":"https:\/\/www.adventtikalenteri.fi\/wp-content\/uploads\/2019\/09\/otsamon-vaellus-piikkion-tammipartio.jpg","contentUrl":"https:\/\/www.adventtikalenteri.fi\/wp-content\/uploads\/2019\/09\/otsamon-vaellus-piikkion-tammipartio.jpg","width":960,"height":637,"caption":"otsamon vaellus piikkion tammipartio"},{"@type":"BreadcrumbList","@id":"https:\/\/www.adventtikalenteri.fi\/sv\/intakter\/#breadcrumb","itemListElement":[{"@type":"ListItem","position":1,"name":"Etusivu","item":"https:\/\/www.adventtikalenteri.fi\/sv\/"},{"@type":"ListItem","position":2,"name":"Anv\u00e4ndning av int\u00e4kter"}]},{"@type":"WebSite","@id":"https:\/\/www.adventtikalenteri.fi\/sv\/#website","url":"https:\/\/www.adventtikalenteri.fi\/sv\/","name":"Scouternas adventskalender","description":"","potentialAction":[{"@type":"SearchAction","target":{"@type":"EntryPoint","urlTemplate":"https:\/\/www.adventtikalenteri.fi\/sv\/?s={search_term_string}"},"query-input":{"@type":"PropertyValueSpecification","valueRequired":true,"valueName":"search_term_string"}}],"inLanguage":"sv-SE"}]}},"_links":{"self":[{"href":"https:\/\/www.adventtikalenteri.fi\/sv\/wp-json\/wp\/v2\/pages\/1082","targetHints":{"allow":["GET"]}}],"collection":[{"href":"https:\/\/www.adventtikalenteri.fi\/sv\/wp-json\/wp\/v2\/pages"}],"about":[{"href":"https:\/\/www.adventtikalenteri.fi\/sv\/wp-json\/wp\/v2\/types\/page"}],"author":[{"embeddable":true,"href":"https:\/\/www.adventtikalenteri.fi\/sv\/wp-json\/wp\/v2\/users\/1"}],"replies":[{"embeddable":true,"href":"https:\/\/www.adventtikalenteri.fi\/sv\/wp-json\/wp\/v2\/comments?post=1082"}],"version-history":[{"count":7,"href":"https:\/\/www.adventtikalenteri.fi\/sv\/wp-json\/wp\/v2\/pages\/1082\/revisions"}],"predecessor-version":[{"id":2987,"href":"https:\/\/www.adventtikalenteri.fi\/sv\/wp-json\/wp\/v2\/pages\/1082\/revisions\/2987"}],"wp:featuredmedia":[{"embeddable":true,"href":"https:\/\/www.adventtikalenteri.fi\/sv\/wp-json\/wp\/v2\/media\/1035"}],"wp:attachment":[{"href":"https:\/\/www.adventtikalenteri.fi\/sv\/wp-json\/wp\/v2\/media?parent=1082"}],"curies":[{"name":"wp","href":"https:\/\/api.w.org\/{rel}","templated":true}]}}