{"id":1085,"date":"2019-09-26T16:10:28","date_gmt":"2019-09-26T13:10:28","guid":{"rendered":"https:\/\/www.adventtikalenteri.fi\/?page_id=1085"},"modified":"2022-11-02T10:24:29","modified_gmt":"2022-11-02T08:24:29","slug":"galleri","status":"publish","type":"page","link":"https:\/\/www.adventtikalenteri.fi\/sv\/galleri\/","title":{"rendered":"Galleri"},"content":{"rendered":"<p style=\"text-align: center\"><span class=\"TextRun SCXW17739512 BCX0\" lang=\"SV-FI\" xml:lang=\"SV-FI\" data-contrast=\"auto\"><span class=\"NormalTextRun SCXW17739512 BCX0\">Scouternas adventskalender har spritt julgl\u00e4dje redan i \u00f6ver 70 \u00e5r! De finl\u00e4ndska scoutflickorna h\u00e4mtade traditionen till Finland \u00e5r 1947 och har d\u00e4refter utkommit \u00e5rligen. H\u00e4r p\u00e5 sidan kan du se bilder p\u00e5 alla kalendrar genom tiderna.<\/span><\/span><\/p>\n\n\n<p><\/p>\n","protected":false},"excerpt":{"rendered":"<p>Scouternas adventskalender har spritt julgl\u00e4dje redan i \u00f6ver 70 \u00e5r!<\/p>\n","protected":false},"author":3,"featured_media":4027,"parent":0,"menu_order":10,"comment_status":"closed","ping_status":"closed","template":"","meta":{"_acf_changed":false,"footnotes":""},"class_list":["post-1085","page","type-page","status-publish","has-post-thumbnail","hentry"],"acf":[],"yoast_head":"<!-- This site is optimized with the Yoast SEO plugin v27.3 - https:\/\/yoast.com\/product\/yoast-seo-wordpress\/ -->\n<title>Galleri &#8211; Scouternas Adventskalender 2022<\/title>\n<meta name=\"robots\" content=\"index, follow, max-snippet:-1, max-image-preview:large, max-video-preview:-1\" \/>\n<link rel=\"canonical\" href=\"https:\/\/www.adventtikalenteri.fi\/sv\/galleri\/\" \/>\n<meta property=\"og:locale\" content=\"sv_SE\" \/>\n<meta property=\"og:type\" content=\"article\" \/>\n<meta property=\"og:title\" content=\"Galleri &#8211; Scouternas Adventskalender 2022\" \/>\n<meta property=\"og:description\" content=\"Scouternas adventskalender har spritt julgl\u00e4dje redan i \u00f6ver 70 \u00e5r!\" \/>\n<meta property=\"og:url\" content=\"https:\/\/www.adventtikalenteri.fi\/sv\/galleri\/\" \/>\n<meta property=\"og:site_name\" content=\"Scouternas adventskalender\" \/>\n<meta property=\"article:modified_time\" content=\"2022-11-02T08:24:29+00:00\" \/>\n<meta property=\"og:image\" content=\"https:\/\/www.adventtikalenteri.fi\/wp-content\/uploads\/2025\/08\/Adventtikalenteri25_NettaHautamaki-8-scaled.jpg\" \/>\n\t<meta property=\"og:image:width\" content=\"2560\" \/>\n\t<meta property=\"og:image:height\" content=\"1344\" \/>\n\t<meta property=\"og:image:type\" content=\"image\/jpeg\" \/>\n<meta name=\"twitter:card\" content=\"summary_large_image\" \/>\n<meta name=\"twitter:label1\" content=\"Ber\u00e4knad l\u00e4stid\" \/>\n\t<meta name=\"twitter:data1\" content=\"1 minut\" \/>\n<script type=\"application\/ld+json\" class=\"yoast-schema-graph\">{\"@context\":\"https:\\\/\\\/schema.org\",\"@graph\":[{\"@type\":\"WebPage\",\"@id\":\"https:\\\/\\\/www.adventtikalenteri.fi\\\/sv\\\/galleri\\\/\",\"url\":\"https:\\\/\\\/www.adventtikalenteri.fi\\\/sv\\\/galleri\\\/\",\"name\":\"Galleri &#8211; Scouternas Adventskalender 2022\",\"isPartOf\":{\"@id\":\"https:\\\/\\\/www.adventtikalenteri.fi\\\/sv\\\/#website\"},\"primaryImageOfPage\":{\"@id\":\"https:\\\/\\\/www.adventtikalenteri.fi\\\/sv\\\/galleri\\\/#primaryimage\"},\"image\":{\"@id\":\"https:\\\/\\\/www.adventtikalenteri.fi\\\/sv\\\/galleri\\\/#primaryimage\"},\"thumbnailUrl\":\"https:\\\/\\\/www.adventtikalenteri.fi\\\/wp-content\\\/uploads\\\/2024\\\/08\\\/Advis2024_NettaHautamaki_kalenteri4.jpg\",\"datePublished\":\"2019-09-26T13:10:28+00:00\",\"dateModified\":\"2022-11-02T08:24:29+00:00\",\"breadcrumb\":{\"@id\":\"https:\\\/\\\/www.adventtikalenteri.fi\\\/sv\\\/galleri\\\/#breadcrumb\"},\"inLanguage\":\"sv-SE\",\"potentialAction\":[{\"@type\":\"ReadAction\",\"target\":[\"https:\\\/\\\/www.adventtikalenteri.fi\\\/sv\\\/galleri\\\/\"]}]},{\"@type\":\"ImageObject\",\"inLanguage\":\"sv-SE\",\"@id\":\"https:\\\/\\\/www.adventtikalenteri.fi\\\/sv\\\/galleri\\\/#primaryimage\",\"url\":\"https:\\\/\\\/www.adventtikalenteri.fi\\\/wp-content\\\/uploads\\\/2024\\\/08\\\/Advis2024_NettaHautamaki_kalenteri4.jpg\",\"contentUrl\":\"https:\\\/\\\/www.adventtikalenteri.fi\\\/wp-content\\\/uploads\\\/2024\\\/08\\\/Advis2024_NettaHautamaki_kalenteri4.jpg\",\"width\":2300,\"height\":1533},{\"@type\":\"BreadcrumbList\",\"@id\":\"https:\\\/\\\/www.adventtikalenteri.fi\\\/sv\\\/galleri\\\/#breadcrumb\",\"itemListElement\":[{\"@type\":\"ListItem\",\"position\":1,\"name\":\"Etusivu\",\"item\":\"https:\\\/\\\/www.adventtikalenteri.fi\\\/sv\\\/\"},{\"@type\":\"ListItem\",\"position\":2,\"name\":\"Galleri\"}]},{\"@type\":\"WebSite\",\"@id\":\"https:\\\/\\\/www.adventtikalenteri.fi\\\/sv\\\/#website\",\"url\":\"https:\\\/\\\/www.adventtikalenteri.fi\\\/sv\\\/\",\"name\":\"Scouternas adventskalender\",\"description\":\"\",\"potentialAction\":[{\"@type\":\"SearchAction\",\"target\":{\"@type\":\"EntryPoint\",\"urlTemplate\":\"https:\\\/\\\/www.adventtikalenteri.fi\\\/sv\\\/?s={search_term_string}\"},\"query-input\":{\"@type\":\"PropertyValueSpecification\",\"valueRequired\":true,\"valueName\":\"search_term_string\"}}],\"inLanguage\":\"sv-SE\"}]}<\/script>\n<!-- \/ Yoast SEO plugin. -->","yoast_head_json":{"title":"Galleri &#8211; Scouternas Adventskalender 2022","robots":{"index":"index","follow":"follow","max-snippet":"max-snippet:-1","max-image-preview":"max-image-preview:large","max-video-preview":"max-video-preview:-1"},"canonical":"https:\/\/www.adventtikalenteri.fi\/sv\/galleri\/","og_locale":"sv_SE","og_type":"article","og_title":"Galleri &#8211; Scouternas Adventskalender 2022","og_description":"Scouternas adventskalender har spritt julgl\u00e4dje redan i \u00f6ver 70 \u00e5r!","og_url":"https:\/\/www.adventtikalenteri.fi\/sv\/galleri\/","og_site_name":"Scouternas adventskalender","article_modified_time":"2022-11-02T08:24:29+00:00","og_image":[{"width":2560,"height":1344,"url":"https:\/\/www.adventtikalenteri.fi\/wp-content\/uploads\/2025\/08\/Adventtikalenteri25_NettaHautamaki-8-scaled.jpg","type":"image\/jpeg"}],"twitter_card":"summary_large_image","twitter_misc":{"Ber\u00e4knad l\u00e4stid":"1 minut"},"schema":{"@context":"https:\/\/schema.org","@graph":[{"@type":"WebPage","@id":"https:\/\/www.adventtikalenteri.fi\/sv\/galleri\/","url":"https:\/\/www.adventtikalenteri.fi\/sv\/galleri\/","name":"Galleri &#8211; Scouternas Adventskalender 2022","isPartOf":{"@id":"https:\/\/www.adventtikalenteri.fi\/sv\/#website"},"primaryImageOfPage":{"@id":"https:\/\/www.adventtikalenteri.fi\/sv\/galleri\/#primaryimage"},"image":{"@id":"https:\/\/www.adventtikalenteri.fi\/sv\/galleri\/#primaryimage"},"thumbnailUrl":"https:\/\/www.adventtikalenteri.fi\/wp-content\/uploads\/2024\/08\/Advis2024_NettaHautamaki_kalenteri4.jpg","datePublished":"2019-09-26T13:10:28+00:00","dateModified":"2022-11-02T08:24:29+00:00","breadcrumb":{"@id":"https:\/\/www.adventtikalenteri.fi\/sv\/galleri\/#breadcrumb"},"inLanguage":"sv-SE","potentialAction":[{"@type":"ReadAction","target":["https:\/\/www.adventtikalenteri.fi\/sv\/galleri\/"]}]},{"@type":"ImageObject","inLanguage":"sv-SE","@id":"https:\/\/www.adventtikalenteri.fi\/sv\/galleri\/#primaryimage","url":"https:\/\/www.adventtikalenteri.fi\/wp-content\/uploads\/2024\/08\/Advis2024_NettaHautamaki_kalenteri4.jpg","contentUrl":"https:\/\/www.adventtikalenteri.fi\/wp-content\/uploads\/2024\/08\/Advis2024_NettaHautamaki_kalenteri4.jpg","width":2300,"height":1533},{"@type":"BreadcrumbList","@id":"https:\/\/www.adventtikalenteri.fi\/sv\/galleri\/#breadcrumb","itemListElement":[{"@type":"ListItem","position":1,"name":"Etusivu","item":"https:\/\/www.adventtikalenteri.fi\/sv\/"},{"@type":"ListItem","position":2,"name":"Galleri"}]},{"@type":"WebSite","@id":"https:\/\/www.adventtikalenteri.fi\/sv\/#website","url":"https:\/\/www.adventtikalenteri.fi\/sv\/","name":"Scouternas adventskalender","description":"","potentialAction":[{"@type":"SearchAction","target":{"@type":"EntryPoint","urlTemplate":"https:\/\/www.adventtikalenteri.fi\/sv\/?s={search_term_string}"},"query-input":{"@type":"PropertyValueSpecification","valueRequired":true,"valueName":"search_term_string"}}],"inLanguage":"sv-SE"}]}},"_links":{"self":[{"href":"https:\/\/www.adventtikalenteri.fi\/sv\/wp-json\/wp\/v2\/pages\/1085","targetHints":{"allow":["GET"]}}],"collection":[{"href":"https:\/\/www.adventtikalenteri.fi\/sv\/wp-json\/wp\/v2\/pages"}],"about":[{"href":"https:\/\/www.adventtikalenteri.fi\/sv\/wp-json\/wp\/v2\/types\/page"}],"author":[{"embeddable":true,"href":"https:\/\/www.adventtikalenteri.fi\/sv\/wp-json\/wp\/v2\/users\/3"}],"replies":[{"embeddable":true,"href":"https:\/\/www.adventtikalenteri.fi\/sv\/wp-json\/wp\/v2\/comments?post=1085"}],"version-history":[{"count":6,"href":"https:\/\/www.adventtikalenteri.fi\/sv\/wp-json\/wp\/v2\/pages\/1085\/revisions"}],"predecessor-version":[{"id":3052,"href":"https:\/\/www.adventtikalenteri.fi\/sv\/wp-json\/wp\/v2\/pages\/1085\/revisions\/3052"}],"wp:featuredmedia":[{"embeddable":true,"href":"https:\/\/www.adventtikalenteri.fi\/sv\/wp-json\/wp\/v2\/media\/4027"}],"wp:attachment":[{"href":"https:\/\/www.adventtikalenteri.fi\/sv\/wp-json\/wp\/v2\/media?parent=1085"}],"curies":[{"name":"wp","href":"https:\/\/api.w.org\/{rel}","templated":true}]}}