{"id":1394,"date":"2019-07-08T12:24:53","date_gmt":"2019-07-08T09:24:53","guid":{"rendered":"https:\/\/www.adventtikalenteri.fi\/tietosuoja\/"},"modified":"2019-09-27T10:19:57","modified_gmt":"2019-09-27T07:19:57","slug":"dataskydd","status":"publish","type":"page","link":"https:\/\/www.adventtikalenteri.fi\/sv\/dataskydd\/","title":{"rendered":"Dataskydd"},"content":{"rendered":"<h1>Tietojesi suojaaminen on meille t\u00e4rke\u00e4\u00e4<\/h1>\n<p><span class=\"TextRun BCX0 SCXW124157525\" lang=\"FI\" xml:lang=\"FI\" data-contrast=\"auto\"><span class=\"NormalTextRun BCX0 SCXW124157525\">Jotta pystymme k\u00e4sittelem\u00e4\u00e4n tilauksen ja toimittamaan verkosta tilaamasi adventtikalenterin, tallennamme tilauksen yhteydess\u00e4 annettuja verkkokaupan asiakkaiden henkil\u00f6tietoja partion asiakasrekisteriin. N\u00e4it\u00e4 tietoja ovat nimi, l\u00e4hiosoite sek\u00e4 postinumero ja -toimipaikka sek\u00e4 s\u00e4hk\u00f6postiosoite.<\/span><\/span><\/p>\n<p>Emme ker\u00e4\u00e4\u00a0<span class=\"TextRun SCXW191977497 BCX0\" lang=\"FI\" xml:lang=\"FI\" data-contrast=\"auto\"><span class=\"NormalTextRun SCXW191977497 BCX0\">muita tietoja, emmek\u00e4 k\u00e4yt\u00e4 henkil\u00f6tietoja muihin tarkoituksiin, kuten markkinointiin ilman tilauksen yhteydess\u00e4 annettua suostumusta. Sinulla on milloin tahansa oikeus tarkistaa omat tietosi ja vaatia niiden poistamista asiakasrekisterist\u00e4mme.<\/span><\/span><\/p>\n<h3>Adventtikalenteri.fi -sivuston k\u00e4ytt\u00e4m\u00e4t ev\u00e4steet<\/h3>\n<p>Seuraamme verkkosivustomme k\u00e4ytt\u00f6\u00e4 ev\u00e4steill\u00e4. Ev\u00e4steet ovat pieni\u00e4 tekstitiedostoja, jotka tallennetaan tietokoneellesi tai muulle p\u00e4\u00e4telaitteellesi, kun k\u00e4yt verkkosivulla. Jokaisella my\u00f6hemm\u00e4ll\u00e4 vierailukerrallasi ne l\u00e4hetet\u00e4\u00e4n takaisin verkkosivullemme tai toiselle verkkosivulle, joka tunnistaa ev\u00e4steen.<\/p>\n<p dir=\"ltr\">Ev\u00e4steiden avulla pystymme mm. tunnistamaan laitteesi palatessasi sivulle, muistamaan mieltymyksesi ja valintasi, parantamaan k\u00e4ytt\u00f6kokemustasi sek\u00e4 mukauttamaan mainoksiamme sivuillamme sek\u00e4 mahdollisissa muissa palveluissa.<\/p>\n","protected":false},"excerpt":{"rendered":"<p>Tietojesi suojaaminen on meille t\u00e4rke\u00e4\u00e4 Jotta pystymme k\u00e4sittelem\u00e4\u00e4n tilauksen ja<\/p>\n","protected":false},"author":1,"featured_media":0,"parent":0,"menu_order":100,"comment_status":"closed","ping_status":"closed","template":"","meta":{"_acf_changed":false,"footnotes":""},"class_list":["post-1394","page","type-page","status-publish","hentry"],"acf":[],"yoast_head":"<!-- This site is optimized with the Yoast SEO plugin v27.3 - https:\/\/yoast.com\/product\/yoast-seo-wordpress\/ -->\n<title>Dataskydd &#8211; Scouternas adventskalender<\/title>\n<meta name=\"robots\" content=\"index, follow, max-snippet:-1, max-image-preview:large, max-video-preview:-1\" \/>\n<link rel=\"canonical\" href=\"https:\/\/www.adventtikalenteri.fi\/sv\/dataskydd\/\" \/>\n<meta property=\"og:locale\" content=\"sv_SE\" \/>\n<meta property=\"og:type\" content=\"article\" \/>\n<meta property=\"og:title\" content=\"Dataskydd &#8211; Scouternas adventskalender\" \/>\n<meta property=\"og:description\" content=\"Tietojesi suojaaminen on meille t\u00e4rke\u00e4\u00e4 Jotta pystymme k\u00e4sittelem\u00e4\u00e4n tilauksen ja\" \/>\n<meta property=\"og:url\" content=\"https:\/\/www.adventtikalenteri.fi\/sv\/dataskydd\/\" \/>\n<meta property=\"og:site_name\" content=\"Scouternas adventskalender\" \/>\n<meta property=\"article:modified_time\" content=\"2019-09-27T07:19:57+00:00\" \/>\n<meta property=\"og:image\" content=\"https:\/\/www.adventtikalenteri.fi\/wp-content\/uploads\/2025\/08\/Adventtikalenteri25_NettaHautamaki-8-scaled.jpg\" \/>\n\t<meta property=\"og:image:width\" content=\"2560\" \/>\n\t<meta property=\"og:image:height\" content=\"1344\" \/>\n\t<meta property=\"og:image:type\" content=\"image\/jpeg\" \/>\n<meta name=\"twitter:card\" content=\"summary_large_image\" \/>\n<meta name=\"twitter:label1\" content=\"Ber\u00e4knad l\u00e4stid\" \/>\n\t<meta name=\"twitter:data1\" content=\"1 minut\" \/>\n<script type=\"application\/ld+json\" class=\"yoast-schema-graph\">{\"@context\":\"https:\\\/\\\/schema.org\",\"@graph\":[{\"@type\":\"WebPage\",\"@id\":\"https:\\\/\\\/www.adventtikalenteri.fi\\\/sv\\\/dataskydd\\\/\",\"url\":\"https:\\\/\\\/www.adventtikalenteri.fi\\\/sv\\\/dataskydd\\\/\",\"name\":\"Dataskydd &#8211; Scouternas adventskalender\",\"isPartOf\":{\"@id\":\"https:\\\/\\\/www.adventtikalenteri.fi\\\/sv\\\/#website\"},\"datePublished\":\"2019-07-08T09:24:53+00:00\",\"dateModified\":\"2019-09-27T07:19:57+00:00\",\"breadcrumb\":{\"@id\":\"https:\\\/\\\/www.adventtikalenteri.fi\\\/sv\\\/dataskydd\\\/#breadcrumb\"},\"inLanguage\":\"sv-SE\",\"potentialAction\":[{\"@type\":\"ReadAction\",\"target\":[\"https:\\\/\\\/www.adventtikalenteri.fi\\\/sv\\\/dataskydd\\\/\"]}]},{\"@type\":\"BreadcrumbList\",\"@id\":\"https:\\\/\\\/www.adventtikalenteri.fi\\\/sv\\\/dataskydd\\\/#breadcrumb\",\"itemListElement\":[{\"@type\":\"ListItem\",\"position\":1,\"name\":\"Etusivu\",\"item\":\"https:\\\/\\\/www.adventtikalenteri.fi\\\/sv\\\/\"},{\"@type\":\"ListItem\",\"position\":2,\"name\":\"Dataskydd\"}]},{\"@type\":\"WebSite\",\"@id\":\"https:\\\/\\\/www.adventtikalenteri.fi\\\/sv\\\/#website\",\"url\":\"https:\\\/\\\/www.adventtikalenteri.fi\\\/sv\\\/\",\"name\":\"Scouternas adventskalender\",\"description\":\"\",\"potentialAction\":[{\"@type\":\"SearchAction\",\"target\":{\"@type\":\"EntryPoint\",\"urlTemplate\":\"https:\\\/\\\/www.adventtikalenteri.fi\\\/sv\\\/?s={search_term_string}\"},\"query-input\":{\"@type\":\"PropertyValueSpecification\",\"valueRequired\":true,\"valueName\":\"search_term_string\"}}],\"inLanguage\":\"sv-SE\"}]}<\/script>\n<!-- \/ Yoast SEO plugin. -->","yoast_head_json":{"title":"Dataskydd &#8211; Scouternas adventskalender","robots":{"index":"index","follow":"follow","max-snippet":"max-snippet:-1","max-image-preview":"max-image-preview:large","max-video-preview":"max-video-preview:-1"},"canonical":"https:\/\/www.adventtikalenteri.fi\/sv\/dataskydd\/","og_locale":"sv_SE","og_type":"article","og_title":"Dataskydd &#8211; Scouternas adventskalender","og_description":"Tietojesi suojaaminen on meille t\u00e4rke\u00e4\u00e4 Jotta pystymme k\u00e4sittelem\u00e4\u00e4n tilauksen ja","og_url":"https:\/\/www.adventtikalenteri.fi\/sv\/dataskydd\/","og_site_name":"Scouternas adventskalender","article_modified_time":"2019-09-27T07:19:57+00:00","og_image":[{"width":2560,"height":1344,"url":"https:\/\/www.adventtikalenteri.fi\/wp-content\/uploads\/2025\/08\/Adventtikalenteri25_NettaHautamaki-8-scaled.jpg","type":"image\/jpeg"}],"twitter_card":"summary_large_image","twitter_misc":{"Ber\u00e4knad l\u00e4stid":"1 minut"},"schema":{"@context":"https:\/\/schema.org","@graph":[{"@type":"WebPage","@id":"https:\/\/www.adventtikalenteri.fi\/sv\/dataskydd\/","url":"https:\/\/www.adventtikalenteri.fi\/sv\/dataskydd\/","name":"Dataskydd &#8211; Scouternas adventskalender","isPartOf":{"@id":"https:\/\/www.adventtikalenteri.fi\/sv\/#website"},"datePublished":"2019-07-08T09:24:53+00:00","dateModified":"2019-09-27T07:19:57+00:00","breadcrumb":{"@id":"https:\/\/www.adventtikalenteri.fi\/sv\/dataskydd\/#breadcrumb"},"inLanguage":"sv-SE","potentialAction":[{"@type":"ReadAction","target":["https:\/\/www.adventtikalenteri.fi\/sv\/dataskydd\/"]}]},{"@type":"BreadcrumbList","@id":"https:\/\/www.adventtikalenteri.fi\/sv\/dataskydd\/#breadcrumb","itemListElement":[{"@type":"ListItem","position":1,"name":"Etusivu","item":"https:\/\/www.adventtikalenteri.fi\/sv\/"},{"@type":"ListItem","position":2,"name":"Dataskydd"}]},{"@type":"WebSite","@id":"https:\/\/www.adventtikalenteri.fi\/sv\/#website","url":"https:\/\/www.adventtikalenteri.fi\/sv\/","name":"Scouternas adventskalender","description":"","potentialAction":[{"@type":"SearchAction","target":{"@type":"EntryPoint","urlTemplate":"https:\/\/www.adventtikalenteri.fi\/sv\/?s={search_term_string}"},"query-input":{"@type":"PropertyValueSpecification","valueRequired":true,"valueName":"search_term_string"}}],"inLanguage":"sv-SE"}]}},"_links":{"self":[{"href":"https:\/\/www.adventtikalenteri.fi\/sv\/wp-json\/wp\/v2\/pages\/1394","targetHints":{"allow":["GET"]}}],"collection":[{"href":"https:\/\/www.adventtikalenteri.fi\/sv\/wp-json\/wp\/v2\/pages"}],"about":[{"href":"https:\/\/www.adventtikalenteri.fi\/sv\/wp-json\/wp\/v2\/types\/page"}],"author":[{"embeddable":true,"href":"https:\/\/www.adventtikalenteri.fi\/sv\/wp-json\/wp\/v2\/users\/1"}],"replies":[{"embeddable":true,"href":"https:\/\/www.adventtikalenteri.fi\/sv\/wp-json\/wp\/v2\/comments?post=1394"}],"version-history":[{"count":2,"href":"https:\/\/www.adventtikalenteri.fi\/sv\/wp-json\/wp\/v2\/pages\/1394\/revisions"}],"predecessor-version":[{"id":1396,"href":"https:\/\/www.adventtikalenteri.fi\/sv\/wp-json\/wp\/v2\/pages\/1394\/revisions\/1396"}],"wp:attachment":[{"href":"https:\/\/www.adventtikalenteri.fi\/sv\/wp-json\/wp\/v2\/media?parent=1394"}],"curies":[{"name":"wp","href":"https:\/\/api.w.org\/{rel}","templated":true}]}}