{"id":1808,"date":"2020-09-25T13:35:16","date_gmt":"2020-09-25T10:35:16","guid":{"rendered":"https:\/\/www.adventtikalenteri.fi\/toimitusehdot\/"},"modified":"2025-09-29T15:13:11","modified_gmt":"2025-09-29T12:13:11","slug":"leveransvillkor","status":"publish","type":"page","link":"https:\/\/www.adventtikalenteri.fi\/sv\/leveransvillkor\/","title":{"rendered":"Leveransvillkor"},"content":{"rendered":"\n<h2 class=\"wp-block-heading\">Uppr\u00e4tth\u00e5llare&nbsp;f\u00f6r&nbsp;webbshop<\/h2>\n\n\n\n<p>Adventtikalenteri.fi&nbsp;webbshopen&nbsp;uppr\u00e4tth\u00e5lls av Suomen Partiolaiset &#8211;&nbsp;Finlands Scouter ry (senare&nbsp;SP-FS), FO-nummer 0202252-9.<\/p>\n\n\n\n<p>Adventskalendern \u00e4r scouternas medelinsamlingsprodukt, som s\u00e4ljs f\u00f6r att underst\u00f6da allm\u00e4nnyttig scoutverksamhet. Adventskalenderpriset inkluderar inte merv\u00e4rdesskatt (Moms 4\u00a7)<\/p>\n\n\n\n<p><strong>Suomen Partiolaiset &#8211; Finlands Scouter ry<\/strong><br>T\u00f6l\u00f6gatan 55<br>00250 Helsingfors<br>FO-nummer: 0202252-9<br>(09) 8865 1100 palvelu@partio.fi<\/p>\n\n\n\n<h2 class=\"wp-block-heading\">Best\u00e4llning&nbsp;och&nbsp;betalning<\/h2>\n\n\n\n<p>Best\u00e4llning sker genom att l\u00e4gga produkten i n\u00e4tbutikens k\u00f6pkorg. Best\u00e4llningen slutf\u00f6rs genom att betala k\u00f6pkorgens inneh\u00e5ll i webbshopens kassa.<\/p>\n\n\n\n<p>Vid best\u00e4llning godk\u00e4nner du leveransvillkoren, produktens pris och leveranskostnader. Leveranskostnaderna varierar beroende p\u00e5 antalet kalendrar som best\u00e4lls, tidpunkten f\u00f6r best\u00e4llningen och land f\u00f6r leverans.<\/p>\n\n\n\n<p>En&nbsp;orderbekr\u00e4ftelse&nbsp;skickas&nbsp;per e-post&nbsp;till&nbsp;den e-postadress k\u00f6paren uppgett. Orderbekr\u00e4ftelsen specificerar best\u00e4llda produkter och priset.<\/p>\n\n\n\n<p>Adventskalendern&nbsp;\u00e4r&nbsp;scouternas&nbsp;momsbefriade&nbsp;medelsanskaffningsprodukt&nbsp;(MomsL&nbsp;4\u00a7), dess pris inkluderar inte merv\u00e4rdesskatt.<\/p>\n\n\n\n<p><strong>Exempel p\u00e5 leveranskostnader<\/strong><\/p>\n\n\n<figure class=\"wp-block-table\">\n<table>\n<tbody>\n<tr>\n<td><strong>Land<\/strong><\/td>\n<td><strong>Antal<\/strong><\/td>\n<td><strong>15.10.-10.11. poskostnad<\/strong><\/td>\n<td><strong>\u00a011.11.-3.12. postkostnad<\/strong><\/td>\n<\/tr>\n<tr>\n<td>Finland<\/td>\n<td>1<\/td>\n<td>3,30<\/td>\n<td>\u00a05,50<\/td>\n<\/tr>\n<tr>\n<td>Finland<\/td>\n<td>2<\/td>\n<td>5,0<\/td>\n<td>\u00a08,25<\/td>\n<\/tr>\n<tr>\n<td>Finland<\/td>\n<td>3<\/td>\n<td>5,00<\/td>\n<td>\u00a08,25<\/td>\n<\/tr>\n<tr>\n<td>Finland<\/td>\n<td>4<\/td>\n<td>5,00<\/td>\n<td>\u00a08,25<\/td>\n<\/tr>\n<tr>\n<td>Finland<\/td>\n<td>5<\/td>\n<td>0,00<\/td>\n<td>\u00a015,88<\/td>\n<\/tr>\n<tr>\n<td>EU<\/td>\n<td>1<\/td>\n<td>5,43<\/td>\n<td>\u00a06,35<\/td>\n<\/tr>\n<tr>\n<td>EU<\/td>\n<td>2<\/td>\n<td>8,84<\/td>\n<td>\u00a09,94<\/td>\n<\/tr>\n<tr>\n<td>EU<\/td>\n<td>3<\/td>\n<td>8,84<\/td>\n<td>\u00a09,94<\/td>\n<\/tr>\n<tr>\n<td>EU<\/td>\n<td>4<\/td>\n<td>8,84<\/td>\n<td>\u00a09,94<\/td>\n<\/tr>\n<tr>\n<td>EU<\/td>\n<td>5<\/td>\n<td>14,27<\/td>\n<td>\u00a016,68<\/td>\n<\/tr>\n<tr>\n<td>\u00d6vriga EU<\/td>\n<td>1<\/td>\n<td>4,64<\/td>\n<td>5,23<\/td>\n<\/tr>\n<tr>\n<td>\u00d6vriga EU<\/td>\n<td>2<\/td>\n<td>7,71<\/td>\n<td>8,64<\/td>\n<\/tr>\n<tr>\n<td>\u00d6vriga EU<\/td>\n<td>3<\/td>\n<td>7,71<\/td>\n<td>8,64<\/td>\n<\/tr>\n<tr>\n<td>\u00d6vriga EU<\/td>\n<td>4<\/td>\n<td>7,71<\/td>\n<td>8,64<\/td>\n<\/tr>\n<tr>\n<td>\u00d6vriga EU<\/td>\n<td>5<\/td>\n<td>12,36<\/td>\n<td>14,51<\/td>\n<\/tr>\n<tr>\n<td>Annat land<\/td>\n<td>1<\/td>\n<td>6,03<\/td>\n<td>11,77<\/td>\n<\/tr>\n<tr>\n<td>Annat land<\/td>\n<td>2<\/td>\n<td>10,95<\/td>\n<td>19,92<\/td>\n<\/tr>\n<tr>\n<td>Annat land<\/td>\n<td>3<\/td>\n<td>10,95<\/td>\n<td>19,92<\/td>\n<\/tr>\n<tr>\n<td>Annat land<\/td>\n<td>4<\/td>\n<td>10,95<\/td>\n<td>19,92<\/td>\n<\/tr>\n<tr>\n<td>Annat land<\/td>\n<td>5<\/td>\n<td>20,10<\/td>\n<td>31,38<\/td>\n<\/tr>\n<\/tbody>\n<\/table>\n<\/figure>\n<p><!-- \/wp:post-content --><\/p>\n\n<p><!-- wp:heading {\"level\":3} --><\/p>\n<h3 class=\"wp-block-heading\">Betalningsf\u00f6rmedlare<\/h3>\n<p><!-- \/wp:heading --><\/p>\n<p><!-- wp:paragraph --><\/p>\n<p>Betalningsf\u00f6rmedlingstj\u00e4nsten utf\u00f6rs och som leverant\u00f6r st\u00e5r Paytrail Oyj (2122839-7) i samarbete med banker och kreditinstitut. P\u00e5 kontoutdrag eller kortfakturor syns &#8221;Paytrail Oyj&#8221; eller &#8221;Paytrail Oyj Adventtikalenteri.fi&#8221; som mottagare. Paytrail Oyj f\u00f6rmedlar \u00e4ven betalningen till k\u00f6pmannen. Paytrail Oyj har verksamhetstillst\u00e5nd f\u00f6r betalningsinstitut beviljat av Finansinspektionen.<\/p>\n<p><strong>Paytrail Oyj<\/strong><\/p>\n<p>Innova 2, Lutakonaukio 7<br \/>40100 Jyv\u00e4skyl\u00e4<br \/>www.paytrail.com<\/p>\n<p><!-- \/wp:paragraph --><\/p>\n<p><!-- wp:heading {\"level\":3} --><\/p>\n<h3 class=\"wp-block-heading\">Betalalternativ<\/h3>\n<p><!-- \/wp:heading --><\/p>\n<p><!-- wp:paragraph --><\/p>\n<p>I adventskalender webbshopen kan du betala dina produkter med de vanligaste kreditkorten, n\u00e4tbanken samt MobilePay betalappen.<\/p>\n<p><!-- \/wp:paragraph --><\/p>\n<p><!-- wp:heading --><\/p>\n<h2 class=\"wp-block-heading\">Leverans<\/h2>\n<p><!-- \/wp:heading --><\/p>\n<p><!-- wp:paragraph --><\/p>\n<p>Produkterna\u00a0postas\u00a0inom tv\u00e5 arbetsdagar\u00a0efter\u00a0ordermottagning. K\u00f6paren f\u00e5r en bekr\u00e4ftelse per e-post till den e-postadressen som uppgets vid k\u00f6pet, d\u00e5 best\u00e4llningen har behandlats och produkten \u00e4r f\u00e4rdig f\u00f6r leverans.<\/p>\n<p><!-- \/wp:paragraph --><\/p>\n<p><!-- wp:paragraph --><\/p>\n<p>Produkterna levereras som Postens economy -brev eller -paket. Vi ansvarar inte f\u00f6r leveransf\u00f6rseningar som orsakas av posten<\/p>\n<p><!-- \/wp:paragraph --><\/p>\n<p><!-- wp:paragraph --><\/p>\n<p><a href=\"https:\/\/www.posti.fi\/fi\/henkiloille\/kirjeet-ja-postipalvelut\/laheta-kirje-tai-kortti\/kirjeet-ja-kortit-ulkomaille\/economy-kirje-ulkomaille#economykirje\">L\u00e4s mer om Postens economy leveranser h\u00e4r!<\/a><\/p>\n<p><!-- \/wp:paragraph --><\/p>\n<p><!-- wp:paragraph --><\/p>\n<p><a href=\"https:\/\/www.posti.fi\/fi\/henkiloille\/kirjeet-ja-postipalvelut\/laheta-kirje-tai-kortti\/kirjeet-ja-kortit-ulkomaille\/economy-kirje-ulkomaille#economykirje\">L\u00e4s mer om Postens economy leveranser utomlands h\u00e4r! <\/a><\/p>\n<p>SP-FS beh\u00e5ller r\u00e4tten att vid behov leverera produkterna i fler \u00e4n en leverans. Vid felaktig leverans, defekt produkt eller om produkten f\u00f6rsvunnit under leveransen b\u00f6r kunden snarast anm\u00e4la d\u00e4rom till adressen\u00a0adventtikalenteri@partio.fi.<\/p>\n<p><!-- \/wp:paragraph --><\/p>\n<p><!-- wp:heading {\"level\":3} --><\/p>\n<h3 class=\"wp-block-heading\">Regionala begr\u00e4nsningar f\u00f6r leveranser<\/h3>\n<p><!-- \/wp:heading --><\/p>\n<p><!-- wp:paragraph --><\/p>\n<p>Advetnskalendern kan best\u00e4llas till alla l\u00e4nder som inte inkluderas av internationella sanktioner eller \u00f6vriga begr\u00e4nsningar g\u00e4llande posttrafik.<\/p>\n<p><!-- \/wp:paragraph --><\/p>\n<p><!-- wp:heading {\"level\":3} --><\/p>\n<h3 class=\"wp-block-heading\">Undantagsfall<\/h3>\n<p><!-- \/wp:heading --><\/p>\n<p><!-- wp:paragraph --><\/p>\n<p>Ifall leveransen f\u00f6rdr\u00f6js och kalendern inte kan levereras inom utsatt tid, \u00e4r webbshop uppr\u00e4tth\u00e5llaren per e-post i kontakt med kunden.<\/p>\n<p><!-- \/wp:paragraph --><\/p>\n<p><!-- wp:heading --><\/p>\n<h2 class=\"wp-block-heading\">Returnering<\/h2>\n<p><!-- \/wp:heading --><\/p>\n<p><!-- wp:paragraph --><\/p>\n<p>Adventskalendern har 14 dagars returr\u00e4tt. Endast oanv\u00e4nda och s\u00e4ljbara kalendrar i originalf\u00f6rpackning kan returneras. Om produkten uppfyller villkoren f\u00f6r retur \u00e5terbetalar vi priset f\u00f6r produkten. Betalda fraktkostnader \u00e5terbetalas inte f\u00f6r returer.<\/p>\n<p><!-- \/wp:paragraph --><\/p>\n<p><!-- wp:paragraph --><\/p>\n<p>Vi behandlar din retur inom 14 dagar fr\u00e5n det att vi mottagit produkten. \u00c5terbetalningen kommer att g\u00f6ras med samma betalningsmetod som du anv\u00e4nde f\u00f6r att betala f\u00f6r den ursprungliga best\u00e4llningen.<\/p>\n<p><!-- \/wp:paragraph --><\/p>\n<p><!-- wp:paragraph --><\/p>\n<p>Du kan l\u00e4sa mer om \u00e5ngerr\u00e4tten vid e-handel p\u00e5 <a href=\"https:\/\/www.kkv.fi\/kuluttaja-asiat\/verkkokauppa\/peruuttamisoikeus-verkkokaupassa\/#kuinka-verkkokauppaostos-perutaan\">Konkurrens- och konsumentverkets webbplats.<\/a><\/p>\n<p><!-- \/wp:paragraph --><\/p>\n<p><!-- wp:paragraph --><\/p>\n<p>Ingen \u00e5terbetalning kan g\u00f6ras utan att kontakta webbutiken p\u00e5 palvelu@partio.fi. V\u00e4nligen uppge det ursprungliga ordernumret, ditt namn, kontaktuppgifter och kontonummer f\u00f6r eventuell \u00e5terbetalning. Kunden ansvarar f\u00f6r returkostnaden.<\/p>\n<p><!-- \/wp:paragraph --><\/p>\n<p><!-- wp:paragraph --><\/p>\n<p><!-- \/wp:paragraph --><\/p>\n<p><!-- wp:paragraph --><\/p>\n<p>Returnering\u00a0sker\u00a0till\u00a0adressen:<\/p>\n<p><!-- \/wp:paragraph --><\/p>\n<p><!-- wp:paragraph --><\/p>\n<p>Suomen Partiolaiset &#8211;\u00a0Finlands\u00a0Scouter\u00a0ry<br \/>T\u00f6l\u00f6gatan\u00a055<br \/>00250 Helsingfors<\/p>\n<p><!-- \/wp:paragraph --><\/p>\n<p><!-- wp:heading {\"level\":3} --><\/p>\n<h3 class=\"wp-block-heading\">Defekta produkter och andra problem<\/h3>\n<p><!-- \/wp:heading --><\/p>\n<p><!-- wp:paragraph --><\/p>\n<p>Vid felaktig leverans, defekta produkter eller om en produkt f\u00f6rsvinner under transport m\u00e5ste kunden omedelbart meddela oss p\u00e5 palvelu@partio.fi. Den f\u00f6redragna metoden f\u00f6r r\u00e4ttelse \u00e4r att ers\u00e4tta den felaktiga adventskalendern med en felfri.<\/p>\n<p><!-- \/wp:paragraph --><\/p>\n<p><!-- wp:heading --><\/p>\n<h2 class=\"wp-block-heading\">\u00d6vrigt<\/h2>\n<p><!-- \/wp:heading --><\/p>\n<p><!-- wp:paragraph --><\/p>\n<p>SP-FS beh\u00e5ller r\u00e4tten att ensidigt \u00e4ndra p\u00e5 villkoren. Anv\u00e4ndaren godk\u00e4nner de aktuella villkoren d\u00e5 hen anv\u00e4nder tj\u00e4nsten.<\/p>\n<p><!-- \/wp:paragraph --><\/p>\n<p><!-- wp:paragraph --><\/p>\n<p>SP-FS ansvarar inte f\u00f6r eventuella of\u00f6ruts\u00e4gbara (force majeure) f\u00f6rdr\u00f6jningar eller f\u00f6r eventuella indirekta ol\u00e4genheter f\u00f6rorsakade av f\u00f6rdr\u00f6jd\u00a0leverans\u00a0eller\u00a0defekt\u00a0produkt.<\/p>\n<p><!-- \/wp:paragraph --><\/p>","protected":false},"excerpt":{"rendered":"<p>Uppr\u00e4tth\u00e5llare&nbsp;f\u00f6r&nbsp;webbshop Adventtikalenteri.fi&nbsp;webbshopen&nbsp;uppr\u00e4tth\u00e5lls av Suomen Partiolaiset &#8211;&nbsp;Finlands Scouter ry (senare&nbsp;SP-FS), FO-nummer<\/p>\n","protected":false},"author":3,"featured_media":0,"parent":0,"menu_order":0,"comment_status":"closed","ping_status":"closed","template":"","meta":{"_acf_changed":false,"footnotes":""},"class_list":["post-1808","page","type-page","status-publish","hentry"],"acf":[],"yoast_head":"<!-- This site is optimized with the Yoast SEO plugin v27.3 - https:\/\/yoast.com\/product\/yoast-seo-wordpress\/ -->\n<title>Leveransvillkor &#8211; Scouternas adventskalender<\/title>\n<meta name=\"robots\" content=\"index, follow, max-snippet:-1, max-image-preview:large, max-video-preview:-1\" \/>\n<link rel=\"canonical\" href=\"https:\/\/www.adventtikalenteri.fi\/sv\/leveransvillkor\/\" \/>\n<meta property=\"og:locale\" content=\"sv_SE\" \/>\n<meta property=\"og:type\" content=\"article\" \/>\n<meta property=\"og:title\" content=\"Leveransvillkor &#8211; Scouternas adventskalender\" \/>\n<meta property=\"og:description\" content=\"Uppr\u00e4tth\u00e5llare&nbsp;f\u00f6r&nbsp;webbshop Adventtikalenteri.fi&nbsp;webbshopen&nbsp;uppr\u00e4tth\u00e5lls av Suomen Partiolaiset &#8211;&nbsp;Finlands Scouter ry (senare&nbsp;SP-FS), FO-nummer\" \/>\n<meta property=\"og:url\" content=\"https:\/\/www.adventtikalenteri.fi\/sv\/leveransvillkor\/\" \/>\n<meta property=\"og:site_name\" content=\"Scouternas adventskalender\" \/>\n<meta property=\"article:modified_time\" content=\"2025-09-29T12:13:11+00:00\" \/>\n<meta property=\"og:image\" content=\"https:\/\/www.adventtikalenteri.fi\/wp-content\/uploads\/2025\/08\/Adventtikalenteri25_NettaHautamaki-8-scaled.jpg\" \/>\n\t<meta property=\"og:image:width\" content=\"2560\" \/>\n\t<meta property=\"og:image:height\" content=\"1344\" \/>\n\t<meta property=\"og:image:type\" content=\"image\/jpeg\" \/>\n<meta name=\"twitter:card\" content=\"summary_large_image\" \/>\n<meta name=\"twitter:label1\" content=\"Ber\u00e4knad l\u00e4stid\" \/>\n\t<meta name=\"twitter:data1\" content=\"4 minuter\" \/>\n<script type=\"application\/ld+json\" class=\"yoast-schema-graph\">{\"@context\":\"https:\\\/\\\/schema.org\",\"@graph\":[{\"@type\":\"WebPage\",\"@id\":\"https:\\\/\\\/www.adventtikalenteri.fi\\\/sv\\\/leveransvillkor\\\/\",\"url\":\"https:\\\/\\\/www.adventtikalenteri.fi\\\/sv\\\/leveransvillkor\\\/\",\"name\":\"Leveransvillkor &#8211; Scouternas adventskalender\",\"isPartOf\":{\"@id\":\"https:\\\/\\\/www.adventtikalenteri.fi\\\/sv\\\/#website\"},\"datePublished\":\"2020-09-25T10:35:16+00:00\",\"dateModified\":\"2025-09-29T12:13:11+00:00\",\"breadcrumb\":{\"@id\":\"https:\\\/\\\/www.adventtikalenteri.fi\\\/sv\\\/leveransvillkor\\\/#breadcrumb\"},\"inLanguage\":\"sv-SE\",\"potentialAction\":[{\"@type\":\"ReadAction\",\"target\":[\"https:\\\/\\\/www.adventtikalenteri.fi\\\/sv\\\/leveransvillkor\\\/\"]}]},{\"@type\":\"BreadcrumbList\",\"@id\":\"https:\\\/\\\/www.adventtikalenteri.fi\\\/sv\\\/leveransvillkor\\\/#breadcrumb\",\"itemListElement\":[{\"@type\":\"ListItem\",\"position\":1,\"name\":\"Etusivu\",\"item\":\"https:\\\/\\\/www.adventtikalenteri.fi\\\/sv\\\/\"},{\"@type\":\"ListItem\",\"position\":2,\"name\":\"Leveransvillkor\"}]},{\"@type\":\"WebSite\",\"@id\":\"https:\\\/\\\/www.adventtikalenteri.fi\\\/sv\\\/#website\",\"url\":\"https:\\\/\\\/www.adventtikalenteri.fi\\\/sv\\\/\",\"name\":\"Scouternas adventskalender\",\"description\":\"\",\"potentialAction\":[{\"@type\":\"SearchAction\",\"target\":{\"@type\":\"EntryPoint\",\"urlTemplate\":\"https:\\\/\\\/www.adventtikalenteri.fi\\\/sv\\\/?s={search_term_string}\"},\"query-input\":{\"@type\":\"PropertyValueSpecification\",\"valueRequired\":true,\"valueName\":\"search_term_string\"}}],\"inLanguage\":\"sv-SE\"}]}<\/script>\n<!-- \/ Yoast SEO plugin. -->","yoast_head_json":{"title":"Leveransvillkor &#8211; Scouternas adventskalender","robots":{"index":"index","follow":"follow","max-snippet":"max-snippet:-1","max-image-preview":"max-image-preview:large","max-video-preview":"max-video-preview:-1"},"canonical":"https:\/\/www.adventtikalenteri.fi\/sv\/leveransvillkor\/","og_locale":"sv_SE","og_type":"article","og_title":"Leveransvillkor &#8211; Scouternas adventskalender","og_description":"Uppr\u00e4tth\u00e5llare&nbsp;f\u00f6r&nbsp;webbshop Adventtikalenteri.fi&nbsp;webbshopen&nbsp;uppr\u00e4tth\u00e5lls av Suomen Partiolaiset &#8211;&nbsp;Finlands Scouter ry (senare&nbsp;SP-FS), FO-nummer","og_url":"https:\/\/www.adventtikalenteri.fi\/sv\/leveransvillkor\/","og_site_name":"Scouternas adventskalender","article_modified_time":"2025-09-29T12:13:11+00:00","og_image":[{"width":2560,"height":1344,"url":"https:\/\/www.adventtikalenteri.fi\/wp-content\/uploads\/2025\/08\/Adventtikalenteri25_NettaHautamaki-8-scaled.jpg","type":"image\/jpeg"}],"twitter_card":"summary_large_image","twitter_misc":{"Ber\u00e4knad l\u00e4stid":"4 minuter"},"schema":{"@context":"https:\/\/schema.org","@graph":[{"@type":"WebPage","@id":"https:\/\/www.adventtikalenteri.fi\/sv\/leveransvillkor\/","url":"https:\/\/www.adventtikalenteri.fi\/sv\/leveransvillkor\/","name":"Leveransvillkor &#8211; Scouternas adventskalender","isPartOf":{"@id":"https:\/\/www.adventtikalenteri.fi\/sv\/#website"},"datePublished":"2020-09-25T10:35:16+00:00","dateModified":"2025-09-29T12:13:11+00:00","breadcrumb":{"@id":"https:\/\/www.adventtikalenteri.fi\/sv\/leveransvillkor\/#breadcrumb"},"inLanguage":"sv-SE","potentialAction":[{"@type":"ReadAction","target":["https:\/\/www.adventtikalenteri.fi\/sv\/leveransvillkor\/"]}]},{"@type":"BreadcrumbList","@id":"https:\/\/www.adventtikalenteri.fi\/sv\/leveransvillkor\/#breadcrumb","itemListElement":[{"@type":"ListItem","position":1,"name":"Etusivu","item":"https:\/\/www.adventtikalenteri.fi\/sv\/"},{"@type":"ListItem","position":2,"name":"Leveransvillkor"}]},{"@type":"WebSite","@id":"https:\/\/www.adventtikalenteri.fi\/sv\/#website","url":"https:\/\/www.adventtikalenteri.fi\/sv\/","name":"Scouternas adventskalender","description":"","potentialAction":[{"@type":"SearchAction","target":{"@type":"EntryPoint","urlTemplate":"https:\/\/www.adventtikalenteri.fi\/sv\/?s={search_term_string}"},"query-input":{"@type":"PropertyValueSpecification","valueRequired":true,"valueName":"search_term_string"}}],"inLanguage":"sv-SE"}]}},"_links":{"self":[{"href":"https:\/\/www.adventtikalenteri.fi\/sv\/wp-json\/wp\/v2\/pages\/1808","targetHints":{"allow":["GET"]}}],"collection":[{"href":"https:\/\/www.adventtikalenteri.fi\/sv\/wp-json\/wp\/v2\/pages"}],"about":[{"href":"https:\/\/www.adventtikalenteri.fi\/sv\/wp-json\/wp\/v2\/types\/page"}],"author":[{"embeddable":true,"href":"https:\/\/www.adventtikalenteri.fi\/sv\/wp-json\/wp\/v2\/users\/3"}],"replies":[{"embeddable":true,"href":"https:\/\/www.adventtikalenteri.fi\/sv\/wp-json\/wp\/v2\/comments?post=1808"}],"version-history":[{"count":14,"href":"https:\/\/www.adventtikalenteri.fi\/sv\/wp-json\/wp\/v2\/pages\/1808\/revisions"}],"predecessor-version":[{"id":4427,"href":"https:\/\/www.adventtikalenteri.fi\/sv\/wp-json\/wp\/v2\/pages\/1808\/revisions\/4427"}],"wp:attachment":[{"href":"https:\/\/www.adventtikalenteri.fi\/sv\/wp-json\/wp\/v2\/media?parent=1808"}],"curies":[{"name":"wp","href":"https:\/\/api.w.org\/{rel}","templated":true}]}}