{"id":4732,"date":"2025-12-08T14:07:02","date_gmt":"2025-12-08T12:07:02","guid":{"rendered":"https:\/\/www.adventtikalenteri.fi\/?page_id=4732"},"modified":"2025-12-22T22:17:38","modified_gmt":"2025-12-22T20:17:38","slug":"adventskalender-juloverraskningar","status":"publish","type":"page","link":"https:\/\/www.adventtikalenteri.fi\/sv\/adventskalender-juloverraskningar\/","title":{"rendered":"Adventskalender\u00a0jul\u00f6verraskningar"},"content":{"rendered":"\n<p>Vid l\u00e4gerelden i kalenderbilden sitter&nbsp;Digitomten&nbsp;Beta, Hustomten Hemming,&nbsp;Stalltomen&nbsp;Hampus och V\u00e4dertomten Brisa. En efter en har de gett&nbsp;oss sm\u00e5 jul\u00f6verraskningar&nbsp;som \u00f6ppnas bakom adventskalenderluckorna p\u00e5 best\u00e4mda dagar.&nbsp;<\/p>\n\n\n\n<p><\/p>\n\n\n\n<h2 class=\"wp-block-heading\"><\/h2>\n\n\n\n<p><strong><strong>Jul\u00f6verraskning\u00a023.12 \u2013\u00a0Digitomten\u00a0Betas\u00a0f\u00e4rgl\u00e4ggningsbilder<\/strong>\u00a0<\/strong>\u00a0<\/p>\n\n\n\n<p>Bakom\u00a0dagens\u00a0lucka\u00a0hittar\u00a0du\u00a0Digitomten\u00a0Betas\u00a0f\u00e4rgl\u00e4ggningsbilder\u00a0av alla\u00a0tomtarna.\u00a0<br>F\u00e4rgl\u00e4gg\u00a0dem\u00a0precis\u00a0s\u00e5\u00a0som\u00a0du\u00a0vill!\u00a0<\/p>\n\n\n\n<p><a href=\"https:\/\/partio.contenthub.fi\/NiboWEB\/partio\/getPublicFile.do?uuid=1492818&amp;inline=false&amp;ticket=9293b212ecd871fff7d2853ee7b98af0&amp;type=original\">Ladda\u00a0ner\u00a0f\u00e4rgl\u00e4ggningsbilder\u00a0(pdf)\u00a0<\/a><\/p>\n\n\n\n<p><\/p>\n\n\n\n<figure class=\"wp-block-image alignleft\"><img loading=\"lazy\" decoding=\"async\" width=\"900\" height=\"1273\" src=\"https:\/\/www.adventtikalenteri.fi\/wp-content\/uploads\/2025\/12\/Digitonttu-900x1273.jpg\" alt=\"\" class=\"wp-image-4792\" srcset=\"https:\/\/www.adventtikalenteri.fi\/wp-content\/uploads\/2025\/12\/Digitonttu-900x1273.jpg 900w, https:\/\/www.adventtikalenteri.fi\/wp-content\/uploads\/2025\/12\/Digitonttu-1920x2716.jpg 1920w, https:\/\/www.adventtikalenteri.fi\/wp-content\/uploads\/2025\/12\/Digitonttu-768x1086.jpg 768w, https:\/\/www.adventtikalenteri.fi\/wp-content\/uploads\/2025\/12\/Digitonttu-1086x1536.jpg 1086w, https:\/\/www.adventtikalenteri.fi\/wp-content\/uploads\/2025\/12\/Digitonttu-1448x2048.jpg 1448w, https:\/\/www.adventtikalenteri.fi\/wp-content\/uploads\/2025\/12\/Digitonttu-105x148.jpg 105w, https:\/\/www.adventtikalenteri.fi\/wp-content\/uploads\/2025\/12\/Digitonttu-765x1082.jpg 765w, https:\/\/www.adventtikalenteri.fi\/wp-content\/uploads\/2025\/12\/Digitonttu-scaled.jpg 1810w\" sizes=\"auto, (max-width: 900px) 100vw, 900px\" \/><\/figure>\n\n\n\n<p><\/p>\n\n\n\n<p><\/p>\n\n\n\n<p><\/p>\n\n\n\n<p><\/p>\n\n\n\n<p><\/p>\n\n\n\n<p><\/p>\n\n\n\n<p><\/p>\n\n\n\n<p><\/p>\n\n\n\n<p><\/p>\n\n\n\n<p><\/p>\n\n\n\n<p><\/p>\n\n\n\n<p><\/p>\n\n\n\n<p><\/p>\n\n\n\n<p><\/p>\n\n\n\n<p><\/p>\n\n\n\n<p><\/p>\n\n\n\n<p><\/p>\n\n\n\n<p><\/p>\n\n\n\n<p><\/p>\n\n\n\n<h2 class=\"wp-block-heading\"><\/h2>\n\n\n\n<p><\/p>\n\n\n\n<p><strong>Tidigare\u00a0\u00f6verraskningar:<\/strong><\/p>\n\n\n\n<p><a href=\"https:\/\/partio.contenthub.fi\/NiboWEB\/partio\/getPublicFile.do?uuid=1492803&amp;inline=false&amp;ticket=dcccf493b57532e44c9c26cfe85b2b4f&amp;type=original\">\u00a0Ladda\u00a0ner\u00a0recept\u00a0(pdf)\u00a0<\/a><\/p>\n\n\n\n<p><a href=\"https:\/\/partio.contenthub.fi\/NiboWEB\/partio\/getPublicFile.do?uuid=1491225&amp;inline=false&amp;ticket=6432458686ce04135104e01b0945f42a&amp;type=original\">\u00a0Ladda\u00a0ner\u00a0stickm\u00f6nster\u00a0(pdf)\u00a0<\/a><\/p>\n\n\n\n<h2 class=\"wp-block-heading\"><\/h2>\n\n\n\n<p><\/p>\n\n\n\n<section class=\"block block-separator-gutenberg full-width gutenberg\">\n  <div class=\"container\">\n    <div class=\"shape-wrapper\">\n      <div class=\"shape\"><\/div>\n    <\/div>\n  <\/div>\n<\/section>\n\n\n<p class=\"has-text-align-center\">Alla\u00a0barn\u00a0f\u00f6rtj\u00e4nar\u00a0en\u00a0meningsfull\u00a0hobby\u00a0och\u00a0en\u00a0trygg\u00a0gemenskap.\u00a0<\/p>\n\n\n\n<p class=\"has-text-align-center\">Ge\u00a0en\u00a0julg\u00e5va\u00a0som\u00a0m\u00f6jligg\u00f6r\u00a0scouting\u00a0som\u00a0f\u00f6r ett\u00a0mindre\u00a0bemedlat\u00a0barn.\u00a0<\/p>\n\n\n\n<p class=\"has-text-align-center\">L\u00e4s\u00a0mer\u00a0p\u00e5\u00a0<a href=\"https:\/\/www.scout.fi\/donera\/scoutingens-vanner\/\">scout.fi\/donera\u00a0<\/a><\/p>\n\n\n\n<h2 class=\"wp-block-heading\"><\/h2>\n\n\n\n<figure class=\"wp-block-image aligncenter is-resized\"><img loading=\"lazy\" decoding=\"async\" width=\"1920\" height=\"1281\" src=\"https:\/\/www.adventtikalenteri.fi\/wp-content\/uploads\/2025\/12\/Partio-joulu-somereso-3-2-1920x1281.jpg\" alt=\"\" class=\"wp-image-4716\" style=\"aspect-ratio:1.4988451415373045;width:666px;height:auto\" srcset=\"https:\/\/www.adventtikalenteri.fi\/wp-content\/uploads\/2025\/12\/Partio-joulu-somereso-3-2-1920x1281.jpg 1920w, https:\/\/www.adventtikalenteri.fi\/wp-content\/uploads\/2025\/12\/Partio-joulu-somereso-3-2-900x600.jpg 900w, https:\/\/www.adventtikalenteri.fi\/wp-content\/uploads\/2025\/12\/Partio-joulu-somereso-3-2-768x512.jpg 768w, https:\/\/www.adventtikalenteri.fi\/wp-content\/uploads\/2025\/12\/Partio-joulu-somereso-3-2-1536x1025.jpg 1536w, https:\/\/www.adventtikalenteri.fi\/wp-content\/uploads\/2025\/12\/Partio-joulu-somereso-3-2-222x148.jpg 222w, https:\/\/www.adventtikalenteri.fi\/wp-content\/uploads\/2025\/12\/Partio-joulu-somereso-3-2-765x510.jpg 765w, https:\/\/www.adventtikalenteri.fi\/wp-content\/uploads\/2025\/12\/Partio-joulu-somereso-3-2.jpg 2048w\" sizes=\"auto, (max-width: 1920px) 100vw, 1920px\" \/><\/figure>\n\n\n\n<p><\/p>\n","protected":false},"excerpt":{"rendered":"<p>Vid l\u00e4gerelden i kalenderbilden sitter&nbsp;Digitomten&nbsp;Beta, Hustomten Hemming,&nbsp;Stalltomen&nbsp;Hampus och V\u00e4dertomten Brisa.<\/p>\n","protected":false},"author":34,"featured_media":4388,"parent":0,"menu_order":0,"comment_status":"closed","ping_status":"closed","template":"","meta":{"_acf_changed":false,"footnotes":""},"class_list":["post-4732","page","type-page","status-publish","has-post-thumbnail","hentry"],"acf":[],"yoast_head":"<!-- This site is optimized with the Yoast SEO plugin v27.5 - https:\/\/yoast.com\/product\/yoast-seo-wordpress\/ -->\n<title>Adventskalender\u00a0jul\u00f6verraskningar &#8211; Scouternas adventskalender<\/title>\n<meta name=\"robots\" content=\"index, follow, max-snippet:-1, max-image-preview:large, max-video-preview:-1\" \/>\n<link rel=\"canonical\" href=\"https:\/\/www.adventtikalenteri.fi\/sv\/adventskalender-juloverraskningar\/\" \/>\n<meta property=\"og:locale\" content=\"sv_SE\" \/>\n<meta property=\"og:type\" content=\"article\" \/>\n<meta property=\"og:title\" content=\"Adventskalender\u00a0jul\u00f6verraskningar &#8211; Scouternas adventskalender\" \/>\n<meta property=\"og:description\" content=\"Vid l\u00e4gerelden i kalenderbilden sitter&nbsp;Digitomten&nbsp;Beta, Hustomten Hemming,&nbsp;Stalltomen&nbsp;Hampus och V\u00e4dertomten Brisa.\" \/>\n<meta property=\"og:url\" content=\"https:\/\/www.adventtikalenteri.fi\/sv\/adventskalender-juloverraskningar\/\" \/>\n<meta property=\"og:site_name\" content=\"Scouternas adventskalender\" \/>\n<meta property=\"article:modified_time\" content=\"2025-12-22T20:17:38+00:00\" \/>\n<meta property=\"og:image\" content=\"https:\/\/www.adventtikalenteri.fi\/wp-content\/uploads\/2025\/08\/Adventtikalenteri25_NettaHautamaki-8-scaled.jpg\" \/>\n\t<meta property=\"og:image:width\" content=\"2560\" \/>\n\t<meta property=\"og:image:height\" content=\"1344\" \/>\n\t<meta property=\"og:image:type\" content=\"image\/jpeg\" \/>\n<meta name=\"twitter:card\" content=\"summary_large_image\" \/>\n<meta name=\"twitter:label1\" content=\"Ber\u00e4knad l\u00e4stid\" \/>\n\t<meta name=\"twitter:data1\" content=\"2 minuter\" \/>\n<script type=\"application\/ld+json\" class=\"yoast-schema-graph\">{\"@context\":\"https:\\\/\\\/schema.org\",\"@graph\":[{\"@type\":\"WebPage\",\"@id\":\"https:\\\/\\\/www.adventtikalenteri.fi\\\/sv\\\/adventskalender-juloverraskningar\\\/\",\"url\":\"https:\\\/\\\/www.adventtikalenteri.fi\\\/sv\\\/adventskalender-juloverraskningar\\\/\",\"name\":\"Adventskalender\u00a0jul\u00f6verraskningar &#8211; Scouternas adventskalender\",\"isPartOf\":{\"@id\":\"https:\\\/\\\/www.adventtikalenteri.fi\\\/sv\\\/#website\"},\"primaryImageOfPage\":{\"@id\":\"https:\\\/\\\/www.adventtikalenteri.fi\\\/sv\\\/adventskalender-juloverraskningar\\\/#primaryimage\"},\"image\":{\"@id\":\"https:\\\/\\\/www.adventtikalenteri.fi\\\/sv\\\/adventskalender-juloverraskningar\\\/#primaryimage\"},\"thumbnailUrl\":\"https:\\\/\\\/www.adventtikalenteri.fi\\\/wp-content\\\/uploads\\\/2025\\\/08\\\/Adventtikalenteri25_NettaHautamaki-8-scaled.jpg\",\"datePublished\":\"2025-12-08T12:07:02+00:00\",\"dateModified\":\"2025-12-22T20:17:38+00:00\",\"breadcrumb\":{\"@id\":\"https:\\\/\\\/www.adventtikalenteri.fi\\\/sv\\\/adventskalender-juloverraskningar\\\/#breadcrumb\"},\"inLanguage\":\"sv-SE\",\"potentialAction\":[{\"@type\":\"ReadAction\",\"target\":[\"https:\\\/\\\/www.adventtikalenteri.fi\\\/sv\\\/adventskalender-juloverraskningar\\\/\"]}]},{\"@type\":\"ImageObject\",\"inLanguage\":\"sv-SE\",\"@id\":\"https:\\\/\\\/www.adventtikalenteri.fi\\\/sv\\\/adventskalender-juloverraskningar\\\/#primaryimage\",\"url\":\"https:\\\/\\\/www.adventtikalenteri.fi\\\/wp-content\\\/uploads\\\/2025\\\/08\\\/Adventtikalenteri25_NettaHautamaki-8-scaled.jpg\",\"contentUrl\":\"https:\\\/\\\/www.adventtikalenteri.fi\\\/wp-content\\\/uploads\\\/2025\\\/08\\\/Adventtikalenteri25_NettaHautamaki-8-scaled.jpg\",\"width\":2560,\"height\":1344},{\"@type\":\"BreadcrumbList\",\"@id\":\"https:\\\/\\\/www.adventtikalenteri.fi\\\/sv\\\/adventskalender-juloverraskningar\\\/#breadcrumb\",\"itemListElement\":[{\"@type\":\"ListItem\",\"position\":1,\"name\":\"Etusivu\",\"item\":\"https:\\\/\\\/www.adventtikalenteri.fi\\\/sv\\\/\"},{\"@type\":\"ListItem\",\"position\":2,\"name\":\"Adventskalender\u00a0jul\u00f6verraskningar\"}]},{\"@type\":\"WebSite\",\"@id\":\"https:\\\/\\\/www.adventtikalenteri.fi\\\/sv\\\/#website\",\"url\":\"https:\\\/\\\/www.adventtikalenteri.fi\\\/sv\\\/\",\"name\":\"Scouternas adventskalender\",\"description\":\"\",\"potentialAction\":[{\"@type\":\"SearchAction\",\"target\":{\"@type\":\"EntryPoint\",\"urlTemplate\":\"https:\\\/\\\/www.adventtikalenteri.fi\\\/sv\\\/?s={search_term_string}\"},\"query-input\":{\"@type\":\"PropertyValueSpecification\",\"valueRequired\":true,\"valueName\":\"search_term_string\"}}],\"inLanguage\":\"sv-SE\"}]}<\/script>\n<!-- \/ Yoast SEO plugin. -->","yoast_head_json":{"title":"Adventskalender\u00a0jul\u00f6verraskningar &#8211; Scouternas adventskalender","robots":{"index":"index","follow":"follow","max-snippet":"max-snippet:-1","max-image-preview":"max-image-preview:large","max-video-preview":"max-video-preview:-1"},"canonical":"https:\/\/www.adventtikalenteri.fi\/sv\/adventskalender-juloverraskningar\/","og_locale":"sv_SE","og_type":"article","og_title":"Adventskalender\u00a0jul\u00f6verraskningar &#8211; Scouternas adventskalender","og_description":"Vid l\u00e4gerelden i kalenderbilden sitter&nbsp;Digitomten&nbsp;Beta, Hustomten Hemming,&nbsp;Stalltomen&nbsp;Hampus och V\u00e4dertomten Brisa.","og_url":"https:\/\/www.adventtikalenteri.fi\/sv\/adventskalender-juloverraskningar\/","og_site_name":"Scouternas adventskalender","article_modified_time":"2025-12-22T20:17:38+00:00","og_image":[{"width":2560,"height":1344,"url":"https:\/\/www.adventtikalenteri.fi\/wp-content\/uploads\/2025\/08\/Adventtikalenteri25_NettaHautamaki-8-scaled.jpg","type":"image\/jpeg"}],"twitter_card":"summary_large_image","twitter_misc":{"Ber\u00e4knad l\u00e4stid":"2 minuter"},"schema":{"@context":"https:\/\/schema.org","@graph":[{"@type":"WebPage","@id":"https:\/\/www.adventtikalenteri.fi\/sv\/adventskalender-juloverraskningar\/","url":"https:\/\/www.adventtikalenteri.fi\/sv\/adventskalender-juloverraskningar\/","name":"Adventskalender\u00a0jul\u00f6verraskningar &#8211; Scouternas adventskalender","isPartOf":{"@id":"https:\/\/www.adventtikalenteri.fi\/sv\/#website"},"primaryImageOfPage":{"@id":"https:\/\/www.adventtikalenteri.fi\/sv\/adventskalender-juloverraskningar\/#primaryimage"},"image":{"@id":"https:\/\/www.adventtikalenteri.fi\/sv\/adventskalender-juloverraskningar\/#primaryimage"},"thumbnailUrl":"https:\/\/www.adventtikalenteri.fi\/wp-content\/uploads\/2025\/08\/Adventtikalenteri25_NettaHautamaki-8-scaled.jpg","datePublished":"2025-12-08T12:07:02+00:00","dateModified":"2025-12-22T20:17:38+00:00","breadcrumb":{"@id":"https:\/\/www.adventtikalenteri.fi\/sv\/adventskalender-juloverraskningar\/#breadcrumb"},"inLanguage":"sv-SE","potentialAction":[{"@type":"ReadAction","target":["https:\/\/www.adventtikalenteri.fi\/sv\/adventskalender-juloverraskningar\/"]}]},{"@type":"ImageObject","inLanguage":"sv-SE","@id":"https:\/\/www.adventtikalenteri.fi\/sv\/adventskalender-juloverraskningar\/#primaryimage","url":"https:\/\/www.adventtikalenteri.fi\/wp-content\/uploads\/2025\/08\/Adventtikalenteri25_NettaHautamaki-8-scaled.jpg","contentUrl":"https:\/\/www.adventtikalenteri.fi\/wp-content\/uploads\/2025\/08\/Adventtikalenteri25_NettaHautamaki-8-scaled.jpg","width":2560,"height":1344},{"@type":"BreadcrumbList","@id":"https:\/\/www.adventtikalenteri.fi\/sv\/adventskalender-juloverraskningar\/#breadcrumb","itemListElement":[{"@type":"ListItem","position":1,"name":"Etusivu","item":"https:\/\/www.adventtikalenteri.fi\/sv\/"},{"@type":"ListItem","position":2,"name":"Adventskalender\u00a0jul\u00f6verraskningar"}]},{"@type":"WebSite","@id":"https:\/\/www.adventtikalenteri.fi\/sv\/#website","url":"https:\/\/www.adventtikalenteri.fi\/sv\/","name":"Scouternas adventskalender","description":"","potentialAction":[{"@type":"SearchAction","target":{"@type":"EntryPoint","urlTemplate":"https:\/\/www.adventtikalenteri.fi\/sv\/?s={search_term_string}"},"query-input":{"@type":"PropertyValueSpecification","valueRequired":true,"valueName":"search_term_string"}}],"inLanguage":"sv-SE"}]}},"_links":{"self":[{"href":"https:\/\/www.adventtikalenteri.fi\/sv\/wp-json\/wp\/v2\/pages\/4732","targetHints":{"allow":["GET"]}}],"collection":[{"href":"https:\/\/www.adventtikalenteri.fi\/sv\/wp-json\/wp\/v2\/pages"}],"about":[{"href":"https:\/\/www.adventtikalenteri.fi\/sv\/wp-json\/wp\/v2\/types\/page"}],"author":[{"embeddable":true,"href":"https:\/\/www.adventtikalenteri.fi\/sv\/wp-json\/wp\/v2\/users\/34"}],"replies":[{"embeddable":true,"href":"https:\/\/www.adventtikalenteri.fi\/sv\/wp-json\/wp\/v2\/comments?post=4732"}],"version-history":[{"count":15,"href":"https:\/\/www.adventtikalenteri.fi\/sv\/wp-json\/wp\/v2\/pages\/4732\/revisions"}],"predecessor-version":[{"id":4815,"href":"https:\/\/www.adventtikalenteri.fi\/sv\/wp-json\/wp\/v2\/pages\/4732\/revisions\/4815"}],"wp:featuredmedia":[{"embeddable":true,"href":"https:\/\/www.adventtikalenteri.fi\/sv\/wp-json\/wp\/v2\/media\/4388"}],"wp:attachment":[{"href":"https:\/\/www.adventtikalenteri.fi\/sv\/wp-json\/wp\/v2\/media?parent=4732"}],"curies":[{"name":"wp","href":"https:\/\/api.w.org\/{rel}","templated":true}]}}