{"id":497,"date":"2019-09-17T08:23:10","date_gmt":"2019-09-17T05:23:10","guid":{"rendered":"https:\/\/www.adventtikalenteri.fi\/?page_id=497"},"modified":"2025-12-03T09:33:21","modified_gmt":"2025-12-03T07:33:21","slug":"hemsida","status":"publish","type":"page","link":"https:\/\/www.adventtikalenteri.fi\/sv\/","title":{"rendered":"Hemsida"},"content":{"rendered":"\n<h1 class=\"wp-block-heading\">Scouternas adventskalender<\/h1>\n\n\n\n<p>Int\u00e4kterna fr\u00e5n adventskalenderf\u00f6rs\u00e4ljningen anv\u00e4nds i sin helhet f\u00f6r scoutverksamhet. Den st\u00f6rsta andelen g\u00e5r till den lokala scoutk\u00e5ren som s\u00e4ljer kalendern. Du kan st\u00f6ta p\u00e5 yngre och \u00e4ldre kalenderf\u00f6rs\u00e4ljare p\u00e5 gatan, i k\u00f6pcenter och p\u00e5 olika evenemang!<\/p>\n\n\n\n<p>Scoutk\u00e5rerna anv\u00e4nder int\u00e4kterna fr\u00e5n adventskalenderf\u00f6rs\u00e4ljningen till att k\u00f6pa utrustning, f\u00f6r att betala&nbsp;l\u00e4geravgifter&nbsp;eller f\u00f6r att renovera k\u00e5rlokalen eller&nbsp;k\u00e5rb\u00e5ten.<\/p>\n","protected":false},"excerpt":{"rendered":"<p>Scouternas adventskalender Int\u00e4kterna fr\u00e5n adventskalenderf\u00f6rs\u00e4ljningen anv\u00e4nds i sin helhet f\u00f6r<\/p>\n","protected":false},"author":3,"featured_media":4347,"parent":0,"menu_order":-2,"comment_status":"closed","ping_status":"open","template":"","meta":{"_acf_changed":false,"footnotes":""},"class_list":["post-497","page","type-page","status-publish","has-post-thumbnail","hentry"],"acf":[],"yoast_head":"<!-- This site is optimized with the Yoast SEO plugin v27.3 - https:\/\/yoast.com\/product\/yoast-seo-wordpress\/ -->\n<title>Scouternas adventskalender<\/title>\n<meta name=\"description\" content=\"Scouternas adventskalender st\u00f6der hobbyverksamhet f\u00f6r barn och ungdomar p\u00e5 din ort.\" \/>\n<meta name=\"robots\" content=\"index, follow, max-snippet:-1, max-image-preview:large, max-video-preview:-1\" \/>\n<link rel=\"canonical\" href=\"https:\/\/www.adventtikalenteri.fi\/sv\/\" \/>\n<meta property=\"og:locale\" content=\"sv_SE\" \/>\n<meta property=\"og:type\" content=\"article\" \/>\n<meta property=\"og:title\" content=\"Scouternas Adventskalender\" \/>\n<meta property=\"og:description\" content=\"Du kan k\u00f6pa\u00a0adventskalendern i v\u00e5r webbshop. \u00c4ven i\u00a0webbshoppen kan du v\u00e4lja den scoutk\u00e5r som du vill rikta ditt underst\u00f6d till.\" \/>\n<meta property=\"og:url\" content=\"https:\/\/www.adventtikalenteri.fi\/sv\/\" \/>\n<meta property=\"og:site_name\" content=\"Scouternas adventskalender\" \/>\n<meta property=\"article:modified_time\" content=\"2025-12-03T07:33:21+00:00\" \/>\n<meta property=\"og:image\" content=\"https:\/\/www.adventtikalenteri.fi\/wp-content\/uploads\/2024\/10\/Advis2024_NettaHautamaki_DSC_8551_2.jpg\" \/>\n\t<meta property=\"og:image:width\" content=\"1668\" \/>\n\t<meta property=\"og:image:height\" content=\"1109\" \/>\n\t<meta property=\"og:image:type\" content=\"image\/jpeg\" \/>\n<meta name=\"twitter:card\" content=\"summary_large_image\" \/>\n<meta name=\"twitter:title\" content=\"Scouternas Adventskalender\" \/>\n<meta name=\"twitter:description\" content=\"Du kan k\u00f6pa\u00a0adventskalendern i v\u00e5r webbshop. \u00c4ven i\u00a0webbshoppen kan du v\u00e4lja den scoutk\u00e5r som du vill rikta ditt underst\u00f6d till.\" \/>\n<meta name=\"twitter:image\" content=\"https:\/\/www.adventtikalenteri.fi\/wp-content\/uploads\/2024\/10\/Advis2024_NettaHautamaki_DSC_8551_2.jpg\" \/>\n<meta name=\"twitter:label1\" content=\"Ber\u00e4knad l\u00e4stid\" \/>\n\t<meta name=\"twitter:data1\" content=\"4 minuter\" \/>\n<script type=\"application\/ld+json\" class=\"yoast-schema-graph\">{\"@context\":\"https:\\\/\\\/schema.org\",\"@graph\":[{\"@type\":\"WebPage\",\"@id\":\"https:\\\/\\\/www.adventtikalenteri.fi\\\/sv\\\/\",\"url\":\"https:\\\/\\\/www.adventtikalenteri.fi\\\/sv\\\/\",\"name\":\"Scouternas adventskalender\",\"isPartOf\":{\"@id\":\"https:\\\/\\\/www.adventtikalenteri.fi\\\/sv\\\/#website\"},\"primaryImageOfPage\":{\"@id\":\"https:\\\/\\\/www.adventtikalenteri.fi\\\/sv\\\/#primaryimage\"},\"image\":{\"@id\":\"https:\\\/\\\/www.adventtikalenteri.fi\\\/sv\\\/#primaryimage\"},\"thumbnailUrl\":\"https:\\\/\\\/www.adventtikalenteri.fi\\\/wp-content\\\/uploads\\\/2025\\\/08\\\/Adventtikalenteri25_NettaHautamaki_23.jpg\",\"datePublished\":\"2019-09-17T05:23:10+00:00\",\"dateModified\":\"2025-12-03T07:33:21+00:00\",\"description\":\"Scouternas adventskalender st\u00f6der hobbyverksamhet f\u00f6r barn och ungdomar p\u00e5 din ort.\",\"breadcrumb\":{\"@id\":\"https:\\\/\\\/www.adventtikalenteri.fi\\\/sv\\\/#breadcrumb\"},\"inLanguage\":\"sv-SE\",\"potentialAction\":[{\"@type\":\"ReadAction\",\"target\":[\"https:\\\/\\\/www.adventtikalenteri.fi\\\/sv\\\/\"]}]},{\"@type\":\"ImageObject\",\"inLanguage\":\"sv-SE\",\"@id\":\"https:\\\/\\\/www.adventtikalenteri.fi\\\/sv\\\/#primaryimage\",\"url\":\"https:\\\/\\\/www.adventtikalenteri.fi\\\/wp-content\\\/uploads\\\/2025\\\/08\\\/Adventtikalenteri25_NettaHautamaki_23.jpg\",\"contentUrl\":\"https:\\\/\\\/www.adventtikalenteri.fi\\\/wp-content\\\/uploads\\\/2025\\\/08\\\/Adventtikalenteri25_NettaHautamaki_23.jpg\",\"width\":1035,\"height\":578},{\"@type\":\"BreadcrumbList\",\"@id\":\"https:\\\/\\\/www.adventtikalenteri.fi\\\/sv\\\/#breadcrumb\",\"itemListElement\":[{\"@type\":\"ListItem\",\"position\":1,\"name\":\"Etusivu\",\"item\":\"https:\\\/\\\/www.adventtikalenteri.fi\\\/sv\\\/\"},{\"@type\":\"ListItem\",\"position\":2,\"name\":\"Hemsida\"}]},{\"@type\":\"WebSite\",\"@id\":\"https:\\\/\\\/www.adventtikalenteri.fi\\\/sv\\\/#website\",\"url\":\"https:\\\/\\\/www.adventtikalenteri.fi\\\/sv\\\/\",\"name\":\"Scouternas adventskalender\",\"description\":\"\",\"potentialAction\":[{\"@type\":\"SearchAction\",\"target\":{\"@type\":\"EntryPoint\",\"urlTemplate\":\"https:\\\/\\\/www.adventtikalenteri.fi\\\/sv\\\/?s={search_term_string}\"},\"query-input\":{\"@type\":\"PropertyValueSpecification\",\"valueRequired\":true,\"valueName\":\"search_term_string\"}}],\"inLanguage\":\"sv-SE\"}]}<\/script>\n<!-- \/ Yoast SEO plugin. -->","yoast_head_json":{"title":"Scouternas adventskalender","description":"Scouternas adventskalender st\u00f6der hobbyverksamhet f\u00f6r barn och ungdomar p\u00e5 din ort.","robots":{"index":"index","follow":"follow","max-snippet":"max-snippet:-1","max-image-preview":"max-image-preview:large","max-video-preview":"max-video-preview:-1"},"canonical":"https:\/\/www.adventtikalenteri.fi\/sv\/","og_locale":"sv_SE","og_type":"article","og_title":"Scouternas Adventskalender","og_description":"Du kan k\u00f6pa\u00a0adventskalendern i v\u00e5r webbshop. \u00c4ven i\u00a0webbshoppen kan du v\u00e4lja den scoutk\u00e5r som du vill rikta ditt underst\u00f6d till.","og_url":"https:\/\/www.adventtikalenteri.fi\/sv\/","og_site_name":"Scouternas adventskalender","article_modified_time":"2025-12-03T07:33:21+00:00","og_image":[{"width":1668,"height":1109,"url":"https:\/\/www.adventtikalenteri.fi\/wp-content\/uploads\/2024\/10\/Advis2024_NettaHautamaki_DSC_8551_2.jpg","type":"image\/jpeg"}],"twitter_card":"summary_large_image","twitter_title":"Scouternas Adventskalender","twitter_description":"Du kan k\u00f6pa\u00a0adventskalendern i v\u00e5r webbshop. \u00c4ven i\u00a0webbshoppen kan du v\u00e4lja den scoutk\u00e5r som du vill rikta ditt underst\u00f6d till.","twitter_image":"https:\/\/www.adventtikalenteri.fi\/wp-content\/uploads\/2024\/10\/Advis2024_NettaHautamaki_DSC_8551_2.jpg","twitter_misc":{"Ber\u00e4knad l\u00e4stid":"4 minuter"},"schema":{"@context":"https:\/\/schema.org","@graph":[{"@type":"WebPage","@id":"https:\/\/www.adventtikalenteri.fi\/sv\/","url":"https:\/\/www.adventtikalenteri.fi\/sv\/","name":"Scouternas adventskalender","isPartOf":{"@id":"https:\/\/www.adventtikalenteri.fi\/sv\/#website"},"primaryImageOfPage":{"@id":"https:\/\/www.adventtikalenteri.fi\/sv\/#primaryimage"},"image":{"@id":"https:\/\/www.adventtikalenteri.fi\/sv\/#primaryimage"},"thumbnailUrl":"https:\/\/www.adventtikalenteri.fi\/wp-content\/uploads\/2025\/08\/Adventtikalenteri25_NettaHautamaki_23.jpg","datePublished":"2019-09-17T05:23:10+00:00","dateModified":"2025-12-03T07:33:21+00:00","description":"Scouternas adventskalender st\u00f6der hobbyverksamhet f\u00f6r barn och ungdomar p\u00e5 din ort.","breadcrumb":{"@id":"https:\/\/www.adventtikalenteri.fi\/sv\/#breadcrumb"},"inLanguage":"sv-SE","potentialAction":[{"@type":"ReadAction","target":["https:\/\/www.adventtikalenteri.fi\/sv\/"]}]},{"@type":"ImageObject","inLanguage":"sv-SE","@id":"https:\/\/www.adventtikalenteri.fi\/sv\/#primaryimage","url":"https:\/\/www.adventtikalenteri.fi\/wp-content\/uploads\/2025\/08\/Adventtikalenteri25_NettaHautamaki_23.jpg","contentUrl":"https:\/\/www.adventtikalenteri.fi\/wp-content\/uploads\/2025\/08\/Adventtikalenteri25_NettaHautamaki_23.jpg","width":1035,"height":578},{"@type":"BreadcrumbList","@id":"https:\/\/www.adventtikalenteri.fi\/sv\/#breadcrumb","itemListElement":[{"@type":"ListItem","position":1,"name":"Etusivu","item":"https:\/\/www.adventtikalenteri.fi\/sv\/"},{"@type":"ListItem","position":2,"name":"Hemsida"}]},{"@type":"WebSite","@id":"https:\/\/www.adventtikalenteri.fi\/sv\/#website","url":"https:\/\/www.adventtikalenteri.fi\/sv\/","name":"Scouternas adventskalender","description":"","potentialAction":[{"@type":"SearchAction","target":{"@type":"EntryPoint","urlTemplate":"https:\/\/www.adventtikalenteri.fi\/sv\/?s={search_term_string}"},"query-input":{"@type":"PropertyValueSpecification","valueRequired":true,"valueName":"search_term_string"}}],"inLanguage":"sv-SE"}]}},"_links":{"self":[{"href":"https:\/\/www.adventtikalenteri.fi\/sv\/wp-json\/wp\/v2\/pages\/497","targetHints":{"allow":["GET"]}}],"collection":[{"href":"https:\/\/www.adventtikalenteri.fi\/sv\/wp-json\/wp\/v2\/pages"}],"about":[{"href":"https:\/\/www.adventtikalenteri.fi\/sv\/wp-json\/wp\/v2\/types\/page"}],"author":[{"embeddable":true,"href":"https:\/\/www.adventtikalenteri.fi\/sv\/wp-json\/wp\/v2\/users\/3"}],"replies":[{"embeddable":true,"href":"https:\/\/www.adventtikalenteri.fi\/sv\/wp-json\/wp\/v2\/comments?post=497"}],"version-history":[{"count":15,"href":"https:\/\/www.adventtikalenteri.fi\/sv\/wp-json\/wp\/v2\/pages\/497\/revisions"}],"predecessor-version":[{"id":4710,"href":"https:\/\/www.adventtikalenteri.fi\/sv\/wp-json\/wp\/v2\/pages\/497\/revisions\/4710"}],"wp:featuredmedia":[{"embeddable":true,"href":"https:\/\/www.adventtikalenteri.fi\/sv\/wp-json\/wp\/v2\/media\/4347"}],"wp:attachment":[{"href":"https:\/\/www.adventtikalenteri.fi\/sv\/wp-json\/wp\/v2\/media?parent=497"}],"curies":[{"name":"wp","href":"https:\/\/api.w.org\/{rel}","templated":true}]}}